{"id":990,"date":"2014-02-10T19:49:09","date_gmt":"2014-02-10T19:49:09","guid":{"rendered":"http:\/\/xn--skuggorfrndetfrflutna-02b01b.se\/?page_id=990"},"modified":"2019-09-24T19:13:53","modified_gmt":"2019-09-24T19:13:53","slug":"sr-minnen-radiolankar-1945","status":"publish","type":"page","link":"https:\/\/xn--skuggorfrndetfrflutna-02b01b.se\/?page_id=990","title":{"rendered":"SR minnen &#8211; Radiol\u00e4nkar 1945"},"content":{"rendered":"<p>Klicka p\u00e5 l\u00e4nkarna nedan f\u00f6r att komma till SR minnen:<\/p>\n<p><a href=\"http:\/\/sverigesradio.se\/sida\/artikel.aspx?programid=1602&amp;artikel=2734032&amp;playaudio=311563\" target=\"_blank\" rel=\"noopener\">L\u00e4gerf\u00e5ngar kommer till Sverige 1945<\/a><\/p>\n<p><a href=\"http:\/\/sverigesradio.se\/sida\/artikel.aspx?programid=160&amp;artikel=5767261\" target=\"_blank\" rel=\"noopener\">Kibbutzen i Norrk\u00f6ping<\/a><\/p>\n<p><a href=\"http:\/\/sverigesradio.se\/sida\/gruppsida.aspx?programid=1602&amp;grupp=2372&amp;artikel=2734247\" target=\"_blank\" rel=\"noopener\">Fransyskor \u00e5ker hem 1945<\/a><\/p>\n<p><a href=\"http:\/\/sverigesradio.se\/sida\/avsnitt\/267629?programid=2519\">Folke Bernadotte och de vita bussarna<\/a><\/p>\n<p><a href=\"https:\/\/sverigesradio.se\/sida\/avsnitt\/1227484?programid=1602\">F\u00f6rintelsen del 1\/3 &#8211; I Auschwitz och Bergen-Belsen<\/a><\/p>\n<p><a href=\"https:\/\/sverigesradio.se\/sida\/avsnitt\/1229448?programid=1602\">F\u00f6rintelsen del 2\/3 &#8211; Fr\u00e5n l\u00e4gren till Sverige<\/a><\/p>\n<p><a href=\"https:\/\/sverigesradio.se\/avsnitt\/1236174\">F\u00f6rintelsen del 3\/3 &#8211; Att bryta tystnaden<\/a><\/p>\n\n\n<p><\/p>\n","protected":false},"excerpt":{"rendered":"<p>Klicka p\u00e5 l\u00e4nkarna nedan f\u00f6r att komma till SR minnen: L\u00e4gerf\u00e5ngar kommer till Sverige 1945 Kibbutzen i Norrk\u00f6ping Fransyskor \u00e5ker hem 1945 Folke Bernadotte och de vita bussarna F\u00f6rintelsen del 1\/3 &#8211; I Auschwitz och Bergen-Belsen F\u00f6rintelsen del 2\/3 &#8211; Fr\u00e5n l\u00e4gren till Sverige F\u00f6rintelsen del 3\/3 &#8211; Att bryta tystnaden<\/p>\n","protected":false},"author":1,"featured_media":0,"parent":0,"menu_order":0,"comment_status":"closed","ping_status":"open","template":"","meta":{"_monsterinsights_skip_tracking":false,"_monsterinsights_sitenote_active":false,"_monsterinsights_sitenote_note":"","_monsterinsights_sitenote_category":0,"footnotes":""},"class_list":["post-990","page","type-page","status-publish","hentry","nodate","item-wrap"],"jetpack_sharing_enabled":true,"_links":{"self":[{"href":"https:\/\/xn--skuggorfrndetfrflutna-02b01b.se\/index.php?rest_route=\/wp\/v2\/pages\/990","targetHints":{"allow":["GET"]}}],"collection":[{"href":"https:\/\/xn--skuggorfrndetfrflutna-02b01b.se\/index.php?rest_route=\/wp\/v2\/pages"}],"about":[{"href":"https:\/\/xn--skuggorfrndetfrflutna-02b01b.se\/index.php?rest_route=\/wp\/v2\/types\/page"}],"author":[{"embeddable":true,"href":"https:\/\/xn--skuggorfrndetfrflutna-02b01b.se\/index.php?rest_route=\/wp\/v2\/users\/1"}],"replies":[{"embeddable":true,"href":"https:\/\/xn--skuggorfrndetfrflutna-02b01b.se\/index.php?rest_route=%2Fwp%2Fv2%2Fcomments&post=990"}],"version-history":[{"count":5,"href":"https:\/\/xn--skuggorfrndetfrflutna-02b01b.se\/index.php?rest_route=\/wp\/v2\/pages\/990\/revisions"}],"predecessor-version":[{"id":3884,"href":"https:\/\/xn--skuggorfrndetfrflutna-02b01b.se\/index.php?rest_route=\/wp\/v2\/pages\/990\/revisions\/3884"}],"wp:attachment":[{"href":"https:\/\/xn--skuggorfrndetfrflutna-02b01b.se\/index.php?rest_route=%2Fwp%2Fv2%2Fmedia&parent=990"}],"curies":[{"name":"wp","href":"https:\/\/api.w.org\/{rel}","templated":true}]}}