{"id":802,"date":"2014-02-08T13:10:45","date_gmt":"2014-02-08T13:10:45","guid":{"rendered":"http:\/\/xn--skuggorfrndetfrflutna-02b01b.se\/?page_id=802"},"modified":"2014-02-11T06:48:04","modified_gmt":"2014-02-11T06:48:04","slug":"neuengamme","status":"publish","type":"page","link":"https:\/\/xn--skuggorfrndetfrflutna-02b01b.se\/?page_id=802","title":{"rendered":"Neuengamme"},"content":{"rendered":"<p>Koncentrationsl\u00e4gret Neuengamme, i s\u00f6dra Hamburg 2009. Hit skulle f\u00e5ngarna samlas under den s\u00e5 kalla Vita buss-aktionen. I Neuengamme framst\u00e4lldes bland annat vapen och tegel i det teglbruk som syns p\u00e5 bilderna. Fotografier: Mikael Enoksson 2009. Under konstruktion.<\/p>\n<p><a href=\"http:\/\/www.levandehistoria.se\/fakta-om-forintelsen\/forintelsen\/koncentrationslager\/neuengamme\" target=\"_blank\">Klicka p\u00e5 l\u00e4nken f\u00f6r information:\u00a0http:\/\/www.levandehistoria.se\/fakta-om-forintelsen\/forintelsen\/koncentrationslager\/neuengamme<\/a><\/p>\n<p><a href=\"http:\/\/xn--skuggorfrndetfrflutna-02b01b.se\/wp-content\/uploads\/2013\/09\/Neuengamme.jpg\"><img loading=\"lazy\" decoding=\"async\" class=\"alignnone size-full wp-image-234\" alt=\"Neuengamme\" src=\"http:\/\/xn--skuggorfrndetfrflutna-02b01b.se\/wp-content\/uploads\/2013\/09\/Neuengamme.jpg\" width=\"603\" height=\"378\" srcset=\"https:\/\/xn--skuggorfrndetfrflutna-02b01b.se\/wp-content\/uploads\/2013\/09\/Neuengamme.jpg 603w, https:\/\/xn--skuggorfrndetfrflutna-02b01b.se\/wp-content\/uploads\/2013\/09\/Neuengamme-300x188.jpg 300w\" sizes=\"auto, (max-width: 603px) 100vw, 603px\" \/><\/a><a href=\"http:\/\/xn--skuggorfrndetfrflutna-02b01b.se\/wp-content\/uploads\/2013\/09\/IMG_0003.jpg\"><img loading=\"lazy\" decoding=\"async\" class=\"alignnone size-full wp-image-219\" alt=\"IMG_0003\" src=\"http:\/\/xn--skuggorfrndetfrflutna-02b01b.se\/wp-content\/uploads\/2013\/09\/IMG_0003.jpg\" width=\"1024\" height=\"768\" srcset=\"https:\/\/xn--skuggorfrndetfrflutna-02b01b.se\/wp-content\/uploads\/2013\/09\/IMG_0003.jpg 1024w, https:\/\/xn--skuggorfrndetfrflutna-02b01b.se\/wp-content\/uploads\/2013\/09\/IMG_0003-300x225.jpg 300w\" sizes=\"auto, (max-width: 1024px) 100vw, 1024px\" \/><\/a><\/p>\n<p><a href=\"http:\/\/xn--skuggorfrndetfrflutna-02b01b.se\/wp-content\/uploads\/2014\/02\/101-0146_IMG-kopia.jpg\"><img loading=\"lazy\" decoding=\"async\" class=\"alignnone size-large wp-image-850\" alt=\"101-0146_IMG kopia\" src=\"http:\/\/xn--skuggorfrndetfrflutna-02b01b.se\/wp-content\/uploads\/2014\/02\/101-0146_IMG-kopia.jpg\" width=\"1024\" height=\"768\" srcset=\"https:\/\/xn--skuggorfrndetfrflutna-02b01b.se\/wp-content\/uploads\/2014\/02\/101-0146_IMG-kopia.jpg 1024w, https:\/\/xn--skuggorfrndetfrflutna-02b01b.se\/wp-content\/uploads\/2014\/02\/101-0146_IMG-kopia-300x225.jpg 300w\" sizes=\"auto, (max-width: 1024px) 100vw, 1024px\" \/><\/a> <a href=\"http:\/\/xn--skuggorfrndetfrflutna-02b01b.se\/wp-content\/uploads\/2014\/02\/101-0155_IMG-kopia.jpg\"><img loading=\"lazy\" decoding=\"async\" class=\"alignnone size-large wp-image-851\" alt=\"101-0155_IMG kopia\" src=\"http:\/\/xn--skuggorfrndetfrflutna-02b01b.se\/wp-content\/uploads\/2014\/02\/101-0155_IMG-kopia.jpg\" width=\"1023\" height=\"622\" srcset=\"https:\/\/xn--skuggorfrndetfrflutna-02b01b.se\/wp-content\/uploads\/2014\/02\/101-0155_IMG-kopia.jpg 1023w, https:\/\/xn--skuggorfrndetfrflutna-02b01b.se\/wp-content\/uploads\/2014\/02\/101-0155_IMG-kopia-300x182.jpg 300w\" sizes=\"auto, (max-width: 1023px) 100vw, 1023px\" \/><\/a> <a href=\"http:\/\/xn--skuggorfrndetfrflutna-02b01b.se\/wp-content\/uploads\/2014\/02\/101-0163_IMG-kopia.jpg\"><img loading=\"lazy\" decoding=\"async\" class=\"alignnone size-large wp-image-852\" alt=\"101-0163_IMG kopia\" src=\"http:\/\/xn--skuggorfrndetfrflutna-02b01b.se\/wp-content\/uploads\/2014\/02\/101-0163_IMG-kopia.jpg\" width=\"1024\" height=\"575\" srcset=\"https:\/\/xn--skuggorfrndetfrflutna-02b01b.se\/wp-content\/uploads\/2014\/02\/101-0163_IMG-kopia.jpg 1024w, https:\/\/xn--skuggorfrndetfrflutna-02b01b.se\/wp-content\/uploads\/2014\/02\/101-0163_IMG-kopia-300x168.jpg 300w\" sizes=\"auto, (max-width: 1024px) 100vw, 1024px\" \/><\/a><\/p>\n<p>&nbsp;<\/p>\n","protected":false},"excerpt":{"rendered":"<p>Koncentrationsl\u00e4gret Neuengamme, i s\u00f6dra Hamburg 2009. Hit skulle f\u00e5ngarna samlas under den s\u00e5 kalla Vita buss-aktionen. I Neuengamme framst\u00e4lldes bland annat vapen och tegel i det teglbruk som syns p\u00e5 bilderna. Fotografier: Mikael Enoksson 2009. Under konstruktion. Klicka p\u00e5 l\u00e4nken f\u00f6r information:\u00a0http:\/\/www.levandehistoria.se\/fakta-om-forintelsen\/forintelsen\/koncentrationslager\/neuengamme &nbsp;<\/p>\n","protected":false},"author":1,"featured_media":0,"parent":0,"menu_order":0,"comment_status":"closed","ping_status":"open","template":"","meta":{"_monsterinsights_skip_tracking":false,"_monsterinsights_sitenote_active":false,"_monsterinsights_sitenote_note":"","_monsterinsights_sitenote_category":0,"footnotes":""},"class_list":["post-802","page","type-page","status-publish","hentry","nodate","item-wrap"],"jetpack_sharing_enabled":true,"_links":{"self":[{"href":"https:\/\/xn--skuggorfrndetfrflutna-02b01b.se\/index.php?rest_route=\/wp\/v2\/pages\/802","targetHints":{"allow":["GET"]}}],"collection":[{"href":"https:\/\/xn--skuggorfrndetfrflutna-02b01b.se\/index.php?rest_route=\/wp\/v2\/pages"}],"about":[{"href":"https:\/\/xn--skuggorfrndetfrflutna-02b01b.se\/index.php?rest_route=\/wp\/v2\/types\/page"}],"author":[{"embeddable":true,"href":"https:\/\/xn--skuggorfrndetfrflutna-02b01b.se\/index.php?rest_route=\/wp\/v2\/users\/1"}],"replies":[{"embeddable":true,"href":"https:\/\/xn--skuggorfrndetfrflutna-02b01b.se\/index.php?rest_route=%2Fwp%2Fv2%2Fcomments&post=802"}],"version-history":[{"count":9,"href":"https:\/\/xn--skuggorfrndetfrflutna-02b01b.se\/index.php?rest_route=\/wp\/v2\/pages\/802\/revisions"}],"predecessor-version":[{"id":1015,"href":"https:\/\/xn--skuggorfrndetfrflutna-02b01b.se\/index.php?rest_route=\/wp\/v2\/pages\/802\/revisions\/1015"}],"wp:attachment":[{"href":"https:\/\/xn--skuggorfrndetfrflutna-02b01b.se\/index.php?rest_route=%2Fwp%2Fv2%2Fmedia&parent=802"}],"curies":[{"name":"wp","href":"https:\/\/api.w.org\/{rel}","templated":true}]}}