{"id":641,"date":"2013-09-28T18:06:02","date_gmt":"2013-09-28T18:06:02","guid":{"rendered":"http:\/\/xn--skuggorfrndetfrflutna-02b01b.se\/?page_id=641"},"modified":"2013-09-28T18:06:02","modified_gmt":"2013-09-28T18:06:02","slug":"golda-c","status":"publish","type":"page","link":"https:\/\/xn--skuggorfrndetfrflutna-02b01b.se\/?page_id=641","title":{"rendered":"Golda C."},"content":{"rendered":"<p style=\"text-align: left;\" align=\"center\">Golda C \u00e4r f\u00f6dd och uppv\u00e4xt i Warsawa, Polen. Hon f\u00f6ddes den 15 januari 1923. Hennes pappa Gdala f\u00f6ddes \u00e5r 1889 i Warzawa. Hennes mor Szyfra f\u00f6ddes \u00e5r 1895 i Brawerman. Golda och hennes familj var judar och bek\u00e4nde sig till den mosaiska l\u00e4ran. Golda \u00e4r uppfostrad i f\u00f6r\u00e4ldrar hemmet tillsammans med sin syster och sina fyra br\u00f6der. Hon har g\u00e5tt sju \u00e5r i f\u00f6rskola och sedan utbildades hon under tre \u00e5r till bok binderska. N\u00e4r hon var f\u00e4rdig utbildad b\u00f6rjade hon arbeta p\u00e5 sin systers boktryckeri.<\/p>\n<p>\u00a0\u00c5r 1942 arresterades hon p\u00e5 grund av att hon var en judinna. Hon f\u00f6rdes till ett arbetsl\u00e4ger i Dorochuca, Polen d\u00e4r arbetade hon ca sex m\u00e5nader med torvupptagning. Efter det f\u00f6rdes hon till ett koncentrations l\u00e4ger i Lublin. Varifr\u00e5n hon efter 3 m\u00e5nader f\u00f6rdes till gettot i Radom. D\u00e4r arbetade hon i ungef\u00e4r ett \u00e5r i ett tryckeri. D\u00e4refter f\u00f6rdes hon till koncentrationsl\u00e4gret Auschwitz. H\u00e4r in tatuerades f\u00e5ngnumret A-24531 p\u00e5 ena armen. Efter ett par m\u00e5nader f\u00f6rdes hon vidare till ett arbetsl\u00e4ger i Malhof. D\u00e4r arbetade hon i en ammunitions fabrik.<\/p>\n<p>I slutet av april 1945 befriades hon av allierande trupper. 28 april kom hon till Malm\u00f6 med svenska r\u00f6da korsets vita bussar. Efter 3 veckor i karant\u00e4nf\u00f6rl\u00e4ggning i Lund, \u00f6verf\u00f6rdes hon till beredskaps sjukhuset i \u00d6rebro den 25 maj med den f\u00f6rsta transporten. Varifr\u00e5n hon i december f\u00f6rflyttades till ett sjukhus i Kalmar. Och senare flyttades hon till lasarettet i Falun. N\u00e4r hon blivit friskare hamnade hon p\u00e5 en sjukhusf\u00f6rl\u00e4ggning i Str\u00e5tenbo. Efter det fick hon bo p\u00e5 konvalescenshem i n\u00e4rheten av Alings\u00e5s. D\u00e4r fick hon stanna i 8 m\u00e5nader. Golda var allts\u00e5 sjukling m\u00e5nga \u00e5r efter befrielsen. Sedan kom hon \u00e5ter till \u00d6rebro den 29 juli 1947. I \u00d6rebro bodde hon tillsammans med sin broder Sam. Hon ans\u00f6kte tillsammans med sin bror Sam om fr\u00e4mlings pass f\u00f6r att kunna \u00e5ka till israel d\u00e4r hennes syster bor. Hon l\u00e4mnar Sverige f\u00f6r Israel 1953.<\/p>\n<p>K\u00e4lla: Dossier Statens utl\u00e4nningskommission, Riksarkivet<\/p>\n<p>Av:\u00a0Edvin Andersson 9D, vt 2012<\/p>\n","protected":false},"excerpt":{"rendered":"<p>Golda C \u00e4r f\u00f6dd och uppv\u00e4xt i Warsawa, Polen. Hon f\u00f6ddes den 15 januari 1923. Hennes pappa Gdala f\u00f6ddes \u00e5r 1889 i Warzawa. Hennes mor Szyfra f\u00f6ddes \u00e5r 1895 i Brawerman. Golda och hennes familj var judar och bek\u00e4nde sig till den mosaiska l\u00e4ran. Golda \u00e4r uppfostrad i f\u00f6r\u00e4ldrar hemmet tillsammans med sin syster och &hellip; <\/p>\n<p><a class=\"more-link btn\" href=\"https:\/\/xn--skuggorfrndetfrflutna-02b01b.se\/?page_id=641\">Forts\u00e4tt l\u00e4sa<\/a><\/p>\n","protected":false},"author":1,"featured_media":0,"parent":0,"menu_order":0,"comment_status":"closed","ping_status":"open","template":"","meta":{"_monsterinsights_skip_tracking":false,"_monsterinsights_sitenote_active":false,"_monsterinsights_sitenote_note":"","_monsterinsights_sitenote_category":0,"footnotes":""},"class_list":["post-641","page","type-page","status-publish","hentry","nodate","item-wrap"],"jetpack_sharing_enabled":true,"_links":{"self":[{"href":"https:\/\/xn--skuggorfrndetfrflutna-02b01b.se\/index.php?rest_route=\/wp\/v2\/pages\/641","targetHints":{"allow":["GET"]}}],"collection":[{"href":"https:\/\/xn--skuggorfrndetfrflutna-02b01b.se\/index.php?rest_route=\/wp\/v2\/pages"}],"about":[{"href":"https:\/\/xn--skuggorfrndetfrflutna-02b01b.se\/index.php?rest_route=\/wp\/v2\/types\/page"}],"author":[{"embeddable":true,"href":"https:\/\/xn--skuggorfrndetfrflutna-02b01b.se\/index.php?rest_route=\/wp\/v2\/users\/1"}],"replies":[{"embeddable":true,"href":"https:\/\/xn--skuggorfrndetfrflutna-02b01b.se\/index.php?rest_route=%2Fwp%2Fv2%2Fcomments&post=641"}],"version-history":[{"count":1,"href":"https:\/\/xn--skuggorfrndetfrflutna-02b01b.se\/index.php?rest_route=\/wp\/v2\/pages\/641\/revisions"}],"predecessor-version":[{"id":643,"href":"https:\/\/xn--skuggorfrndetfrflutna-02b01b.se\/index.php?rest_route=\/wp\/v2\/pages\/641\/revisions\/643"}],"wp:attachment":[{"href":"https:\/\/xn--skuggorfrndetfrflutna-02b01b.se\/index.php?rest_route=%2Fwp%2Fv2%2Fmedia&parent=641"}],"curies":[{"name":"wp","href":"https:\/\/api.w.org\/{rel}","templated":true}]}}