{"id":631,"date":"2013-09-28T17:37:55","date_gmt":"2013-09-28T17:37:55","guid":{"rendered":"http:\/\/xn--skuggorfrndetfrflutna-02b01b.se\/?page_id=631"},"modified":"2013-09-28T17:38:19","modified_gmt":"2013-09-28T17:38:19","slug":"rozja-g","status":"publish","type":"page","link":"https:\/\/xn--skuggorfrndetfrflutna-02b01b.se\/?page_id=631","title":{"rendered":"Rozja G."},"content":{"rendered":"<p style=\"text-align: left;\" align=\"center\">Rozja f\u00f6ddes den 3 november \u00e5r 1924 i Bedzin, Polen. Hon \u00e4r uppv\u00e4xt i f\u00f6r\u00e4ldrahemmet med sin pappa k\u00f6pmannen Fiszel G som f\u00f6ddes \u00e4r 1898 och hennes mor Wita G som f\u00f6ddes den 1896. Rozja hade \u00e4ven en bror och en syster men namnen p\u00e5 dem g\u00e5r dock inte att hitta. Hennes far dog sannolikt i Auschwitz \u00e5r 1943 och troligen hennes mor ocks\u00e5.<\/p>\n<p>\u00a0Familjen G arresterades den 1 augusti \u00e5r 1943 p\u00e5 grund av att det hade judisk bakgrund. De f\u00f6rdes d\u00e5 till koncentrationsl\u00e4gret Annaberg i Schlesien, d\u00e4r de var i ca en m\u00e5nad. Fr\u00e5n detta l\u00e4ger f\u00f6rdes Rozja (f\u00f6rmodligen sj\u00e4lv) till ett arbetsl\u00e4ger i Neustadt och d\u00e4rifr\u00e5n till \u00e4nnu ett arbetsl\u00e4ger, Gr\u00fcnberg, d\u00e4r hon arbetade i v\u00e4veriet. I mars \u00e5r 1945 flyttades hon till koncentrationsl\u00e4gret Bergen Belsen. Hon insjuknade p\u00e5 detta koncentrationsl\u00e4ger och f\u00f6rdes d\u00e4rf\u00f6r n\u00e5gon g\u00e5ng i april till ett sjukhus i Bergen av engelsm\u00e4n. Hon sl\u00e4pptes fr\u00e5n detta sjukhus och f\u00f6rdes med hj\u00e4lp av R\u00f6da Korset till Sverige och Malm\u00f6 den 4 juli. Efter karant\u00e4n i Lund kom Rozja till beredskapssjukhuset i \u00d6rebro den 22 juli, 1948. D\u00e4r hon var kvar till den 28 december d\u00e5 hon flyttats till en f\u00f6rl\u00e4ggning i Konga.<\/p>\n<p>Rozja anst\u00e4lldes den 3 december \u00e5r 1945 som Skofrabriksarbetare f\u00f6r Skopfabrik AB Oscaria p\u00e5 Fabriksgatan 46-50 i \u00d6rebro. D\u00e4r tj\u00e4nade hon 48 kronor kontant i veckan. Den 13 augusti \u00e5r 1946 blir hon anst\u00e4lld som s\u00f6mmerska hos Schalsberg och Co i Landskrona, h\u00e4r tj\u00e4nade hon ca 50 kronor per vecka.<\/p>\n<p>Nu heter Rozja, Rose S. P\u00e5 grund av att hon flyttat fr\u00e5n Sverige och f\u00f6rmodligen vill gl\u00f6mma sitt \u201df\u00f6rra liv\u201d och b\u00f6rja om p\u00e5 nytt. Hon reste ut fr\u00e5n Sverige den 13\/12 \u2013 1948, men vart finns inte dokumenterat. Vi vet att hon flyttat till New York, USA d\u00e5 hon har skickat ett brev d\u00e4r hon s\u00e4ger att hon g\u00e4rna skulle vilja ha sin medicinska bakgrund. I brevet s\u00e5 skriver hon sin adress, sitt nya namn och sitt f\u00f6rra namn.<\/p>\n<p><i>\u201dNow I am in need of my medical history, and would greatly appreciate if you could send it to me.\u201d <\/i>Citat fr\u00e5n Rozjas brev. Hon skrev detta brev f\u00f6r att hon beh\u00f6vde f\u00e5 n\u00e5gon form av ers\u00e4ttning fr\u00e5n den v\u00e4sttyska staten p\u00e5 1960-talet.<\/p>\n<p>K\u00e4lla: Dossier Statens utl\u00e4mningskommission, Riksarkivet<\/p>\n<p>Av: Linn\u00e9a Ny\u00e4ngen\u00a0\u00a0\u00a0\u00a0 Klass: 9F \u00a0vt 2012<\/p>\n","protected":false},"excerpt":{"rendered":"<p>Rozja f\u00f6ddes den 3 november \u00e5r 1924 i Bedzin, Polen. Hon \u00e4r uppv\u00e4xt i f\u00f6r\u00e4ldrahemmet med sin pappa k\u00f6pmannen Fiszel G som f\u00f6ddes \u00e4r 1898 och hennes mor Wita G som f\u00f6ddes den 1896. Rozja hade \u00e4ven en bror och en syster men namnen p\u00e5 dem g\u00e5r dock inte att hitta. Hennes far dog sannolikt &hellip; <\/p>\n<p><a class=\"more-link btn\" href=\"https:\/\/xn--skuggorfrndetfrflutna-02b01b.se\/?page_id=631\">Forts\u00e4tt l\u00e4sa<\/a><\/p>\n","protected":false},"author":1,"featured_media":0,"parent":0,"menu_order":0,"comment_status":"closed","ping_status":"open","template":"","meta":{"_monsterinsights_skip_tracking":false,"_monsterinsights_sitenote_active":false,"_monsterinsights_sitenote_note":"","_monsterinsights_sitenote_category":0,"footnotes":""},"class_list":["post-631","page","type-page","status-publish","hentry","nodate","item-wrap"],"jetpack_sharing_enabled":true,"_links":{"self":[{"href":"https:\/\/xn--skuggorfrndetfrflutna-02b01b.se\/index.php?rest_route=\/wp\/v2\/pages\/631","targetHints":{"allow":["GET"]}}],"collection":[{"href":"https:\/\/xn--skuggorfrndetfrflutna-02b01b.se\/index.php?rest_route=\/wp\/v2\/pages"}],"about":[{"href":"https:\/\/xn--skuggorfrndetfrflutna-02b01b.se\/index.php?rest_route=\/wp\/v2\/types\/page"}],"author":[{"embeddable":true,"href":"https:\/\/xn--skuggorfrndetfrflutna-02b01b.se\/index.php?rest_route=\/wp\/v2\/users\/1"}],"replies":[{"embeddable":true,"href":"https:\/\/xn--skuggorfrndetfrflutna-02b01b.se\/index.php?rest_route=%2Fwp%2Fv2%2Fcomments&post=631"}],"version-history":[{"count":2,"href":"https:\/\/xn--skuggorfrndetfrflutna-02b01b.se\/index.php?rest_route=\/wp\/v2\/pages\/631\/revisions"}],"predecessor-version":[{"id":634,"href":"https:\/\/xn--skuggorfrndetfrflutna-02b01b.se\/index.php?rest_route=\/wp\/v2\/pages\/631\/revisions\/634"}],"wp:attachment":[{"href":"https:\/\/xn--skuggorfrndetfrflutna-02b01b.se\/index.php?rest_route=%2Fwp%2Fv2%2Fmedia&parent=631"}],"curies":[{"name":"wp","href":"https:\/\/api.w.org\/{rel}","templated":true}]}}