{"id":608,"date":"2013-09-18T19:02:35","date_gmt":"2013-09-18T19:02:35","guid":{"rendered":"http:\/\/xn--skuggorfrndetfrflutna-02b01b.se\/?page_id=608"},"modified":"2013-09-18T19:02:35","modified_gmt":"2013-09-18T19:02:35","slug":"lenke-t-2","status":"publish","type":"page","link":"https:\/\/xn--skuggorfrndetfrflutna-02b01b.se\/?page_id=608","title":{"rendered":"Lenke T"},"content":{"rendered":"<p>Lenke f\u00f6ddes den 17 juli 1925 i Glod i Rum\u00e4nien. Hennes far hette Abraham T och han f\u00f6ddes 1885 och hennes mor hette Regina och f\u00f6ddes 1893. Lenke bek\u00e4nner den mosaiska l\u00e4ran enligt polisf\u00f6rh\u00f6ret.<\/p>\n<p>Lenke v\u00e4xte upp i Glod och gick sju \u00e5r i skola. Efter avslutad skolg\u00e5ng arbetade hon med hush\u00e5llssysslor \u00e5t sin syster. Hon var ogift och hade inga barn. Lenke blev skickad till ett getto i Dragamirest och var d\u00e4r i 2 veckor. Sedan transporterades hon till Auschwitz d\u00e4r hon vistades i 8 m\u00e5nader. D\u00e4r sysselsattes Lenke med att bland annat gr\u00e4va skyttegravar. I januari 1945 f\u00f6rdes hon vidare till koncentrationsl\u00e4gret Bergen-Belsen d\u00e4r hon efter en tid insjuknade i tyfus. Lenke transporterades d\u00e5 vidare av engelskm\u00e4nnen till ett sjukhus i Bergen d\u00e4r hon sl\u00e4pptes fri i slutet av juni och transporterades till Sverige som repatriand av Rr\u00f6da korset. Repatriand betyder att hon f\u00e5r vara i Sverige under ett antal m\u00e5nader och sedan m\u00e5ste hon l\u00e4mna landet.<\/p>\n<p>Det fanns m\u00e5nga anledningar att komma till koncentrationsl\u00e4ger tex f\u00f6r att man var handikappad hade fel religion, var homosexuell mm. Lenke kom till koncentrationsl\u00e4gren endast p\u00e5 grund av att hon var jude.<\/p>\n<p>Den 30 juni 1945 kom Lenke till Sverige. Hon kom till ett sjukhus i Malm\u00f6 d\u00e4r hon l\u00e5g i karant\u00e4nsvistelse i tre veckor. Sedan flyttades hon till \u00d6rebro sjukhus d\u00e4r hon v\u00e5rdades till de sista dagarna i december. Den f\u00f6rsta januari 1946 fick hon jobb som servitris p\u00e5 R\u00f6nninge vilohem i R\u00f6nninge sockan, men efter en m\u00e5nads arbete insjuknade hon och blev f\u00f6rbjuden att jobba av l\u00e4kare. Det var p\u00e5 grund av vistelsen i Auschwitz och Bergen-Belsen som hon blev sjuk. Hon stannade kvar p\u00e5 vilohemmet till den 3 mars och genom en bekants medverkan \u00e5kte hon sedan till en kvinna i Gustavsberg.<\/p>\n<p>1948 bodde Lenke i Landskrona och i juli s\u00f6kte hon pass f\u00f6r att f\u00e5 \u00e5ka till USA. Hon hade sl\u00e4ktingar d\u00e4r som hon dr\u00f6mde om att f\u00e5 \u00e5ka till och det hade hon sagt \u00e4nda sedan hon kom till Sverige. Hon kom till USA den 31 december 1952.<\/p>\n<p>Eftersom hon har varit i Auschwitz har hon ett nummer, A-7551, in tatuerat p\u00e5 v\u00e4nster underarm.<\/p>\n<p>&nbsp;<\/p>\n<p>K\u00e4lla: Dossier Statens Utl\u00e4nningskommission, Riksarkivet<\/p>\n<p>Av:\u00a0Agnes Stahle 9f, vt 2012<\/p>\n","protected":false},"excerpt":{"rendered":"<p>Lenke f\u00f6ddes den 17 juli 1925 i Glod i Rum\u00e4nien. Hennes far hette Abraham T och han f\u00f6ddes 1885 och hennes mor hette Regina och f\u00f6ddes 1893. Lenke bek\u00e4nner den mosaiska l\u00e4ran enligt polisf\u00f6rh\u00f6ret. Lenke v\u00e4xte upp i Glod och gick sju \u00e5r i skola. Efter avslutad skolg\u00e5ng arbetade hon med hush\u00e5llssysslor \u00e5t sin syster. &hellip; <\/p>\n<p><a class=\"more-link btn\" href=\"https:\/\/xn--skuggorfrndetfrflutna-02b01b.se\/?page_id=608\">Forts\u00e4tt l\u00e4sa<\/a><\/p>\n","protected":false},"author":1,"featured_media":0,"parent":0,"menu_order":0,"comment_status":"closed","ping_status":"open","template":"","meta":{"_monsterinsights_skip_tracking":false,"_monsterinsights_sitenote_active":false,"_monsterinsights_sitenote_note":"","_monsterinsights_sitenote_category":0,"footnotes":""},"class_list":["post-608","page","type-page","status-publish","hentry","nodate","item-wrap"],"jetpack_sharing_enabled":true,"_links":{"self":[{"href":"https:\/\/xn--skuggorfrndetfrflutna-02b01b.se\/index.php?rest_route=\/wp\/v2\/pages\/608","targetHints":{"allow":["GET"]}}],"collection":[{"href":"https:\/\/xn--skuggorfrndetfrflutna-02b01b.se\/index.php?rest_route=\/wp\/v2\/pages"}],"about":[{"href":"https:\/\/xn--skuggorfrndetfrflutna-02b01b.se\/index.php?rest_route=\/wp\/v2\/types\/page"}],"author":[{"embeddable":true,"href":"https:\/\/xn--skuggorfrndetfrflutna-02b01b.se\/index.php?rest_route=\/wp\/v2\/users\/1"}],"replies":[{"embeddable":true,"href":"https:\/\/xn--skuggorfrndetfrflutna-02b01b.se\/index.php?rest_route=%2Fwp%2Fv2%2Fcomments&post=608"}],"version-history":[{"count":1,"href":"https:\/\/xn--skuggorfrndetfrflutna-02b01b.se\/index.php?rest_route=\/wp\/v2\/pages\/608\/revisions"}],"predecessor-version":[{"id":610,"href":"https:\/\/xn--skuggorfrndetfrflutna-02b01b.se\/index.php?rest_route=\/wp\/v2\/pages\/608\/revisions\/610"}],"wp:attachment":[{"href":"https:\/\/xn--skuggorfrndetfrflutna-02b01b.se\/index.php?rest_route=%2Fwp%2Fv2%2Fmedia&parent=608"}],"curies":[{"name":"wp","href":"https:\/\/api.w.org\/{rel}","templated":true}]}}