{"id":577,"date":"2013-09-18T18:08:46","date_gmt":"2013-09-18T18:08:46","guid":{"rendered":"http:\/\/xn--skuggorfrndetfrflutna-02b01b.se\/?page_id=577"},"modified":"2013-09-18T18:08:46","modified_gmt":"2013-09-18T18:08:46","slug":"bergen-belsen-4","status":"publish","type":"page","link":"https:\/\/xn--skuggorfrndetfrflutna-02b01b.se\/?page_id=577","title":{"rendered":"Bergen Belsen"},"content":{"rendered":"<p>Det hemska koncentrationsl\u00e4gret Bergen-Belsen l\u00e5g ungef\u00e4r 17 km fr\u00e5n den tyska staden Celle. L\u00e4gret var i funktion mellan 1940 och 1945.<\/p>\n<p>Fr\u00e5n b\u00f6rjan var Bergen-Belsen ett l\u00e4ger enbart f\u00f6r krigsf\u00e5ngar. Majoriteten av f\u00e5ngarna var sovjetiska f\u00e5ngar.Mellan 1940 och 1941 m\u00f6rdades och torterades ca 20\u00a0000 sovjetiska f\u00e5ngar.<\/p>\n<p>\u00c5r 1942 blev Bergen-Belsen ett koncentrationsl\u00e4ger f\u00f6r bland annat judar, homosexuella och romer. Bergen-Belsen hade inga gaskammare, men det fanns n\u00e4rliggande l\u00e4ger med den utrustningen. Trots att Bergen-Belsen inte hade n\u00e5gra gaskammare, dog \u00e4nd\u00e5 ca 70\u00a0000 m\u00e4nniskor genom sv\u00e4lt och tortyr. De stora massmorden skedde i de l\u00e4ger som l\u00e5g mer \u00f6sterut. I april 1943 tog SS \u00f6ver l\u00e4gret. N\u00e4r sovjetiska trupper avancerade in bakom Tysklands gr\u00e4nser i slutet av 1944 och b\u00f6rjan av 1945, flyttade man f\u00e5ngar fr\u00e5n de l\u00e4ger som l\u00e5g n\u00e4ra fronten till andra l\u00e4ger som l\u00e5g mer in i landet bl.a. Bergen-Belsen.<\/p>\n<p>F\u00e4rden f\u00f6r de f\u00e5ngar som blivit tvungna att evakuera det gamla l\u00e4gret kom att bli kallad \u201dd\u00f6dsmarscherna\u201d. Undern\u00e4rda, svaga, l\u00e4ttkl\u00e4dda f\u00e5ngar tvingades att marschera fr\u00e5n ett helvete till ett nytt. Man kan nog inte f\u00f6rst\u00e5 hur f\u00f6rf\u00e4rligt de m\u00e5ste ha haft det.<\/p>\n<p>Bergen-Belsen \u00e4r indelat i tre huvudl\u00e4ger och n\u00e5gra underl\u00e4ger. De tre huvudl\u00e4gren var The POW camp (prisoner-of-war), The Residence camp (bostadsl\u00e4ger) och The Prisoners camp (f\u00e5ngl\u00e4ger). I de olika l\u00e4gren utf\u00f6rdes olika sorters arbeten.\u00a0 Mot slutet av 1944 och b\u00f6rjan av 1945 blev Bergen-Belsen mer ett \u201dsamlingsl\u00e4ger\u201d f\u00f6r f\u00e5ngar fr\u00e5n andra koncentrationsl\u00e4ger bl.a. fr\u00e5n Ravensbr\u00fcck och Buchenwald. I slutet av juli 1944 befann det sig ca 7\u00a0300 f\u00e5ngar i Bergen-Belsen. I december hade den siffran \u00f6kat till 15\u00a0000 f\u00e5ngar och i februari hade antalet f\u00e5ngar \u00f6kat till 22\u00a0000. Siffran fortsatte att stiga n\u00e4r allt fler f\u00e5ngar evakuerades till l\u00e4gret och vid den 15 april 1945 hade siffran stigit till \u00f6ver 60\u00a0000. Mat och rent vatten hade redan b\u00f6rjat bli en bristvara vid slutet av 1944 och i b\u00f6rjan p\u00e5 1945, s\u00e5 kunde f\u00e5ngar ha g\u00e5tt runt dagar utan en bit mat eller n\u00e5got att svalka t\u00f6rsten med.<\/p>\n<p>Den 15 april befriade engelska trupper de \u00f6verlevande fr\u00e5n det hemska koncentrationsl\u00e4gret Bergen-Belsen. Efter befrielsen j\u00e4mnades l\u00e4gret med marken f\u00f6r epidemirisken som blivit orsakat av tyfus och l\u00f6ss. Ist\u00e4llet har man har man bland annat rest ett minnesmonument vid l\u00e4grets ursprungliga plats.<\/p>\n<p>K\u00e4llor: Wikipedia, www.levandehistoria.se<\/p>\n<p>Av: Gustav Wedin 9F, vt 2012<\/p>\n","protected":false},"excerpt":{"rendered":"<p>Det hemska koncentrationsl\u00e4gret Bergen-Belsen l\u00e5g ungef\u00e4r 17 km fr\u00e5n den tyska staden Celle. L\u00e4gret var i funktion mellan 1940 och 1945. Fr\u00e5n b\u00f6rjan var Bergen-Belsen ett l\u00e4ger enbart f\u00f6r krigsf\u00e5ngar. Majoriteten av f\u00e5ngarna var sovjetiska f\u00e5ngar.Mellan 1940 och 1941 m\u00f6rdades och torterades ca 20\u00a0000 sovjetiska f\u00e5ngar. \u00c5r 1942 blev Bergen-Belsen ett koncentrationsl\u00e4ger f\u00f6r bland annat &hellip; <\/p>\n<p><a class=\"more-link btn\" href=\"https:\/\/xn--skuggorfrndetfrflutna-02b01b.se\/?page_id=577\">Forts\u00e4tt l\u00e4sa<\/a><\/p>\n","protected":false},"author":1,"featured_media":0,"parent":0,"menu_order":0,"comment_status":"closed","ping_status":"open","template":"","meta":{"_monsterinsights_skip_tracking":false,"_monsterinsights_sitenote_active":false,"_monsterinsights_sitenote_note":"","_monsterinsights_sitenote_category":0,"footnotes":""},"class_list":["post-577","page","type-page","status-publish","hentry","nodate","item-wrap"],"jetpack_sharing_enabled":true,"_links":{"self":[{"href":"https:\/\/xn--skuggorfrndetfrflutna-02b01b.se\/index.php?rest_route=\/wp\/v2\/pages\/577","targetHints":{"allow":["GET"]}}],"collection":[{"href":"https:\/\/xn--skuggorfrndetfrflutna-02b01b.se\/index.php?rest_route=\/wp\/v2\/pages"}],"about":[{"href":"https:\/\/xn--skuggorfrndetfrflutna-02b01b.se\/index.php?rest_route=\/wp\/v2\/types\/page"}],"author":[{"embeddable":true,"href":"https:\/\/xn--skuggorfrndetfrflutna-02b01b.se\/index.php?rest_route=\/wp\/v2\/users\/1"}],"replies":[{"embeddable":true,"href":"https:\/\/xn--skuggorfrndetfrflutna-02b01b.se\/index.php?rest_route=%2Fwp%2Fv2%2Fcomments&post=577"}],"version-history":[{"count":1,"href":"https:\/\/xn--skuggorfrndetfrflutna-02b01b.se\/index.php?rest_route=\/wp\/v2\/pages\/577\/revisions"}],"predecessor-version":[{"id":579,"href":"https:\/\/xn--skuggorfrndetfrflutna-02b01b.se\/index.php?rest_route=\/wp\/v2\/pages\/577\/revisions\/579"}],"wp:attachment":[{"href":"https:\/\/xn--skuggorfrndetfrflutna-02b01b.se\/index.php?rest_route=%2Fwp%2Fv2%2Fmedia&parent=577"}],"curies":[{"name":"wp","href":"https:\/\/api.w.org\/{rel}","templated":true}]}}