{"id":571,"date":"2013-09-18T18:01:32","date_gmt":"2013-09-18T18:01:32","guid":{"rendered":"http:\/\/xn--skuggorfrndetfrflutna-02b01b.se\/?page_id=571"},"modified":"2013-10-12T16:59:46","modified_gmt":"2013-10-12T16:59:46","slug":"chaja-l","status":"publish","type":"page","link":"https:\/\/xn--skuggorfrndetfrflutna-02b01b.se\/?page_id=571","title":{"rendered":"Chaja L"},"content":{"rendered":"<p><b>\u00a0<\/b>Chaja f\u00f6ddes den 16 september 1904 i Rozwadow, Polen. Chajas f\u00f6r\u00e4ldrar var Jacob och Channa B, hon hade tv\u00e5 systrar och tv\u00e5 br\u00f6der, varav en av br\u00f6derna bodde i Argentina och de var han och Chaja som levde efter f\u00f6rintelsen. Hon uppfostrades i f\u00f6r\u00e4ldrahem och har g\u00e5tt fyra \u00e5r i folkskola. Efter det jobbade hon i sin faders mj\u00f6lk och br\u00f6daff\u00e4r tills hon gifte sig med Wolf L och d\u00e5 b\u00f6rjade hon jobba som aff\u00e4rskvinna i hans aff\u00e4r.<\/p>\n<p>P\u00e5 grund av sin judiska b\u00f6rd arresterades Chaja \u00e5r 1941 och f\u00f6rdes till ett ghetto och senare till arbetsl\u00e4gret Huta Komorowska i Polen med sin man och tv\u00e5 barn, en son och en dotter. Efter tv\u00e5 \u00e5r, 1943 tog barnen ifr\u00e5n och hon vet inget om dem mer. De blev sannolikt m\u00f6rdade. Hennes f\u00f6r\u00e4ldrar och syskon f\u00f6rdes till koncentrationsl\u00e4ger. I Huta Komorowska arbetade hon med skogsavverkning . Efter ca ett \u00e5r s\u00e4ndes hon till Plaszowl\u00e4gret, d\u00e4r hon var ett par m\u00e5nader och efter Plaszow flyttades hon mellan flertal olika l\u00e4ger bland annat Auschwitz och Ravensbr\u00fcck.\u00a0 I Auschwitz fick hon intatuerat f\u00e5ngnumret A-14846 p\u00e5 sin v\u00e4nstra underarm. H\u00f6sten 1944 kom hon till sist till ett arbetsl\u00e4ger i Malhof d\u00e4r hon arbetade i en ammunitionsfabrik. Fr\u00e5n det l\u00e4gret befriades hon av Sveriges R\u00f6da korset \u00a0i slutet av april 1945. Hon transporterades till Sverige med buss genom Danmark och ankom till Lund den 29 april 1945,\u00a0d\u00e4r hon vistades i tv\u00e5 veckors tid. Hon ankom d\u00e4refter Beredskapssjukhuset, Engelsbrektskolan i \u00d6rebro den 11 juni.\u00a0Hon fick d\u00e5 50 \u00f6re om dagen fr\u00e5n Utl\u00e4nningskommissionen. den 24 november friskf\u00f6rklarades hon av en flyktingl\u00e4kare och s\u00f6kte jobb som skofabriksarbeterska och blev det senare p\u00e5 Perhson &amp; Co. D\u00e4r hon tj\u00e4nade 54 kr i veckan.\u00a028 december 1945 l\u00e4mnade Chanja sjukhuset.<\/p>\n<p>Den 8 april 1948 avreste sannolikt Chaja L till Argentina f\u00f6r att leta efter sin bror.<\/p>\n<p>&nbsp;<\/p>\n<p>K\u00e4lla: Dossier Statens Utl\u00e4nninskommission, Riksarkivet<\/p>\n<p>Av: Alexander Malm 9F och Jesper Jhansson 9D, vt 2012<\/p>\n","protected":false},"excerpt":{"rendered":"<p>\u00a0Chaja f\u00f6ddes den 16 september 1904 i Rozwadow, Polen. Chajas f\u00f6r\u00e4ldrar var Jacob och Channa B, hon hade tv\u00e5 systrar och tv\u00e5 br\u00f6der, varav en av br\u00f6derna bodde i Argentina och de var han och Chaja som levde efter f\u00f6rintelsen. Hon uppfostrades i f\u00f6r\u00e4ldrahem och har g\u00e5tt fyra \u00e5r i folkskola. Efter det jobbade hon &hellip; <\/p>\n<p><a class=\"more-link btn\" href=\"https:\/\/xn--skuggorfrndetfrflutna-02b01b.se\/?page_id=571\">Forts\u00e4tt l\u00e4sa<\/a><\/p>\n","protected":false},"author":1,"featured_media":0,"parent":0,"menu_order":0,"comment_status":"closed","ping_status":"open","template":"","meta":{"_monsterinsights_skip_tracking":false,"_monsterinsights_sitenote_active":false,"_monsterinsights_sitenote_note":"","_monsterinsights_sitenote_category":0,"footnotes":""},"class_list":["post-571","page","type-page","status-publish","hentry","nodate","item-wrap"],"jetpack_sharing_enabled":true,"_links":{"self":[{"href":"https:\/\/xn--skuggorfrndetfrflutna-02b01b.se\/index.php?rest_route=\/wp\/v2\/pages\/571","targetHints":{"allow":["GET"]}}],"collection":[{"href":"https:\/\/xn--skuggorfrndetfrflutna-02b01b.se\/index.php?rest_route=\/wp\/v2\/pages"}],"about":[{"href":"https:\/\/xn--skuggorfrndetfrflutna-02b01b.se\/index.php?rest_route=\/wp\/v2\/types\/page"}],"author":[{"embeddable":true,"href":"https:\/\/xn--skuggorfrndetfrflutna-02b01b.se\/index.php?rest_route=\/wp\/v2\/users\/1"}],"replies":[{"embeddable":true,"href":"https:\/\/xn--skuggorfrndetfrflutna-02b01b.se\/index.php?rest_route=%2Fwp%2Fv2%2Fcomments&post=571"}],"version-history":[{"count":3,"href":"https:\/\/xn--skuggorfrndetfrflutna-02b01b.se\/index.php?rest_route=\/wp\/v2\/pages\/571\/revisions"}],"predecessor-version":[{"id":665,"href":"https:\/\/xn--skuggorfrndetfrflutna-02b01b.se\/index.php?rest_route=\/wp\/v2\/pages\/571\/revisions\/665"}],"wp:attachment":[{"href":"https:\/\/xn--skuggorfrndetfrflutna-02b01b.se\/index.php?rest_route=%2Fwp%2Fv2%2Fmedia&parent=571"}],"curies":[{"name":"wp","href":"https:\/\/api.w.org\/{rel}","templated":true}]}}