{"id":530,"date":"2013-09-15T07:06:07","date_gmt":"2013-09-15T07:06:07","guid":{"rendered":"http:\/\/xn--skuggorfrndetfrflutna-02b01b.se\/?page_id=530"},"modified":"2013-09-15T07:06:07","modified_gmt":"2013-09-15T07:06:07","slug":"jehovas-vittnen-2","status":"publish","type":"page","link":"https:\/\/xn--skuggorfrndetfrflutna-02b01b.se\/?page_id=530","title":{"rendered":"Jehovas vittnen"},"content":{"rendered":"<p>Jehovas vittnen var en av m\u00e5nga folkgrupper med en trosinriktning d\u00e4r medlemmarna blev f\u00f6rf\u00f6ljda under nazismens styrande tid. Det fanns flera anledningar till varf\u00f6r de blev f\u00f6rf\u00f6ljda i tidigt skede och en var att de v\u00e4grade h\u00e4lsa \u201dHeil Hitler\u201d eftersom att det sa emot deras tro. N\u00e4r man h\u00e4lsade med \u201dHeil Hitler\u201d s\u00e5 innebar det att man gjorde Hitler till Messias eller fr\u00e4lsare vilket enligt Jehovas vittnen var h\u00e4delse. Jehovas vittnen tyckte att Hitler uts\u00e5g sig sj\u00e4lv som den allenar\u00e5dande suver\u00e4nen, vilket enligt dem endast tillh\u00f6r Gud (Jehova).<\/p>\n<p>Nazismens ideologi sade ocks\u00e5 emot deras tro, Jehovas vittnen tyckte tanken om olika raser, under- och \u00f6verl\u00e4gsna var motbjudande och d\u00e4rf\u00f6r skrev de i tidningar om vad de tyckte om Hitler och hans politik. N\u00e4r Hitler \u00e5terinf\u00f6rde allm\u00e4n v\u00e4rnplikt v\u00e4grade m\u00e5nga m\u00e4n inom Jehovas vittnen att ta del av kriget och dessa skickades till koncentrationsl\u00e4ger.<\/p>\n<p>I l\u00e4gren tilldelades, liksom alla andra, Jehovas vittnen en symbol som symboliserade vilken religion, etnisk bakgrund och politisk \u00e5sikt man hade. Jehovas vittnen tilldelades en violett triangel att b\u00e4ra p\u00e5 sin v\u00e4nstra br\u00f6stficka.<\/p>\n<p>Jehovas vittnen var i f\u00e5ngvaktarnas och SS-m\u00e4nnens \u00f6gon ofarliga eftersom att de inte f\u00f6rs\u00f6kte fly. V\u00e5ld var mot deras tro och d\u00e4rf\u00f6r motsatte de sig alla milit\u00e4ra discipliner. D\u00e4rf\u00f6r fick Jehovas vittnen ofta arbeta som hush\u00e5llspersonal \u00e5t nazistiska l\u00e4gerofficerare. Eftersom m\u00e5nga av Jehovas vittnen arbetade som just hush\u00e5llspersonal hade de det f\u00f6rh\u00e5llandevis bra, men \u00e4nd\u00e5 uppskattar man att ungef\u00e4r 1\u00a0400 dog i nazisternas f\u00e4ngelser och koncentrationsl\u00e4ger.<\/p>\n<p>K\u00e4lllor: Wikipedia<\/p>\n<p>Av: Mina Jerlstr\u00f6m 9F, vt 2012<\/p>\n","protected":false},"excerpt":{"rendered":"<p>Jehovas vittnen var en av m\u00e5nga folkgrupper med en trosinriktning d\u00e4r medlemmarna blev f\u00f6rf\u00f6ljda under nazismens styrande tid. Det fanns flera anledningar till varf\u00f6r de blev f\u00f6rf\u00f6ljda i tidigt skede och en var att de v\u00e4grade h\u00e4lsa \u201dHeil Hitler\u201d eftersom att det sa emot deras tro. N\u00e4r man h\u00e4lsade med \u201dHeil Hitler\u201d s\u00e5 innebar det &hellip; <\/p>\n<p><a class=\"more-link btn\" href=\"https:\/\/xn--skuggorfrndetfrflutna-02b01b.se\/?page_id=530\">Forts\u00e4tt l\u00e4sa<\/a><\/p>\n","protected":false},"author":1,"featured_media":0,"parent":0,"menu_order":0,"comment_status":"closed","ping_status":"open","template":"","meta":{"_monsterinsights_skip_tracking":false,"_monsterinsights_sitenote_active":false,"_monsterinsights_sitenote_note":"","_monsterinsights_sitenote_category":0,"footnotes":""},"class_list":["post-530","page","type-page","status-publish","hentry","nodate","item-wrap"],"jetpack_sharing_enabled":true,"_links":{"self":[{"href":"https:\/\/xn--skuggorfrndetfrflutna-02b01b.se\/index.php?rest_route=\/wp\/v2\/pages\/530","targetHints":{"allow":["GET"]}}],"collection":[{"href":"https:\/\/xn--skuggorfrndetfrflutna-02b01b.se\/index.php?rest_route=\/wp\/v2\/pages"}],"about":[{"href":"https:\/\/xn--skuggorfrndetfrflutna-02b01b.se\/index.php?rest_route=\/wp\/v2\/types\/page"}],"author":[{"embeddable":true,"href":"https:\/\/xn--skuggorfrndetfrflutna-02b01b.se\/index.php?rest_route=\/wp\/v2\/users\/1"}],"replies":[{"embeddable":true,"href":"https:\/\/xn--skuggorfrndetfrflutna-02b01b.se\/index.php?rest_route=%2Fwp%2Fv2%2Fcomments&post=530"}],"version-history":[{"count":1,"href":"https:\/\/xn--skuggorfrndetfrflutna-02b01b.se\/index.php?rest_route=\/wp\/v2\/pages\/530\/revisions"}],"predecessor-version":[{"id":532,"href":"https:\/\/xn--skuggorfrndetfrflutna-02b01b.se\/index.php?rest_route=\/wp\/v2\/pages\/530\/revisions\/532"}],"wp:attachment":[{"href":"https:\/\/xn--skuggorfrndetfrflutna-02b01b.se\/index.php?rest_route=%2Fwp%2Fv2%2Fmedia&parent=530"}],"curies":[{"name":"wp","href":"https:\/\/api.w.org\/{rel}","templated":true}]}}