{"id":510,"date":"2013-09-15T06:35:04","date_gmt":"2013-09-15T06:35:04","guid":{"rendered":"http:\/\/xn--skuggorfrndetfrflutna-02b01b.se\/?page_id=510"},"modified":"2013-09-15T06:35:04","modified_gmt":"2013-09-15T06:35:04","slug":"gettot-i-tarnow","status":"publish","type":"page","link":"https:\/\/xn--skuggorfrndetfrflutna-02b01b.se\/?page_id=510","title":{"rendered":"Gettot i Tarnow"},"content":{"rendered":"<p>Jag har valt att f\u00f6rdjupa mig om gettot i den polska staden Tarnow som senare kom att bli ett getto styrt av nazisterna. Detta getto l\u00e5g cirka 70 kilometer \u00f6st om Krakow. Innan kriget bodde det runt 15\u00a0600 judar h\u00e4r. Dessa utgjorde ungef\u00e4r 50 procent av Tarnows befolkning. Det skulle efter gettot komma att bli mycket f\u00e4rre. Det var h\u00e4r Dorothea W spenderade en del av sitt liv under tv\u00e5ngsarbete 1943. Hon lyckades dock fly utan att varken bli deporterad eller m\u00f6rdad.<\/p>\n<p>Tyskland bombade Tarnow f\u00f6rst den 3 september 1939, allts\u00e5 2 dagar efter invasionen av Polen. Judar var \u00e4ven tvungna att b\u00e4ra den beryktade judestj\u00e4rnan p\u00e5 armen fr\u00e5n december 1939. Man deporterade Judar fr\u00e5n Tarnow till olika koncentrationsl\u00e4ger, den f\u00f6rsta deportationen skedde den 14 juni 1940. D\u00e5 flyttades 728 f\u00e5ngar. Dessa, och m\u00e5nga andra, transporterade man till koncentrationsl\u00e4gret Auschwitz.\u00a0 Det var ingen tvekan om att Tarnow ett getto sen begynnelsen av kriget, men det vart f\u00f6rst presenterat som ett formellt getto i mars 1941. Det var ocks\u00e5 runt denna tid som judarna fick det allt m\u00e4rkbart s\u00e4mre. De var till exempel tvungna att l\u00e4mna ifr\u00e5n sig alla sina v\u00e4rdesaker.<\/p>\n<p>Gettot var indelat i tv\u00e5 olika delar, del A och del B. I del A h\u00e4lls m\u00e4n, kvinnor och barn f\u00e5ngna med en \u00e5lder h\u00f6gre \u00e4n 12 \u00e5r. I sektion B h\u00f6lls m\u00e4n, kvinnor och barn under 12 \u00e5r. Dessa getton skildes \u00e5t med ett stort tr\u00e4staket. Det var f\u00f6rbjudet att g\u00e5 fritt mellan dessa sektioner. Man samlade \u00e4ven in f\u00e5ngar fr\u00e5n andra getton och omr\u00e5den till Tarnow.<\/p>\n<p>I augusti 1943 hade nazisterna ett m\u00f6te, de best\u00e4mde sig d\u00e5 f\u00f6r att f\u00f6rst\u00f6ra gettot i Tarnow. Den 3 september skedde operationen, 200 SS-m\u00e4n stormade gettot. De \u00f6verlevande 11\u00a0000 judarna blev transporterade till olika d\u00f6ds- \u00a0boch koncentrationsl\u00e4ger, 8\u00a0000 till Auschwitz och 3\u00a0000 till Plaszow. Ledare f\u00f6r denna invasion var SS-<i> Haupsturmf\u00fchrer<\/i>. Amon G\u00f6th som personligen d\u00f6dade ett flertal judar p\u00e5 plats med sin revolver. I slutet av 1943 f\u00f6rklarades Tarnow \u201dJudenrein\u201d eller fritt fr\u00e5n judar. Majoriteten hade blivit d\u00f6dad av Tyskarna. Dorothea W och hennes man Pinkas hade sannerligen f\u00e5tt reda p\u00e5 detta i tid och hann d\u00e4rf\u00f6r fly fr\u00e5n gettot och g\u00f6mde sig hos en bonde i byn.<\/p>\n<p>K\u00e4llor:<\/p>\n<p><a href=\"http:\/\/www.deathcamps.org\/occupation\/tarnow%20ghetto.html\">http:\/\/www.deathcamps.org\/occupation\/tarnow%20ghetto.html<\/a><\/p>\n<p><a href=\"http:\/\/www.holocaustresearchproject.org\/nazioccupation\/tarnowdeport.html\">http:\/\/www.holocaustresearchproject.org\/nazioccupation\/tarnowdeport.html<\/a><\/p>\n<p>Av: Erik Engstrand 9D, vt 2012<\/p>\n","protected":false},"excerpt":{"rendered":"<p>Jag har valt att f\u00f6rdjupa mig om gettot i den polska staden Tarnow som senare kom att bli ett getto styrt av nazisterna. Detta getto l\u00e5g cirka 70 kilometer \u00f6st om Krakow. Innan kriget bodde det runt 15\u00a0600 judar h\u00e4r. Dessa utgjorde ungef\u00e4r 50 procent av Tarnows befolkning. Det skulle efter gettot komma att bli &hellip; <\/p>\n<p><a class=\"more-link btn\" href=\"https:\/\/xn--skuggorfrndetfrflutna-02b01b.se\/?page_id=510\">Forts\u00e4tt l\u00e4sa<\/a><\/p>\n","protected":false},"author":1,"featured_media":0,"parent":0,"menu_order":0,"comment_status":"closed","ping_status":"open","template":"","meta":{"_monsterinsights_skip_tracking":false,"_monsterinsights_sitenote_active":false,"_monsterinsights_sitenote_note":"","_monsterinsights_sitenote_category":0,"footnotes":""},"class_list":["post-510","page","type-page","status-publish","hentry","nodate","item-wrap"],"jetpack_sharing_enabled":true,"_links":{"self":[{"href":"https:\/\/xn--skuggorfrndetfrflutna-02b01b.se\/index.php?rest_route=\/wp\/v2\/pages\/510","targetHints":{"allow":["GET"]}}],"collection":[{"href":"https:\/\/xn--skuggorfrndetfrflutna-02b01b.se\/index.php?rest_route=\/wp\/v2\/pages"}],"about":[{"href":"https:\/\/xn--skuggorfrndetfrflutna-02b01b.se\/index.php?rest_route=\/wp\/v2\/types\/page"}],"author":[{"embeddable":true,"href":"https:\/\/xn--skuggorfrndetfrflutna-02b01b.se\/index.php?rest_route=\/wp\/v2\/users\/1"}],"replies":[{"embeddable":true,"href":"https:\/\/xn--skuggorfrndetfrflutna-02b01b.se\/index.php?rest_route=%2Fwp%2Fv2%2Fcomments&post=510"}],"version-history":[{"count":1,"href":"https:\/\/xn--skuggorfrndetfrflutna-02b01b.se\/index.php?rest_route=\/wp\/v2\/pages\/510\/revisions"}],"predecessor-version":[{"id":512,"href":"https:\/\/xn--skuggorfrndetfrflutna-02b01b.se\/index.php?rest_route=\/wp\/v2\/pages\/510\/revisions\/512"}],"wp:attachment":[{"href":"https:\/\/xn--skuggorfrndetfrflutna-02b01b.se\/index.php?rest_route=%2Fwp%2Fv2%2Fmedia&parent=510"}],"curies":[{"name":"wp","href":"https:\/\/api.w.org\/{rel}","templated":true}]}}