{"id":481,"date":"2013-09-13T19:21:43","date_gmt":"2013-09-13T19:21:43","guid":{"rendered":"http:\/\/xn--skuggorfrndetfrflutna-02b01b.se\/?page_id=481"},"modified":"2013-09-13T19:39:07","modified_gmt":"2013-09-13T19:39:07","slug":"lakarna","status":"publish","type":"page","link":"https:\/\/xn--skuggorfrndetfrflutna-02b01b.se\/?page_id=481","title":{"rendered":"L\u00e4karna"},"content":{"rendered":"<p><a href=\"http:\/\/xn--skuggorfrndetfrflutna-02b01b.se\/wp-content\/uploads\/2013\/09\/Ragnar-Selld\u00e9n-bild.jpg\"><img loading=\"lazy\" decoding=\"async\" class=\"alignnone size-medium wp-image-465\" alt=\"Ragnar Selld\u00e9n bild\" src=\"http:\/\/xn--skuggorfrndetfrflutna-02b01b.se\/wp-content\/uploads\/2013\/09\/Ragnar-Selld\u00e9n-bild-223x300.jpg\" width=\"223\" height=\"300\" srcset=\"https:\/\/xn--skuggorfrndetfrflutna-02b01b.se\/wp-content\/uploads\/2013\/09\/Ragnar-Selld\u00e9n-bild-223x300.jpg 223w, https:\/\/xn--skuggorfrndetfrflutna-02b01b.se\/wp-content\/uploads\/2013\/09\/Ragnar-Selld\u00e9n-bild.jpg 507w\" sizes=\"auto, (max-width: 223px) 100vw, 223px\" \/><\/a><\/p>\n<p><b>Ragnar Selld\u00e9n <\/b><\/p>\n<p>F\u00f6dd 18.6 1891 &#8211; ?<\/p>\n<p>Underl\u00e4kare vid kirurgiska avd. 1919-20<\/p>\n<p>Underl\u00e4kare vid Serafimerlasarettet 1920-22<\/p>\n<p>Underl\u00e4kare vid Sahlgrenska sjukhuset 1922-25<\/p>\n<p>Lasarettsl\u00e4kare i Falun 1925-31<\/p>\n<p>Lasarettsl\u00e4kare i \u00d6rebro 1931-56, startade upp \u00d6ron-, n\u00e4sa-, halskliniken vid \u00d6rebro lasarett.<\/p>\n<p>Chefsl\u00e4kare p\u00e5 beredskapssjukhuset i \u00d6rebro 1945<\/p>\n<p>Ambulansl\u00e4kare i Finland 1918 och 1941<\/p>\n<p>Studieresa till Wien, Berlin, Budapest 1925<\/p>\n<p>&nbsp;<\/p>\n<p><a href=\"http:\/\/xn--skuggorfrndetfrflutna-02b01b.se\/wp-content\/uploads\/2013\/09\/untitled.bmp\"><img decoding=\"async\" class=\"alignnone size-medium wp-image-482\" alt=\"untitled\" src=\"http:\/\/xn--skuggorfrndetfrflutna-02b01b.se\/wp-content\/uploads\/2013\/09\/untitled.bmp\" \/><\/a><\/p>\n<p><b>Olof Wilander<\/b><\/p>\n<p>F\u00f6dd 30.3 1907 &#8211; ?<\/p>\n<p>Karolinska institutet 1928-36<\/p>\n<p>L\u00e4kare vid Serafimerlasarettet 1937<\/p>\n<p>Lasarettsl\u00e4kare i \u00d6rebro 1938-?<\/p>\n<p>Medicine doktor 1939 och sedermera professor<\/p>\n<p>Vik. chefsl\u00e4kare vid beredskapssjukhuset i \u00d6rebro 1945<\/p>\n<p>Styrelseman vid \u00d6rebro lasarett<\/p>\n<p>&nbsp;<\/p>\n<p><a href=\"http:\/\/xn--skuggorfrndetfrflutna-02b01b.se\/wp-content\/uploads\/2013\/09\/Olle-Ottander-bild.jpg\"><img loading=\"lazy\" decoding=\"async\" class=\"alignnone size-medium wp-image-464\" alt=\"Olle Ottander bild\" src=\"http:\/\/xn--skuggorfrndetfrflutna-02b01b.se\/wp-content\/uploads\/2013\/09\/Olle-Ottander-bild-218x300.jpg\" width=\"218\" height=\"300\" srcset=\"https:\/\/xn--skuggorfrndetfrflutna-02b01b.se\/wp-content\/uploads\/2013\/09\/Olle-Ottander-bild-218x300.jpg 218w, https:\/\/xn--skuggorfrndetfrflutna-02b01b.se\/wp-content\/uploads\/2013\/09\/Olle-Ottander-bild.jpg 499w\" sizes=\"auto, (max-width: 218px) 100vw, 218px\" \/><\/a><\/p>\n<p><b>Olof \u201dOlle\u201d Ottander<\/b><\/p>\n<p>F\u00f6dd 27.11 1893 &#8211; ?<\/p>\n<p>Underl\u00e4kare vid Sabbatsbergs sjukhus1921-23<\/p>\n<p>Underl\u00e4kare vid Stockholms epidemisjukhus 1923-24<\/p>\n<p>Underl\u00e4kare vid S:t Er\u00edks sjukhus med. avd. 1924-27<\/p>\n<p>Distriktsl\u00e4kare\/skoll\u00e4kare i Stockholm 1928-39<\/p>\n<p>L\u00e4kare p\u00e5 beredskapssjukhuset i \u00d6rebro 1945<\/p>\n<p>F\u00f6rfattare till artikel i L\u00e4kartidningen 1946 \u201dN\u00e5gra erfarenheter och intryck fr\u00e5n sjukv\u00e5rdsarbete p\u00e5 ett beredskapssjukhus i Mellansverige\u201d<\/p>\n<p>&nbsp;<\/p>\n<p><a href=\"http:\/\/xn--skuggorfrndetfrflutna-02b01b.se\/wp-content\/uploads\/2013\/09\/Ragnar-Melander-bild.jpg\"><img loading=\"lazy\" decoding=\"async\" class=\"alignnone size-medium wp-image-466\" alt=\"Ragnar Melander bild\" src=\"http:\/\/xn--skuggorfrndetfrflutna-02b01b.se\/wp-content\/uploads\/2013\/09\/Ragnar-Melander-bild-220x300.jpg\" width=\"220\" height=\"300\" srcset=\"https:\/\/xn--skuggorfrndetfrflutna-02b01b.se\/wp-content\/uploads\/2013\/09\/Ragnar-Melander-bild-220x300.jpg 220w, https:\/\/xn--skuggorfrndetfrflutna-02b01b.se\/wp-content\/uploads\/2013\/09\/Ragnar-Melander-bild.jpg 482w\" sizes=\"auto, (max-width: 220px) 100vw, 220px\" \/><\/a><\/p>\n<p><b>Ragnar Melander<\/b><\/p>\n<p>F\u00f6dd 27.8 1895 &#8211; ?<\/p>\n<p>Underl\u00e4kartj\u00e4nster i s\u00f6dra Sverige 1921-26<\/p>\n<p>Tillf\u00f6rordnad \u00f6verl\u00e4kare Eksj\u00f6 1925-26<\/p>\n<p>L\u00e4kartj\u00e4nster i Mellansverige 1926-31<\/p>\n<p>Praktiserande l\u00e4kare i \u00d6rebro sedan 1931, bland annat som l\u00e4kare f\u00f6r folkskolorna och vid \u00d6rebro stads sjukhem<\/p>\n<p>&nbsp;<\/p>\n<p><b>Andra namn p\u00e5 sjukv\u00e5rdspersonal som n\u00e4mns i tidningsartiklar eller i andra k\u00e4llor \u00e4r:<\/b><\/p>\n<p>\u00d6verl\u00e4kare Otto E Andersen<br \/>\nKuratorn vid \u00d6rebro lasarett fr\u00f6ken Ingrid af Klintberg<br \/>\nL\u00e4kare Nordstrand<br \/>\nL\u00e4kare Alkman<br \/>\nDr. Alb. Warne<\/p>\n<p>K\u00e4llor: Svenska l\u00e4kare i ord och bild (1939 och 1948) samt personligt mail.<\/p>\n","protected":false},"excerpt":{"rendered":"<p>Ragnar Selld\u00e9n F\u00f6dd 18.6 1891 &#8211; ? Underl\u00e4kare vid kirurgiska avd. 1919-20 Underl\u00e4kare vid Serafimerlasarettet 1920-22 Underl\u00e4kare vid Sahlgrenska sjukhuset 1922-25 Lasarettsl\u00e4kare i Falun 1925-31 Lasarettsl\u00e4kare i \u00d6rebro 1931-56, startade upp \u00d6ron-, n\u00e4sa-, halskliniken vid \u00d6rebro lasarett. Chefsl\u00e4kare p\u00e5 beredskapssjukhuset i \u00d6rebro 1945 Ambulansl\u00e4kare i Finland 1918 och 1941 Studieresa till Wien, Berlin, Budapest 1925 &hellip; <\/p>\n<p><a class=\"more-link btn\" href=\"https:\/\/xn--skuggorfrndetfrflutna-02b01b.se\/?page_id=481\">Forts\u00e4tt l\u00e4sa<\/a><\/p>\n","protected":false},"author":1,"featured_media":0,"parent":0,"menu_order":0,"comment_status":"closed","ping_status":"open","template":"","meta":{"_monsterinsights_skip_tracking":false,"_monsterinsights_sitenote_active":false,"_monsterinsights_sitenote_note":"","_monsterinsights_sitenote_category":0,"footnotes":""},"class_list":["post-481","page","type-page","status-publish","hentry","nodate","item-wrap"],"jetpack_sharing_enabled":true,"_links":{"self":[{"href":"https:\/\/xn--skuggorfrndetfrflutna-02b01b.se\/index.php?rest_route=\/wp\/v2\/pages\/481","targetHints":{"allow":["GET"]}}],"collection":[{"href":"https:\/\/xn--skuggorfrndetfrflutna-02b01b.se\/index.php?rest_route=\/wp\/v2\/pages"}],"about":[{"href":"https:\/\/xn--skuggorfrndetfrflutna-02b01b.se\/index.php?rest_route=\/wp\/v2\/types\/page"}],"author":[{"embeddable":true,"href":"https:\/\/xn--skuggorfrndetfrflutna-02b01b.se\/index.php?rest_route=\/wp\/v2\/users\/1"}],"replies":[{"embeddable":true,"href":"https:\/\/xn--skuggorfrndetfrflutna-02b01b.se\/index.php?rest_route=%2Fwp%2Fv2%2Fcomments&post=481"}],"version-history":[{"count":1,"href":"https:\/\/xn--skuggorfrndetfrflutna-02b01b.se\/index.php?rest_route=\/wp\/v2\/pages\/481\/revisions"}],"predecessor-version":[{"id":484,"href":"https:\/\/xn--skuggorfrndetfrflutna-02b01b.se\/index.php?rest_route=\/wp\/v2\/pages\/481\/revisions\/484"}],"wp:attachment":[{"href":"https:\/\/xn--skuggorfrndetfrflutna-02b01b.se\/index.php?rest_route=%2Fwp%2Fv2%2Fmedia&parent=481"}],"curies":[{"name":"wp","href":"https:\/\/api.w.org\/{rel}","templated":true}]}}