{"id":457,"date":"2013-09-13T15:55:27","date_gmt":"2013-09-13T15:55:27","guid":{"rendered":"http:\/\/xn--skuggorfrndetfrflutna-02b01b.se\/?page_id=457"},"modified":"2013-09-18T18:29:20","modified_gmt":"2013-09-18T18:29:20","slug":"ezster-b","status":"publish","type":"page","link":"https:\/\/xn--skuggorfrndetfrflutna-02b01b.se\/?page_id=457","title":{"rendered":"Ezster B"},"content":{"rendered":"<p><a href=\"http:\/\/xn--skuggorfrndetfrflutna-02b01b.se\/wp-content\/uploads\/2013\/09\/e.jpg\"><img loading=\"lazy\" decoding=\"async\" class=\"alignnone size-full wp-image-458\" alt=\"e\" src=\"http:\/\/xn--skuggorfrndetfrflutna-02b01b.se\/wp-content\/uploads\/2013\/09\/e.jpg\" width=\"239\" height=\"354\" srcset=\"https:\/\/xn--skuggorfrndetfrflutna-02b01b.se\/wp-content\/uploads\/2013\/09\/e.jpg 239w, https:\/\/xn--skuggorfrndetfrflutna-02b01b.se\/wp-content\/uploads\/2013\/09\/e-202x300.jpg 202w\" sizes=\"auto, (max-width: 239px) 100vw, 239px\" \/><\/a><\/p>\n<p>Ezster B f\u00f6ddes den 4 januari 1932 i Papa, Ungern. Hon \u00e4r dotter till tr\u00e4varuhandlaren Zoltan B, f\u00f6dd \u00e5r 1895 och hans hustru Elsa, f\u00f6dd polack, \u00e5r 1901. Hon har en broder, Ern\u00f6, f\u00f6dd \u00e5r 1921 och en syster, Adel, f\u00f6dd \u00e5r 1923. Hon gick fyra \u00e5r i folkskola och ett \u00e5r i borgarskola. Den 18 maj 1944 blev hon och hennes familj deporterade till Auschwitz i Polen, d\u00e4rifr\u00e5n till ett arbetsl\u00e4ger i Breslau, senare vidare till koncentrationsl\u00e4gret Gross-Rosen och slutligen till l\u00e4gret Bergen-Belsen, alla i Tyskland. Det var d\u00e4r hon befann sig n\u00e4r engelskm\u00e4nnen kom dit. D\u00e4rifr\u00e5n blev hon \u00f6verf\u00f6rd till Sverige \u00f6ver Malm\u00f6 den 7 juli 1945. Efter en tid i Sk\u00e5ne kommer hon till \u00d6rebro beredskapssjukhus den 21 augusti 1945, d\u00e5 var hon bara 15 \u00e5r gammal. Under h\u00f6sten fick hon g\u00e5 i en svensk \u00e5rskurs 5-klass tillsammans med Ulla Birgitta P\u00e5lsg\u00e5rd<\/p>\n<p>Ulla ber\u00e4ttade f\u00f6ljande:<\/p>\n<p>\u201dJag var 11 \u00e5r 1945 och gick i femte klass, tror jag. Vi flyttades \u00f6ver till den kommunala mellanskolan p\u00e5 andra sidan. Min fr\u00f6ken hette Ruth Blomqvist. Det var tv\u00e5 femte klasser som fick flytta tv\u00e4rs \u00f6ver gatan\u2026 Den 24 maj fyllde jag 11 \u00e5r. Vi hurrade f\u00f6r att Hitler var d\u00f6d minns jag\u2026<\/p>\n<p>Jag kommer ih\u00e5g grinden och vaktm\u00e4starbostaden, jag har ett svagt minne av polisen som var en som man skulle akta sig f\u00f6r\u2026<\/p>\n<p>\u2026Jag var ju d\u00e4r vid grinden och h\u00e4ngde och gav dem pajer som mamma lagade och f\u00e4rska bullar. Det var inte s\u00e5 m\u00e5nga d\u00e4r, jag och n\u00e5gra till\u2026 Flickorna, det var Jozca, Rosi och Eszter\u2026<\/p>\n<p>\u2026 Jag som 11-\u00e5ring fick f\u00f6r mig att de skulle g\u00e5 i min klass, jag travade iv\u00e4g och fr\u00e5gar folkskoleinspekt\u00f6ren, Warne tror jag att han hette, om tv\u00e5 av flickorna fick g\u00e5 i min klass. Han var tydligen ocks\u00e5 ansvarig f\u00f6r att utrymma skolan. S\u00e5 tre dagar senare blev jag inkallad till min fr\u00f6ken, en str\u00e4ng ungm\u00f6. &#8211; Var har du gjort? De s\u00e4ger att jag ska ta in tv\u00e5 elever till! Jag blev f\u00f6rst\u00e5s livr\u00e4dd. Men tv\u00e5 av flickorna kom till klassen, Rosi och Eszter. Fr\u00f6ken blev s\u00e4rskilt f\u00f6rtjust i Rosi som spexade mycket\u2026<\/p>\n<p>De var tvungna att ha passersedel f\u00f6r att komma ut och andra f\u00f6r att komma in, polisen fl\u00f6rtade med en flicka och d\u00e5 smet jag in. Det var f\u00f6rbjudet. Jag tror att det var Jozca som ville visa hur hon bodde. Det var ganska ot\u00e4ckt. Hon h\u00f6ll mig i handen f\u00f6r hon f\u00f6rstod s\u00e4kert hur jag skulle reagera. Jag minns att det stod m\u00e5nga s\u00e4ngar i skolsalarna och \u00e4ven i korridorerna. Det var en del som bara l\u00e5g och skrek. M\u00e5nga var nog inte helt friska i huvudet. Jag var bara inne en g\u00e5ng och jag hade nog n\u00e5gon mardr\u00f6m efter\u00e5t. Frisyrerna var stubbade. Rosi hade n\u00e4stan inget h\u00e5r, hon var r\u00f6dh\u00e5rig och fr\u00e4knig, l\u00e5nga magra ben. Jag minns att alla tre hade nummer intatuerat. Eszter kom fr\u00e5n Ungern och Jozca kom fr\u00e5n Jugoslavien tror jag\u2026 Kaputt\u2026 var vad de sa om sina familjer.<\/p>\n<p>Flickorna upptr\u00e4de helt normalt. M\u00e5nga av de \u00e4ldre damerna var magra, skygga, och beteende sig lite annorlunda\u2026 Fyra, fem av kvinnorna gifte sig med svenska m\u00e4n och blev kvar i \u00d6rebro. Dom s\u00e5g jag senare p\u00e5 stan n\u00e5gon g\u00e5ng\u2026 Jag har funderat mycket p\u00e5 de h\u00e4r flickorna. Jag fick ett brev fr\u00e5n Eszter p\u00e5 ungerska, jag fick det \u00f6versatt, men jag har tyv\u00e4rr inte kvar det..<\/p>\n<p>Ezster fick m\u00f6jligheten att v\u00e4lja mellan att flytta till sin farbror, herr A. Schreiber, i England\u00a0 eller till en kusin, J\u00f3se Kornis, i Chile. Hon valde sannolikt att flytta till den barnl\u00f6sa kusinen i Chile ist\u00e4llet f\u00f6r farbrodern i England som redan hade 7 barn att f\u00f6rs\u00f6rja. Den 18 oktober 1946 reste Ezster fr\u00e5n Sverige \u00f6ver Bromma, och bosatte sig i Chile hos J\u00f3se Kornis.<\/p>\n<p>&nbsp;<\/p>\n<p>K\u00e4lla: Dossier Statens Utl\u00e4nningskommission Riksarkivet, Fotografi fr\u00e5n Ulla Birgitta P\u00e5lsg\u00e5rd.<\/p>\n<p>Av: Andrew Reintz 9E och gustav olsson 9D, vt 2012<\/p>\n","protected":false},"excerpt":{"rendered":"<p>Ezster B f\u00f6ddes den 4 januari 1932 i Papa, Ungern. Hon \u00e4r dotter till tr\u00e4varuhandlaren Zoltan B, f\u00f6dd \u00e5r 1895 och hans hustru Elsa, f\u00f6dd polack, \u00e5r 1901. Hon har en broder, Ern\u00f6, f\u00f6dd \u00e5r 1921 och en syster, Adel, f\u00f6dd \u00e5r 1923. Hon gick fyra \u00e5r i folkskola och ett \u00e5r i borgarskola. Den &hellip; <\/p>\n<p><a class=\"more-link btn\" href=\"https:\/\/xn--skuggorfrndetfrflutna-02b01b.se\/?page_id=457\">Forts\u00e4tt l\u00e4sa<\/a><\/p>\n","protected":false},"author":1,"featured_media":0,"parent":0,"menu_order":0,"comment_status":"closed","ping_status":"open","template":"","meta":{"_monsterinsights_skip_tracking":false,"_monsterinsights_sitenote_active":false,"_monsterinsights_sitenote_note":"","_monsterinsights_sitenote_category":0,"footnotes":""},"class_list":["post-457","page","type-page","status-publish","hentry","nodate","item-wrap"],"jetpack_sharing_enabled":true,"_links":{"self":[{"href":"https:\/\/xn--skuggorfrndetfrflutna-02b01b.se\/index.php?rest_route=\/wp\/v2\/pages\/457","targetHints":{"allow":["GET"]}}],"collection":[{"href":"https:\/\/xn--skuggorfrndetfrflutna-02b01b.se\/index.php?rest_route=\/wp\/v2\/pages"}],"about":[{"href":"https:\/\/xn--skuggorfrndetfrflutna-02b01b.se\/index.php?rest_route=\/wp\/v2\/types\/page"}],"author":[{"embeddable":true,"href":"https:\/\/xn--skuggorfrndetfrflutna-02b01b.se\/index.php?rest_route=\/wp\/v2\/users\/1"}],"replies":[{"embeddable":true,"href":"https:\/\/xn--skuggorfrndetfrflutna-02b01b.se\/index.php?rest_route=%2Fwp%2Fv2%2Fcomments&post=457"}],"version-history":[{"count":3,"href":"https:\/\/xn--skuggorfrndetfrflutna-02b01b.se\/index.php?rest_route=\/wp\/v2\/pages\/457\/revisions"}],"predecessor-version":[{"id":590,"href":"https:\/\/xn--skuggorfrndetfrflutna-02b01b.se\/index.php?rest_route=\/wp\/v2\/pages\/457\/revisions\/590"}],"wp:attachment":[{"href":"https:\/\/xn--skuggorfrndetfrflutna-02b01b.se\/index.php?rest_route=%2Fwp%2Fv2%2Fmedia&parent=457"}],"curies":[{"name":"wp","href":"https:\/\/api.w.org\/{rel}","templated":true}]}}