{"id":447,"date":"2013-09-13T15:43:12","date_gmt":"2013-09-13T15:43:12","guid":{"rendered":"http:\/\/xn--skuggorfrndetfrflutna-02b01b.se\/?page_id=447"},"modified":"2013-09-13T15:43:12","modified_gmt":"2013-09-13T15:43:12","slug":"auschwitz-birkenau","status":"publish","type":"page","link":"https:\/\/xn--skuggorfrndetfrflutna-02b01b.se\/?page_id=447","title":{"rendered":"Auschwitz Birkenau"},"content":{"rendered":"<p style=\"text-align: left;\" align=\"center\">Auschwitz var nazisternas st\u00f6rsta koncentrations l\u00e4ger som ligger ungef\u00e4r 6 mil fr\u00e5n Krakow. Auschwitz var fr\u00e5n b\u00f6rjan en arm\u00e9bas f\u00f6r polska arm\u00e9n. L\u00e4gret var b\u00e5de ett koncentrationsl\u00e4ger kombinerat med f\u00f6rintelsel\u00e4ger. I Auschwitz hade de 1 300 000 f\u00e5ngar. 90 % av alla f\u00e5ngar var judar resten var krigsf\u00e5ngar och f\u00f6rr\u00e4dare. 1 100 000 av dessa dog.<\/p>\n<p>\u00a0Utanf\u00f6r Auschwitz fans en t\u00e5gperrong d\u00e4r de lastade av alla judar de hade f\u00f6rt dit med t\u00e5g. D\u00e4r separerade tyskarna de f\u00e5ngar som skulle f\u00e5 d\u00f6 p\u00e5 direkten och de f\u00e5ngar som skulle f\u00e5 arbeta tills de inte klarade av mer, efter det skickades de till gaskamrarna eller fick de ett nackskott eller en d\u00f6dsinjektion med spruta. Man h\u00e4ngde \u00e4ven f\u00e5ngar f\u00f6r att avskr\u00e4cka andra att g\u00f6ra dumheter.<\/p>\n<p>De arbetande fick arbeta v\u00e4ldigt mycket och h\u00e5rt och fick knappt n\u00e5gon mat. Gaskamrarna var kamouflerade till vanliga duschrum skulle s\u00e5 f\u00e5ngarna inte skulle misst\u00e4nka n\u00e5got i b\u00f6rjan. Men de dr\u00f6jde inte l\u00e4nge innan de f\u00f6rstod att de inte var duschrum f\u00f6r att de som gick in i de kamouflerade gaskamrarna kom aldrig tillbaks.<\/p>\n<p>\u00c5r 1942 blev Auschwitz ett centrum f\u00f6r all utrotning av judarna. Allts\u00e5 man f\u00f6rde dit all judar man skulle gasa ihj\u00e4l. Under 1942 skickades omkring 200\u00a0000 judar till l\u00e4gret f\u00f6r gasning. \u00c5r 1943 skickades 270\u00a0000 judar dit och 1944 \u00f6ver 600\u00a0000 judar.\u00a0Alla f\u00e5ngar som vart utvalda till slavarbete fick h\u00e5ret avrakat och fick sitt f\u00e5ngnummer intatuerat i armen. F\u00e5ngar som vart sjuka eller skadade fick g\u00e5 till l\u00e4grets sjukhus. Om de inte kunde arbeta igen efter en till tv\u00e5 veckor blev m\u00f6rdade, oftast i gaskammare. Varje dag var en st\u00e4ndig kamp om \u00f6verlevnad i l\u00e4gret. P\u00e5 grund av de h\u00e5rda f\u00f6rh\u00e5llanden i l\u00e4gret som te.x sv\u00e4lten , det tunga arbetet , den fysiska och psykiska terrorn gjorde att m\u00e5nga dog efter bara ett par m\u00e5nader.\u00a0N\u00e4r nazisterna ins\u00e5g att de hade f\u00f6rlorat kriget spr\u00e4ngde de alla gaskamrarna f\u00f6r att inte visa vad de hade gjort f\u00f6r efterv\u00e4rlden.<\/p>\n<p>K\u00e4llor:\u00a0<a href=\"http:\/\/www.levandehistoria.se\/forintelsen\/fakta\/auschwitz-birkenau\">http:\/\/www.levandehistoria.se\/forintelsen\/fakta\/auschwitz-birkenau<\/a>\u00a0 \u00a0och \u00a0\u00a0<a href=\"http:\/\/sv.wikipedia.org\/wiki\/Auschwitz\">http:\/\/sv.wikipedia.org\/wiki\/Auschwitz<\/a><\/p>\n<p>Av: Alexander Bj\u00f6rnewall 9E, vt 2012<\/p>\n<p>&nbsp;<\/p>\n<p>&nbsp;<\/p>\n<p>&nbsp;<\/p>\n","protected":false},"excerpt":{"rendered":"<p>Auschwitz var nazisternas st\u00f6rsta koncentrations l\u00e4ger som ligger ungef\u00e4r 6 mil fr\u00e5n Krakow. Auschwitz var fr\u00e5n b\u00f6rjan en arm\u00e9bas f\u00f6r polska arm\u00e9n. L\u00e4gret var b\u00e5de ett koncentrationsl\u00e4ger kombinerat med f\u00f6rintelsel\u00e4ger. I Auschwitz hade de 1 300 000 f\u00e5ngar. 90 % av alla f\u00e5ngar var judar resten var krigsf\u00e5ngar och f\u00f6rr\u00e4dare. 1 100 000 av dessa &hellip; <\/p>\n<p><a class=\"more-link btn\" href=\"https:\/\/xn--skuggorfrndetfrflutna-02b01b.se\/?page_id=447\">Forts\u00e4tt l\u00e4sa<\/a><\/p>\n","protected":false},"author":1,"featured_media":0,"parent":0,"menu_order":0,"comment_status":"closed","ping_status":"open","template":"","meta":{"_monsterinsights_skip_tracking":false,"_monsterinsights_sitenote_active":false,"_monsterinsights_sitenote_note":"","_monsterinsights_sitenote_category":0,"footnotes":""},"class_list":["post-447","page","type-page","status-publish","hentry","nodate","item-wrap"],"jetpack_sharing_enabled":true,"_links":{"self":[{"href":"https:\/\/xn--skuggorfrndetfrflutna-02b01b.se\/index.php?rest_route=\/wp\/v2\/pages\/447","targetHints":{"allow":["GET"]}}],"collection":[{"href":"https:\/\/xn--skuggorfrndetfrflutna-02b01b.se\/index.php?rest_route=\/wp\/v2\/pages"}],"about":[{"href":"https:\/\/xn--skuggorfrndetfrflutna-02b01b.se\/index.php?rest_route=\/wp\/v2\/types\/page"}],"author":[{"embeddable":true,"href":"https:\/\/xn--skuggorfrndetfrflutna-02b01b.se\/index.php?rest_route=\/wp\/v2\/users\/1"}],"replies":[{"embeddable":true,"href":"https:\/\/xn--skuggorfrndetfrflutna-02b01b.se\/index.php?rest_route=%2Fwp%2Fv2%2Fcomments&post=447"}],"version-history":[{"count":1,"href":"https:\/\/xn--skuggorfrndetfrflutna-02b01b.se\/index.php?rest_route=\/wp\/v2\/pages\/447\/revisions"}],"predecessor-version":[{"id":449,"href":"https:\/\/xn--skuggorfrndetfrflutna-02b01b.se\/index.php?rest_route=\/wp\/v2\/pages\/447\/revisions\/449"}],"wp:attachment":[{"href":"https:\/\/xn--skuggorfrndetfrflutna-02b01b.se\/index.php?rest_route=%2Fwp%2Fv2%2Fmedia&parent=447"}],"curies":[{"name":"wp","href":"https:\/\/api.w.org\/{rel}","templated":true}]}}