{"id":3546,"date":"2018-07-31T09:58:18","date_gmt":"2018-07-31T09:58:18","guid":{"rendered":"http:\/\/skugg.wopsa.se\/?page_id=3546"},"modified":"2018-08-05T12:34:16","modified_gmt":"2018-08-05T12:34:16","slug":"beredskapssjukhuset-i-harnosand","status":"publish","type":"page","link":"https:\/\/xn--skuggorfrndetfrflutna-02b01b.se\/?page_id=3546","title":{"rendered":"Beredskapssjukhuset i H\u00e4rn\u00f6sand"},"content":{"rendered":"<p><a href=\"http:\/\/ca.kulturarvvasternorrland.se\/media\/abm_ca_system\/images\/9\/70806_ca_object_representations_media_941_original.pdf\" target=\"_blank\" rel=\"noopener\">Klicka p\u00e5 l\u00e4nken f\u00f6r att komma till kort information om beredskapssjukhuset.<\/a><\/p>\n","protected":false},"excerpt":{"rendered":"<p>Klicka p\u00e5 l\u00e4nken f\u00f6r att komma till kort information om beredskapssjukhuset.<\/p>\n","protected":false},"author":1,"featured_media":0,"parent":0,"menu_order":0,"comment_status":"closed","ping_status":"closed","template":"","meta":{"_monsterinsights_skip_tracking":false,"_monsterinsights_sitenote_active":false,"_monsterinsights_sitenote_note":"","_monsterinsights_sitenote_category":0,"footnotes":""},"class_list":["post-3546","page","type-page","status-publish","hentry","nodate","item-wrap"],"jetpack_sharing_enabled":true,"_links":{"self":[{"href":"https:\/\/xn--skuggorfrndetfrflutna-02b01b.se\/index.php?rest_route=\/wp\/v2\/pages\/3546","targetHints":{"allow":["GET"]}}],"collection":[{"href":"https:\/\/xn--skuggorfrndetfrflutna-02b01b.se\/index.php?rest_route=\/wp\/v2\/pages"}],"about":[{"href":"https:\/\/xn--skuggorfrndetfrflutna-02b01b.se\/index.php?rest_route=\/wp\/v2\/types\/page"}],"author":[{"embeddable":true,"href":"https:\/\/xn--skuggorfrndetfrflutna-02b01b.se\/index.php?rest_route=\/wp\/v2\/users\/1"}],"replies":[{"embeddable":true,"href":"https:\/\/xn--skuggorfrndetfrflutna-02b01b.se\/index.php?rest_route=%2Fwp%2Fv2%2Fcomments&post=3546"}],"version-history":[{"count":2,"href":"https:\/\/xn--skuggorfrndetfrflutna-02b01b.se\/index.php?rest_route=\/wp\/v2\/pages\/3546\/revisions"}],"predecessor-version":[{"id":3565,"href":"https:\/\/xn--skuggorfrndetfrflutna-02b01b.se\/index.php?rest_route=\/wp\/v2\/pages\/3546\/revisions\/3565"}],"wp:attachment":[{"href":"https:\/\/xn--skuggorfrndetfrflutna-02b01b.se\/index.php?rest_route=%2Fwp%2Fv2%2Fmedia&parent=3546"}],"curies":[{"name":"wp","href":"https:\/\/api.w.org\/{rel}","templated":true}]}}