{"id":334,"date":"2013-09-11T18:46:01","date_gmt":"2013-09-11T18:46:01","guid":{"rendered":"http:\/\/xn--skuggorfrndetfrflutna-02b01b.se\/?page_id=334"},"modified":"2013-09-11T18:46:01","modified_gmt":"2013-09-11T18:46:01","slug":"vita-bussarna","status":"publish","type":"page","link":"https:\/\/xn--skuggorfrndetfrflutna-02b01b.se\/?page_id=334","title":{"rendered":"Vita bussarna"},"content":{"rendered":"<p>I slutet av andra v\u00e4rldskriget fick regeringen uppdrag att r\u00e4dda f\u00e5ngar fr\u00e5n koncentrationsl\u00e4ger i Tyskland och d\u00e4rf\u00f6r skickade r\u00f6da korset i mars 1945 under ledningen av vice ordf\u00f6rande Folke Bernadotte ut vita bussar f\u00f6r att hj\u00e4lpa till. De var till f\u00f6r att h\u00e4mta skandinaver (danskar, norrm\u00e4n) Skandinaver var den h\u00f6gsta prioriteten men om m\u00f6jligheten fanns kunde man ta med andra.<\/p>\n<p>Den 12-13 mars anl\u00e4nde expeditionen till basen Friedrichsruh n\u00e4ra Hamburg och r\u00e4ddningen b\u00f6rjade ta form. Totalt ingick 75 fordon, varav 36 bussar, med en personalstyrka p\u00e5 250 man. Bussarna var vita och hade r\u00f6da kors ditm\u00e5lade. Korsen satt p\u00e5 taket, sidan, fram och bak f\u00f6r att inte bli tagna f\u00f6r att vara milit\u00e4ra m\u00e5l, det \u00e4r ocks\u00e5 d\u00e4rifr\u00e5n r\u00e4ddningsaktionen har f\u00e5tt sitt namn.<\/p>\n<p>R\u00e4ddningen blev en succ\u00e9 men har \u00e4ven kritiserats f\u00f6r att varit en r\u00e4ddning av skandinaver och inte andra nationaliteter.<\/p>\n<p>Det r\u00e4ddades cirka 15 500 m\u00e4nniskor ur koncentrationsl\u00e4gren. Ungef\u00e4r h\u00e4lften av dessa, cirka 7 800, var skandinaver. 6 840 polska medborgare r\u00e4ddades. Minst 4 000 av de r\u00e4ddade var judar. Dessutom h\u00e4mtades cirka 1 500 svenska kvinnor och barn med tyskt medborgarskap till Sverige.<\/p>\n<p>Vid niotiden den 1 maj anl\u00e4nde det f\u00f6rsta svenska r\u00f6dakorsdetachementet till K\u00f6penhamn. M\u00e4nniskomassorna jublade d\u00e5 kolonnen rullade in. De kastade blommor, hurrade och viftade med flaggor. Hela f\u00f6rsta avdelningen var \u00e5ter i Malm\u00f6 p\u00e5 kv\u00e4llen den 1 maj.<\/p>\n<p>Av: Gry Hammarlund 9D vt 2012<\/p>\n","protected":false},"excerpt":{"rendered":"<p>I slutet av andra v\u00e4rldskriget fick regeringen uppdrag att r\u00e4dda f\u00e5ngar fr\u00e5n koncentrationsl\u00e4ger i Tyskland och d\u00e4rf\u00f6r skickade r\u00f6da korset i mars 1945 under ledningen av vice ordf\u00f6rande Folke Bernadotte ut vita bussar f\u00f6r att hj\u00e4lpa till. De var till f\u00f6r att h\u00e4mta skandinaver (danskar, norrm\u00e4n) Skandinaver var den h\u00f6gsta prioriteten men om m\u00f6jligheten fanns &hellip; <\/p>\n<p><a class=\"more-link btn\" href=\"https:\/\/xn--skuggorfrndetfrflutna-02b01b.se\/?page_id=334\">Forts\u00e4tt l\u00e4sa<\/a><\/p>\n","protected":false},"author":1,"featured_media":0,"parent":0,"menu_order":0,"comment_status":"closed","ping_status":"open","template":"","meta":{"_monsterinsights_skip_tracking":false,"_monsterinsights_sitenote_active":false,"_monsterinsights_sitenote_note":"","_monsterinsights_sitenote_category":0,"footnotes":""},"class_list":["post-334","page","type-page","status-publish","hentry","nodate","item-wrap"],"jetpack_sharing_enabled":true,"_links":{"self":[{"href":"https:\/\/xn--skuggorfrndetfrflutna-02b01b.se\/index.php?rest_route=\/wp\/v2\/pages\/334","targetHints":{"allow":["GET"]}}],"collection":[{"href":"https:\/\/xn--skuggorfrndetfrflutna-02b01b.se\/index.php?rest_route=\/wp\/v2\/pages"}],"about":[{"href":"https:\/\/xn--skuggorfrndetfrflutna-02b01b.se\/index.php?rest_route=\/wp\/v2\/types\/page"}],"author":[{"embeddable":true,"href":"https:\/\/xn--skuggorfrndetfrflutna-02b01b.se\/index.php?rest_route=\/wp\/v2\/users\/1"}],"replies":[{"embeddable":true,"href":"https:\/\/xn--skuggorfrndetfrflutna-02b01b.se\/index.php?rest_route=%2Fwp%2Fv2%2Fcomments&post=334"}],"version-history":[{"count":1,"href":"https:\/\/xn--skuggorfrndetfrflutna-02b01b.se\/index.php?rest_route=\/wp\/v2\/pages\/334\/revisions"}],"predecessor-version":[{"id":336,"href":"https:\/\/xn--skuggorfrndetfrflutna-02b01b.se\/index.php?rest_route=\/wp\/v2\/pages\/334\/revisions\/336"}],"wp:attachment":[{"href":"https:\/\/xn--skuggorfrndetfrflutna-02b01b.se\/index.php?rest_route=%2Fwp%2Fv2%2Fmedia&parent=334"}],"curies":[{"name":"wp","href":"https:\/\/api.w.org\/{rel}","templated":true}]}}