{"id":3317,"date":"2017-12-30T22:51:55","date_gmt":"2017-12-30T22:51:55","guid":{"rendered":"http:\/\/skugg.wopsa.se\/?page_id=3317"},"modified":"2017-12-30T22:51:55","modified_gmt":"2017-12-30T22:51:55","slug":"herrhagen-karlstad","status":"publish","type":"page","link":"https:\/\/xn--skuggorfrndetfrflutna-02b01b.se\/?page_id=3317","title":{"rendered":"Herrhagen, Karlstad"},"content":{"rendered":"<p><a href=\"https:\/\/karlstad.se\/globalassets\/pagefiles\/7510\/herrhagen1945.pdf\">Klicka p\u00e5 denna l\u00e4nken f\u00f6r\u00a0 att komma till artikel!<\/a><\/p>\n<p><img decoding=\"async\" src=\"https:\/\/d1jj1vz90h0rrc.cloudfront.net\/inkommande\/4atahz-2301438.jpg\/ALTERNATES\/FREE_1140\/2301438.jpg\" alt=\"Bildresultat f\u00f6r herrhagen beredskapssjukhuset\" \/><\/p>\n","protected":false},"excerpt":{"rendered":"<p>Klicka p\u00e5 denna l\u00e4nken f\u00f6r\u00a0 att komma till artikel!<\/p>\n","protected":false},"author":1,"featured_media":0,"parent":0,"menu_order":0,"comment_status":"closed","ping_status":"closed","template":"","meta":{"_monsterinsights_skip_tracking":false,"_monsterinsights_sitenote_active":false,"_monsterinsights_sitenote_note":"","_monsterinsights_sitenote_category":0,"footnotes":""},"class_list":["post-3317","page","type-page","status-publish","hentry","nodate","item-wrap"],"jetpack_sharing_enabled":true,"_links":{"self":[{"href":"https:\/\/xn--skuggorfrndetfrflutna-02b01b.se\/index.php?rest_route=\/wp\/v2\/pages\/3317","targetHints":{"allow":["GET"]}}],"collection":[{"href":"https:\/\/xn--skuggorfrndetfrflutna-02b01b.se\/index.php?rest_route=\/wp\/v2\/pages"}],"about":[{"href":"https:\/\/xn--skuggorfrndetfrflutna-02b01b.se\/index.php?rest_route=\/wp\/v2\/types\/page"}],"author":[{"embeddable":true,"href":"https:\/\/xn--skuggorfrndetfrflutna-02b01b.se\/index.php?rest_route=\/wp\/v2\/users\/1"}],"replies":[{"embeddable":true,"href":"https:\/\/xn--skuggorfrndetfrflutna-02b01b.se\/index.php?rest_route=%2Fwp%2Fv2%2Fcomments&post=3317"}],"version-history":[{"count":0,"href":"https:\/\/xn--skuggorfrndetfrflutna-02b01b.se\/index.php?rest_route=\/wp\/v2\/pages\/3317\/revisions"}],"wp:attachment":[{"href":"https:\/\/xn--skuggorfrndetfrflutna-02b01b.se\/index.php?rest_route=%2Fwp%2Fv2%2Fmedia&parent=3317"}],"curies":[{"name":"wp","href":"https:\/\/api.w.org\/{rel}","templated":true}]}}