{"id":327,"date":"2013-09-11T17:53:32","date_gmt":"2013-09-11T17:53:32","guid":{"rendered":"http:\/\/xn--skuggorfrndetfrflutna-02b01b.se\/?page_id=327"},"modified":"2013-09-11T17:53:32","modified_gmt":"2013-09-11T17:53:32","slug":"lenke-a","status":"publish","type":"page","link":"https:\/\/xn--skuggorfrndetfrflutna-02b01b.se\/?page_id=327","title":{"rendered":"Lenke A"},"content":{"rendered":"<p>Lenke A f\u00f6ddes 28 juli 1919 i Nyiregyhaza, Ungern. Hennes b\u00e5da f\u00f6r\u00e4ldrar hette Antol A och Rosa. B\u00e5da dog i spanska sjukan \u00e5r 1920, n\u00e4r Lenke A endast var tre \u00e5r. Efter sina f\u00f6r\u00e4ldrars d\u00f6d uppfostrades hon av sin morbror. Hon har \u00e4ven en syster vid namn Aranka A som \u00f6verlevde kriget och bor i New York.<\/p>\n<p>Lenke A uppfostrades som sagt utav sin morbror Adolf \u00d6, som arbetade som aff\u00e4rsman. Lenke A har g\u00e5tt fyra \u00e5r i folkskola och fyra \u00e5r i borgarskola. Hon har \u00e4ven g\u00e5tt en tre\u00e5rig kurs i att l\u00e4ra sig sy.<\/p>\n<p>Efter sin skolg\u00e5ng vistades Lenke A i hemmet tills hon den 18 maj 1944 arresterades och f\u00f6rdes till ett koncentrationsl\u00e4ger i Auschwitz, och det f\u00f6r att hon har en judisk b\u00f6rd.\u00a0 Efter sju m\u00e5nader i Auschwitz deporterades Lenke A till ett arbetsl\u00e4ger i Krakow, Polen. L\u00e4gret \u00e4r sannolikt Plaszowl\u00e4gret som f\u00f6rekommer i filmen &#8221;Schindlers list&#8221;. D\u00e4r jobbade hon p\u00e5 en kl\u00e4desfabrik och d\u00e4refter f\u00f6rdes hon till ett arbetsl\u00e4ger i Breslau och fick jobba i en ammunitionsfabrik. Efter sex veckor i Breslau f\u00f6rdes Lenke A till ett annat arbetsl\u00e4ger och ett flertal till efter det. Den 29 januari 1945 ankom hon till Bergen-Belsen och var kvar d\u00e4r tills engelsm\u00e4nnen kom och r\u00e4ddade alla f\u00e5ngar.<\/p>\n<p>Lenke A f\u00f6rdes efter r\u00e4ddningen till ett sjukhus i Bergen f\u00f6r v\u00e5rd, sl\u00e4pptes ut ifr\u00e5n sjukhuset i slutet av maj samma \u00e5r och f\u00f6rdes d\u00e5 via r\u00f6da korsets vita bussar till Sverige. Hon ankom Malm\u00f6 i juni 1945. Efter tv\u00e5 veckor i karant\u00e4n i Malm\u00f6 kom hon till beredskapssjukhuset i \u00d6rebro den 10 juli. Hon v\u00e4gde d\u00e5 34 kilo. Hon friskf\u00f6rklarades den 5 september 1945 av l\u00e4karen Olle Ottander. Lenke A fick 50 \u00f6re om dagen av Statens Utl\u00e4nningskommission.<\/p>\n<p>Hon blev kvar i Sverige eftersom ingen mer av hennes sl\u00e4kt \u00f6verlevde i Ungern. Lenke A \u00f6nskade fr\u00e4mst att hennes man skulle komma till Sverige ifr\u00e5n Ungern, men hon kunde \u00e4ven t\u00e4nka sig att \u00e5terv\u00e4nda till sin f\u00e4stman i Ungern om det var om\u00f6jligt att f\u00e5 honom till Sverige. I oktober arbetade hon p\u00e5 Albin Rapps kl\u00e4desfirma och fortsatte sedan att arbeta f\u00f6r olika kl\u00e4desfabriker.<\/p>\n<p>K\u00e4lla: Dossier Statens utl\u00e4nningskommission, Riksarkivet<\/p>\n<p>Av:\u00a0Samuel Norgren, Sven och Alexander Nordin 9E<\/p>\n<p>&nbsp;<\/p>\n","protected":false},"excerpt":{"rendered":"<p>Lenke A f\u00f6ddes 28 juli 1919 i Nyiregyhaza, Ungern. Hennes b\u00e5da f\u00f6r\u00e4ldrar hette Antol A och Rosa. B\u00e5da dog i spanska sjukan \u00e5r 1920, n\u00e4r Lenke A endast var tre \u00e5r. Efter sina f\u00f6r\u00e4ldrars d\u00f6d uppfostrades hon av sin morbror. Hon har \u00e4ven en syster vid namn Aranka A som \u00f6verlevde kriget och bor i &hellip; <\/p>\n<p><a class=\"more-link btn\" href=\"https:\/\/xn--skuggorfrndetfrflutna-02b01b.se\/?page_id=327\">Forts\u00e4tt l\u00e4sa<\/a><\/p>\n","protected":false},"author":1,"featured_media":0,"parent":0,"menu_order":0,"comment_status":"closed","ping_status":"open","template":"","meta":{"_monsterinsights_skip_tracking":false,"_monsterinsights_sitenote_active":false,"_monsterinsights_sitenote_note":"","_monsterinsights_sitenote_category":0,"footnotes":""},"class_list":["post-327","page","type-page","status-publish","hentry","nodate","item-wrap"],"jetpack_sharing_enabled":true,"_links":{"self":[{"href":"https:\/\/xn--skuggorfrndetfrflutna-02b01b.se\/index.php?rest_route=\/wp\/v2\/pages\/327","targetHints":{"allow":["GET"]}}],"collection":[{"href":"https:\/\/xn--skuggorfrndetfrflutna-02b01b.se\/index.php?rest_route=\/wp\/v2\/pages"}],"about":[{"href":"https:\/\/xn--skuggorfrndetfrflutna-02b01b.se\/index.php?rest_route=\/wp\/v2\/types\/page"}],"author":[{"embeddable":true,"href":"https:\/\/xn--skuggorfrndetfrflutna-02b01b.se\/index.php?rest_route=\/wp\/v2\/users\/1"}],"replies":[{"embeddable":true,"href":"https:\/\/xn--skuggorfrndetfrflutna-02b01b.se\/index.php?rest_route=%2Fwp%2Fv2%2Fcomments&post=327"}],"version-history":[{"count":1,"href":"https:\/\/xn--skuggorfrndetfrflutna-02b01b.se\/index.php?rest_route=\/wp\/v2\/pages\/327\/revisions"}],"predecessor-version":[{"id":329,"href":"https:\/\/xn--skuggorfrndetfrflutna-02b01b.se\/index.php?rest_route=\/wp\/v2\/pages\/327\/revisions\/329"}],"wp:attachment":[{"href":"https:\/\/xn--skuggorfrndetfrflutna-02b01b.se\/index.php?rest_route=%2Fwp%2Fv2%2Fmedia&parent=327"}],"curies":[{"name":"wp","href":"https:\/\/api.w.org\/{rel}","templated":true}]}}