{"id":3145,"date":"2016-11-14T19:59:36","date_gmt":"2016-11-14T19:59:36","guid":{"rendered":"http:\/\/skugg.wopsa.se\/?page_id=3145"},"modified":"2016-11-14T20:06:32","modified_gmt":"2016-11-14T20:06:32","slug":"vught-transitlager-koncentrationslager","status":"publish","type":"page","link":"https:\/\/xn--skuggorfrndetfrflutna-02b01b.se\/?page_id=3145","title":{"rendered":"Vught transitl\u00e4ger (koncentrationsl\u00e4ger)"},"content":{"rendered":"<p><a href=\"http:\/\/www.holocaustresearchproject.org\/othercamps\/vught.html\">Information om l\u00e4gret p\u00e5 engelska, klicka p\u00e5 l\u00e4nken h\u00e4r!<\/a><\/p>\n<p><img decoding=\"async\" src=\"https:\/\/gerryco23.files.wordpress.com\/2016\/02\/vught-aerial.jpg?w=725&amp;h=461\" alt=\"Bildresultat f\u00f6r Vught Transit Camp\" \/><\/p>\n<p>Flygfoto \u00f6ver Vughtl\u00e4gret. Avr\u00e4ttningsplatserna i skogspartiet till h\u00f6ger om kanalen\/v\u00e4gen till h\u00f6ger. Krematoriet l\u00e4ngst upp i mitten av bilden.<\/p>\n<p><a href=\"http:\/\/skugg.wopsa.se\/wp-content\/uploads\/2016\/11\/DSC_0668.jpg\"><img loading=\"lazy\" decoding=\"async\" class=\"alignnone size-large wp-image-3132\" src=\"http:\/\/skugg.wopsa.se\/wp-content\/uploads\/2016\/11\/DSC_0668-1024x680.jpg\" alt=\"dsc_0668\" width=\"1024\" height=\"680\" srcset=\"https:\/\/xn--skuggorfrndetfrflutna-02b01b.se\/wp-content\/uploads\/2016\/11\/DSC_0668-1024x680.jpg 1024w, https:\/\/xn--skuggorfrndetfrflutna-02b01b.se\/wp-content\/uploads\/2016\/11\/DSC_0668-300x199.jpg 300w, https:\/\/xn--skuggorfrndetfrflutna-02b01b.se\/wp-content\/uploads\/2016\/11\/DSC_0668-768x510.jpg 768w\" sizes=\"auto, (max-width: 1024px) 100vw, 1024px\" \/><\/a><\/p>\n<p><!--more--><\/p>\n<p><a href=\"http:\/\/skugg.wopsa.se\/wp-content\/uploads\/2016\/11\/DSC_0688.jpg\"><img loading=\"lazy\" decoding=\"async\" class=\"alignnone size-large wp-image-3135\" src=\"http:\/\/skugg.wopsa.se\/wp-content\/uploads\/2016\/11\/DSC_0688-1024x680.jpg\" alt=\"dsc_0688\" width=\"1024\" height=\"680\" srcset=\"https:\/\/xn--skuggorfrndetfrflutna-02b01b.se\/wp-content\/uploads\/2016\/11\/DSC_0688-1024x680.jpg 1024w, https:\/\/xn--skuggorfrndetfrflutna-02b01b.se\/wp-content\/uploads\/2016\/11\/DSC_0688-300x199.jpg 300w, https:\/\/xn--skuggorfrndetfrflutna-02b01b.se\/wp-content\/uploads\/2016\/11\/DSC_0688-768x510.jpg 768w\" sizes=\"auto, (max-width: 1024px) 100vw, 1024px\" \/><\/a><\/p>\n<p><a href=\"http:\/\/skugg.wopsa.se\/wp-content\/uploads\/2016\/11\/DSC_0678.jpg\"><img loading=\"lazy\" decoding=\"async\" class=\"alignnone size-large wp-image-3134\" src=\"http:\/\/skugg.wopsa.se\/wp-content\/uploads\/2016\/11\/DSC_0678-1024x680.jpg\" alt=\"dsc_0678\" width=\"1024\" height=\"680\" srcset=\"https:\/\/xn--skuggorfrndetfrflutna-02b01b.se\/wp-content\/uploads\/2016\/11\/DSC_0678-1024x680.jpg 1024w, https:\/\/xn--skuggorfrndetfrflutna-02b01b.se\/wp-content\/uploads\/2016\/11\/DSC_0678-300x199.jpg 300w, https:\/\/xn--skuggorfrndetfrflutna-02b01b.se\/wp-content\/uploads\/2016\/11\/DSC_0678-768x510.jpg 768w\" sizes=\"auto, (max-width: 1024px) 100vw, 1024px\" \/><\/a><\/p>\n<p>Krematorium<\/p>\n<p><a href=\"http:\/\/skugg.wopsa.se\/wp-content\/uploads\/2016\/11\/DSC_0675.jpg\"><img loading=\"lazy\" decoding=\"async\" class=\"alignnone size-large wp-image-3133\" src=\"http:\/\/skugg.wopsa.se\/wp-content\/uploads\/2016\/11\/DSC_0675-1024x680.jpg\" alt=\"dsc_0675\" width=\"1024\" height=\"680\" srcset=\"https:\/\/xn--skuggorfrndetfrflutna-02b01b.se\/wp-content\/uploads\/2016\/11\/DSC_0675-1024x680.jpg 1024w, https:\/\/xn--skuggorfrndetfrflutna-02b01b.se\/wp-content\/uploads\/2016\/11\/DSC_0675-300x199.jpg 300w, https:\/\/xn--skuggorfrndetfrflutna-02b01b.se\/wp-content\/uploads\/2016\/11\/DSC_0675-768x510.jpg 768w\" sizes=\"auto, (max-width: 1024px) 100vw, 1024px\" \/><\/a><\/p>\n<p>Restaurerad barack<\/p>\n<p><a href=\"http:\/\/skugg.wopsa.se\/wp-content\/uploads\/2016\/11\/DSC_0709.jpg\"><img loading=\"lazy\" decoding=\"async\" class=\"alignnone size-large wp-image-3137\" src=\"http:\/\/skugg.wopsa.se\/wp-content\/uploads\/2016\/11\/DSC_0709-1024x680.jpg\" alt=\"dsc_0709\" width=\"1024\" height=\"680\" srcset=\"https:\/\/xn--skuggorfrndetfrflutna-02b01b.se\/wp-content\/uploads\/2016\/11\/DSC_0709-1024x680.jpg 1024w, https:\/\/xn--skuggorfrndetfrflutna-02b01b.se\/wp-content\/uploads\/2016\/11\/DSC_0709-300x199.jpg 300w, https:\/\/xn--skuggorfrndetfrflutna-02b01b.se\/wp-content\/uploads\/2016\/11\/DSC_0709-768x510.jpg 768w\" sizes=\"auto, (max-width: 1024px) 100vw, 1024px\" \/><\/a><\/p>\n<p>Vaktbyggnad vid l\u00e4grets ing\u00e5ng<\/p>\n<p>Fotografier: Mikael Enoksson 2016<\/p>\n<p>&nbsp;<\/p>\n","protected":false},"excerpt":{"rendered":"<p>Information om l\u00e4gret p\u00e5 engelska, klicka p\u00e5 l\u00e4nken h\u00e4r! Flygfoto \u00f6ver Vughtl\u00e4gret. Avr\u00e4ttningsplatserna i skogspartiet till h\u00f6ger om kanalen\/v\u00e4gen till h\u00f6ger. Krematoriet l\u00e4ngst upp i mitten av bilden.<\/p><p><a class=\"more-link btn\" href=\"https:\/\/xn--skuggorfrndetfrflutna-02b01b.se\/?page_id=3145\">Forts\u00e4tt l\u00e4sa<\/a><\/p>\n","protected":false},"author":1,"featured_media":0,"parent":0,"menu_order":0,"comment_status":"closed","ping_status":"closed","template":"","meta":{"_monsterinsights_skip_tracking":false,"_monsterinsights_sitenote_active":false,"_monsterinsights_sitenote_note":"","_monsterinsights_sitenote_category":0,"footnotes":""},"class_list":["post-3145","page","type-page","status-publish","hentry","nodate","item-wrap"],"jetpack_sharing_enabled":true,"_links":{"self":[{"href":"https:\/\/xn--skuggorfrndetfrflutna-02b01b.se\/index.php?rest_route=\/wp\/v2\/pages\/3145","targetHints":{"allow":["GET"]}}],"collection":[{"href":"https:\/\/xn--skuggorfrndetfrflutna-02b01b.se\/index.php?rest_route=\/wp\/v2\/pages"}],"about":[{"href":"https:\/\/xn--skuggorfrndetfrflutna-02b01b.se\/index.php?rest_route=\/wp\/v2\/types\/page"}],"author":[{"embeddable":true,"href":"https:\/\/xn--skuggorfrndetfrflutna-02b01b.se\/index.php?rest_route=\/wp\/v2\/users\/1"}],"replies":[{"embeddable":true,"href":"https:\/\/xn--skuggorfrndetfrflutna-02b01b.se\/index.php?rest_route=%2Fwp%2Fv2%2Fcomments&post=3145"}],"version-history":[{"count":3,"href":"https:\/\/xn--skuggorfrndetfrflutna-02b01b.se\/index.php?rest_route=\/wp\/v2\/pages\/3145\/revisions"}],"predecessor-version":[{"id":3149,"href":"https:\/\/xn--skuggorfrndetfrflutna-02b01b.se\/index.php?rest_route=\/wp\/v2\/pages\/3145\/revisions\/3149"}],"wp:attachment":[{"href":"https:\/\/xn--skuggorfrndetfrflutna-02b01b.se\/index.php?rest_route=%2Fwp%2Fv2%2Fmedia&parent=3145"}],"curies":[{"name":"wp","href":"https:\/\/api.w.org\/{rel}","templated":true}]}}