{"id":3075,"date":"2016-07-06T09:16:19","date_gmt":"2016-07-06T09:16:19","guid":{"rendered":"http:\/\/skugg.wopsa.se\/?page_id=3075"},"modified":"2017-12-30T21:50:49","modified_gmt":"2017-12-30T21:50:49","slug":"valkomna-till-skuggor-fran-det-forflutna-engelbrektsskolans-beredskapssjukhus","status":"publish","type":"page","link":"https:\/\/xn--skuggorfrndetfrflutna-02b01b.se\/?page_id=3075","title":{"rendered":"V\u00e4lkommen till Skuggor fr\u00e5n det f\u00f6rflutna &#8211; Engelbrektsskolans beredskapssjukhus!"},"content":{"rendered":"<p style=\"text-align: justify;\">Denna portal \u00e4r fr\u00e4mst till f\u00f6r mina elever men ocks\u00e5 f\u00f6r andra intresserade.\u00a0K\u00e4llmaterial publiceras l\u00f6pande under inl\u00e4gg och placeras sedan p\u00e5 l\u00e4mpliga platser p\u00e5 hemsidan. Se\u00a0<strong>Dokumenten<\/strong>\u00a0och\u00a0<strong>\u00d6gonvittnen<\/strong>\u00a0i listen ovan.<\/p>\n<p style=\"text-align: justify;\">Elevernas rekonstruerade korta livsber\u00e4ttelser och i de flesta fall en plats som h\u00f6r till ber\u00e4ttelsen finns under\u00a0<strong>Kvinnorna och platserna<\/strong>\u00a0i listen ovan. Genom att \u00e5terber\u00e4tta levnads\u00f6den blir eleven sj\u00e4lv en del av historien. Genom ber\u00e4ttelserna st\u00e4rks elevernas f\u00f6rm\u00e5ga till empati och genom att s\u00e4tta sin historia i ett historiskt sammanhang \u00f6vas k\u00e4llkritik och historisk f\u00f6rst\u00e5else utvecklas. B\u00e5da \u00e4r begreppen \u00e4r viktiga i en demokrati. M\u00e4nskliga r\u00e4ttigheter st\u00e5r f\u00f6rst\u00e5s underf\u00f6rst\u00e5tt i centrum f\u00f6r elevernas arbete. Vad \u00e4r en m\u00e4nniska?<\/p>\n<p style=\"text-align: justify;\">Elevernas egna intervjuer med personer \u00e4ldre \u00e4n 65 finns under\u00a0<strong>Svenska minnen<\/strong>\u00a0ovan i listen. Nya intervjuer kommer att l\u00e4ggas in l\u00e4ngre ned bland inl\u00e4ggen nedan. H\u00e4r finns elevintervjuerna f\u00f6r 2015 och 2016. Scrolla ner och klicka till \u00e4ldre inl\u00e4gg.\u00a0 Fler intervjutexter om 1940-60-tal kommer v\u00e5ren 2018!<\/p>\n<p style=\"text-align: justify;\">Bilder fr\u00e5n v\u00e5ra studieresor till Polen \u00e4r egentligen ett helt annat projekt men h\u00f6r f\u00f6rst\u00e5s i hop med kvinnornas ber\u00e4ttelser. Bilder fr\u00e5n resor hittas under\u00a0<strong>Elevbilder<\/strong>\u00a0i listen ovan.<\/p>\n<p style=\"text-align: justify;\">L\u00e4rare och andra intresserade kan hitta \u00f6vningar och annan didaktik under just\u00a0<strong>Didaktik<\/strong>\u00a0i listen ovan. M\u00e5nga har lokalhistorisk karakt\u00e4r. Nazismen, kriget och \u00e4ven F\u00f6rintelsen och dess f\u00f6ljder f\u00f6r olika m\u00e4nniskor \u00a0finns runt omkring oss.<\/p>\n<p style=\"text-align: justify;\">Elevarbetet med att forts\u00e4tta ber\u00e4tta korta livsber\u00e4ttelser kommer att \u00e5terupptas<b>\u00a02018<\/b>. \u00c5rets nior \u00e4r upptagna med att f\u00f6rbereda sina studieresor till Krakow\/Auschwitz. Vi kommer \u00e4ven att n\u00e4rma oss f\u00f6r\u00f6varna, vilket lyser med sin fr\u00e5nvaro p\u00e5 sidan s\u00e5 h\u00e4r l\u00e5ngt.\u00a0 Avsnitten om k\u00e4llor och k\u00e4llkritik kommer att utvecklas.<\/p>\n<p style=\"text-align: justify;\">Kontakta mycket g\u00e4rna Lill\u00e5ns skola om du har vittnesm\u00e5l eller annat material om Engelbrektsskolans beredskapssjukhus i \u00d6rebro 1945.<\/p>\n","protected":false},"excerpt":{"rendered":"<p>Denna portal \u00e4r fr\u00e4mst till f\u00f6r mina elever men ocks\u00e5 f\u00f6r andra intresserade.\u00a0K\u00e4llmaterial publiceras l\u00f6pande under inl\u00e4gg och placeras sedan p\u00e5 l\u00e4mpliga platser p\u00e5 hemsidan. Se\u00a0Dokumenten\u00a0och\u00a0\u00d6gonvittnen\u00a0i listen ovan. Elevernas rekonstruerade korta livsber\u00e4ttelser och i de flesta fall en plats som h\u00f6r till ber\u00e4ttelsen finns under\u00a0Kvinnorna och platserna\u00a0i listen ovan. Genom att \u00e5terber\u00e4tta levnads\u00f6den blir eleven &hellip; <\/p>\n<p><a class=\"more-link btn\" href=\"https:\/\/xn--skuggorfrndetfrflutna-02b01b.se\/?page_id=3075\">Forts\u00e4tt l\u00e4sa<\/a><\/p>\n","protected":false},"author":1,"featured_media":0,"parent":0,"menu_order":0,"comment_status":"closed","ping_status":"closed","template":"","meta":{"_monsterinsights_skip_tracking":false,"_monsterinsights_sitenote_active":false,"_monsterinsights_sitenote_note":"","_monsterinsights_sitenote_category":0,"footnotes":""},"class_list":["post-3075","page","type-page","status-publish","hentry","nodate","item-wrap"],"jetpack_sharing_enabled":true,"_links":{"self":[{"href":"https:\/\/xn--skuggorfrndetfrflutna-02b01b.se\/index.php?rest_route=\/wp\/v2\/pages\/3075","targetHints":{"allow":["GET"]}}],"collection":[{"href":"https:\/\/xn--skuggorfrndetfrflutna-02b01b.se\/index.php?rest_route=\/wp\/v2\/pages"}],"about":[{"href":"https:\/\/xn--skuggorfrndetfrflutna-02b01b.se\/index.php?rest_route=\/wp\/v2\/types\/page"}],"author":[{"embeddable":true,"href":"https:\/\/xn--skuggorfrndetfrflutna-02b01b.se\/index.php?rest_route=\/wp\/v2\/users\/1"}],"replies":[{"embeddable":true,"href":"https:\/\/xn--skuggorfrndetfrflutna-02b01b.se\/index.php?rest_route=%2Fwp%2Fv2%2Fcomments&post=3075"}],"version-history":[{"count":18,"href":"https:\/\/xn--skuggorfrndetfrflutna-02b01b.se\/index.php?rest_route=\/wp\/v2\/pages\/3075\/revisions"}],"predecessor-version":[{"id":3298,"href":"https:\/\/xn--skuggorfrndetfrflutna-02b01b.se\/index.php?rest_route=\/wp\/v2\/pages\/3075\/revisions\/3298"}],"wp:attachment":[{"href":"https:\/\/xn--skuggorfrndetfrflutna-02b01b.se\/index.php?rest_route=%2Fwp%2Fv2%2Fmedia&parent=3075"}],"curies":[{"name":"wp","href":"https:\/\/api.w.org\/{rel}","templated":true}]}}