{"id":2998,"date":"2016-07-05T08:45:30","date_gmt":"2016-07-05T08:45:30","guid":{"rendered":"http:\/\/skugg.wopsa.se\/?page_id=2998"},"modified":"2016-07-05T08:54:40","modified_gmt":"2016-07-05T08:54:40","slug":"sankningen-av-ss-cap-arcona","status":"publish","type":"page","link":"https:\/\/xn--skuggorfrndetfrflutna-02b01b.se\/?page_id=2998","title":{"rendered":"S\u00e4nkningen av S\/S Cap Arcona"},"content":{"rendered":"<p style=\"text-align: justify;\">Henny L\u00f6wenberg var med st\u00f6rsta sannolikhet en av de f\u00e5ngar fr\u00e5n Stutthof som befann sig p\u00e5 S\/S Deutschland den 3 maj 1945 n\u00e4r brittiska Typoon attackplan s\u00e4nker S\/S Cap Arcona och andra fartyg i bukten utanf\u00f6r L\u00fcbeck\/Neustadt.<\/p>\n<p style=\"text-align: justify;\">S\/S Cap Arcona hade tidigare under vintern anv\u00e4nts f\u00f6r att evakuera soldater och civila fr\u00e5n \u00d6st-Preussen. Fartyget kanske evakuerade s\u00e5 m\u00e5nga som 25 795 personer. Det \u00e4r under denna operation som en sovjetisk ub\u00e5t s\u00e4nker S\/S Wilhelm Gustloff med \u00f6ver 9 400 d\u00f6da. Detta \u00e4r v\u00e4rldshistoriens st\u00f6rsta fartygskatastrof.<\/p>\n<p style=\"text-align: justify;\">I maj\u00a0samlar SS en fartygsflottilj f\u00f6r att f\u00f6rs\u00f6ka f\u00f6rflytta de f\u00e5ngar som nazisterna inte visste vad man skulle g\u00f6ra av. M\u00e5nga hade flyttats fr\u00e5n koncentrationsl\u00e4gret Neuengamme efter \u00f6verenskommelsen att de skandinaviska f\u00e5ngarna skulle samlas i just Neuengamme f\u00f6r att sedan transporteras av det svenska R\u00f6da korset till Skandinavien. Mycket \u00e4r oklart men det \u00e4r m\u00f6jligt att Hamburgs Gauleiter Karl Kaufmann ger order om att f\u00e5 f\u00e5ngarna ur v\u00e4gen f\u00f6r de framryckande brittiska styrkorna. Mycket tyder p\u00e5 att man avs\u00e5g att s\u00e4nka skeppen med f\u00e5ngarna ombord.\u00a0P\u00e5 kv\u00e4llen den 2 maj 1945 f\u00f6rdes f\u00e5ngar fr\u00e5n Stutthof och Mittelbau-Dora ut till fartygen, SS verkar ha d\u00f6dat 100-tals f\u00e5ngar\u00a0som inte fick plats p\u00e5 fartygen med kulsprutor .<\/p>\n<p style=\"text-align: justify;\">Den 3 maj anfaller brittiska flygvapnet fartygsarmadan som man tror inneh\u00e5ller flyende tyska trupper.<\/p>\n<p style=\"text-align: justify;\">Uppskattningsvis 4 650 f\u00e5ngar av 5 000 p\u00e5 S\/S Cap Arcona d\u00f6das. Cirka 350 f\u00e5ngar \u00f6verlever tillsammans med \u00a016 tyska sj\u00f6m\u00e4n, 400 SS-m\u00e4n och 20 SS-kvinnor som r\u00e4ddas av andra fartyg. \u00a0Uppskattningsvis 2 750 f\u00e5ngar p\u00e5 S\/S Thielbek d\u00f6das medan 50 \u00f6verlever. \u00a0Samtliga uppskattningsvis 2 000 f\u00e5ngar p\u00e5 S\/S Deutschland \u00f6verlever d\u00e5 de l\u00e4mnat fartyget innan det s\u00e4nks.<\/p>\n<p style=\"text-align: justify;\">De kanske 11 000 f\u00e5ngarna fr\u00e5n fartygen kom fr\u00e5n ett 20-tal l\u00e4nder; Belgien, Kanada, Tjeckoslovakien, Danmark, Holland, Estland, Frankrike, Tyskland, Grekland, Italien, Lettland, Litauen, Luxemburg, Norge, Polen. Rum\u00e4nien, Ryssland, Serbien, Spanien, Schweiz, Ukraina,\u00a0USA, Vitryssland och sannolikt fler l\u00e4nder.<\/p>\n<p>K\u00e4lla:\u00a0https:\/\/en.wikipedia.org\/wiki\/SS_Cap_Arcona_(1927)<\/p>\n<p><a href=\"http:\/\/skugg.wopsa.se\/?attachment_id=2999\" rel=\"attachment wp-att-2999\"><img loading=\"lazy\" decoding=\"async\" class=\"alignnone size-full wp-image-2999\" src=\"http:\/\/skugg.wopsa.se\/wp-content\/uploads\/2016\/07\/08203.jpg\" alt=\"08203\" width=\"800\" height=\"424\" srcset=\"https:\/\/xn--skuggorfrndetfrflutna-02b01b.se\/wp-content\/uploads\/2016\/07\/08203.jpg 800w, https:\/\/xn--skuggorfrndetfrflutna-02b01b.se\/wp-content\/uploads\/2016\/07\/08203-300x159.jpg 300w, https:\/\/xn--skuggorfrndetfrflutna-02b01b.se\/wp-content\/uploads\/2016\/07\/08203-768x407.jpg 768w\" sizes=\"auto, (max-width: 800px) 100vw, 800px\" \/><\/a><\/p>\n<p>Spaningsfotografi taget av brittiska spaningsplan kort efter anfallet den 3 maj 1945.<\/p>\n<p><!--more--><br \/>\n<img loading=\"lazy\" decoding=\"async\" class=\"alignnone size-large wp-image-3000\" src=\"http:\/\/skugg.wopsa.se\/wp-content\/uploads\/2016\/07\/Cap_Arcona_1-1-1024x585.jpg\" alt=\"Cap_Arcona_1 (1)\" width=\"1024\" height=\"585\" srcset=\"https:\/\/xn--skuggorfrndetfrflutna-02b01b.se\/wp-content\/uploads\/2016\/07\/Cap_Arcona_1-1-1024x585.jpg 1024w, https:\/\/xn--skuggorfrndetfrflutna-02b01b.se\/wp-content\/uploads\/2016\/07\/Cap_Arcona_1-1-300x171.jpg 300w, https:\/\/xn--skuggorfrndetfrflutna-02b01b.se\/wp-content\/uploads\/2016\/07\/Cap_Arcona_1-1-768x439.jpg 768w\" sizes=\"auto, (max-width: 1024px) 100vw, 1024px\" \/><\/p>\n<p>Linje\u00e5ngaren S\/S Cap Arcona 1927<\/p>\n<p><a href=\"http:\/\/skugg.wopsa.se\/?attachment_id=3001\" rel=\"attachment wp-att-3001\"><img loading=\"lazy\" decoding=\"async\" class=\"alignnone size-full wp-image-3001\" src=\"http:\/\/skugg.wopsa.se\/wp-content\/uploads\/2016\/07\/karl-kaufmann-gauleiter-hamburg.jpg\" alt=\"Karl Kaufmann\" width=\"451\" height=\"600\" srcset=\"https:\/\/xn--skuggorfrndetfrflutna-02b01b.se\/wp-content\/uploads\/2016\/07\/karl-kaufmann-gauleiter-hamburg.jpg 451w, https:\/\/xn--skuggorfrndetfrflutna-02b01b.se\/wp-content\/uploads\/2016\/07\/karl-kaufmann-gauleiter-hamburg-226x300.jpg 226w\" sizes=\"auto, (max-width: 451px) 100vw, 451px\" \/><\/a><\/p>\n<p>Gaulaiter Karl Kaufmann som sannolikt ger order om att om att f\u00f6ra ut f\u00e5ngarna till fartygen och sedan s\u00e4nka dessa. Karl Kaufmann d\u00f6mdes efter kriget men satt bara av korta f\u00e4ngelsestraff innan han frigavs helt 1953.<\/p>\n","protected":false},"excerpt":{"rendered":"<p>Henny L\u00f6wenberg var med st\u00f6rsta sannolikhet en av de f\u00e5ngar fr\u00e5n Stutthof som befann sig p\u00e5 S\/S Deutschland den 3 maj 1945 n\u00e4r brittiska Typoon attackplan s\u00e4nker S\/S Cap Arcona och andra fartyg i bukten utanf\u00f6r L\u00fcbeck\/Neustadt. S\/S Cap Arcona hade tidigare under vintern anv\u00e4nts f\u00f6r att evakuera soldater och civila fr\u00e5n \u00d6st-Preussen. Fartyget kanske &hellip; <\/p>\n<p><a class=\"more-link btn\" href=\"https:\/\/xn--skuggorfrndetfrflutna-02b01b.se\/?page_id=2998\">Forts\u00e4tt l\u00e4sa<\/a><\/p>\n","protected":false},"author":1,"featured_media":0,"parent":0,"menu_order":0,"comment_status":"closed","ping_status":"closed","template":"","meta":{"_monsterinsights_skip_tracking":false,"_monsterinsights_sitenote_active":false,"_monsterinsights_sitenote_note":"","_monsterinsights_sitenote_category":0,"footnotes":""},"class_list":["post-2998","page","type-page","status-publish","hentry","nodate","item-wrap"],"jetpack_sharing_enabled":true,"_links":{"self":[{"href":"https:\/\/xn--skuggorfrndetfrflutna-02b01b.se\/index.php?rest_route=\/wp\/v2\/pages\/2998","targetHints":{"allow":["GET"]}}],"collection":[{"href":"https:\/\/xn--skuggorfrndetfrflutna-02b01b.se\/index.php?rest_route=\/wp\/v2\/pages"}],"about":[{"href":"https:\/\/xn--skuggorfrndetfrflutna-02b01b.se\/index.php?rest_route=\/wp\/v2\/types\/page"}],"author":[{"embeddable":true,"href":"https:\/\/xn--skuggorfrndetfrflutna-02b01b.se\/index.php?rest_route=\/wp\/v2\/users\/1"}],"replies":[{"embeddable":true,"href":"https:\/\/xn--skuggorfrndetfrflutna-02b01b.se\/index.php?rest_route=%2Fwp%2Fv2%2Fcomments&post=2998"}],"version-history":[{"count":4,"href":"https:\/\/xn--skuggorfrndetfrflutna-02b01b.se\/index.php?rest_route=\/wp\/v2\/pages\/2998\/revisions"}],"predecessor-version":[{"id":3014,"href":"https:\/\/xn--skuggorfrndetfrflutna-02b01b.se\/index.php?rest_route=\/wp\/v2\/pages\/2998\/revisions\/3014"}],"wp:attachment":[{"href":"https:\/\/xn--skuggorfrndetfrflutna-02b01b.se\/index.php?rest_route=%2Fwp%2Fv2%2Fmedia&parent=2998"}],"curies":[{"name":"wp","href":"https:\/\/api.w.org\/{rel}","templated":true}]}}