{"id":2906,"date":"2016-07-02T15:26:27","date_gmt":"2016-07-02T15:26:27","guid":{"rendered":"http:\/\/skugg.wopsa.se\/?page_id=2906"},"modified":"2016-07-02T15:26:27","modified_gmt":"2016-07-02T15:26:27","slug":"bergen-belsen-10","status":"publish","type":"page","link":"https:\/\/xn--skuggorfrndetfrflutna-02b01b.se\/?page_id=2906","title":{"rendered":"Bergen-Belsen"},"content":{"rendered":"<p style=\"text-align: justify;\">Koncentrationsl\u00e4gret Bergen Belsen var bel\u00e4get i delstaten Niedersachsen i norra Tyskland. L\u00e4gret var i funktion mellan 1940-1945. Fr\u00e5n b\u00f6rjan var l\u00e4gret enbart f\u00f6r krigsf\u00e5ngar och majoriteten var sovjetiska f\u00e5ngar. Senare blev koncentrationsl\u00e4gret f\u00f6r bland annat judar, homosexuella och romer.<\/p>\n<p style=\"text-align: justify;\">Bergen Belsen var uppdelat i fem l\u00e4gersektioner:<br \/>\n\u2022 Ett f\u00e5ngl\u00e4ger f\u00f6r ca. 500 judiska f\u00e5ngar, som kom fr\u00e5n Buchenwald och Natzweiler f\u00f6r att bygga upp Bergen-Belsen. Men n\u00e4r de var klara i b\u00f6rjan av 1944 st\u00e4ngde den delen och de som \u00f6verlevt flyttades till Sachsenhausen.<br \/>\n\u2022 Ett speciall\u00e4ger som startades i juni 1943, f\u00f6r runt 2 400 polska judar. De hade f\u00e5tt tillst\u00e5nd och skulle resa vidare till olika l\u00e4nder i Sydamerika, men i slutet av 1943 och i b\u00f6rjan av 1944 flyttades de flesta av dem till gaskamrarna i Auschwitz-Birkenau.<br \/>\n\u2022 I juli 1944 b\u00f6rjade det anv\u00e4ndas en l\u00e4gerdel f\u00f6r judar med medborgarskap i neutrala l\u00e4nder. Dit f\u00f6rdes ungef\u00e4r 350 judar som var medborgare i bland annat Spanien, Portugal, Turkiet och Argentina och de hade det lite b\u00e4ttre st\u00e4llt \u00e4n de andra f\u00e5ngarna.<br \/>\n\u2022 Den fj\u00e4rde l\u00e4gerdelen hette Stj\u00e4rnl\u00e4gret och var det st\u00f6rsta. \u00c4ven de hade det lite b\u00e4ttre st\u00e4llt och de slapp till exempel att ha p\u00e5 sig f\u00e5ngkl\u00e4der, men de var fortfarande tvungna att b\u00e4ra judestj\u00e4rnan och d\u00e4rav namnet. I juli 1944 fanns d\u00e4r omkring 4 000 judar, som skulle anv\u00e4ndas som ut v\u00e4xlingsobjekt mot tyska medborgare. De flesta kom fr\u00e5n Holland, men det var ocks\u00e5 mindre grupper fr\u00e5n bland annat Frankrike, Jugoslavien och Albanien.<br \/>\n<span id=\"more-2568\"><\/span>\u2022 I juli 1944 inr\u00e4ttades en l\u00e4gersektion f\u00f6r judar fr\u00e5n Ungern. 1 684 judar f\u00f6rdes dit och de hade tillst\u00e5nd att resa till Schweiz. Under h\u00f6sten 1944 transporterades dessa judar vidare till Schweiz.<br \/>\nApril 1943 tog SS m\u00e4n \u00f6ver l\u00e4gret och n\u00e4r tyskarna evakuerade andra l\u00e4ger p\u00e5 \u00d6stfronten i slutet av 1994 och b\u00f6rjan av 1945 blev Bergen Belsen ett samlingsl\u00e4ger f\u00f6r f\u00e5ngar som skickades p\u00e5 d\u00f6dsmarscher fr\u00e5n till exempel Auschwitz och Ravenbr\u00fcck. L\u00e4gret blev snabbt kraftigt \u00f6verbefolkat. Mat och vatten blev en bristvara samt att en epidemi av fl\u00e4cktyfus br\u00f6t ut i l\u00e4gret. P\u00e5 grund av att det var m\u00e5nga som dog hade man ingen plats f\u00f6r att br\u00e4nna eller gr\u00e4va ner liken, ist\u00e4llet staplades liken i h\u00f6gar runt om i l\u00e4gret.<\/p>\n<p style=\"text-align: justify;\">Den 15 april 1945 befriades Bergen Belsen av brittiska styrkor. Efter befrielsen j\u00e4mnades l\u00e4gret med marken och vid den ursprungliga platsen restes ett minnesmonument.<\/p>\n<p style=\"text-align: justify;\">K\u00e4llor: https:\/\/en.m.wikipedia.org\/wiki\/Bergen-Belsen_concentration_camp<br \/>\nhttp:\/\/www.levandehistoria.se\/fakta-om-forintelsen\/forintelsen\/koncentrationslager\/bergen-belsen<\/p>\n<p style=\"text-align: justify;\">Elvira 9A vt 2016<\/p>\n","protected":false},"excerpt":{"rendered":"<p>Koncentrationsl\u00e4gret Bergen Belsen var bel\u00e4get i delstaten Niedersachsen i norra Tyskland. L\u00e4gret var i funktion mellan 1940-1945. Fr\u00e5n b\u00f6rjan var l\u00e4gret enbart f\u00f6r krigsf\u00e5ngar och majoriteten var sovjetiska f\u00e5ngar. Senare blev koncentrationsl\u00e4gret f\u00f6r bland annat judar, homosexuella och romer. Bergen Belsen var uppdelat i fem l\u00e4gersektioner: \u2022 Ett f\u00e5ngl\u00e4ger f\u00f6r ca. 500 judiska f\u00e5ngar, som &hellip; <\/p>\n<p><a class=\"more-link btn\" href=\"https:\/\/xn--skuggorfrndetfrflutna-02b01b.se\/?page_id=2906\">Forts\u00e4tt l\u00e4sa<\/a><\/p>\n","protected":false},"author":1,"featured_media":0,"parent":0,"menu_order":0,"comment_status":"closed","ping_status":"closed","template":"","meta":{"_monsterinsights_skip_tracking":false,"_monsterinsights_sitenote_active":false,"_monsterinsights_sitenote_note":"","_monsterinsights_sitenote_category":0,"footnotes":""},"class_list":["post-2906","page","type-page","status-publish","hentry","nodate","item-wrap"],"jetpack_sharing_enabled":true,"_links":{"self":[{"href":"https:\/\/xn--skuggorfrndetfrflutna-02b01b.se\/index.php?rest_route=\/wp\/v2\/pages\/2906","targetHints":{"allow":["GET"]}}],"collection":[{"href":"https:\/\/xn--skuggorfrndetfrflutna-02b01b.se\/index.php?rest_route=\/wp\/v2\/pages"}],"about":[{"href":"https:\/\/xn--skuggorfrndetfrflutna-02b01b.se\/index.php?rest_route=\/wp\/v2\/types\/page"}],"author":[{"embeddable":true,"href":"https:\/\/xn--skuggorfrndetfrflutna-02b01b.se\/index.php?rest_route=\/wp\/v2\/users\/1"}],"replies":[{"embeddable":true,"href":"https:\/\/xn--skuggorfrndetfrflutna-02b01b.se\/index.php?rest_route=%2Fwp%2Fv2%2Fcomments&post=2906"}],"version-history":[{"count":1,"href":"https:\/\/xn--skuggorfrndetfrflutna-02b01b.se\/index.php?rest_route=\/wp\/v2\/pages\/2906\/revisions"}],"predecessor-version":[{"id":2908,"href":"https:\/\/xn--skuggorfrndetfrflutna-02b01b.se\/index.php?rest_route=\/wp\/v2\/pages\/2906\/revisions\/2908"}],"wp:attachment":[{"href":"https:\/\/xn--skuggorfrndetfrflutna-02b01b.se\/index.php?rest_route=%2Fwp%2Fv2%2Fmedia&parent=2906"}],"curies":[{"name":"wp","href":"https:\/\/api.w.org\/{rel}","templated":true}]}}