{"id":2892,"date":"2016-07-02T13:54:00","date_gmt":"2016-07-02T13:54:00","guid":{"rendered":"http:\/\/skugg.wopsa.se\/?page_id=2892"},"modified":"2016-07-02T13:54:00","modified_gmt":"2016-07-02T13:54:00","slug":"dachau-2","status":"publish","type":"page","link":"https:\/\/xn--skuggorfrndetfrflutna-02b01b.se\/?page_id=2892","title":{"rendered":"Dachau"},"content":{"rendered":"<p style=\"text-align: justify;\">Dachau var det f\u00f6rsta nazityska koncentrationsl\u00e4gret och byggdes p\u00e5 platsen av en nedlagd ammunitionsfabrik n\u00e4ra M\u00fcnchen. L\u00e4gret var byggt f\u00f6r 5000 f\u00e5ngar och offentliggjordes av Heinrich Himmler den tjugonde mars 1933, samma \u00e5r som nazisterna kom till makten. De f\u00f6rsta f\u00e5ngarna kom till l\u00e4gret den tjugoandra mars och dem f\u00e5ngarna var kommuister, socialdemokrater och homosexuella. Bayersk polis bevakade f\u00e5ngarna f\u00f6rst, men sen tog SS \u00f6ver. Den f\u00f6rste l\u00e4gerkommendanten var Theodor Eicke. Syftet med den institutionen han utvecklade var att sprida skr\u00e4ck och p\u00e5 s\u00e5 s\u00e4tt tysta all opposition mot naziregimen. Eicke blev senare inspekt\u00f6r f\u00f6r alla koncentrationsl\u00e4ger och inf\u00f6rde samma reglemente som i Dachau.<\/p>\n<p style=\"text-align: justify;\">Dachau var fr\u00e4mst ett l\u00e4ger f\u00f6r politiska f\u00e5ngar. De f\u00f6rsta judarna som kom dit var motst\u00e5ndare till naziregimen. Senare kom det \u00e4ven m\u00e5nga romer till Dachau. Efter Kristallnatten 1938 f\u00e4ngslades 10 000 tyska judar i Dachau. H\u00f6sten mellan 1937 och 1941 frigavs judar som kunde bevisa att de t\u00e4nkte l\u00e4mna Tyskland och aldrig \u00e5terv\u00e4nda. N\u00e4r f\u00f6rintelsen b\u00f6rjade deporterades judarna fr\u00e5n Dachau och andra l\u00e4ger i Tyskland till f\u00f6rintelsel\u00e4gren i Polen.<\/p>\n<p style=\"text-align: justify;\"><span id=\"more-2586\"><\/span>I Dachau utf\u00f6rdes medicinska experiment p\u00e5 beg\u00e4ran av arme\u2019n och flygvapnet. Romer och Sinti anv\u00e4ndes i f\u00f6rs\u00f6k att \u00e5teruppliva nedfrusna personer.\u00a0Dachau hade gaskammare men dessa anv\u00e4ndes inte f\u00f6r att d\u00f6da m\u00e4nniskor utan anv\u00e4ndes huvudsakligen f\u00f6r att desinficera kl\u00e4der och madrasser i l\u00e4gret.\u00a0Dachau var verksamt i 12 \u00e5r, hade totalt 200 000 f\u00e5ngar under den tiden och 30 000 d\u00f6dsfall dokumenterades d\u00e4r. Den tjugonionde april 1945 befriades Dachau av amerikanska trupper. Efter befrielsen fungerade Dachau l\u00e4nge som bostad f\u00f6r flyktingar.<\/p>\n<p style=\"text-align: justify;\">K\u00e4llor:<\/p>\n<p style=\"text-align: justify;\">http:\/\/www.levandehistoria.se\/fakta-om-forintelsen\/forintelsen\/koncentrationslager\/dachau-nazisternas-forsta-koncentrationslager<br \/>\nhttps:\/\/sv.wikipedia.org\/wiki\/Dachau_(koncentrationsl%C3%A4ger)<\/p>\n<p style=\"text-align: justify;\">Maja Johansson 9A, vt 16<\/p>\n","protected":false},"excerpt":{"rendered":"<p>Dachau var det f\u00f6rsta nazityska koncentrationsl\u00e4gret och byggdes p\u00e5 platsen av en nedlagd ammunitionsfabrik n\u00e4ra M\u00fcnchen. L\u00e4gret var byggt f\u00f6r 5000 f\u00e5ngar och offentliggjordes av Heinrich Himmler den tjugonde mars 1933, samma \u00e5r som nazisterna kom till makten. De f\u00f6rsta f\u00e5ngarna kom till l\u00e4gret den tjugoandra mars och dem f\u00e5ngarna var kommuister, socialdemokrater och homosexuella. &hellip; <\/p>\n<p><a class=\"more-link btn\" href=\"https:\/\/xn--skuggorfrndetfrflutna-02b01b.se\/?page_id=2892\">Forts\u00e4tt l\u00e4sa<\/a><\/p>\n","protected":false},"author":1,"featured_media":0,"parent":0,"menu_order":0,"comment_status":"closed","ping_status":"closed","template":"","meta":{"_monsterinsights_skip_tracking":false,"_monsterinsights_sitenote_active":false,"_monsterinsights_sitenote_note":"","_monsterinsights_sitenote_category":0,"footnotes":""},"class_list":["post-2892","page","type-page","status-publish","hentry","nodate","item-wrap"],"jetpack_sharing_enabled":true,"_links":{"self":[{"href":"https:\/\/xn--skuggorfrndetfrflutna-02b01b.se\/index.php?rest_route=\/wp\/v2\/pages\/2892","targetHints":{"allow":["GET"]}}],"collection":[{"href":"https:\/\/xn--skuggorfrndetfrflutna-02b01b.se\/index.php?rest_route=\/wp\/v2\/pages"}],"about":[{"href":"https:\/\/xn--skuggorfrndetfrflutna-02b01b.se\/index.php?rest_route=\/wp\/v2\/types\/page"}],"author":[{"embeddable":true,"href":"https:\/\/xn--skuggorfrndetfrflutna-02b01b.se\/index.php?rest_route=\/wp\/v2\/users\/1"}],"replies":[{"embeddable":true,"href":"https:\/\/xn--skuggorfrndetfrflutna-02b01b.se\/index.php?rest_route=%2Fwp%2Fv2%2Fcomments&post=2892"}],"version-history":[{"count":1,"href":"https:\/\/xn--skuggorfrndetfrflutna-02b01b.se\/index.php?rest_route=\/wp\/v2\/pages\/2892\/revisions"}],"predecessor-version":[{"id":2894,"href":"https:\/\/xn--skuggorfrndetfrflutna-02b01b.se\/index.php?rest_route=\/wp\/v2\/pages\/2892\/revisions\/2894"}],"wp:attachment":[{"href":"https:\/\/xn--skuggorfrndetfrflutna-02b01b.se\/index.php?rest_route=%2Fwp%2Fv2%2Fmedia&parent=2892"}],"curies":[{"name":"wp","href":"https:\/\/api.w.org\/{rel}","templated":true}]}}