{"id":2886,"date":"2016-07-02T13:50:21","date_gmt":"2016-07-02T13:50:21","guid":{"rendered":"http:\/\/skugg.wopsa.se\/?page_id=2886"},"modified":"2016-07-02T13:50:21","modified_gmt":"2016-07-02T13:50:21","slug":"ilona-b","status":"publish","type":"page","link":"https:\/\/xn--skuggorfrndetfrflutna-02b01b.se\/?page_id=2886","title":{"rendered":"Ilona B"},"content":{"rendered":"<p style=\"text-align: justify;\">Ilona B f\u00f6ddes den 23\/7 \u00e5r 1913 i Oradea-Mare i Rum\u00e4nien. Hennes f\u00f6r\u00e4ldrar hette Hersko Sch\u00fcltsberger Ida Bermann, Ida gifte sig med Hersko och hette efter det Ida Sch\u00fcltsberger. Illona gick 4 klasser i folkskola och stannade hemma upp till 19 \u00e5rs \u00e5lder. Sedan jobbade hon 4 och ett halvt \u00e5r i en kamfabrik i hemorten. Illona gifte sig med Martin Berger och fick en som som hette Mireca den 10\/6 \u00e5r 1938.<\/p>\n<p style=\"text-align: justify;\">P\u00e5 grund av sin judiska b\u00f6rd blev hon skickad till Auschwitz och Bergen-Belzen i april \u00e5r 1944. D\u00e4r stannade hon till att hon blev befriad att britterna den 15\/4-1945. Ilona fick stanna i en kontrollerad brittisk f\u00f6rl\u00e4ggning till b\u00f6rjar av juli 1945. Hon fick efter det f\u00f6lja med R\u00f6da korset och anl\u00e4nde i Malm\u00f6 den 5\/7-1945. Ilona h\u00f6rde aldrig n\u00e5got mer av sin man eller sin son.<\/p>\n<p style=\"text-align: justify;\">Efter att hon fick stanna i en karant\u00e4nf\u00f6rl\u00e4ggning i Malm\u00f6 fick hon \u00e5ka till en f\u00f6rl\u00e4ggning i Engelbrektsskolan i \u00d6rebro. N\u00e4r Ilona kom till Sverige v\u00e4gde hon 47 kg och n\u00e4r hon friskf\u00f6rklarades den 26 november 1945 v\u00e4gde hon 62 kg.\u00a0Hon flyttade till en bostad p\u00e5 Hertig Karls All\u00e9 tillsammans med Klara Weiss. Hon betalade 50 kr i m\u00e5naden. Ilona jobbade som fabriksarbeterska vid Bleckembalage-fabriken i \u00d6rebro fr\u00e5n den 1\/12-1945, d\u00e4r tj\u00e4nade hon 50-60 kr i veckan.\u00a0Hennes framtidsplaner var att stanna i Sverige fram till att hon kunde \u00e5terv\u00e4nda till sitt hemland men den 25 september 1946 \u00e5kte hon till Tjeckoslovakien.<\/p>\n<p style=\"text-align: justify;\">K\u00e4lla: Dossier statens utl\u00e4nningskommission, riksarkivet<\/p>\n<p style=\"text-align: justify;\">Felicia 9A<br \/>\nVt 2016<\/p>\n","protected":false},"excerpt":{"rendered":"<p>Ilona B f\u00f6ddes den 23\/7 \u00e5r 1913 i Oradea-Mare i Rum\u00e4nien. Hennes f\u00f6r\u00e4ldrar hette Hersko Sch\u00fcltsberger Ida Bermann, Ida gifte sig med Hersko och hette efter det Ida Sch\u00fcltsberger. Illona gick 4 klasser i folkskola och stannade hemma upp till 19 \u00e5rs \u00e5lder. Sedan jobbade hon 4 och ett halvt \u00e5r i en kamfabrik i &hellip; <\/p>\n<p><a class=\"more-link btn\" href=\"https:\/\/xn--skuggorfrndetfrflutna-02b01b.se\/?page_id=2886\">Forts\u00e4tt l\u00e4sa<\/a><\/p>\n","protected":false},"author":1,"featured_media":0,"parent":0,"menu_order":0,"comment_status":"closed","ping_status":"closed","template":"","meta":{"_monsterinsights_skip_tracking":false,"_monsterinsights_sitenote_active":false,"_monsterinsights_sitenote_note":"","_monsterinsights_sitenote_category":0,"footnotes":""},"class_list":["post-2886","page","type-page","status-publish","hentry","nodate","item-wrap"],"jetpack_sharing_enabled":true,"_links":{"self":[{"href":"https:\/\/xn--skuggorfrndetfrflutna-02b01b.se\/index.php?rest_route=\/wp\/v2\/pages\/2886","targetHints":{"allow":["GET"]}}],"collection":[{"href":"https:\/\/xn--skuggorfrndetfrflutna-02b01b.se\/index.php?rest_route=\/wp\/v2\/pages"}],"about":[{"href":"https:\/\/xn--skuggorfrndetfrflutna-02b01b.se\/index.php?rest_route=\/wp\/v2\/types\/page"}],"author":[{"embeddable":true,"href":"https:\/\/xn--skuggorfrndetfrflutna-02b01b.se\/index.php?rest_route=\/wp\/v2\/users\/1"}],"replies":[{"embeddable":true,"href":"https:\/\/xn--skuggorfrndetfrflutna-02b01b.se\/index.php?rest_route=%2Fwp%2Fv2%2Fcomments&post=2886"}],"version-history":[{"count":1,"href":"https:\/\/xn--skuggorfrndetfrflutna-02b01b.se\/index.php?rest_route=\/wp\/v2\/pages\/2886\/revisions"}],"predecessor-version":[{"id":2888,"href":"https:\/\/xn--skuggorfrndetfrflutna-02b01b.se\/index.php?rest_route=\/wp\/v2\/pages\/2886\/revisions\/2888"}],"wp:attachment":[{"href":"https:\/\/xn--skuggorfrndetfrflutna-02b01b.se\/index.php?rest_route=%2Fwp%2Fv2%2Fmedia&parent=2886"}],"curies":[{"name":"wp","href":"https:\/\/api.w.org\/{rel}","templated":true}]}}