{"id":2858,"date":"2016-07-02T13:30:06","date_gmt":"2016-07-02T13:30:06","guid":{"rendered":"http:\/\/skugg.wopsa.se\/?page_id=2858"},"modified":"2016-07-02T13:30:06","modified_gmt":"2016-07-02T13:30:06","slug":"auschwitz-6","status":"publish","type":"page","link":"https:\/\/xn--skuggorfrndetfrflutna-02b01b.se\/?page_id=2858","title":{"rendered":"Auschwitz"},"content":{"rendered":"<p style=\"text-align: justify;\">Auschwitz var det st\u00f6rsta och mest brutala nazityska l\u00e4gret. Det l\u00e5g bel\u00e4get 6 mil om den polska staden Krakow. Det var ett kombinerat koncentration och f\u00f6rintelsel\u00e4ger. L\u00e4gret bestod av tre huvudl\u00e4ger: Auschwitz I som var koncentrations och l\u00e4grets administrativa centrum. Auschwitz II-Birkenau var koncentration och f\u00f6rintelsel\u00e4ger. Auschwitz III-Monowitz var ett arbetsl\u00e4ger. L\u00e4gret var verksamt mellan 1940-1945.<\/p>\n<p style=\"text-align: justify;\">Till Auschwitz deporterades ungef\u00e4r 1,3 miljoner m\u00e4nniskor, varav 1,1 miljoner av dem var judar. Andra personer som blev m\u00f6rdade var till exempel polacker, romer och sovjetiska krigsf\u00e5ngar. De flesta blev m\u00f6rdade i en gaskammare.<\/p>\n<p style=\"text-align: justify;\">Mellan \u00e5ren 1940-1942 var Auschwitz framf\u00f6rallt ett koncentrations och f\u00f6rintelsel\u00e4ger, men efter \u00e5r 1942 blev Auschwitz mer ett f\u00f6rintelsel\u00e4ger och var centrum f\u00f6r utrotningen av Europas judar. 1943 blev det \u00e4ven uppdelat i tre delar. 1942 blev 200 000 judar deporterade dit, ett \u00e5r senare cirka 270 000 och 1944 \u00f6ver 600 000! Det var v\u00e4ldigt m\u00e5nga judar som kom fraktade med t\u00e5g till Auschwitz. N\u00e4r judarna kom fram fick de genomg\u00e5 en selektion d\u00e4r en SS-man stod och skrek om de skulle g\u00e5 till h\u00f6ger eller v\u00e4nster. D\u00e4r blev de som var starka och kunde arbeta utvalda f\u00f6r att bli slavar. De som inte ans\u00e5gs arbetsf\u00f6ra blev skickade till gaskamrarna f\u00f6r avr\u00e4ttning. Mer \u00e4n 80% blev direkt inskickade i gaskammare. De som var valda att bli slavarbetare fick sitt h\u00e5r avrakat, fick speciella f\u00e5ngkl\u00e4der och f\u00e5ngnummer intatuerade p\u00e5 underarmen.<\/p>\n<p style=\"text-align: justify;\"><span id=\"more-2642\"><\/span>D\u00e5 och d\u00e5 gjordes \u00e4ven selektioner av de som tidigare blivit utvalda att bli arbetare. D\u00e5 blev de svagaste och sjukaste som jobbade s\u00e4mst skickade till gaskammare f\u00f6r att bli m\u00f6rdade. Om en arbetare blev sjuk blev den inlagt p\u00e5 l\u00e4grets sjukhus. P\u00e5 sjukhuset hade man tv\u00e5 veckor p\u00e5 sig att bli frisk annars blev man m\u00f6rdad. I l\u00e4gret h\u00e4nde det \u00e4ven att l\u00e4karna utf\u00f6rde fruktansv\u00e4rda experiment p\u00e5 judarna. \u00a0Det kunde till exempel vara att de fick olika smitto\u00e4mnen och gifter injicerade i kroppen.<\/p>\n<p style=\"text-align: justify;\">K\u00e4lla: Levandehistoria.se, Wikipedia<\/p>\n<p style=\"text-align: justify;\">Victor 9a vt 2016<\/p>\n","protected":false},"excerpt":{"rendered":"<p>Auschwitz var det st\u00f6rsta och mest brutala nazityska l\u00e4gret. Det l\u00e5g bel\u00e4get 6 mil om den polska staden Krakow. Det var ett kombinerat koncentration och f\u00f6rintelsel\u00e4ger. L\u00e4gret bestod av tre huvudl\u00e4ger: Auschwitz I som var koncentrations och l\u00e4grets administrativa centrum. Auschwitz II-Birkenau var koncentration och f\u00f6rintelsel\u00e4ger. Auschwitz III-Monowitz var ett arbetsl\u00e4ger. L\u00e4gret var verksamt mellan &hellip; <\/p>\n<p><a class=\"more-link btn\" href=\"https:\/\/xn--skuggorfrndetfrflutna-02b01b.se\/?page_id=2858\">Forts\u00e4tt l\u00e4sa<\/a><\/p>\n","protected":false},"author":1,"featured_media":0,"parent":0,"menu_order":0,"comment_status":"closed","ping_status":"closed","template":"","meta":{"_monsterinsights_skip_tracking":false,"_monsterinsights_sitenote_active":false,"_monsterinsights_sitenote_note":"","_monsterinsights_sitenote_category":0,"footnotes":""},"class_list":["post-2858","page","type-page","status-publish","hentry","nodate","item-wrap"],"jetpack_sharing_enabled":true,"_links":{"self":[{"href":"https:\/\/xn--skuggorfrndetfrflutna-02b01b.se\/index.php?rest_route=\/wp\/v2\/pages\/2858","targetHints":{"allow":["GET"]}}],"collection":[{"href":"https:\/\/xn--skuggorfrndetfrflutna-02b01b.se\/index.php?rest_route=\/wp\/v2\/pages"}],"about":[{"href":"https:\/\/xn--skuggorfrndetfrflutna-02b01b.se\/index.php?rest_route=\/wp\/v2\/types\/page"}],"author":[{"embeddable":true,"href":"https:\/\/xn--skuggorfrndetfrflutna-02b01b.se\/index.php?rest_route=\/wp\/v2\/users\/1"}],"replies":[{"embeddable":true,"href":"https:\/\/xn--skuggorfrndetfrflutna-02b01b.se\/index.php?rest_route=%2Fwp%2Fv2%2Fcomments&post=2858"}],"version-history":[{"count":1,"href":"https:\/\/xn--skuggorfrndetfrflutna-02b01b.se\/index.php?rest_route=\/wp\/v2\/pages\/2858\/revisions"}],"predecessor-version":[{"id":2860,"href":"https:\/\/xn--skuggorfrndetfrflutna-02b01b.se\/index.php?rest_route=\/wp\/v2\/pages\/2858\/revisions\/2860"}],"wp:attachment":[{"href":"https:\/\/xn--skuggorfrndetfrflutna-02b01b.se\/index.php?rest_route=%2Fwp%2Fv2%2Fmedia&parent=2858"}],"curies":[{"name":"wp","href":"https:\/\/api.w.org\/{rel}","templated":true}]}}