{"id":2843,"date":"2016-07-02T11:16:54","date_gmt":"2016-07-02T11:16:54","guid":{"rendered":"http:\/\/skugg.wopsa.se\/?page_id=2843"},"modified":"2016-07-02T11:16:54","modified_gmt":"2016-07-02T11:16:54","slug":"gross-rosen-4","status":"publish","type":"page","link":"https:\/\/xn--skuggorfrndetfrflutna-02b01b.se\/?page_id=2843","title":{"rendered":"Gross-Rosen"},"content":{"rendered":"<p style=\"text-align: justify;\">Koncentrationsl\u00e4gret Gross-Rosen var bel\u00e4get n\u00e4ra gr\u00e4nsen till det ockuperade Polen. Gross-Rosen var \u00e5r 1940 ett satellitl\u00e4ger till koncentrationsl\u00e4gret Sachsenhausen och Gross-Rosen blev senare, \u00e5r 1941, ett huvudl\u00e4ger. N\u00e4r l\u00e4gret hade som h\u00f6gst aktivitet s\u00e5 stod Gross-Rosen, med satellitl\u00e4ger, f\u00f6r 11% av den totala m\u00e4ngden f\u00e5ngar i koncentrationsl\u00e4ger i Nazityskland \u00e5r 1944. L\u00e4gret hade tillslut strax \u00f6ver 100 satellitl\u00e4ger. Man uppskattar att totalt 120 000 m\u00e4nniskor passerade genom Gross-Rosen, varav 40 000 blev m\u00f6rdade.<\/p>\n<p style=\"text-align: justify;\">L\u00e4gret byggdes vid ett granitstenbrott d\u00e4r f\u00e5ngarna arbetade. De judiska f\u00e5ngarna i stenbrotten fick, till skillnad ifr\u00e5n dem andra f\u00e5ngarna, ingen som helst medicinsk hj\u00e4lp eller n\u00e5gra raster. I augusti 1942 \u00e4ndrade man sin policy och f\u00e5ngarnas f\u00f6rv\u00e4ntade livsl\u00e4ngd \u00f6kade. Detta var f\u00f6r att man ville ha f\u00e5ngarna i krigsindustrier. De f\u00f6retag som tj\u00e4nade p\u00e5 slavarbetet var bland annat dem tyska elektroniktillvekarna Blaupunkt och Siemens. \u00c4ven \u00a0Deutsche Emaillewarenfabrik, som l\u00e5g i ett satellitl\u00e4ger i staden Br\u00fcnnlitz. \u00c4ven om den fabriken inte tj\u00e4nade s\u00e5 mycket. Tidigare s\u00e5 hade l\u00e4gret varit k\u00e4nt f\u00f6r sin brutala behandling mot dem s\u00e5 kallade \u201cNacht un Nebel\u201d f\u00e5ngarna (motst\u00e5ndsm\u00e4n).<\/p>\n<p style=\"text-align: justify;\"><span id=\"more-2670\"><\/span>L\u00e4gret har haft totalt tre kommendanter mellan maj 1941 och fram tills evakueringen 1945. Den f\u00f6rsta kommendanten var Arthur R\u00f6dl som avskedades i september 1942 p\u00e5 grund av korruption och brutalitet. I slutet p\u00e5 kriget s\u00e5 tog Gross-Rosen emot tusentals f\u00e5ngar ifr\u00e5n Auschwitz. L\u00e4gret b\u00f6rjade sj\u00e4lv strax att evakuera f\u00e5ngar, exempelvis till Bergen-Belsen, genom bland annat d\u00f6dsmarscher. L\u00e4gret intogs av Sovjet den 13 februari 1945.<\/p>\n<p style=\"text-align: justify;\"><strong>K\u00e4llor:<\/strong><\/p>\n<p style=\"text-align: justify;\">www.wikipedia (Engelsk och Svensk) S\u00f6kord: Gross-Rosen<\/p>\n<p style=\"text-align: justify;\">www.levandehistoria.se<\/p>\n<p style=\"text-align: justify;\">Kristoffer Wizell 9A, vt 2016<\/p>\n","protected":false},"excerpt":{"rendered":"<p>Koncentrationsl\u00e4gret Gross-Rosen var bel\u00e4get n\u00e4ra gr\u00e4nsen till det ockuperade Polen. Gross-Rosen var \u00e5r 1940 ett satellitl\u00e4ger till koncentrationsl\u00e4gret Sachsenhausen och Gross-Rosen blev senare, \u00e5r 1941, ett huvudl\u00e4ger. N\u00e4r l\u00e4gret hade som h\u00f6gst aktivitet s\u00e5 stod Gross-Rosen, med satellitl\u00e4ger, f\u00f6r 11% av den totala m\u00e4ngden f\u00e5ngar i koncentrationsl\u00e4ger i Nazityskland \u00e5r 1944. L\u00e4gret hade tillslut strax &hellip; <\/p>\n<p><a class=\"more-link btn\" href=\"https:\/\/xn--skuggorfrndetfrflutna-02b01b.se\/?page_id=2843\">Forts\u00e4tt l\u00e4sa<\/a><\/p>\n","protected":false},"author":1,"featured_media":0,"parent":0,"menu_order":0,"comment_status":"closed","ping_status":"closed","template":"","meta":{"_monsterinsights_skip_tracking":false,"_monsterinsights_sitenote_active":false,"_monsterinsights_sitenote_note":"","_monsterinsights_sitenote_category":0,"footnotes":""},"class_list":["post-2843","page","type-page","status-publish","hentry","nodate","item-wrap"],"jetpack_sharing_enabled":true,"_links":{"self":[{"href":"https:\/\/xn--skuggorfrndetfrflutna-02b01b.se\/index.php?rest_route=\/wp\/v2\/pages\/2843","targetHints":{"allow":["GET"]}}],"collection":[{"href":"https:\/\/xn--skuggorfrndetfrflutna-02b01b.se\/index.php?rest_route=\/wp\/v2\/pages"}],"about":[{"href":"https:\/\/xn--skuggorfrndetfrflutna-02b01b.se\/index.php?rest_route=\/wp\/v2\/types\/page"}],"author":[{"embeddable":true,"href":"https:\/\/xn--skuggorfrndetfrflutna-02b01b.se\/index.php?rest_route=\/wp\/v2\/users\/1"}],"replies":[{"embeddable":true,"href":"https:\/\/xn--skuggorfrndetfrflutna-02b01b.se\/index.php?rest_route=%2Fwp%2Fv2%2Fcomments&post=2843"}],"version-history":[{"count":1,"href":"https:\/\/xn--skuggorfrndetfrflutna-02b01b.se\/index.php?rest_route=\/wp\/v2\/pages\/2843\/revisions"}],"predecessor-version":[{"id":2845,"href":"https:\/\/xn--skuggorfrndetfrflutna-02b01b.se\/index.php?rest_route=\/wp\/v2\/pages\/2843\/revisions\/2845"}],"wp:attachment":[{"href":"https:\/\/xn--skuggorfrndetfrflutna-02b01b.se\/index.php?rest_route=%2Fwp%2Fv2%2Fmedia&parent=2843"}],"curies":[{"name":"wp","href":"https:\/\/api.w.org\/{rel}","templated":true}]}}