{"id":2837,"date":"2016-07-02T11:14:46","date_gmt":"2016-07-02T11:14:46","guid":{"rendered":"http:\/\/skugg.wopsa.se\/?page_id=2837"},"modified":"2016-07-02T11:14:46","modified_gmt":"2016-07-02T11:14:46","slug":"lodz-getto-4","status":"publish","type":"page","link":"https:\/\/xn--skuggorfrndetfrflutna-02b01b.se\/?page_id=2837","title":{"rendered":"Lodz getto"},"content":{"rendered":"<p style=\"text-align: justify;\">Innan kriget hade Lodz den n\u00e4st st\u00f6rsta populationen av judar, n\u00e4stan 300 000, och det kom sedan att bli nazisternas f\u00f6rsta judiska getto v\u00e5ren 1940. M\u00e5nga av de 300 000 judarna, mest de rika, hann s\u00e4tta sig i s\u00e4kerhet innan tyskarna marscherade in i Polen men det stora flertalet tvingades l\u00e4mna sina hem. St\u00f6rre delen av de judiska inv\u00e5narnas tillg\u00e5ngar beslagtogs av tyskarna. Judarna drevs sedan in i ett omr\u00e5de i norra delen av staden som var den mest omoderna och de fick sedan s\u00e4llskap av ytterligare 20 000 judiska familjer ett och ett halvt \u00e5r senare. De hade kommit fr\u00e5n olika delar av Europa som t.ex. Prag, Wien och Berlin. Totalt passerade ca 205 000 judar Lodz getto och av dem dog ca 194 000.<\/p>\n<p style=\"text-align: justify;\">Gettot var delat i tre delar och omgavs av taggtr\u00e5dsst\u00e4ngsel och murar. De tre delarna av gettot sammanl\u00e4nkades av g\u00e5ngbroar s\u00e5 att det skulle bli sv\u00e5rt f\u00f6r judarna att ta sig ut ochf\u00f6r att separera dem med resten av polackerna. Om en jude \u00e4nd\u00e5 l\u00e4mnade gettot fick man d\u00f6dsstraff. \u00c4ven fast judarna inte l\u00e4mnade gettot, utf\u00f6rde nazisterna offentliga avr\u00e4ttningar med j\u00e4mna mellanrum f\u00f6r att skr\u00e4mma inv\u00e5narna fr\u00e5n att g\u00f6ra motst\u00e5nd.<\/p>\n<p style=\"text-align: justify;\"><span id=\"more-2674\"><\/span>Gettona tyske ledare var Hans Biebow men man s\u00e5g till att gettot \u00e4nd\u00e5 i stort s\u00e4tt var sj\u00e4lvf\u00f6rvaltande. Ansvaret f\u00f6r administration och industriproduktion sk\u00f6ttes av ett r\u00e5d av judiska \u00e5lderm\u00e4n. R\u00e5dets ordf\u00f6rande, Mordechai Chaim Rumkowski, hade ocks\u00e5 ansvaret f\u00f6r t.ex. matdistributionen, sjukv\u00e5rden och polisi\u00e4ra f\u00f6rh\u00e5llandena i gettot. Han styrde f\u00f6r det mesta gettot diktatoriskt. Han satsade p\u00e5 att g\u00f6ra gettot effektivt och viktigt f\u00f6r nazisterna och tack vare gettots fabriker blev det det sista judiska gettot som lades ner. Men Mordechai gjorde detta f\u00f6r att han trodda att gettot och dess inv\u00e5nare skulle skonas. I fabrikerna anv\u00e4ndes judarna som arbetskraft och det som tillverkades av dem var bl.a. Uniformer och skor till tyska soldater.<\/p>\n<p style=\"text-align: justify;\">Trots att Mordechai hj\u00e4lpte tyskarna s\u00e5 mycket s\u00e5 var n\u00e4stan det \u00e4nda tyskarna gjorde f\u00f6r dem i gettot att bilda en liten obev\u00e4pnad polisstyrka som bevakade gator m.m. Det gjorde att f\u00f6rh\u00e5llandena i gettot blev fruktansv\u00e4rda. Stora delar hade varken rinnande vatten eller avlopp. Det var h\u00e5rt arbete, tr\u00e5ngboddhet och undern\u00e4ring. Hela 20% av m\u00e4nniskorna i gettot dog p\u00e5 grund av detta.<\/p>\n<p style=\"text-align: justify;\">Under 1941 deporterades m\u00e5nga judar fr\u00e5n ghettot i Lodz till olika arbetsl\u00e4ger. Sedan kom \u00e4ven 5 000 romer till gettot o placerades i en avskild del. Alla deporterades till gaskamrarna i Chelmno redan v\u00e5ren 1942. \u00c4ven 55 000 judar s\u00e4ndes dit d\u00e5 och senare samma \u00e5r ytterligare 20 000. Av de 20 000 personerna hade de icke arbetsf\u00f6ra valts ut. Det var barn under 10 \u00e5r och \u00e5lder \u00f6ver 65 \u00e5r. Men sedan var det inga deportationer fr\u00e5n oktober 1942 till 1944. D\u00e5 1944 b\u00f6rjade man avveckla gettot och de f\u00f6ljande tre m\u00e5naderna deporterades 70 000 av Lodz gettots inv\u00e5nare till koncentrations- och arbetsl\u00e4ger i Auschwitz-Birkenau d\u00e4ribland Mordechai Chaim Rumkowski. Kvar i gettot fanns 1200 judar. H\u00e4lften av dem skickades till arbetsl\u00e4ger i Tyskland och andra h\u00e4lften st\u00e4ngdes in i en f\u00e4ngelseliknande byggnad inne i gettot. De sista befriades av sovjetiska trupper den 19 januari 1945.<\/p>\n<p style=\"text-align: justify;\">K\u00e4llor: www.wikipedia.org levandehistoria.se &amp; www.svd.se<\/p>\n<p style=\"text-align: justify;\">Alice 9a, vt 2016<\/p>\n","protected":false},"excerpt":{"rendered":"<p>Innan kriget hade Lodz den n\u00e4st st\u00f6rsta populationen av judar, n\u00e4stan 300 000, och det kom sedan att bli nazisternas f\u00f6rsta judiska getto v\u00e5ren 1940. M\u00e5nga av de 300 000 judarna, mest de rika, hann s\u00e4tta sig i s\u00e4kerhet innan tyskarna marscherade in i Polen men det stora flertalet tvingades l\u00e4mna sina hem. St\u00f6rre delen &hellip; <\/p>\n<p><a class=\"more-link btn\" href=\"https:\/\/xn--skuggorfrndetfrflutna-02b01b.se\/?page_id=2837\">Forts\u00e4tt l\u00e4sa<\/a><\/p>\n","protected":false},"author":1,"featured_media":0,"parent":0,"menu_order":0,"comment_status":"closed","ping_status":"closed","template":"","meta":{"_monsterinsights_skip_tracking":false,"_monsterinsights_sitenote_active":false,"_monsterinsights_sitenote_note":"","_monsterinsights_sitenote_category":0,"footnotes":""},"class_list":["post-2837","page","type-page","status-publish","hentry","nodate","item-wrap"],"jetpack_sharing_enabled":true,"_links":{"self":[{"href":"https:\/\/xn--skuggorfrndetfrflutna-02b01b.se\/index.php?rest_route=\/wp\/v2\/pages\/2837","targetHints":{"allow":["GET"]}}],"collection":[{"href":"https:\/\/xn--skuggorfrndetfrflutna-02b01b.se\/index.php?rest_route=\/wp\/v2\/pages"}],"about":[{"href":"https:\/\/xn--skuggorfrndetfrflutna-02b01b.se\/index.php?rest_route=\/wp\/v2\/types\/page"}],"author":[{"embeddable":true,"href":"https:\/\/xn--skuggorfrndetfrflutna-02b01b.se\/index.php?rest_route=\/wp\/v2\/users\/1"}],"replies":[{"embeddable":true,"href":"https:\/\/xn--skuggorfrndetfrflutna-02b01b.se\/index.php?rest_route=%2Fwp%2Fv2%2Fcomments&post=2837"}],"version-history":[{"count":1,"href":"https:\/\/xn--skuggorfrndetfrflutna-02b01b.se\/index.php?rest_route=\/wp\/v2\/pages\/2837\/revisions"}],"predecessor-version":[{"id":2839,"href":"https:\/\/xn--skuggorfrndetfrflutna-02b01b.se\/index.php?rest_route=\/wp\/v2\/pages\/2837\/revisions\/2839"}],"wp:attachment":[{"href":"https:\/\/xn--skuggorfrndetfrflutna-02b01b.se\/index.php?rest_route=%2Fwp%2Fv2%2Fmedia&parent=2837"}],"curies":[{"name":"wp","href":"https:\/\/api.w.org\/{rel}","templated":true}]}}