{"id":2834,"date":"2016-07-02T11:13:35","date_gmt":"2016-07-02T11:13:35","guid":{"rendered":"http:\/\/skugg.wopsa.se\/?page_id=2834"},"modified":"2016-07-02T11:13:35","modified_gmt":"2016-07-02T11:13:35","slug":"itka-b","status":"publish","type":"page","link":"https:\/\/xn--skuggorfrndetfrflutna-02b01b.se\/?page_id=2834","title":{"rendered":"Itka B"},"content":{"rendered":"<p style=\"text-align: justify;\">Itka\u00a0B f\u00f6ddes 24 oktober 1926 i Lodz, Polen. Hennes f\u00f6r\u00e4ldrar hette Aron B och Brandla B. Aron var v\u00e4vare och de var b\u00e5da f\u00f6dda \u00e5r 1895. Itka hade tre systrar och tre br\u00f6der.<\/p>\n<p style=\"text-align: justify;\">Itka Buppfostrades av hennes f\u00f6r\u00e4ldrar och n\u00e4r Hon var 6 \u00e5r b\u00f6rjade hon i folkskola. Sedan tvingades hon arbeta i en konfektionsfabrik tills hon 8 augusti 1944 arresterades f\u00f6r sin judiska tro och f\u00f6rdes till Auschwitz. Efter 12 dagar d\u00e4r f\u00f6rdes hon till ett arbetsl\u00e4ger i Sasel (en del av Hamburg). Sedan skickades hon till Bergen-Belsen i april 1945. Hon skickades till ett sjukhus i bergen p\u00e5 grund av hennes tyfus. Itka B sl\u00e4pptes ut ur sjukhuset i bergen och sedan med hj\u00e4lp av r\u00f6da korsets f\u00f6rsorg, f\u00f6rdes hon till Sverige som &#8221;repatriandi&#8221; &#8211; det vill s\u00e4ga att hon n\u00e4r hon tillfrisknat skulle \u00e5terv\u00e4nda till sitt hemland. Itka kom till Malm\u00f6 i b\u00f6rjan av juli 1945. N\u00e4r hon kom dit f\u00f6rdes hon f\u00f6rst till nya lungkliniken i Malm\u00f6 men sedan var hon i \u00d6rebro p\u00e5 beredskapssjukhuset och Fernaderska skolan. D\u00e4r var hon tills hon blev friskf\u00f6rklarad 16 oktober.<\/p>\n<p style=\"text-align: justify;\">Itkas pappa dog 1940 men hennes mamma och tv\u00e5 av hennes systrar f\u00f6rdes till Auschwitz med henne. Hon vet inte vad som h\u00e4nde med dem efter att hon f\u00f6rflyttats till Sasel. Itkas tredje syster flydde 1940 tillsammans med sin make till Ryssland. Hennes tre br\u00f6der f\u00f6rdes till Tyskland.<\/p>\n<p style=\"text-align: justify;\"><span id=\"more-2672\"><\/span>Itkas framtidsplaner var att \u00e5terv\u00e4nda till Polen om hon erh\u00f6ll underr\u00e4ttelse om att n\u00e5gra av hennes anh\u00f6riga levde, annars ville hon stanna i Sverige, vilket hon gjorde. Hon flyttade till Karlstad med sin make 1947 d\u00e4r hon b\u00f6rjade arbeta som s\u00f6mmerska p\u00e5 en fabrik d\u00e4r hennes make, Dawid ocks\u00e5 arbetade. Itka jobbade med det till 15 februari 1948 d\u00e5 hon fick grossess. Itka valde \u00e4nd\u00e5 sedan att l\u00e4mna sverige och \u00e5kte till Israel med sin make 1949.<\/p>\n<p style=\"text-align: justify;\">Itka B och Dawid fick en son och flyttade tillbaka till sin hemstad Lodz. Sonen klarade inta av klimatet d\u00e4r och dog s\u00e5 Itka och Dawid best\u00e4mde sig f\u00f6r att flytta tillbaka till Sverige<\/p>\n<p style=\"text-align: justify;\"><strong>K\u00e4lla:<\/strong><\/p>\n<p style=\"text-align: justify;\">Dossier Statens utl\u00e4nningskommission, Riksarkivet<\/p>\n<p style=\"text-align: justify;\">Alice 9a, vt 2016<\/p>\n","protected":false},"excerpt":{"rendered":"<p>Itka\u00a0B f\u00f6ddes 24 oktober 1926 i Lodz, Polen. Hennes f\u00f6r\u00e4ldrar hette Aron B och Brandla B. Aron var v\u00e4vare och de var b\u00e5da f\u00f6dda \u00e5r 1895. Itka hade tre systrar och tre br\u00f6der. Itka Buppfostrades av hennes f\u00f6r\u00e4ldrar och n\u00e4r Hon var 6 \u00e5r b\u00f6rjade hon i folkskola. Sedan tvingades hon arbeta i en konfektionsfabrik &hellip; <\/p>\n<p><a class=\"more-link btn\" href=\"https:\/\/xn--skuggorfrndetfrflutna-02b01b.se\/?page_id=2834\">Forts\u00e4tt l\u00e4sa<\/a><\/p>\n","protected":false},"author":1,"featured_media":0,"parent":0,"menu_order":0,"comment_status":"closed","ping_status":"closed","template":"","meta":{"_monsterinsights_skip_tracking":false,"_monsterinsights_sitenote_active":false,"_monsterinsights_sitenote_note":"","_monsterinsights_sitenote_category":0,"footnotes":""},"class_list":["post-2834","page","type-page","status-publish","hentry","nodate","item-wrap"],"jetpack_sharing_enabled":true,"_links":{"self":[{"href":"https:\/\/xn--skuggorfrndetfrflutna-02b01b.se\/index.php?rest_route=\/wp\/v2\/pages\/2834","targetHints":{"allow":["GET"]}}],"collection":[{"href":"https:\/\/xn--skuggorfrndetfrflutna-02b01b.se\/index.php?rest_route=\/wp\/v2\/pages"}],"about":[{"href":"https:\/\/xn--skuggorfrndetfrflutna-02b01b.se\/index.php?rest_route=\/wp\/v2\/types\/page"}],"author":[{"embeddable":true,"href":"https:\/\/xn--skuggorfrndetfrflutna-02b01b.se\/index.php?rest_route=\/wp\/v2\/users\/1"}],"replies":[{"embeddable":true,"href":"https:\/\/xn--skuggorfrndetfrflutna-02b01b.se\/index.php?rest_route=%2Fwp%2Fv2%2Fcomments&post=2834"}],"version-history":[{"count":1,"href":"https:\/\/xn--skuggorfrndetfrflutna-02b01b.se\/index.php?rest_route=\/wp\/v2\/pages\/2834\/revisions"}],"predecessor-version":[{"id":2836,"href":"https:\/\/xn--skuggorfrndetfrflutna-02b01b.se\/index.php?rest_route=\/wp\/v2\/pages\/2834\/revisions\/2836"}],"wp:attachment":[{"href":"https:\/\/xn--skuggorfrndetfrflutna-02b01b.se\/index.php?rest_route=%2Fwp%2Fv2%2Fmedia&parent=2834"}],"curies":[{"name":"wp","href":"https:\/\/api.w.org\/{rel}","templated":true}]}}