{"id":2826,"date":"2016-07-02T10:38:08","date_gmt":"2016-07-02T10:38:08","guid":{"rendered":"http:\/\/skugg.wopsa.se\/?page_id=2826"},"modified":"2016-07-02T10:38:08","modified_gmt":"2016-07-02T10:38:08","slug":"gross-rosen-3","status":"publish","type":"page","link":"https:\/\/xn--skuggorfrndetfrflutna-02b01b.se\/?page_id=2826","title":{"rendered":"Gross-Rosen"},"content":{"rendered":"<p style=\"text-align: justify;\">Gross-Rosen var ett av Nazitysklands koncentrationsl\u00e4ger. Det ligger i d\u00e5varande nedre Schlesien, nuvarande Rogoznica i Polen. L\u00e4gret \u201c\u00f6ppnades\u201d sommaren 1940 och evakuerades i b\u00f6rjan av februari 1945. Totalt 125 000 f\u00e5ngar passerade genom l\u00e4gret och ca 40 000 av dem dog. \u00d6ver h\u00e4lften av alla f\u00e5ngar var judar. Mellan oktober 1943 och januari 1945 skickades 57 000 judar till Gross-Rosen, varav 26 000 var kvinnor.<\/p>\n<p style=\"text-align: justify;\">M\u00e5nga av judarna placerades i satellitl\u00e4gren d\u00e4r de fick utf\u00f6ra extremt h\u00e5rt arbete i stenbrottet. Till skillnad fr\u00e5n de andra f\u00e5ngarna i Gross-Rosen fick de inte ta n\u00e5gra raster och de nekades till alla former av medicinsk hj\u00e4lp. M\u00e5nga av de judiska f\u00e5ngarna i Gross-Rosen och dess satellitl\u00e4ger dog , men exakt hur m\u00e5na det var \u00e4r inte ber\u00e4knat. De som \u00f6verlevde i Gross-Rosen skickades till Auschwitz- Birkenau i oktober 1942.<\/p>\n<p style=\"text-align: justify;\"><span id=\"more-2678\"><\/span>Tyskarna b\u00f6rjade evakuera Gross-Rosen i slutet av 1944, d\u00e5 t\u00f6mde de fr\u00e4mst satellitl\u00e4gerna som l\u00e5g n\u00e4rmast \u00f6stfronten. I b\u00f6rjan av 1945 evakuerades huvudl\u00e4gret och de \u00f6vriga satellitl\u00e4gerna. Under den tiden tvingades ungef\u00e4r 40 000 f\u00e5ngar ut p\u00e5 en d\u00f6dsmarsch v\u00e4sterut genom Tyskland. M\u00e5nga dog d\u00e5 av sv\u00e4lt och utmattning. M\u00e5nga sk\u00f6ts ocks\u00e5 av SS-vakterna n\u00e4r de inte l\u00e4ngre orkade g\u00e5 och kropparna l\u00e4mnades vid v\u00e4gkanten.<\/p>\n<p style=\"text-align: justify;\">De sovjetiska trupperna n\u00e5dde fram till Gross-Rosen i februari 1945. Under hela tiden som Gross-Rosen var ett l\u00e4ger f\u00f6rdes totalt 57 000 judar dit.<\/p>\n<p style=\"text-align: justify;\">K\u00e4lla: www.levandehistoria.se<\/p>\n<p style=\"text-align: justify;\">Ellen B 9A VT 2016<\/p>\n","protected":false},"excerpt":{"rendered":"<p>Gross-Rosen var ett av Nazitysklands koncentrationsl\u00e4ger. Det ligger i d\u00e5varande nedre Schlesien, nuvarande Rogoznica i Polen. L\u00e4gret \u201c\u00f6ppnades\u201d sommaren 1940 och evakuerades i b\u00f6rjan av februari 1945. Totalt 125 000 f\u00e5ngar passerade genom l\u00e4gret och ca 40 000 av dem dog. \u00d6ver h\u00e4lften av alla f\u00e5ngar var judar. Mellan oktober 1943 och januari 1945 skickades &hellip; <\/p>\n<p><a class=\"more-link btn\" href=\"https:\/\/xn--skuggorfrndetfrflutna-02b01b.se\/?page_id=2826\">Forts\u00e4tt l\u00e4sa<\/a><\/p>\n","protected":false},"author":1,"featured_media":0,"parent":0,"menu_order":0,"comment_status":"closed","ping_status":"closed","template":"","meta":{"_monsterinsights_skip_tracking":false,"_monsterinsights_sitenote_active":false,"_monsterinsights_sitenote_note":"","_monsterinsights_sitenote_category":0,"footnotes":""},"class_list":["post-2826","page","type-page","status-publish","hentry","nodate","item-wrap"],"jetpack_sharing_enabled":true,"_links":{"self":[{"href":"https:\/\/xn--skuggorfrndetfrflutna-02b01b.se\/index.php?rest_route=\/wp\/v2\/pages\/2826","targetHints":{"allow":["GET"]}}],"collection":[{"href":"https:\/\/xn--skuggorfrndetfrflutna-02b01b.se\/index.php?rest_route=\/wp\/v2\/pages"}],"about":[{"href":"https:\/\/xn--skuggorfrndetfrflutna-02b01b.se\/index.php?rest_route=\/wp\/v2\/types\/page"}],"author":[{"embeddable":true,"href":"https:\/\/xn--skuggorfrndetfrflutna-02b01b.se\/index.php?rest_route=\/wp\/v2\/users\/1"}],"replies":[{"embeddable":true,"href":"https:\/\/xn--skuggorfrndetfrflutna-02b01b.se\/index.php?rest_route=%2Fwp%2Fv2%2Fcomments&post=2826"}],"version-history":[{"count":1,"href":"https:\/\/xn--skuggorfrndetfrflutna-02b01b.se\/index.php?rest_route=\/wp\/v2\/pages\/2826\/revisions"}],"predecessor-version":[{"id":2828,"href":"https:\/\/xn--skuggorfrndetfrflutna-02b01b.se\/index.php?rest_route=\/wp\/v2\/pages\/2826\/revisions\/2828"}],"wp:attachment":[{"href":"https:\/\/xn--skuggorfrndetfrflutna-02b01b.se\/index.php?rest_route=%2Fwp%2Fv2%2Fmedia&parent=2826"}],"curies":[{"name":"wp","href":"https:\/\/api.w.org\/{rel}","templated":true}]}}