{"id":2814,"date":"2016-07-02T10:32:20","date_gmt":"2016-07-02T10:32:20","guid":{"rendered":"http:\/\/skugg.wopsa.se\/?page_id=2814"},"modified":"2016-07-02T10:32:20","modified_gmt":"2016-07-02T10:32:20","slug":"majdanek-2","status":"publish","type":"page","link":"https:\/\/xn--skuggorfrndetfrflutna-02b01b.se\/?page_id=2814","title":{"rendered":"Majdanek"},"content":{"rendered":"<p style=\"text-align: justify;\">1941 beordrade Heinrich Himmler att ett koncentrationsl\u00e4ger skulle byggas vid Lublin i syd\u00f6stra Polen. Till att bygga Majdanek anv\u00e4ndes 2000 sovjetiska f\u00e5ngar samt 2000 judiska m\u00e4n. Fr\u00e5n b\u00f6rjan var l\u00e4gret menat till att bli det st\u00f6rsta med upptill 250 000 f\u00e5ngar. L\u00e4gret blev mycket mindre, Majdanek hade plats f\u00f6r 50 000 f\u00e5ngar samtidigt.<\/p>\n<p style=\"text-align: justify;\">F\u00e5ngarna i Majdanek var fr\u00e5n m\u00e5nga olika europeiska grupper d\u00e4r cirka 50 nationaliteter representerades. Till st\u00f6rsta delen bestod f\u00e5ngarna av judar. Fr\u00e5n att ha titeln koncentrationsl\u00e4ger blev Majdanek sedan ett koncentrationsl\u00e4ger kombinerat med f\u00f6rintelsel\u00e4ger och arbetsl\u00e4ger. Det b\u00f6rjades avr\u00e4tta m\u00e4nniskor i b\u00f6rjan av 1942. N\u00e4r f\u00e5ngarna anl\u00e4nde och steg av t\u00e5get(???) m\u00f6ttes de av en l\u00e4kare som valde ut f\u00e5ngar och f\u00f6rdelade dem i olika grupper. N\u00e5gra blev inkvarterade i l\u00e4gret medan andra fick m\u00f6ta d\u00f6den direkt. M\u00f6rdandet i Majdanek genomf\u00f6rdes med gaskammare, genom misshandel, sjukdomar och sv\u00e4lt samt genom organiserade massavr\u00e4ttningar, s\u00e5 kallade arkebuseringar, av SS-m\u00e4n. I oktober 1943 besl\u00f6t Himmler att alla judar som var kvar skulle d\u00f6das. Denna operation kallades &#8221;Aktion Erntefest&#8221; (p\u00e5 svenska Aktion sk\u00f6rdefest) eller den blodiga onsdagen. I Majdanek lyckades de d\u00f6da 18 000 judar men Aktion Erntefest genomf\u00f6rdes i andra l\u00e4ger ocks\u00e5.<\/p>\n<p style=\"text-align: justify;\"><span id=\"more-2684\"><\/span>P\u00e5 v\u00e5ren 1944 befann sig de sovjetiska trupperna n\u00e4ra Majdanek. De kvarvarande l\u00e4gerf\u00e5ngarna som inte var allt f\u00f6r sjuka eller magra flyttades d\u00e5 till Auschwitz-Birkenau. I juli 1944 var l\u00e4gret befriat men bara med runt 100 f\u00e5ngar kvar i l\u00e4gret. Innan l\u00e4gret befriats hj\u00e4lpte de 1300 SS-m\u00e4n och ukrainare som jobbade d\u00e4r till med att br\u00e4nna alla dokument som bevisade det folkmord som beg\u00e5tts. Exakt antal d\u00f6dade \u00e4r oklart p\u00e5 grund av detta men troligtvis m\u00f6rdades upptill 300 000. De hann inte br\u00e4nna ner alla byggnader, n\u00e5gra st\u00e5r \u00e4n idag kvar. Redan i november 1944 best\u00e4mdes det att Majdanek skulle bli ett statligt monument f\u00f6r att minnas alla de f\u00f6rtryckta m\u00e4nniskor som befann sig och d\u00f6dades d\u00e4r.<\/p>\n<p style=\"text-align: justify;\">K\u00e4llor: levandehistoria.se s\u00f6kord: Majdanek<br \/>\nWikipedia.org s\u00f6kord: Majdanek<\/p>\n<p style=\"text-align: justify;\">Lina 9A vt 16<\/p>\n","protected":false},"excerpt":{"rendered":"<p>1941 beordrade Heinrich Himmler att ett koncentrationsl\u00e4ger skulle byggas vid Lublin i syd\u00f6stra Polen. Till att bygga Majdanek anv\u00e4ndes 2000 sovjetiska f\u00e5ngar samt 2000 judiska m\u00e4n. Fr\u00e5n b\u00f6rjan var l\u00e4gret menat till att bli det st\u00f6rsta med upptill 250 000 f\u00e5ngar. L\u00e4gret blev mycket mindre, Majdanek hade plats f\u00f6r 50 000 f\u00e5ngar samtidigt. F\u00e5ngarna i &hellip; <\/p>\n<p><a class=\"more-link btn\" href=\"https:\/\/xn--skuggorfrndetfrflutna-02b01b.se\/?page_id=2814\">Forts\u00e4tt l\u00e4sa<\/a><\/p>\n","protected":false},"author":1,"featured_media":0,"parent":0,"menu_order":0,"comment_status":"closed","ping_status":"closed","template":"","meta":{"_monsterinsights_skip_tracking":false,"_monsterinsights_sitenote_active":false,"_monsterinsights_sitenote_note":"","_monsterinsights_sitenote_category":0,"footnotes":""},"class_list":["post-2814","page","type-page","status-publish","hentry","nodate","item-wrap"],"jetpack_sharing_enabled":true,"_links":{"self":[{"href":"https:\/\/xn--skuggorfrndetfrflutna-02b01b.se\/index.php?rest_route=\/wp\/v2\/pages\/2814","targetHints":{"allow":["GET"]}}],"collection":[{"href":"https:\/\/xn--skuggorfrndetfrflutna-02b01b.se\/index.php?rest_route=\/wp\/v2\/pages"}],"about":[{"href":"https:\/\/xn--skuggorfrndetfrflutna-02b01b.se\/index.php?rest_route=\/wp\/v2\/types\/page"}],"author":[{"embeddable":true,"href":"https:\/\/xn--skuggorfrndetfrflutna-02b01b.se\/index.php?rest_route=\/wp\/v2\/users\/1"}],"replies":[{"embeddable":true,"href":"https:\/\/xn--skuggorfrndetfrflutna-02b01b.se\/index.php?rest_route=%2Fwp%2Fv2%2Fcomments&post=2814"}],"version-history":[{"count":1,"href":"https:\/\/xn--skuggorfrndetfrflutna-02b01b.se\/index.php?rest_route=\/wp\/v2\/pages\/2814\/revisions"}],"predecessor-version":[{"id":2816,"href":"https:\/\/xn--skuggorfrndetfrflutna-02b01b.se\/index.php?rest_route=\/wp\/v2\/pages\/2814\/revisions\/2816"}],"wp:attachment":[{"href":"https:\/\/xn--skuggorfrndetfrflutna-02b01b.se\/index.php?rest_route=%2Fwp%2Fv2%2Fmedia&parent=2814"}],"curies":[{"name":"wp","href":"https:\/\/api.w.org\/{rel}","templated":true}]}}