{"id":2805,"date":"2016-07-02T10:22:25","date_gmt":"2016-07-02T10:22:25","guid":{"rendered":"http:\/\/skugg.wopsa.se\/?page_id=2805"},"modified":"2016-07-02T10:22:25","modified_gmt":"2016-07-02T10:22:25","slug":"hanka-f","status":"publish","type":"page","link":"https:\/\/xn--skuggorfrndetfrflutna-02b01b.se\/?page_id=2805","title":{"rendered":"Hanka F"},"content":{"rendered":"<p style=\"text-align: justify;\">Hanka f\u00f6ddes den 15 april 1926 i Radom, Polen. Hon gick sex \u00e5r i folkskola och hon var inte politisk inriktad. Hennes pappa hette Szugim och var f\u00f6dd \u00e5r 1885, han f\u00f6rdes till ett l\u00e4ger \u00e5r 1942 men vart vet vi inte. Hennes mamma hette Raza och f\u00f6ddes i Waintraub. Hon dog redan \u00e5r 1937 innan kriget hade b\u00f6rjat. Hanka hade tv\u00e5 systrar och en bror. Den ena systern bodde i Paris och var gift. Hennes andra syster och bror f\u00f6rdes \u00e5r 1943 till l\u00e4gret Kannitz i Tyskland. Vi vet inte vart eller n\u00e4r systern och brodern dog.<\/p>\n<p style=\"text-align: justify;\">\u00c5r 1943 blev Hanka skickad till gettot i Radom p\u00e5 grund av att hon var judinna. D\u00e4r fick hon jobb p\u00e5 ett &#8221;bekl\u00e4dningsmagasin&#8221; f\u00f6r milit\u00e4ren. Hon var d\u00e4r i ett \u00e5r. Efter sin tid i gettot blev hon skickad till koncentrationsl\u00e4gret Blizyn i Polen, efter sin tid d\u00e4r skickades hon till koncentrationsl\u00e4gret Auschwitz. D\u00e4r fick hon numret A-15383 intatuerat p\u00e5 armen, hon var i Auschwitz endast tv\u00e5 dagar. Efter sina tv\u00e5 dagar i Auschwitz s\u00e4ndes hon till arbetsl\u00e4gret Hindenburg i Tyskland. D\u00e4r var hon i sju m\u00e5nader. Den 20 februari 1945 f\u00f6rdes hon till koncentrationsl\u00e4gret Bergen Belsen, i det l\u00e4gret var hon tills de svenska r\u00f6da bussarna kom och r\u00e4ddade dem.<\/p>\n<p style=\"text-align: justify;\">Den 14 juli 1945 kom hon till Malm\u00f6 genom de r\u00f6da bussarna. Hon var 160 cm n\u00e4r hon kom till Sverige, vad hon v\u00e4gde vet vi inte. Hon f\u00f6rdes till Ep sjukhuset i Malm\u00f6 1945. Efter det f\u00f6rdes hon till beredskapssjukhuset i \u00d6rebro den 28\/8 1945. Hon blev friskf\u00f6rklarad den 2\/11 1945, d\u00e5 var hon p\u00e5 beredskapssjukhuset i \u00d6rebro. Efter sin tid p\u00e5 sjukhuset flyttade hon som inneboende till Storgatan 4 i \u00d6rebro och fick jobb som skofabrikarbeterska i skofabrik aktiebolaget Skandis som l\u00e5g p\u00e5 Vivalla gatan 8 i \u00d6rebro. Hon tj\u00e4nade 46 kronor per vecka.<\/p>\n<p style=\"text-align: justify;\">Hanka l\u00e4mnade Sverige den 21\/11 1947 f\u00f6r att bo och tr\u00e4ffa sin syster som bodde i Paris. I Paris Gifte hon sig med en man som hette Bensos.<\/p>\n<p style=\"text-align: justify;\">K\u00e4lla: Dossier Statens utl\u00e4nningskommission, Riksarkivet<\/p>\n<p style=\"text-align: justify;\">Ellen J, 9A, VT 2016<\/p>\n","protected":false},"excerpt":{"rendered":"<p>Hanka f\u00f6ddes den 15 april 1926 i Radom, Polen. Hon gick sex \u00e5r i folkskola och hon var inte politisk inriktad. Hennes pappa hette Szugim och var f\u00f6dd \u00e5r 1885, han f\u00f6rdes till ett l\u00e4ger \u00e5r 1942 men vart vet vi inte. Hennes mamma hette Raza och f\u00f6ddes i Waintraub. Hon dog redan \u00e5r 1937 &hellip; <\/p>\n<p><a class=\"more-link btn\" href=\"https:\/\/xn--skuggorfrndetfrflutna-02b01b.se\/?page_id=2805\">Forts\u00e4tt l\u00e4sa<\/a><\/p>\n","protected":false},"author":1,"featured_media":0,"parent":0,"menu_order":0,"comment_status":"closed","ping_status":"closed","template":"","meta":{"_monsterinsights_skip_tracking":false,"_monsterinsights_sitenote_active":false,"_monsterinsights_sitenote_note":"","_monsterinsights_sitenote_category":0,"footnotes":""},"class_list":["post-2805","page","type-page","status-publish","hentry","nodate","item-wrap"],"jetpack_sharing_enabled":true,"_links":{"self":[{"href":"https:\/\/xn--skuggorfrndetfrflutna-02b01b.se\/index.php?rest_route=\/wp\/v2\/pages\/2805","targetHints":{"allow":["GET"]}}],"collection":[{"href":"https:\/\/xn--skuggorfrndetfrflutna-02b01b.se\/index.php?rest_route=\/wp\/v2\/pages"}],"about":[{"href":"https:\/\/xn--skuggorfrndetfrflutna-02b01b.se\/index.php?rest_route=\/wp\/v2\/types\/page"}],"author":[{"embeddable":true,"href":"https:\/\/xn--skuggorfrndetfrflutna-02b01b.se\/index.php?rest_route=\/wp\/v2\/users\/1"}],"replies":[{"embeddable":true,"href":"https:\/\/xn--skuggorfrndetfrflutna-02b01b.se\/index.php?rest_route=%2Fwp%2Fv2%2Fcomments&post=2805"}],"version-history":[{"count":1,"href":"https:\/\/xn--skuggorfrndetfrflutna-02b01b.se\/index.php?rest_route=\/wp\/v2\/pages\/2805\/revisions"}],"predecessor-version":[{"id":2807,"href":"https:\/\/xn--skuggorfrndetfrflutna-02b01b.se\/index.php?rest_route=\/wp\/v2\/pages\/2805\/revisions\/2807"}],"wp:attachment":[{"href":"https:\/\/xn--skuggorfrndetfrflutna-02b01b.se\/index.php?rest_route=%2Fwp%2Fv2%2Fmedia&parent=2805"}],"curies":[{"name":"wp","href":"https:\/\/api.w.org\/{rel}","templated":true}]}}