{"id":2784,"date":"2016-07-02T09:51:18","date_gmt":"2016-07-02T09:51:18","guid":{"rendered":"http:\/\/skugg.wopsa.se\/?page_id=2784"},"modified":"2016-07-02T10:01:10","modified_gmt":"2016-07-02T10:01:10","slug":"regina-g","status":"publish","type":"page","link":"https:\/\/xn--skuggorfrndetfrflutna-02b01b.se\/?page_id=2784","title":{"rendered":"Regina G"},"content":{"rendered":"<p style=\"text-align: justify;\">Regina G f\u00f6ddes den 5 september 1923 i Dombrowa, Polen. Regina var judinna. Hon hade en pappa med namnet Herman Gelbard, mamma som hette Tyla Erlichmann och tre syskon som hon ej n\u00e4mner namnen p\u00e5. Hon gick 7 \u00e5r i grundskola i Polen och sedan b\u00f6rjade hon jobba som s\u00f6mmerska. Hon har \u00e4ven jobbat som skofabriksarbeterska i Kumla, Sverige.<\/p>\n<p style=\"text-align: justify;\">Hon f\u00f6rdes f\u00f6rst till l\u00e4gret Granberg i Schlesien sedan f\u00f6rdes hon till koncentrationsl\u00e4gret Bergen-Belsen. D\u00e4r var Regina tills hon befriades av engelsm\u00e4nnen den 28 juni 1945. Hennes mor och ena syster f\u00f6rdes till Auschwitz. Reginas pappa blev f\u00f6rd till ett arbetsl\u00e4ger i Tyskland men hon vet inte om han \u00f6verlevde.Regina tillh\u00f6rde en judisk organisation som var fullt opolitisk. Hon kom till Sverige genom r\u00f6da korset den 7 juli 1945 och d\u00e5 led hon av sjukdomen tyfus och v\u00e4gde 51 kilo. Hon f\u00f6rdes f\u00f6rst till Malm\u00f6 sedan kom hon till \u00d6rebro, Engelbrektsskolan och efter det flyttade hon till Kumla. N\u00e4r Regina jobbade i Kumla som skofabriksarbeterska tj\u00e4nade hon 46 kronor per vecka. Regina blev kvar i Sverige d\u00e4rf\u00f6r att hon gifte sig med en svensk man som hette John Ivar Sellin. Hennes framtidsplaner var att stanna i Sverige och bli barnjungfru.<\/p>\n<p style=\"text-align: justify;\">K\u00e4lla: Dossier Statens utl\u00e4nningskommission, Riksarkivet<\/p>\n<div class=\"entry-content clearfix\" style=\"text-align: justify;\">Filip 9A vt 2016<\/div>\n","protected":false},"excerpt":{"rendered":"<p>Regina G f\u00f6ddes den 5 september 1923 i Dombrowa, Polen. Regina var judinna. Hon hade en pappa med namnet Herman Gelbard, mamma som hette Tyla Erlichmann och tre syskon som hon ej n\u00e4mner namnen p\u00e5. Hon gick 7 \u00e5r i grundskola i Polen och sedan b\u00f6rjade hon jobba som s\u00f6mmerska. Hon har \u00e4ven jobbat som &hellip; <\/p>\n<p><a class=\"more-link btn\" href=\"https:\/\/xn--skuggorfrndetfrflutna-02b01b.se\/?page_id=2784\">Forts\u00e4tt l\u00e4sa<\/a><\/p>\n","protected":false},"author":1,"featured_media":0,"parent":0,"menu_order":0,"comment_status":"closed","ping_status":"closed","template":"","meta":{"_monsterinsights_skip_tracking":false,"_monsterinsights_sitenote_active":false,"_monsterinsights_sitenote_note":"","_monsterinsights_sitenote_category":0,"footnotes":""},"class_list":["post-2784","page","type-page","status-publish","hentry","nodate","item-wrap"],"jetpack_sharing_enabled":true,"_links":{"self":[{"href":"https:\/\/xn--skuggorfrndetfrflutna-02b01b.se\/index.php?rest_route=\/wp\/v2\/pages\/2784","targetHints":{"allow":["GET"]}}],"collection":[{"href":"https:\/\/xn--skuggorfrndetfrflutna-02b01b.se\/index.php?rest_route=\/wp\/v2\/pages"}],"about":[{"href":"https:\/\/xn--skuggorfrndetfrflutna-02b01b.se\/index.php?rest_route=\/wp\/v2\/types\/page"}],"author":[{"embeddable":true,"href":"https:\/\/xn--skuggorfrndetfrflutna-02b01b.se\/index.php?rest_route=\/wp\/v2\/users\/1"}],"replies":[{"embeddable":true,"href":"https:\/\/xn--skuggorfrndetfrflutna-02b01b.se\/index.php?rest_route=%2Fwp%2Fv2%2Fcomments&post=2784"}],"version-history":[{"count":9,"href":"https:\/\/xn--skuggorfrndetfrflutna-02b01b.se\/index.php?rest_route=\/wp\/v2\/pages\/2784\/revisions"}],"predecessor-version":[{"id":2798,"href":"https:\/\/xn--skuggorfrndetfrflutna-02b01b.se\/index.php?rest_route=\/wp\/v2\/pages\/2784\/revisions\/2798"}],"wp:attachment":[{"href":"https:\/\/xn--skuggorfrndetfrflutna-02b01b.se\/index.php?rest_route=%2Fwp%2Fv2%2Fmedia&parent=2784"}],"curies":[{"name":"wp","href":"https:\/\/api.w.org\/{rel}","templated":true}]}}