{"id":2771,"date":"2016-07-02T09:36:01","date_gmt":"2016-07-02T09:36:01","guid":{"rendered":"http:\/\/skugg.wopsa.se\/?page_id=2771"},"modified":"2016-07-02T09:36:01","modified_gmt":"2016-07-02T09:36:01","slug":"etsel-k","status":"publish","type":"page","link":"https:\/\/xn--skuggorfrndetfrflutna-02b01b.se\/?page_id=2771","title":{"rendered":"Etsel K"},"content":{"rendered":"<p style=\"text-align: justify;\">Etsel f\u00f6ddes den 2 augusti 1919 i Tiszaujlak, Ungern. Hon v\u00e4xte upp i sitt f\u00f6r\u00e4ldrahem med sin pappa Marton K som jobbade som legationstj\u00e4nsteman och sin mamma Regina K och de b\u00e5da var f\u00f6dda \u00e5r 1885. Han hade en syster som var gift och hade 3 barn. Etsel hade ocks\u00e5 sex br\u00f6der. Etsel gick i en 8-\u00e5rig elementarskola. N\u00e4r hon g\u00e5tt ut skolan l\u00e4rde hon sig att sy p\u00e5 en atelj\u00e9 under ett \u00e5r och sedan fick hon anst\u00e4llning hos fru Zseni Broun i Tiszaujlak. \u00a0Etsel hade inte tagit n\u00e5gon politisk st\u00e4llning och tillh\u00f6rde inte n\u00e5gon politisk organisation<\/p>\n<p style=\"text-align: justify;\">Sommaren 1944 arresterades Etsel och hennes f\u00f6r\u00e4ldrar p\u00e5 grund av sin judiska bakgrund och f\u00f6rdes till koncentrationsl\u00e4gret Auschwitz. I Auschwitz jobbade hon som handr\u00e4ckning i k\u00f6ket. Efter 6 m\u00e5nader i Auschwitz f\u00f6rdes hon till ett arbetsl\u00e4ger i Braunschweig d\u00e4r hon jobbade i en ammunitionsfabrik. \u00a0Hon hade sedan f\u00f6rts till ett flertal olika l\u00e4ger som hon inte minns namnet p\u00e5. Hon vet inte vad som h\u00e4nde med hennes f\u00f6r\u00e4ldrar efter att hon f\u00f6rdes tillsammans med dem till Auschwitz. Hennes far och mor dog troligen i Auschwitz och likas\u00e5 systern och hennes tre barn. Tv\u00e5 av hennes br\u00f6der stannade i Ungern och de \u00f6vriga deporterades till Tyskland.<\/p>\n<p style=\"text-align: justify;\">I april 1945 blev hon frisl\u00e4ppt av r\u00f6da korset och kom till Sverige i maj. N\u00e4r hon kommit till Sverige blev hon inlagd p\u00e5 beredskapssjukhuset p\u00e5 Engelbrektsskolan i \u00d6rebro och dit kom hon den 26 maj 1945.<span id=\"more-2710\"><\/span><\/p>\n<p style=\"text-align: justify;\">Etsel blev lagd p\u00e5 sjukhus i \u00d6rebro och blev sedan utskriven den 6 augusti. Hon fick sedan arbete p\u00e5 beredskapssjukhuset och tj\u00e4nade 50 kronor i m\u00e5naden. Man kan se p\u00e5 hennes underarm att de \u00e4r inristat ett nummer (A-12528) vilket \u00e4r ett f\u00e5ngnummer fr\u00e5n Auschwitz. Etsel \u00f6nskade att f\u00e5 stanna i Sverige och f\u00e5 ett arbete p\u00e5 ett sjukhus, helst i \u00d6rebro. Hon ville inte tillbaka till sitt hemland.<\/p>\n<p style=\"text-align: justify;\">K\u00e4lla: Dossier Statens utl\u00e4nningskommission, Riksarkivet<\/p>\n<p>Julia A 9A, vt 2016<\/p>\n","protected":false},"excerpt":{"rendered":"<p>Etsel f\u00f6ddes den 2 augusti 1919 i Tiszaujlak, Ungern. Hon v\u00e4xte upp i sitt f\u00f6r\u00e4ldrahem med sin pappa Marton K som jobbade som legationstj\u00e4nsteman och sin mamma Regina K och de b\u00e5da var f\u00f6dda \u00e5r 1885. Han hade en syster som var gift och hade 3 barn. Etsel hade ocks\u00e5 sex br\u00f6der. Etsel gick i &hellip; <\/p>\n<p><a class=\"more-link btn\" href=\"https:\/\/xn--skuggorfrndetfrflutna-02b01b.se\/?page_id=2771\">Forts\u00e4tt l\u00e4sa<\/a><\/p>\n","protected":false},"author":1,"featured_media":0,"parent":0,"menu_order":0,"comment_status":"closed","ping_status":"closed","template":"","meta":{"_monsterinsights_skip_tracking":false,"_monsterinsights_sitenote_active":false,"_monsterinsights_sitenote_note":"","_monsterinsights_sitenote_category":0,"footnotes":""},"class_list":["post-2771","page","type-page","status-publish","hentry","nodate","item-wrap"],"jetpack_sharing_enabled":true,"_links":{"self":[{"href":"https:\/\/xn--skuggorfrndetfrflutna-02b01b.se\/index.php?rest_route=\/wp\/v2\/pages\/2771","targetHints":{"allow":["GET"]}}],"collection":[{"href":"https:\/\/xn--skuggorfrndetfrflutna-02b01b.se\/index.php?rest_route=\/wp\/v2\/pages"}],"about":[{"href":"https:\/\/xn--skuggorfrndetfrflutna-02b01b.se\/index.php?rest_route=\/wp\/v2\/types\/page"}],"author":[{"embeddable":true,"href":"https:\/\/xn--skuggorfrndetfrflutna-02b01b.se\/index.php?rest_route=\/wp\/v2\/users\/1"}],"replies":[{"embeddable":true,"href":"https:\/\/xn--skuggorfrndetfrflutna-02b01b.se\/index.php?rest_route=%2Fwp%2Fv2%2Fcomments&post=2771"}],"version-history":[{"count":1,"href":"https:\/\/xn--skuggorfrndetfrflutna-02b01b.se\/index.php?rest_route=\/wp\/v2\/pages\/2771\/revisions"}],"predecessor-version":[{"id":2773,"href":"https:\/\/xn--skuggorfrndetfrflutna-02b01b.se\/index.php?rest_route=\/wp\/v2\/pages\/2771\/revisions\/2773"}],"wp:attachment":[{"href":"https:\/\/xn--skuggorfrndetfrflutna-02b01b.se\/index.php?rest_route=%2Fwp%2Fv2%2Fmedia&parent=2771"}],"curies":[{"name":"wp","href":"https:\/\/api.w.org\/{rel}","templated":true}]}}