{"id":2760,"date":"2016-07-02T09:12:08","date_gmt":"2016-07-02T09:12:08","guid":{"rendered":"http:\/\/skugg.wopsa.se\/?page_id=2760"},"modified":"2016-07-02T09:27:43","modified_gmt":"2016-07-02T09:27:43","slug":"auschwitz-5","status":"publish","type":"page","link":"https:\/\/xn--skuggorfrndetfrflutna-02b01b.se\/?page_id=2760","title":{"rendered":"Auschwitz"},"content":{"rendered":"<p style=\"text-align: justify;\">I b\u00f6rjan av 1940 var d\u00e5 order gavs fr\u00e5n Heinrich Himmler (som \u00e4ven inf\u00f6rskaffade borgen Wewelsburg som var SS h\u00f6gkvarter) om att en ny koncentrationsl\u00e4ger ska byggas, i staden Auschwitz (Oswiecim) som ligger i Polen. L\u00e4gret som d\u00f6ptes till Auschwitz, \u00f6ppnades den 20 maj 1940 och d\u00e5 de f\u00f6rsta f\u00e5ngarna som framf\u00f6r allt var polska politiska motst\u00e5ndare kunde ankomma, men senare var de flesta i l\u00e4gret b\u00e5de polacker och sovjetiska krigsf\u00e5ngar.<\/p>\n<p style=\"text-align: justify;\">80 procent av de ankomna f\u00f6rdes direkt in gaskamrarna och fick inte ens en chans till att vara slavarbetare och detta avgjordes efter att varje person hade genom g\u00e5tt en selektion. I slutet fick man reda p\u00e5 att det var en siffra p\u00e5 1 500 000 m\u00e4nniskor hade d\u00f6dats i Auschwitz.<\/p>\n<p style=\"text-align: justify;\">Joseph Mengele som var en SS chefsl\u00e4kare i Auschwitz-Birkenau valdes ut f\u00f6r att f\u00f6ra \u201dmedicinska\u201d experiment, han fick sj\u00e4lv v\u00e4lja vilka han ville utf\u00f6ra experimenten p\u00e5 bland alla judar och romer. Det som de fick vara med om var t.ex. att de injicerades med olika smitto\u00e4mnen och gifter, fick kroppsdelar amputerade eller att \u00f6gonen bortfr\u00e4tta med syra och det hemska var att en stor del av Mengeles offer var barn.<\/p>\n<p style=\"text-align: justify;\">K\u00e4lla:\u00a0http:\/\/www.levandehistoria.se\/fakta-om-forintelsen\/forintelsen\/forintelselager\/auschwitz-birkenau<\/p>\n<p style=\"text-align: justify;\">Jad 9A VT 2016<\/p>\n","protected":false},"excerpt":{"rendered":"<p>I b\u00f6rjan av 1940 var d\u00e5 order gavs fr\u00e5n Heinrich Himmler (som \u00e4ven inf\u00f6rskaffade borgen Wewelsburg som var SS h\u00f6gkvarter) om att en ny koncentrationsl\u00e4ger ska byggas, i staden Auschwitz (Oswiecim) som ligger i Polen. L\u00e4gret som d\u00f6ptes till Auschwitz, \u00f6ppnades den 20 maj 1940 och d\u00e5 de f\u00f6rsta f\u00e5ngarna som framf\u00f6r allt var polska &hellip; <\/p>\n<p><a class=\"more-link btn\" href=\"https:\/\/xn--skuggorfrndetfrflutna-02b01b.se\/?page_id=2760\">Forts\u00e4tt l\u00e4sa<\/a><\/p>\n","protected":false},"author":1,"featured_media":0,"parent":0,"menu_order":0,"comment_status":"closed","ping_status":"closed","template":"","meta":{"_monsterinsights_skip_tracking":false,"_monsterinsights_sitenote_active":false,"_monsterinsights_sitenote_note":"","_monsterinsights_sitenote_category":0,"footnotes":""},"class_list":["post-2760","page","type-page","status-publish","hentry","nodate","item-wrap"],"jetpack_sharing_enabled":true,"_links":{"self":[{"href":"https:\/\/xn--skuggorfrndetfrflutna-02b01b.se\/index.php?rest_route=\/wp\/v2\/pages\/2760","targetHints":{"allow":["GET"]}}],"collection":[{"href":"https:\/\/xn--skuggorfrndetfrflutna-02b01b.se\/index.php?rest_route=\/wp\/v2\/pages"}],"about":[{"href":"https:\/\/xn--skuggorfrndetfrflutna-02b01b.se\/index.php?rest_route=\/wp\/v2\/types\/page"}],"author":[{"embeddable":true,"href":"https:\/\/xn--skuggorfrndetfrflutna-02b01b.se\/index.php?rest_route=\/wp\/v2\/users\/1"}],"replies":[{"embeddable":true,"href":"https:\/\/xn--skuggorfrndetfrflutna-02b01b.se\/index.php?rest_route=%2Fwp%2Fv2%2Fcomments&post=2760"}],"version-history":[{"count":2,"href":"https:\/\/xn--skuggorfrndetfrflutna-02b01b.se\/index.php?rest_route=\/wp\/v2\/pages\/2760\/revisions"}],"predecessor-version":[{"id":2770,"href":"https:\/\/xn--skuggorfrndetfrflutna-02b01b.se\/index.php?rest_route=\/wp\/v2\/pages\/2760\/revisions\/2770"}],"wp:attachment":[{"href":"https:\/\/xn--skuggorfrndetfrflutna-02b01b.se\/index.php?rest_route=%2Fwp%2Fv2%2Fmedia&parent=2760"}],"curies":[{"name":"wp","href":"https:\/\/api.w.org\/{rel}","templated":true}]}}