{"id":260,"date":"2013-09-10T19:04:33","date_gmt":"2013-09-10T19:04:33","guid":{"rendered":"http:\/\/xn--skuggorfrndetfrflutna-02b01b.se\/?page_id=260"},"modified":"2013-09-10T19:04:33","modified_gmt":"2013-09-10T19:04:33","slug":"bergen-belsen","status":"publish","type":"page","link":"https:\/\/xn--skuggorfrndetfrflutna-02b01b.se\/?page_id=260","title":{"rendered":"Bergen Belsen"},"content":{"rendered":"<p>Bergen-Belsen var ett l\u00e4ger i norra Tyskland, platsen hade tidigare anv\u00e4nts som krigsf\u00e5ngel\u00e4ger. Bergen-Belsen b\u00f6rjade anv\u00e4ndas igen i\u00a0 april 1943, som genomg\u00e5ngsl\u00e4ger f\u00f6r judar som skulle utv\u00e4xlas mot tyska medborgare och f\u00f6r judar som hade inresetillst\u00e5nd till andra neutrala l\u00e4nder. Det var dock bara f\u00e5 av de judar som f\u00f6rdes till Bergen-Belsen som verkligen fick n\u00e5 friheten genom utv\u00e4xling eller som fick resa vidare.<\/p>\n<p>Bergen-Belsen var uppdelat i fem l\u00e4gerkategorier (eller sektioner som det kallades):<\/p>\n<ol>\n<li>\u00a0Ett f\u00e5ngl\u00e4ger f\u00f6r ca. 500 judiska f\u00e5ngar, som kom fr\u00e5n Buchenwald och Natzweiler f\u00f6r att bygga upp Bergen-Belsen. Men den delen st\u00e4ngdes i b\u00f6rjan av 1944 och de som fortfarande var vid livet flyttades till Sachsenhausen.<\/li>\n<li>Ett speciall\u00e4ger som startades i juni 1943, f\u00f6r runt 2\u00a0400 polska judar som kom fr\u00e5n blandannat fr\u00e5n Warzawa och Krakow. De hade tillst\u00e5nd att resa vidare till olika l\u00e4nder i Sydamerika, men trots det flyttades de flesta av dem till gaskamrarna i Auschwitz-Birkenau i slutet av 2943 och i b\u00f6rjan av 1944 iallafall.<\/li>\n<li>I juli 1944 b\u00f6rjade det anv\u00e4ndas en l\u00e4gerdel f\u00f6r judar med medborgarskap i neutrala l\u00e4nder. Dit f\u00f6rdes ungef\u00e4r 350 judar som var medborgare i fr\u00e4mst Spanien, Portugal, Turkiet och Argentina. De hade det lite b\u00e4ttre st\u00e4llt (lite friare) och behandlades b\u00e4ttre \u00e4n de andra f\u00e5ngarna.<\/li>\n<li>Den fj\u00e4rde l\u00e4gerdelen var den st\u00f6rsta och hette stj\u00e4rnl\u00e4gret. I juli 1944 fanns d\u00e4r omkring 4\u00a0000 judar, som skulle anv\u00e4ndas som utv\u00e4xlingsobjekt mot tyska medborgare. De flesta kom fr\u00e5n Holland, men det var ocks\u00e5 mindre grupper fr\u00e5n bland annat Frankrike, Jugoslavien och Albanien. \u00c4ven i stj\u00e4rnl\u00e4gret hade judarna lite b\u00e4ttre f\u00f6ruts\u00e4ttningar. De beh\u00f6vde tillexempel inte ha f\u00e5ngkl\u00e4der p\u00e5 sig. De var d\u00e4remot tvungna att b\u00e4ra den judestj\u00e4rnan p\u00e5 kl\u00e4derna \u2013 d\u00e4rf\u00f6r kallades l\u00e4gret just Stj\u00e4rnl\u00e4gret.<\/li>\n<li>I juli 1944 inr\u00e4ttades en l\u00e4gersektion f\u00f6r judar fr\u00e5n Ungern. Dit f\u00f6rdes 1\u00a0684 judar som hade tillst\u00e5nd att resa till Schweiz.\u00a0Under h\u00f6sten\u00a01944 transporterades dessa judar vidare till Schweiz.<\/li>\n<\/ol>\n<p>Under v\u00e5ren\u00a01944 b\u00f6rjade Bergen-Belsen formas alltmer till ett koncentrationsl\u00e4ger. Under mars detta \u00e5r\u00a0b\u00f6rjade nazisterna s\u00e4nda dit sjuka och svaga f\u00e5ngar fr\u00e5n andra l\u00e4ger. De flesta av dem dog ganska fort. I augusti 1944 inr\u00e4ttades en s\u00e4rskild del som kvinnol\u00e4ger och v\u00e4ldigt m\u00e5nga judiska kvinnor flyttade dit fr\u00e5n andra l\u00e4ger. I oktober flyttades ytterligare tusentals judar, flest kvinnor fr\u00e5n Auschwitz till Bergen-Belsen.<\/p>\n<p>I slutet av 1944 och b\u00f6rjan av 1945 blev Bergen-Belsen slutet f\u00f6r tiotusentals av alla de f\u00e5ngar som hade skickats ut p\u00e5 d\u00f6dsmarscher, n\u00e4r tyskarna evakuerade l\u00e4gren p\u00e5 \u00f6stfronten. Bergen-Belsen blev\u00a0snabbt \u00f6verbefolkat. M\u00e5nga av de nyanl\u00e4nda f\u00e5ngarna hade inte tak \u00f6ver huvudet, vatten och matf\u00f6rs\u00e4ljningen slutade att fungera, och en fruktansv\u00e4rd epidemi av fl\u00e4cktyfus . Fr\u00e5n januari till mitten av april 1945 dog omkring 35\u00a0000 f\u00e5ngar, varav 18\u00a0000 enbart i mars. Det fanns inte m\u00f6jlighet att br\u00e4nna eller gr\u00e4va ner alla d\u00f6da kroppar, utan de b\u00f6rjade ist\u00e4llet l\u00e4ggas i h\u00f6gar runtom i l\u00e4gret.<\/p>\n<p>Bergen-Belsen befriades av brittiska styrkor den 15 april 1945. Soldaterna m\u00f6ttes av omkring 60\u00a0000 sv\u00e4ltande, utm\u00e4rglade och sv\u00e5rt sjuka f\u00e5ngar, och h\u00f6gar med tusentals lik. Omkring 14\u00a0000 m\u00e4nniskor dog av sjukdomar och undern\u00e4ring under veckorna efter att l\u00e4gret hade befriats. De brittiska soldaterna var of\u00f6rberedda p\u00e5 den uppgift de st\u00e4lldes inf\u00f6r och saknade kunskap om sv\u00e5rt undern\u00e4rda m\u00e4nniskor. Under de f\u00f6rsta kaotiska dagarna dog uppskattningsvis omkring 2\u00a0000 m\u00e4nniskor till f\u00f6ljd av att de fick f\u00f6r mycket, och fel sorts, mat.<\/p>\n<p>Den 17 september 1945 \u00e5talades 45 personer ur Bergen-Belsens l\u00e4gerpersonal av en brittisk milit\u00e4rdomstol. R\u00e4tteg\u00e5ngen h\u00f6lls i staden L\u00fcneburg i Tyskland. Den p\u00e5gick i tv\u00e5 m\u00e5nader och blev k\u00e4nd som \u201dBelsenr\u00e4tteg\u00e5ngen\u201d. De flesta av de \u00e5talade d\u00f6mdes till f\u00e4ngelsestraff, n\u00e5gra fick g\u00e5 fria. Elva stycken d\u00f6dsd\u00f6mdes och avr\u00e4ttades (de blev h\u00e4ngda) den 12 december 1945.<\/p>\n<p>Av: Emma och Oliver 9D vt 2012<\/p>\n","protected":false},"excerpt":{"rendered":"<p>Bergen-Belsen var ett l\u00e4ger i norra Tyskland, platsen hade tidigare anv\u00e4nts som krigsf\u00e5ngel\u00e4ger. Bergen-Belsen b\u00f6rjade anv\u00e4ndas igen i\u00a0 april 1943, som genomg\u00e5ngsl\u00e4ger f\u00f6r judar som skulle utv\u00e4xlas mot tyska medborgare och f\u00f6r judar som hade inresetillst\u00e5nd till andra neutrala l\u00e4nder. Det var dock bara f\u00e5 av de judar som f\u00f6rdes till Bergen-Belsen som verkligen fick &hellip; <\/p>\n<p><a class=\"more-link btn\" href=\"https:\/\/xn--skuggorfrndetfrflutna-02b01b.se\/?page_id=260\">Forts\u00e4tt l\u00e4sa<\/a><\/p>\n","protected":false},"author":1,"featured_media":0,"parent":0,"menu_order":0,"comment_status":"closed","ping_status":"open","template":"","meta":{"_monsterinsights_skip_tracking":false,"_monsterinsights_sitenote_active":false,"_monsterinsights_sitenote_note":"","_monsterinsights_sitenote_category":0,"footnotes":""},"class_list":["post-260","page","type-page","status-publish","hentry","nodate","item-wrap"],"jetpack_sharing_enabled":true,"_links":{"self":[{"href":"https:\/\/xn--skuggorfrndetfrflutna-02b01b.se\/index.php?rest_route=\/wp\/v2\/pages\/260","targetHints":{"allow":["GET"]}}],"collection":[{"href":"https:\/\/xn--skuggorfrndetfrflutna-02b01b.se\/index.php?rest_route=\/wp\/v2\/pages"}],"about":[{"href":"https:\/\/xn--skuggorfrndetfrflutna-02b01b.se\/index.php?rest_route=\/wp\/v2\/types\/page"}],"author":[{"embeddable":true,"href":"https:\/\/xn--skuggorfrndetfrflutna-02b01b.se\/index.php?rest_route=\/wp\/v2\/users\/1"}],"replies":[{"embeddable":true,"href":"https:\/\/xn--skuggorfrndetfrflutna-02b01b.se\/index.php?rest_route=%2Fwp%2Fv2%2Fcomments&post=260"}],"version-history":[{"count":1,"href":"https:\/\/xn--skuggorfrndetfrflutna-02b01b.se\/index.php?rest_route=\/wp\/v2\/pages\/260\/revisions"}],"predecessor-version":[{"id":262,"href":"https:\/\/xn--skuggorfrndetfrflutna-02b01b.se\/index.php?rest_route=\/wp\/v2\/pages\/260\/revisions\/262"}],"wp:attachment":[{"href":"https:\/\/xn--skuggorfrndetfrflutna-02b01b.se\/index.php?rest_route=%2Fwp%2Fv2%2Fmedia&parent=260"}],"curies":[{"name":"wp","href":"https:\/\/api.w.org\/{rel}","templated":true}]}}