{"id":238,"date":"2013-09-10T18:49:32","date_gmt":"2013-09-10T18:49:32","guid":{"rendered":"http:\/\/xn--skuggorfrndetfrflutna-02b01b.se\/?page_id=238"},"modified":"2014-04-05T06:23:43","modified_gmt":"2014-04-05T06:23:43","slug":"klara-elsa-s","status":"publish","type":"page","link":"https:\/\/xn--skuggorfrndetfrflutna-02b01b.se\/?page_id=238","title":{"rendered":"Klara Elsa S"},"content":{"rendered":"<p><b><\/b>Elsa f\u00f6ddes 14 juni 1881 i Scheuditz, Tyskland. Hennes familj bestod av hennes pappa Otto, f\u00f6dd i augusti 1864, som arbetade som glasm\u00e4stare. Hennes mamma Klara, vars flicknamn var Stecher, f\u00f6ddes i maj 1865. Elsa hade ocks\u00e5 en \u00e4ldre bror och \u00e4ldre syster. Broder var invalid p\u00e5 grund av skador fr\u00e5n f\u00f6rsta v\u00e4rldskriget.<\/p>\n<p>Elsa gick \u00e5tta \u00e5r i skola och jobbade sedan som hembitr\u00e4de i tv\u00e5 \u00e5r. Efter det gick hon kurs i ett \u00e5r f\u00f6r att kunna bli s\u00f6mmerska, men hon gick sedan tillbaka till att arbeta som hembitr\u00e4de i n\u00e5gra \u00e5r, vilket hon inte kunde forts\u00e4tta med s\u00e5 l\u00e4nge pga. att hon inte gick med i det nationalsocialistiska partiet. Hon fick d\u00e5 jobba i hemmet med sin mor med s\u00f6mnad.<\/p>\n<p>Den 12 mars 1935 arresterades Elsa f\u00f6r att hon ingick i en f\u00f6rbjuden sekt, Jehovas vittnen. Hon satt d\u00e5 f\u00e4ngslad i tre m\u00e5nader i Halle. \u00c5r 1939 fick hon en skrivelse d\u00e4r hon skulle sv\u00e4ra p\u00e5 att hon ej tror p\u00e5 bibeln, en skrivelse d\u00e4r hon lovade att anm\u00e4la alla bes\u00f6kande i deras hem till polisen och \u00e4nnu en skrivelse d\u00e4r hon helt skulle underordna sig till nazistpartiet. Elsa v\u00e4grade skriva under dessa tre papper vilket ledde till att hon blev arresterad och f\u00f6rdes till ett koncentrationsl\u00e4ger. Hennes tyska medborgarskap fr\u00e5ntogs henne.<\/p>\n<p>Elsa satt f\u00e4ngslad i Lichtenburg i sex veckor. Hon f\u00f6rflyttades sedan till kvinnol\u00e4gret Ravensbr\u00fcck. Under de tre \u00e5r hon var f\u00e4ngslad i Ravensbr\u00fcck fick hon arbeta med gatu-och jordbruksarbete. I juni 1942 f\u00f6rdes Elsa till koncentrationsl\u00e4gret Auschwitz i Polen. D\u00e4r var hon fram tills januari 1945 och sedan f\u00f6rflyttades hon till flera koncentrationsl\u00e4ger innan hon till slut hamnade i Bergen-Belsen den 27 februari 1945. I mars insjuknade Elsa i fl\u00e4cktyfus, men tack vare engelsm\u00e4nnen flyttades hon till ett sjukhus i Bergen och fick v\u00e5rd. Den 20 juli 1945 sl\u00e4pptes Elsa ut d\u00e4rifr\u00e5n och s\u00e5 f\u00f6rdes hon till Sverige genom Svenska R\u00f6da korset. Hon anl\u00e4nde i Malm\u00f6 den 22 juli, d\u00e4r fick hon &#8221;titeln&#8221; repatriand, vilket betyder att hon ska tillfriskna och sedan \u00e5terv\u00e4nda hem.<\/p>\n<p>Fram till den 21 augusti var Elsa i ett karant\u00e4nl\u00e4ger i Lund f\u00f6r att den 22 augusti anl\u00e4nda till beredskapssjukhuset i \u00d6rebro. Hon blev friskf\u00f6rklarad av l\u00e4karen Olle Ottander den 4 oktober 1945. Den 23 november var Elsa tillr\u00e4ckligt frisk f\u00f6r att skickas till F\u00e5gelsta g\u00e5rd i Stockholm. D\u00e4r arbetade hon p\u00e5 en g\u00e5rd f\u00f6r Vakttornets bibel-och traktars\u00e4llskap som var en g\u00e5rd f\u00f6r Jehovas vittnen.<\/p>\n<p>Elsa var varken gift eller hade barn n\u00e4r hon kom till Sverige. Hon \u00f6nskade att stanna kvar i Sverige f\u00f6r tillf\u00e4llet. Hon arbetade senare som hembitr\u00e4de med en l\u00f6n p\u00e5 120 kronor i m\u00e5naden. Elsa \u00e5terv\u00e4nde till Tyskland 25 augusti 1948.<\/p>\n<p>Av: Elsa Englund 9F vt 2012<\/p>\n","protected":false},"excerpt":{"rendered":"<p>Elsa f\u00f6ddes 14 juni 1881 i Scheuditz, Tyskland. Hennes familj bestod av hennes pappa Otto, f\u00f6dd i augusti 1864, som arbetade som glasm\u00e4stare. Hennes mamma Klara, vars flicknamn var Stecher, f\u00f6ddes i maj 1865. Elsa hade ocks\u00e5 en \u00e4ldre bror och \u00e4ldre syster. Broder var invalid p\u00e5 grund av skador fr\u00e5n f\u00f6rsta v\u00e4rldskriget. Elsa gick &hellip; <\/p>\n<p><a class=\"more-link btn\" href=\"https:\/\/xn--skuggorfrndetfrflutna-02b01b.se\/?page_id=238\">Forts\u00e4tt l\u00e4sa<\/a><\/p>\n","protected":false},"author":1,"featured_media":0,"parent":0,"menu_order":0,"comment_status":"closed","ping_status":"open","template":"","meta":{"_monsterinsights_skip_tracking":false,"_monsterinsights_sitenote_active":false,"_monsterinsights_sitenote_note":"","_monsterinsights_sitenote_category":0,"footnotes":""},"class_list":["post-238","page","type-page","status-publish","hentry","nodate","item-wrap"],"jetpack_sharing_enabled":true,"_links":{"self":[{"href":"https:\/\/xn--skuggorfrndetfrflutna-02b01b.se\/index.php?rest_route=\/wp\/v2\/pages\/238","targetHints":{"allow":["GET"]}}],"collection":[{"href":"https:\/\/xn--skuggorfrndetfrflutna-02b01b.se\/index.php?rest_route=\/wp\/v2\/pages"}],"about":[{"href":"https:\/\/xn--skuggorfrndetfrflutna-02b01b.se\/index.php?rest_route=\/wp\/v2\/types\/page"}],"author":[{"embeddable":true,"href":"https:\/\/xn--skuggorfrndetfrflutna-02b01b.se\/index.php?rest_route=\/wp\/v2\/users\/1"}],"replies":[{"embeddable":true,"href":"https:\/\/xn--skuggorfrndetfrflutna-02b01b.se\/index.php?rest_route=%2Fwp%2Fv2%2Fcomments&post=238"}],"version-history":[{"count":2,"href":"https:\/\/xn--skuggorfrndetfrflutna-02b01b.se\/index.php?rest_route=\/wp\/v2\/pages\/238\/revisions"}],"predecessor-version":[{"id":1381,"href":"https:\/\/xn--skuggorfrndetfrflutna-02b01b.se\/index.php?rest_route=\/wp\/v2\/pages\/238\/revisions\/1381"}],"wp:attachment":[{"href":"https:\/\/xn--skuggorfrndetfrflutna-02b01b.se\/index.php?rest_route=%2Fwp%2Fv2%2Fmedia&parent=238"}],"curies":[{"name":"wp","href":"https:\/\/api.w.org\/{rel}","templated":true}]}}