{"id":2328,"date":"2016-02-08T16:38:56","date_gmt":"2016-02-08T16:38:56","guid":{"rendered":"http:\/\/skugg.wopsa.se\/?page_id=2328"},"modified":"2016-02-08T16:38:56","modified_gmt":"2016-02-08T16:38:56","slug":"dachau","status":"publish","type":"page","link":"https:\/\/xn--skuggorfrndetfrflutna-02b01b.se\/?page_id=2328","title":{"rendered":"Dachau"},"content":{"rendered":"<p><a href=\"http:\/\/www.levandehistoria.se\/fakta-om-forintelsen\/forintelsen\/koncentrationslager\/dachau-nazisternas-forsta-koncentrationslager\" target=\"_blank\">Klicka h\u00e4r f\u00f6r att komma till bra fakta om Dachau!<\/a><\/p>\n<p><a href=\"http:\/\/skugg.wopsa.se\/?attachment_id=2331\" rel=\"attachment wp-att-2331\"><img loading=\"lazy\" decoding=\"async\" class=\"alignnone size-large wp-image-2331\" src=\"http:\/\/skugg.wopsa.se\/wp-content\/uploads\/2016\/02\/Munchen-2010-307-1024x768.jpg\" alt=\"Munchen 2010 307\" width=\"1024\" height=\"768\" srcset=\"https:\/\/xn--skuggorfrndetfrflutna-02b01b.se\/wp-content\/uploads\/2016\/02\/Munchen-2010-307-1024x768.jpg 1024w, https:\/\/xn--skuggorfrndetfrflutna-02b01b.se\/wp-content\/uploads\/2016\/02\/Munchen-2010-307-300x225.jpg 300w, https:\/\/xn--skuggorfrndetfrflutna-02b01b.se\/wp-content\/uploads\/2016\/02\/Munchen-2010-307-768x576.jpg 768w\" sizes=\"auto, (max-width: 1024px) 100vw, 1024px\" \/><\/a><a href=\"http:\/\/skugg.wopsa.se\/?attachment_id=2329\" rel=\"attachment wp-att-2329\"><img loading=\"lazy\" decoding=\"async\" class=\"alignnone size-large wp-image-2329\" src=\"http:\/\/skugg.wopsa.se\/wp-content\/uploads\/2016\/02\/Munchen-2010-281-1024x768.jpg\" alt=\"Munchen 2010 281\" width=\"1024\" height=\"768\" srcset=\"https:\/\/xn--skuggorfrndetfrflutna-02b01b.se\/wp-content\/uploads\/2016\/02\/Munchen-2010-281-1024x768.jpg 1024w, https:\/\/xn--skuggorfrndetfrflutna-02b01b.se\/wp-content\/uploads\/2016\/02\/Munchen-2010-281-300x225.jpg 300w, https:\/\/xn--skuggorfrndetfrflutna-02b01b.se\/wp-content\/uploads\/2016\/02\/Munchen-2010-281-768x576.jpg 768w\" sizes=\"auto, (max-width: 1024px) 100vw, 1024px\" \/><\/a><a href=\"http:\/\/skugg.wopsa.se\/?attachment_id=2330\" rel=\"attachment wp-att-2330\"><img loading=\"lazy\" decoding=\"async\" class=\"alignnone size-large wp-image-2330\" src=\"http:\/\/skugg.wopsa.se\/wp-content\/uploads\/2016\/02\/Munchen-2010-305-1024x768.jpg\" alt=\"Munchen 2010 305\" width=\"1024\" height=\"768\" srcset=\"https:\/\/xn--skuggorfrndetfrflutna-02b01b.se\/wp-content\/uploads\/2016\/02\/Munchen-2010-305-1024x768.jpg 1024w, https:\/\/xn--skuggorfrndetfrflutna-02b01b.se\/wp-content\/uploads\/2016\/02\/Munchen-2010-305-300x225.jpg 300w, https:\/\/xn--skuggorfrndetfrflutna-02b01b.se\/wp-content\/uploads\/2016\/02\/Munchen-2010-305-768x576.jpg 768w\" sizes=\"auto, (max-width: 1024px) 100vw, 1024px\" \/><\/a><\/p>\n<p><a href=\"http:\/\/skugg.wopsa.se\/?attachment_id=2333\" rel=\"attachment wp-att-2333\"><img loading=\"lazy\" decoding=\"async\" class=\"alignnone size-large wp-image-2333\" src=\"http:\/\/skugg.wopsa.se\/wp-content\/uploads\/2016\/02\/M\u00fcnchen-2005-015-1024x768.jpg\" alt=\"M\u00fcnchen 2005 015\" width=\"1024\" height=\"768\" srcset=\"https:\/\/xn--skuggorfrndetfrflutna-02b01b.se\/wp-content\/uploads\/2016\/02\/M\u00fcnchen-2005-015.jpg 1024w, https:\/\/xn--skuggorfrndetfrflutna-02b01b.se\/wp-content\/uploads\/2016\/02\/M\u00fcnchen-2005-015-300x225.jpg 300w, https:\/\/xn--skuggorfrndetfrflutna-02b01b.se\/wp-content\/uploads\/2016\/02\/M\u00fcnchen-2005-015-768x576.jpg 768w\" sizes=\"auto, (max-width: 1024px) 100vw, 1024px\" \/><\/a> <a href=\"http:\/\/skugg.wopsa.se\/?attachment_id=2334\" rel=\"attachment wp-att-2334\"><img loading=\"lazy\" decoding=\"async\" class=\"alignnone size-large wp-image-2334\" src=\"http:\/\/skugg.wopsa.se\/wp-content\/uploads\/2016\/02\/M\u00fcnchen-2005-018-768x1024.jpg\" alt=\"M\u00fcnchen 2005 018\" width=\"768\" height=\"1024\" srcset=\"https:\/\/xn--skuggorfrndetfrflutna-02b01b.se\/wp-content\/uploads\/2016\/02\/M\u00fcnchen-2005-018.jpg 768w, https:\/\/xn--skuggorfrndetfrflutna-02b01b.se\/wp-content\/uploads\/2016\/02\/M\u00fcnchen-2005-018-225x300.jpg 225w\" sizes=\"auto, (max-width: 768px) 100vw, 768px\" \/><\/a> <a href=\"http:\/\/skugg.wopsa.se\/?attachment_id=2335\" rel=\"attachment wp-att-2335\"><img loading=\"lazy\" decoding=\"async\" class=\"alignnone size-large wp-image-2335\" src=\"http:\/\/skugg.wopsa.se\/wp-content\/uploads\/2016\/02\/M\u00fcnchen-2005-027-1024x768.jpg\" alt=\"M\u00fcnchen 2005 027\" width=\"1024\" height=\"768\" srcset=\"https:\/\/xn--skuggorfrndetfrflutna-02b01b.se\/wp-content\/uploads\/2016\/02\/M\u00fcnchen-2005-027.jpg 1024w, https:\/\/xn--skuggorfrndetfrflutna-02b01b.se\/wp-content\/uploads\/2016\/02\/M\u00fcnchen-2005-027-300x225.jpg 300w, https:\/\/xn--skuggorfrndetfrflutna-02b01b.se\/wp-content\/uploads\/2016\/02\/M\u00fcnchen-2005-027-768x576.jpg 768w\" sizes=\"auto, (max-width: 1024px) 100vw, 1024px\" \/><\/a> <a href=\"http:\/\/skugg.wopsa.se\/?attachment_id=2336\" rel=\"attachment wp-att-2336\"><img loading=\"lazy\" decoding=\"async\" class=\"alignnone size-large wp-image-2336\" src=\"http:\/\/skugg.wopsa.se\/wp-content\/uploads\/2016\/02\/M\u00fcnchen-2005-044-1024x768.jpg\" alt=\"M\u00fcnchen 2005 044\" width=\"1024\" height=\"768\" srcset=\"https:\/\/xn--skuggorfrndetfrflutna-02b01b.se\/wp-content\/uploads\/2016\/02\/M\u00fcnchen-2005-044.jpg 1024w, https:\/\/xn--skuggorfrndetfrflutna-02b01b.se\/wp-content\/uploads\/2016\/02\/M\u00fcnchen-2005-044-300x225.jpg 300w, https:\/\/xn--skuggorfrndetfrflutna-02b01b.se\/wp-content\/uploads\/2016\/02\/M\u00fcnchen-2005-044-768x576.jpg 768w\" sizes=\"auto, (max-width: 1024px) 100vw, 1024px\" \/><\/a> <a href=\"http:\/\/skugg.wopsa.se\/?attachment_id=2337\" rel=\"attachment wp-att-2337\"><img loading=\"lazy\" decoding=\"async\" class=\"alignnone size-large wp-image-2337\" src=\"http:\/\/skugg.wopsa.se\/wp-content\/uploads\/2016\/02\/M\u00fcnchen-2005-051-1024x768.jpg\" alt=\"M\u00fcnchen 2005 051\" width=\"1024\" height=\"768\" srcset=\"https:\/\/xn--skuggorfrndetfrflutna-02b01b.se\/wp-content\/uploads\/2016\/02\/M\u00fcnchen-2005-051.jpg 1024w, https:\/\/xn--skuggorfrndetfrflutna-02b01b.se\/wp-content\/uploads\/2016\/02\/M\u00fcnchen-2005-051-300x225.jpg 300w, https:\/\/xn--skuggorfrndetfrflutna-02b01b.se\/wp-content\/uploads\/2016\/02\/M\u00fcnchen-2005-051-768x576.jpg 768w\" sizes=\"auto, (max-width: 1024px) 100vw, 1024px\" \/><\/a><\/p>\n<p>K\u00e4lla: Mikael Enoksson 2005 och 2010.<\/p>\n","protected":false},"excerpt":{"rendered":"<p>Klicka h\u00e4r f\u00f6r att komma till bra fakta om Dachau! K\u00e4lla: Mikael Enoksson 2005 och 2010.<\/p>\n","protected":false},"author":1,"featured_media":0,"parent":0,"menu_order":0,"comment_status":"closed","ping_status":"closed","template":"","meta":{"_monsterinsights_skip_tracking":false,"_monsterinsights_sitenote_active":false,"_monsterinsights_sitenote_note":"","_monsterinsights_sitenote_category":0,"footnotes":""},"class_list":["post-2328","page","type-page","status-publish","hentry","nodate","item-wrap"],"jetpack_sharing_enabled":true,"_links":{"self":[{"href":"https:\/\/xn--skuggorfrndetfrflutna-02b01b.se\/index.php?rest_route=\/wp\/v2\/pages\/2328","targetHints":{"allow":["GET"]}}],"collection":[{"href":"https:\/\/xn--skuggorfrndetfrflutna-02b01b.se\/index.php?rest_route=\/wp\/v2\/pages"}],"about":[{"href":"https:\/\/xn--skuggorfrndetfrflutna-02b01b.se\/index.php?rest_route=\/wp\/v2\/types\/page"}],"author":[{"embeddable":true,"href":"https:\/\/xn--skuggorfrndetfrflutna-02b01b.se\/index.php?rest_route=\/wp\/v2\/users\/1"}],"replies":[{"embeddable":true,"href":"https:\/\/xn--skuggorfrndetfrflutna-02b01b.se\/index.php?rest_route=%2Fwp%2Fv2%2Fcomments&post=2328"}],"version-history":[{"count":1,"href":"https:\/\/xn--skuggorfrndetfrflutna-02b01b.se\/index.php?rest_route=\/wp\/v2\/pages\/2328\/revisions"}],"predecessor-version":[{"id":2339,"href":"https:\/\/xn--skuggorfrndetfrflutna-02b01b.se\/index.php?rest_route=\/wp\/v2\/pages\/2328\/revisions\/2339"}],"wp:attachment":[{"href":"https:\/\/xn--skuggorfrndetfrflutna-02b01b.se\/index.php?rest_route=%2Fwp%2Fv2%2Fmedia&parent=2328"}],"curies":[{"name":"wp","href":"https:\/\/api.w.org\/{rel}","templated":true}]}}