{"id":2316,"date":"2016-02-08T16:27:41","date_gmt":"2016-02-08T16:27:41","guid":{"rendered":"http:\/\/skugg.wopsa.se\/?page_id=2316"},"modified":"2016-02-08T16:27:41","modified_gmt":"2016-02-08T16:27:41","slug":"gross-rosen-2","status":"publish","type":"page","link":"https:\/\/xn--skuggorfrndetfrflutna-02b01b.se\/?page_id=2316","title":{"rendered":"Gross Rosen"},"content":{"rendered":"<p><a href=\"http:\/\/www.levandehistoria.se\/fakta-om-forintelsen\/forintelsen\/koncentrationslager\/gross-rosen\" target=\"_blank\">Klicka h\u00e4r f\u00f6r att komma till bra fakta om Gross Rosen!<\/a><\/p>\n<p><a href=\"http:\/\/skugg.wopsa.se\/?attachment_id=2317\" rel=\"attachment wp-att-2317\"><img loading=\"lazy\" decoding=\"async\" class=\"alignnone size-large wp-image-2317\" src=\"http:\/\/skugg.wopsa.se\/wp-content\/uploads\/2016\/02\/DSC_0565-1024x680.jpg\" alt=\"DSC_0565\" width=\"1024\" height=\"680\" srcset=\"https:\/\/xn--skuggorfrndetfrflutna-02b01b.se\/wp-content\/uploads\/2016\/02\/DSC_0565-1024x680.jpg 1024w, https:\/\/xn--skuggorfrndetfrflutna-02b01b.se\/wp-content\/uploads\/2016\/02\/DSC_0565-300x199.jpg 300w, https:\/\/xn--skuggorfrndetfrflutna-02b01b.se\/wp-content\/uploads\/2016\/02\/DSC_0565-768x510.jpg 768w\" sizes=\"auto, (max-width: 1024px) 100vw, 1024px\" \/><\/a><\/p>\n<p><a href=\"http:\/\/skugg.wopsa.se\/?attachment_id=2318\" rel=\"attachment wp-att-2318\"><img loading=\"lazy\" decoding=\"async\" class=\"alignnone size-large wp-image-2318\" src=\"http:\/\/skugg.wopsa.se\/wp-content\/uploads\/2016\/02\/DSC_0576-1024x680.jpg\" alt=\"DSC_0576\" width=\"1024\" height=\"680\" srcset=\"https:\/\/xn--skuggorfrndetfrflutna-02b01b.se\/wp-content\/uploads\/2016\/02\/DSC_0576-1024x680.jpg 1024w, https:\/\/xn--skuggorfrndetfrflutna-02b01b.se\/wp-content\/uploads\/2016\/02\/DSC_0576-300x199.jpg 300w, https:\/\/xn--skuggorfrndetfrflutna-02b01b.se\/wp-content\/uploads\/2016\/02\/DSC_0576-768x510.jpg 768w\" sizes=\"auto, (max-width: 1024px) 100vw, 1024px\" \/><\/a> <a href=\"http:\/\/skugg.wopsa.se\/?attachment_id=2319\" rel=\"attachment wp-att-2319\"><img loading=\"lazy\" decoding=\"async\" class=\"alignnone size-large wp-image-2319\" src=\"http:\/\/skugg.wopsa.se\/wp-content\/uploads\/2016\/02\/DSC_0588-1024x680.jpg\" alt=\"DSC_0588\" width=\"1024\" height=\"680\" srcset=\"https:\/\/xn--skuggorfrndetfrflutna-02b01b.se\/wp-content\/uploads\/2016\/02\/DSC_0588-1024x680.jpg 1024w, https:\/\/xn--skuggorfrndetfrflutna-02b01b.se\/wp-content\/uploads\/2016\/02\/DSC_0588-300x199.jpg 300w, https:\/\/xn--skuggorfrndetfrflutna-02b01b.se\/wp-content\/uploads\/2016\/02\/DSC_0588-768x510.jpg 768w\" sizes=\"auto, (max-width: 1024px) 100vw, 1024px\" \/><\/a> <a href=\"http:\/\/skugg.wopsa.se\/?attachment_id=2320\" rel=\"attachment wp-att-2320\"><img loading=\"lazy\" decoding=\"async\" class=\"alignnone size-large wp-image-2320\" src=\"http:\/\/skugg.wopsa.se\/wp-content\/uploads\/2016\/02\/DSC_0592-1024x680.jpg\" alt=\"DSC_0592\" width=\"1024\" height=\"680\" srcset=\"https:\/\/xn--skuggorfrndetfrflutna-02b01b.se\/wp-content\/uploads\/2016\/02\/DSC_0592-1024x680.jpg 1024w, https:\/\/xn--skuggorfrndetfrflutna-02b01b.se\/wp-content\/uploads\/2016\/02\/DSC_0592-300x199.jpg 300w, https:\/\/xn--skuggorfrndetfrflutna-02b01b.se\/wp-content\/uploads\/2016\/02\/DSC_0592-768x510.jpg 768w\" sizes=\"auto, (max-width: 1024px) 100vw, 1024px\" \/><\/a> <a href=\"http:\/\/skugg.wopsa.se\/?attachment_id=2321\" rel=\"attachment wp-att-2321\"><img loading=\"lazy\" decoding=\"async\" class=\"alignnone size-large wp-image-2321\" src=\"http:\/\/skugg.wopsa.se\/wp-content\/uploads\/2016\/02\/DSC_0626-1024x680.jpg\" alt=\"DSC_0626\" width=\"1024\" height=\"680\" srcset=\"https:\/\/xn--skuggorfrndetfrflutna-02b01b.se\/wp-content\/uploads\/2016\/02\/DSC_0626-1024x680.jpg 1024w, https:\/\/xn--skuggorfrndetfrflutna-02b01b.se\/wp-content\/uploads\/2016\/02\/DSC_0626-300x199.jpg 300w, https:\/\/xn--skuggorfrndetfrflutna-02b01b.se\/wp-content\/uploads\/2016\/02\/DSC_0626-768x510.jpg 768w\" sizes=\"auto, (max-width: 1024px) 100vw, 1024px\" \/><\/a> <a href=\"http:\/\/skugg.wopsa.se\/?attachment_id=2322\" rel=\"attachment wp-att-2322\"><img loading=\"lazy\" decoding=\"async\" class=\"alignnone size-large wp-image-2322\" src=\"http:\/\/skugg.wopsa.se\/wp-content\/uploads\/2016\/02\/DSC_0616-1024x586.jpg\" alt=\"DSC_0616\" width=\"1024\" height=\"586\" srcset=\"https:\/\/xn--skuggorfrndetfrflutna-02b01b.se\/wp-content\/uploads\/2016\/02\/DSC_0616-1024x586.jpg 1024w, https:\/\/xn--skuggorfrndetfrflutna-02b01b.se\/wp-content\/uploads\/2016\/02\/DSC_0616-300x172.jpg 300w, https:\/\/xn--skuggorfrndetfrflutna-02b01b.se\/wp-content\/uploads\/2016\/02\/DSC_0616-768x439.jpg 768w\" sizes=\"auto, (max-width: 1024px) 100vw, 1024px\" \/><\/a> <a href=\"http:\/\/skugg.wopsa.se\/?attachment_id=2323\" rel=\"attachment wp-att-2323\"><img loading=\"lazy\" decoding=\"async\" class=\"alignnone size-large wp-image-2323\" src=\"http:\/\/skugg.wopsa.se\/wp-content\/uploads\/2016\/02\/DSC_0620-1024x432.jpg\" alt=\"DSC_0620\" width=\"1024\" height=\"432\" srcset=\"https:\/\/xn--skuggorfrndetfrflutna-02b01b.se\/wp-content\/uploads\/2016\/02\/DSC_0620-1024x432.jpg 1024w, https:\/\/xn--skuggorfrndetfrflutna-02b01b.se\/wp-content\/uploads\/2016\/02\/DSC_0620-300x127.jpg 300w, https:\/\/xn--skuggorfrndetfrflutna-02b01b.se\/wp-content\/uploads\/2016\/02\/DSC_0620-768x324.jpg 768w\" sizes=\"auto, (max-width: 1024px) 100vw, 1024px\" \/><\/a><\/p>\n<p><a href=\"http:\/\/skugg.wopsa.se\/?attachment_id=2325\" rel=\"attachment wp-att-2325\"><img loading=\"lazy\" decoding=\"async\" class=\"alignnone size-large wp-image-2325\" src=\"http:\/\/skugg.wopsa.se\/wp-content\/uploads\/2016\/02\/DSC_0613-1024x686.jpg\" alt=\"DSC_0613\" width=\"1024\" height=\"686\" srcset=\"https:\/\/xn--skuggorfrndetfrflutna-02b01b.se\/wp-content\/uploads\/2016\/02\/DSC_0613-1024x686.jpg 1024w, https:\/\/xn--skuggorfrndetfrflutna-02b01b.se\/wp-content\/uploads\/2016\/02\/DSC_0613-300x201.jpg 300w, https:\/\/xn--skuggorfrndetfrflutna-02b01b.se\/wp-content\/uploads\/2016\/02\/DSC_0613-768x514.jpg 768w\" sizes=\"auto, (max-width: 1024px) 100vw, 1024px\" \/><\/a><\/p>\n<p><a href=\"http:\/\/skugg.wopsa.se\/?attachment_id=2324\" rel=\"attachment wp-att-2324\"><img loading=\"lazy\" decoding=\"async\" class=\"alignnone size-large wp-image-2324\" src=\"http:\/\/skugg.wopsa.se\/wp-content\/uploads\/2016\/02\/DSC_0647-1024x680.jpg\" alt=\"DSC_0647\" width=\"1024\" height=\"680\" srcset=\"https:\/\/xn--skuggorfrndetfrflutna-02b01b.se\/wp-content\/uploads\/2016\/02\/DSC_0647-1024x680.jpg 1024w, https:\/\/xn--skuggorfrndetfrflutna-02b01b.se\/wp-content\/uploads\/2016\/02\/DSC_0647-300x199.jpg 300w, https:\/\/xn--skuggorfrndetfrflutna-02b01b.se\/wp-content\/uploads\/2016\/02\/DSC_0647-768x510.jpg 768w\" sizes=\"auto, (max-width: 1024px) 100vw, 1024px\" \/><\/a><\/p>\n<p>K\u00e4lla: Mikael Enoksson 2015<\/p>\n","protected":false},"excerpt":{"rendered":"<p>Klicka h\u00e4r f\u00f6r att komma till bra fakta om Gross Rosen! K\u00e4lla: Mikael Enoksson 2015<\/p>\n","protected":false},"author":1,"featured_media":0,"parent":0,"menu_order":0,"comment_status":"closed","ping_status":"closed","template":"","meta":{"_monsterinsights_skip_tracking":false,"_monsterinsights_sitenote_active":false,"_monsterinsights_sitenote_note":"","_monsterinsights_sitenote_category":0,"footnotes":""},"class_list":["post-2316","page","type-page","status-publish","hentry","nodate","item-wrap"],"jetpack_sharing_enabled":true,"_links":{"self":[{"href":"https:\/\/xn--skuggorfrndetfrflutna-02b01b.se\/index.php?rest_route=\/wp\/v2\/pages\/2316","targetHints":{"allow":["GET"]}}],"collection":[{"href":"https:\/\/xn--skuggorfrndetfrflutna-02b01b.se\/index.php?rest_route=\/wp\/v2\/pages"}],"about":[{"href":"https:\/\/xn--skuggorfrndetfrflutna-02b01b.se\/index.php?rest_route=\/wp\/v2\/types\/page"}],"author":[{"embeddable":true,"href":"https:\/\/xn--skuggorfrndetfrflutna-02b01b.se\/index.php?rest_route=\/wp\/v2\/users\/1"}],"replies":[{"embeddable":true,"href":"https:\/\/xn--skuggorfrndetfrflutna-02b01b.se\/index.php?rest_route=%2Fwp%2Fv2%2Fcomments&post=2316"}],"version-history":[{"count":1,"href":"https:\/\/xn--skuggorfrndetfrflutna-02b01b.se\/index.php?rest_route=\/wp\/v2\/pages\/2316\/revisions"}],"predecessor-version":[{"id":2327,"href":"https:\/\/xn--skuggorfrndetfrflutna-02b01b.se\/index.php?rest_route=\/wp\/v2\/pages\/2316\/revisions\/2327"}],"wp:attachment":[{"href":"https:\/\/xn--skuggorfrndetfrflutna-02b01b.se\/index.php?rest_route=%2Fwp%2Fv2%2Fmedia&parent=2316"}],"curies":[{"name":"wp","href":"https:\/\/api.w.org\/{rel}","templated":true}]}}