{"id":228,"date":"2013-09-10T18:36:17","date_gmt":"2013-09-10T18:36:17","guid":{"rendered":"http:\/\/xn--skuggorfrndetfrflutna-02b01b.se\/?page_id=228"},"modified":"2016-07-02T09:41:32","modified_gmt":"2016-07-02T09:41:32","slug":"neuengamme-och-de-vita-bussarna","status":"publish","type":"page","link":"https:\/\/xn--skuggorfrndetfrflutna-02b01b.se\/?page_id=228","title":{"rendered":"Neuengamme och de vita bussarna"},"content":{"rendered":"<p><b>Neuengamme och de vita bussarna \u2013 ett dilemma<\/b><\/p>\n<p>Den 12 mars 1945 anl\u00e4nder cirka 300 svenskar med omkring 100 vitm\u00e5lade fordon till Tyskland. Kriget p\u00e5g\u00e5r fortfarande. Uppgiften \u00e4r att fr\u00e5n olika koncentrationsl\u00e4ger i det Tredje riket samla alla danska, norska och andra nordiska medborgare och f\u00f6ra dessa ut ur Tyskland.<\/p>\n<p>Svenska R\u00f6da korsets vice ordf\u00f6rande, greve Folke Bernadotte, har efter f\u00f6rhandlingar med SS-chefen Himmler f\u00e5tt tillst\u00e5nd att samla de nordiska koncentrationsl\u00e4gerf\u00e5ngarna i l\u00e4gret Neuengamme, s\u00f6der om Hamburg. Man hoppas att s\u00e5 sm\u00e5ningom kunna f\u00f6ra ut f\u00e5ngarna genom Danmark till friheten i Sverige. Folke Bernadotte och hans medarbetare st\u00e4lls inf\u00f6r de enormt sv\u00e5ra humanit\u00e4ra och sanit\u00e4ra f\u00f6rh\u00e5llanden som r\u00e5dde i Neuengamme och i de flesta andra koncentrationsl\u00e4ger vid den h\u00e4r tidpunkten. N\u00e4rmare 100\u00a0000 f\u00e5ngar finns i Neuengamme, vilka lider sv\u00e5rt av tungt kroppsarbete, d\u00e5lig hygien och brist p\u00e5 mat. Sv\u00e5ra sjukdomsepidemier rasar i l\u00e4gret. Neuengamme \u00e4r s\u00e5ledes ingen s\u00e4rskilt trevlig plats f\u00f6r de nordiska f\u00e5ngarna, och m\u00e5nga riskerar att d\u00f6.<\/p>\n<p>L\u00e4gerchefen SS-officeren Max Pauly erbjuder sig att st\u00e4lla i ordning en mera h\u00e4lsosam plats, en flerv\u00e5ningsbyggnad inom l\u00e4geromr\u00e5det kallad Schonungsblock, f\u00f6r de skandinaviska f\u00e5ngarna. Men det finns ett problem. Omkring 2\u00a0000 \u201dpolitiska\u201d f\u00e5ngar och krigsf\u00e5ngar fr\u00e5n Frankrike, Holland, Belgien och Polen finns i byggnaden. De allra flesta sv\u00e5rt sjuka, undern\u00e4rda eller d\u00f6ende.<\/p>\n<p>L\u00e4gerchefen Max Pauly ger den svenske bef\u00e4lhavaren p\u00e5 plats, \u00f6verste Gottfried Bj\u00f6rk ett ultimatum. Om svenskarna, det vill s\u00e4ga Svenska R\u00f6da korset, inte transporterar dessa 2\u00a0000 f\u00e5ngar till andra koncentrationsl\u00e4ger, kommer <span style=\"text-decoration: underline;\">inte<\/span> n\u00e5gra fler nordiska f\u00e5ngar att f\u00e5 transporteras till Neuengamme och sedan till Sverige. Sj\u00e4lva har tyskarna varken fordon eller bensin f\u00f6r s\u00e5dana transporter.<\/p>\n<p>\u00d6verste Bj\u00f6rck v\u00e5ndas, hur ska han g\u00f6ra?<\/p>\n<h2><a href=\"https:\/\/drive.google.com\/file\/d\/0B-HmSmf8cxy2T2hfY0RpV1F0eTg\/view?usp=sharing\" target=\"_blank\">Klicka p\u00e5 denna l\u00e4nk f\u00f6r att komma vidare till \u00f6vningen!<\/a><\/h2>\n<p>&nbsp;<\/p>\n","protected":false},"excerpt":{"rendered":"<p>Neuengamme och de vita bussarna \u2013 ett dilemma Den 12 mars 1945 anl\u00e4nder cirka 300 svenskar med omkring 100 vitm\u00e5lade fordon till Tyskland. Kriget p\u00e5g\u00e5r fortfarande. Uppgiften \u00e4r att fr\u00e5n olika koncentrationsl\u00e4ger i det Tredje riket samla alla danska, norska och andra nordiska medborgare och f\u00f6ra dessa ut ur Tyskland. Svenska R\u00f6da korsets vice ordf\u00f6rande, &hellip; <\/p>\n<p><a class=\"more-link btn\" href=\"https:\/\/xn--skuggorfrndetfrflutna-02b01b.se\/?page_id=228\">Forts\u00e4tt l\u00e4sa<\/a><\/p>\n","protected":false},"author":1,"featured_media":0,"parent":0,"menu_order":0,"comment_status":"closed","ping_status":"open","template":"","meta":{"_monsterinsights_skip_tracking":false,"_monsterinsights_sitenote_active":false,"_monsterinsights_sitenote_note":"","_monsterinsights_sitenote_category":0,"footnotes":""},"class_list":["post-228","page","type-page","status-publish","hentry","nodate","item-wrap"],"jetpack_sharing_enabled":true,"_links":{"self":[{"href":"https:\/\/xn--skuggorfrndetfrflutna-02b01b.se\/index.php?rest_route=\/wp\/v2\/pages\/228","targetHints":{"allow":["GET"]}}],"collection":[{"href":"https:\/\/xn--skuggorfrndetfrflutna-02b01b.se\/index.php?rest_route=\/wp\/v2\/pages"}],"about":[{"href":"https:\/\/xn--skuggorfrndetfrflutna-02b01b.se\/index.php?rest_route=\/wp\/v2\/types\/page"}],"author":[{"embeddable":true,"href":"https:\/\/xn--skuggorfrndetfrflutna-02b01b.se\/index.php?rest_route=\/wp\/v2\/users\/1"}],"replies":[{"embeddable":true,"href":"https:\/\/xn--skuggorfrndetfrflutna-02b01b.se\/index.php?rest_route=%2Fwp%2Fv2%2Fcomments&post=228"}],"version-history":[{"count":7,"href":"https:\/\/xn--skuggorfrndetfrflutna-02b01b.se\/index.php?rest_route=\/wp\/v2\/pages\/228\/revisions"}],"predecessor-version":[{"id":2780,"href":"https:\/\/xn--skuggorfrndetfrflutna-02b01b.se\/index.php?rest_route=\/wp\/v2\/pages\/228\/revisions\/2780"}],"wp:attachment":[{"href":"https:\/\/xn--skuggorfrndetfrflutna-02b01b.se\/index.php?rest_route=%2Fwp%2Fv2%2Fmedia&parent=228"}],"curies":[{"name":"wp","href":"https:\/\/api.w.org\/{rel}","templated":true}]}}