{"id":2170,"date":"2015-05-31T19:49:06","date_gmt":"2015-05-31T19:49:06","guid":{"rendered":"http:\/\/xn--skuggorfrndetfrflutna-02b01b.se\/?page_id=2170"},"modified":"2017-11-21T20:25:10","modified_gmt":"2017-11-21T20:25:10","slug":"den-judiska-begravningsplatsen-i-oswiecim-uppgiften","status":"publish","type":"page","link":"https:\/\/xn--skuggorfrndetfrflutna-02b01b.se\/?page_id=2170","title":{"rendered":"Den judiska begravningsplatsen i Oswiecim &#8211; Uppgiften"},"content":{"rendered":"<p><strong>Information om gravstenar<\/strong><\/p>\n<p>M\u00e5nga stenar \u00e4r uppr\u00e4ttst\u00e5ende med rundade toppar &#8211; de kallas f\u00f6r Matzevas. De flesta \u00e4r gjorda av sandsten eller kalksten. Begravningsplasten b\u00f6rjade anv\u00e4ndas \u00e5r 1757 och inneh\u00e5ller idag ca 1\u00a0000 bevarade gravstenar. Szymon Kluger begravdes h\u00e4r 2000. F\u00f6re honom var sista begravningen 1939.<\/p>\n<p>Du har varit p\u00e5 den judiska begravningsplatsen i Karakow och i Plaszowl\u00e4gret har du sett den f\u00f6rst\u00f6rda begravningsplatsen. Sannolikt anv\u00e4ndes gravstenar h\u00e4rifr\u00e5n till stenl\u00e4ggningar under kriget.<\/p>\n<p>P\u00e5 judiska gravar placeras gravstenen p\u00e5 graven 1 \u00e5r efter att personen d\u00f6tt. Gravstenar \u00e4r oftast ordnade i riktning mot Jerusalem.<\/p>\n<p>Skriften p\u00e5 stenarna \u00e4r oftast p\u00e5 hebreiska och d\u00e4r finns olika symboler som passade till den d\u00f6des ursprung, namn eller yrke. I undantagsfall \u00e4ven jiddisch (eller tyska eller idag polska).<\/p>\n<p>Enligt den judiska religionen b\u00f6r man inte avbilda m\u00e4nniskor p\u00e5 gravstenarna, om det \u00e4nd\u00e5 finns en bild s\u00e5 \u00e4r det bara sm\u00e5 figurer som har ansiktet \u00f6vert\u00e4ckt.<\/p>\n<p>Ohel = En speciell sorts gravar som \u00e4r som ett litet hus byggt \u00f6ver rabbinernas gravar. De byggdes av tegel eller tr\u00e4. N\u00e4r judar bes\u00f6ker s\u00e5dana Ohel skriver de b\u00f6ner, \u00f6nskningar eller viktiga fr\u00e5gor p\u00e5 lappar som de l\u00e4mna d\u00e4r och hoppas f\u00e5 svar p\u00e5.<\/p>\n<p><strong>Symboler p\u00e5 Matzvor<\/strong><\/p>\n<p><strong>H\u00e4nder med \u00f6ppna handflator\/h\u00e4nder<\/strong> som \u201dtv\u00e4ttar sig\u201d\/h\u00e4nder som tv\u00e4ttas i handfat + en tillbringare: symbol f\u00f6r rituell renhet (andligt) kan \u00e4ven vara anknytning till h\u00f6gre pr\u00e4stsl\u00e4kt.<\/p>\n<p><strong>H\u00e4nder som \u201dskriver\u201d:<\/strong> symbol f\u00f6r yrken som skrivare eller k\u00f6pman.<\/p>\n<p><strong>Fj\u00e4derpenna och bl\u00e4ckhorn<\/strong>: symbol f\u00f6r de som kopierade de heliga skrifterna.<\/p>\n<p><strong>B\u00f6cker, bokhyllor:<\/strong> symbol f\u00f6r l\u00e4rda personer t ex l\u00e4rare, eller religi\u00f6st kunniga. Kan ocks\u00e5 betyda att man vill visa att b\u00f6cker \u00e4r viktiga.<\/p>\n<p><strong>Krona eller krans:<\/strong> trohet och lydnad mot judendomens lagar (Toran).\u00a0En ensam krona kan peka p\u00e5 att den avlidne var familjens \u00f6verhuvud.<\/p>\n<p><strong>H\u00e4nder\/armar \u201dsom ger pengar\u201d:<\/strong> symbol f\u00f6r personer som haft det bra st\u00e4llt, som varit gener\u00f6sa mot andra eller gett g\u00e5vor till synagogan.\u00a0En hand + pengar + ljusstake = en givmild kvinna<\/p>\n<p><strong>En palm\/palmkvist:<\/strong> symbol f\u00f6r b\u00e5de andligt och materiellt v\u00e4lst\u00e5nd<\/p>\n<p><strong>Vindruvor:<\/strong> symbol f\u00f6r rikedom men p\u00e5 kvinnogravar symbol f\u00f6r kvinnas fruktsamhet, \u00e4ven symbol f\u00f6r landet Israel.<\/p>\n<p><strong>Menoran (7-armade ljusstaken): <\/strong>symboliserar evigt liv.\u00a0Om den \u00e4r s\u00f6nderbruten = en f\u00f6r tidig d\u00f6d. \u00c4ven symbol f\u00f6r judendom.<\/p>\n<p><strong>\u201dSt\u00f6rtande f\u00e5glar\u201d,<\/strong> d\u00f6da f\u00e5glar eller avbrutna tr\u00e4d\/grenar\/blommor: symbol f\u00f6r en f\u00f6r tidig d\u00f6d.<\/p>\n<p><strong>Ljus, Kandelaber, t\u00e4ndstickor, ljusstakar<\/strong>: symbol f\u00f6r kvinna, de t\u00e4nde sabbatsljusen.<\/p>\n<p><strong>Ett lejon:<\/strong> symbol f\u00f6r att ha f\u00f6rs\u00f6kt att leva \u201dr\u00e4tt\u201d, att h\u00e5lla p\u00e5 den r\u00e4tta l\u00e4ran.<\/p>\n<p><strong>F\u00e5glar:<\/strong> symbol f\u00f6r kvinnor, pelikan = moderlig omsorg duva = \u00e4ktenskaplig lycka<\/p>\n<p><strong>Fj\u00e4ril:<\/strong> symbol f\u00f6r tro p\u00e5 \u201dn\u00e4sta\u201d liv<\/p>\n<p><strong>Ett skepp eller en avbruten mast<\/strong> = d\u00f6den, slutet p\u00e5 livet<\/p>\n<p><strong>Musikinstrument <\/strong>= en musikalisk person<\/p>\n<p><strong>Frukt:<\/strong> symbol f\u00f6r tro p\u00e5 evigt liv<\/p>\n<p><strong>D\u00f6rrar, draperier:<\/strong> symboliserar ing\u00e5ngen till det eviga livet.<\/p>\n<p><strong>Sammanfl\u00e4tade ormhuvuden:<\/strong> symbol f\u00f6r l\u00e4kare eller apotekare. Kan \u00e4ven betyda evigt liv.<\/p>\n<p><strong>Vissa symboler som t ex en hjort<\/strong> etc har n\u00e5gon slags anknytning till vissa hebreiska f\u00f6rnamn. \u00c4ven vissa bilder med olika h\u00e4ndelser bildar (f\u00f6r oss obegripligt) n\u00e5gon slags rebus om den personen.<\/p>\n<p>&nbsp;<\/p>\n<p><strong>Uppgifter:<\/strong><\/p>\n<p>Uppgiften blir att \u201dl\u00e4sa av\u201d begravningsplatsen och att f\u00f6rs\u00f6ka besvara n\u00e5gra fr\u00e5gor. Om ni l\u00e4ser igenom all uppgifter f\u00f6rst s\u00e5 g\u00e5r det l\u00e4ttare att f\u00f6rst\u00e5 vad ni ska g\u00f6ra.<\/p>\n<p>&nbsp;<\/p>\n<p>1) Fundera \u00f6ver hur en rik persons grav kan se ut! F\u00f6rs\u00f6k sedan att hitta en s\u00e5dan grav. Vilket spr\u00e5k \u00e4r gravstenen skriven p\u00e5?<\/p>\n<p>&nbsp;<\/p>\n<p>2) Fundera \u00f6ver hur en fattig persons grav kan se ut! F\u00f6rs\u00f6k sedan att hitta en s\u00e5dan.<\/p>\n<p>&nbsp;<\/p>\n<p>&nbsp;<\/p>\n<p>3) Varf\u00f6r finns det inga judiska gravar h\u00e4r efter 1939?<\/p>\n<p>&nbsp;<\/p>\n<p>Titta p\u00e5 olika gravstenar och se vad ni kan \u201dl\u00e4sa\u201d p\u00e5 dem. Ta hj\u00e4lp av informationen.<\/p>\n<p>&nbsp;<\/p>\n<p>Leta fram och fotografera begravningstenar med f\u00f6ljande figurer:<\/p>\n<p><strong>Betydelse:<\/strong><\/p>\n<p>Uppstr\u00e4ckta h\u00e4nder<\/p>\n<p>Ljus<\/p>\n<p>Krona<\/p>\n<p>Hjort<\/p>\n<p>Vindruvor<\/p>\n<p>Valfri symbol<\/p>\n","protected":false},"excerpt":{"rendered":"<p>Information om gravstenar M\u00e5nga stenar \u00e4r uppr\u00e4ttst\u00e5ende med rundade toppar &#8211; de kallas f\u00f6r Matzevas. De flesta \u00e4r gjorda av sandsten eller kalksten. Begravningsplasten b\u00f6rjade anv\u00e4ndas \u00e5r 1757 och inneh\u00e5ller idag ca 1\u00a0000 bevarade gravstenar. Szymon Kluger begravdes h\u00e4r 2000. F\u00f6re honom var sista begravningen 1939. Du har varit p\u00e5 den judiska begravningsplatsen i Karakow &hellip; <\/p>\n<p><a class=\"more-link btn\" href=\"https:\/\/xn--skuggorfrndetfrflutna-02b01b.se\/?page_id=2170\">Forts\u00e4tt l\u00e4sa<\/a><\/p>\n","protected":false},"author":1,"featured_media":0,"parent":0,"menu_order":0,"comment_status":"closed","ping_status":"open","template":"","meta":{"_monsterinsights_skip_tracking":false,"_monsterinsights_sitenote_active":false,"_monsterinsights_sitenote_note":"","_monsterinsights_sitenote_category":0,"footnotes":""},"class_list":["post-2170","page","type-page","status-publish","hentry","nodate","item-wrap"],"jetpack_sharing_enabled":true,"_links":{"self":[{"href":"https:\/\/xn--skuggorfrndetfrflutna-02b01b.se\/index.php?rest_route=\/wp\/v2\/pages\/2170","targetHints":{"allow":["GET"]}}],"collection":[{"href":"https:\/\/xn--skuggorfrndetfrflutna-02b01b.se\/index.php?rest_route=\/wp\/v2\/pages"}],"about":[{"href":"https:\/\/xn--skuggorfrndetfrflutna-02b01b.se\/index.php?rest_route=\/wp\/v2\/types\/page"}],"author":[{"embeddable":true,"href":"https:\/\/xn--skuggorfrndetfrflutna-02b01b.se\/index.php?rest_route=\/wp\/v2\/users\/1"}],"replies":[{"embeddable":true,"href":"https:\/\/xn--skuggorfrndetfrflutna-02b01b.se\/index.php?rest_route=%2Fwp%2Fv2%2Fcomments&post=2170"}],"version-history":[{"count":3,"href":"https:\/\/xn--skuggorfrndetfrflutna-02b01b.se\/index.php?rest_route=\/wp\/v2\/pages\/2170\/revisions"}],"predecessor-version":[{"id":3221,"href":"https:\/\/xn--skuggorfrndetfrflutna-02b01b.se\/index.php?rest_route=\/wp\/v2\/pages\/2170\/revisions\/3221"}],"wp:attachment":[{"href":"https:\/\/xn--skuggorfrndetfrflutna-02b01b.se\/index.php?rest_route=%2Fwp%2Fv2%2Fmedia&parent=2170"}],"curies":[{"name":"wp","href":"https:\/\/api.w.org\/{rel}","templated":true}]}}