{"id":2075,"date":"2015-04-06T08:40:47","date_gmt":"2015-04-06T08:40:47","guid":{"rendered":"http:\/\/xn--skuggorfrndetfrflutna-02b01b.se\/?page_id=2075"},"modified":"2015-04-06T08:40:47","modified_gmt":"2015-04-06T08:40:47","slug":"framvaxten-av-fordomar","status":"publish","type":"page","link":"https:\/\/xn--skuggorfrndetfrflutna-02b01b.se\/?page_id=2075","title":{"rendered":"Framv\u00e4xten av f\u00f6rdomar"},"content":{"rendered":"<h3><a href=\"http:\/\/xn--skuggorfrndetfrflutna-02b01b.se\/wp-content\/uploads\/2015\/04\/Bild-f\u00f6rdomar-15.jpg\"><img loading=\"lazy\" decoding=\"async\" class=\"alignnone size-full wp-image-2076\" src=\"http:\/\/xn--skuggorfrndetfrflutna-02b01b.se\/wp-content\/uploads\/2015\/04\/Bild-f\u00f6rdomar-15.jpg\" alt=\"Bild f\u00f6rdomar 15\" width=\"636\" height=\"725\" srcset=\"https:\/\/xn--skuggorfrndetfrflutna-02b01b.se\/wp-content\/uploads\/2015\/04\/Bild-f\u00f6rdomar-15.jpg 636w, https:\/\/xn--skuggorfrndetfrflutna-02b01b.se\/wp-content\/uploads\/2015\/04\/Bild-f\u00f6rdomar-15-263x300.jpg 263w\" sizes=\"auto, (max-width: 636px) 100vw, 636px\" \/><\/a><\/h3>\n<h3>Upplevelsen att \u201dde hotar mitt s\u00e4tt att leva\u201d, k\u00e4nslan av nedsmutsning \u2013 \u00e4ckel \u2013 leder till folkmord! <strong>Uppfattning\/tyckande blir till ideologi.<\/strong><\/h3>\n<p>Diskutera med eleverna olika gruppers \u00a0positioner i de olika rutorna.<\/p>\n<p>Ex.<\/p>\n<p>Judar i Tredje Riket<\/p>\n<p>Romer i Sverige<\/p>\n<p>&#8221;EU-tiggare&#8221;<\/p>\n<p>Samer<\/p>\n<p>Homosexuella<\/p>\n<p>Kvinnor<\/p>\n<p>Muslimer<\/p>\n<p>Eller annan valfri grupp. Det \u00e4r f\u00f6rst\u00e5s inte s\u00e5 att alla f\u00f6rdomar leder till folkmord.<\/p>\n","protected":false},"excerpt":{"rendered":"<p>Upplevelsen att \u201dde hotar mitt s\u00e4tt att leva\u201d, k\u00e4nslan av nedsmutsning \u2013 \u00e4ckel \u2013 leder till folkmord! Uppfattning\/tyckande blir till ideologi. Diskutera med eleverna olika gruppers \u00a0positioner i de olika rutorna. Ex. Judar i Tredje Riket Romer i Sverige &#8221;EU-tiggare&#8221; Samer Homosexuella Kvinnor Muslimer Eller annan valfri grupp. Det \u00e4r f\u00f6rst\u00e5s inte s\u00e5 att alla &hellip; <\/p>\n<p><a class=\"more-link btn\" href=\"https:\/\/xn--skuggorfrndetfrflutna-02b01b.se\/?page_id=2075\">Forts\u00e4tt l\u00e4sa<\/a><\/p>\n","protected":false},"author":1,"featured_media":0,"parent":0,"menu_order":0,"comment_status":"closed","ping_status":"open","template":"","meta":{"_monsterinsights_skip_tracking":false,"_monsterinsights_sitenote_active":false,"_monsterinsights_sitenote_note":"","_monsterinsights_sitenote_category":0,"footnotes":""},"class_list":["post-2075","page","type-page","status-publish","hentry","nodate","item-wrap"],"jetpack_sharing_enabled":true,"_links":{"self":[{"href":"https:\/\/xn--skuggorfrndetfrflutna-02b01b.se\/index.php?rest_route=\/wp\/v2\/pages\/2075","targetHints":{"allow":["GET"]}}],"collection":[{"href":"https:\/\/xn--skuggorfrndetfrflutna-02b01b.se\/index.php?rest_route=\/wp\/v2\/pages"}],"about":[{"href":"https:\/\/xn--skuggorfrndetfrflutna-02b01b.se\/index.php?rest_route=\/wp\/v2\/types\/page"}],"author":[{"embeddable":true,"href":"https:\/\/xn--skuggorfrndetfrflutna-02b01b.se\/index.php?rest_route=\/wp\/v2\/users\/1"}],"replies":[{"embeddable":true,"href":"https:\/\/xn--skuggorfrndetfrflutna-02b01b.se\/index.php?rest_route=%2Fwp%2Fv2%2Fcomments&post=2075"}],"version-history":[{"count":1,"href":"https:\/\/xn--skuggorfrndetfrflutna-02b01b.se\/index.php?rest_route=\/wp\/v2\/pages\/2075\/revisions"}],"predecessor-version":[{"id":2078,"href":"https:\/\/xn--skuggorfrndetfrflutna-02b01b.se\/index.php?rest_route=\/wp\/v2\/pages\/2075\/revisions\/2078"}],"wp:attachment":[{"href":"https:\/\/xn--skuggorfrndetfrflutna-02b01b.se\/index.php?rest_route=%2Fwp%2Fv2%2Fmedia&parent=2075"}],"curies":[{"name":"wp","href":"https:\/\/api.w.org\/{rel}","templated":true}]}}