{"id":194,"date":"2013-09-09T15:09:12","date_gmt":"2013-09-09T15:09:12","guid":{"rendered":"http:\/\/xn--skuggorfrndetfrflutna-02b01b.se\/?page_id=194"},"modified":"2013-09-14T09:30:03","modified_gmt":"2013-09-14T09:30:03","slug":"ogonvittnen-berattar-2","status":"publish","type":"page","link":"https:\/\/xn--skuggorfrndetfrflutna-02b01b.se\/?page_id=194","title":{"rendered":"\u00d6gonvittnen ber\u00e4ttar"},"content":{"rendered":"<p>Tack vara att projektet uppm\u00e4rksammades i Nerikes Allehanda och P4 h\u00f6rde en del \u00f6gonvittnen av sig och dessa intervjuades av eleverna under l\u00e4s\u00e5ret 2010\/11. Intervjuerna spelades in och skrevs sedan ut av elever i klass 9E. Texten anpassades sedan n\u00e5got av SO-l\u00e4raren.<\/p>\n<p><b>Ulla Birgitta P\u00e5lsg\u00e5rd ber\u00e4ttar:<\/b><\/p>\n<p>\u201dJag var 11 \u00e5r 1945 och gick i femte klass, tror jag. Vi flyttades \u00f6ver till den kommunala mellanskolan p\u00e5 andra sidan. Min fr\u00f6ken hette Ruth Blomqvist. Det var tv\u00e5 femte klasser som fick flytta tv\u00e4rs \u00f6ver gatan\u2026 Den 24 maj fyllde jag 11 \u00e5r. Vi hurrande f\u00f6r att Hitler var d\u00f6d minns jag\u2026<\/p>\n<p>Jag kommer ih\u00e5g grinden och vaktm\u00e4starbostaden, jag har ett svagt minne av polisen som var en som man skulle akta sig f\u00f6r\u2026<\/p>\n<p>Jag var lite kompis med Greta Hause, hon var sjukgymnast, hon lever nog inte l\u00e4ngre. Hon var gift med en tysk d\u00e4rav namnet och hon hade gymnastikgrupper p\u00e5 Athena. D\u00e4r gick jag n\u00e4r jag var 11 \u00e5r. Hon arbetade ocks\u00e5 som sjukgymnast med flyktingarna. Hon ordande s\u00e5 att n\u00e5gon av flyktingkvinnorna sydde v\u00e5ra gymnastikdr\u00e4kter.<\/p>\n<p>\u2026 S\u00e5dana figurer som h\u00e4nger h\u00e4r (se bilderna ovan), det var n\u00e5gon av de polska kvinnorna som gjorde s\u00e5dana\u2026 De stickade mycket, som terapi tror jag.<\/p>\n<p>Jag var ju d\u00e4r vid grinden och h\u00e4ngde och gav dem pajer som mamma lagade och f\u00e4rska bullar. Det var inte s\u00e5 m\u00e5nga d\u00e4r, jag och n\u00e5gra till\u2026 Flickorna, det var Jozca, Rosi och Eszter, Jouza f\u00f6rsvann ganska snart fr\u00e5n stan\u2026 (Jozca Brandeisz, Rosi Drummer och Eszter Bodansky). De hade alla n\u00e5gon p\u00e5 f\u00f6rl\u00e4ggningen som vart fadder \u00e5t dem\u2026<\/p>\n<p>Jag som 11-\u00e5ring fick f\u00f6r mig att de skulle g\u00e5 i min klass, jag travade iv\u00e4g och fr\u00e5gar folkskoleinspekt\u00f6ren, Warne tror jag att han hette, om tv\u00e5 av flickorna fick g\u00e5 i min klass. Han var tydligen ocks\u00e5 ansvarig f\u00f6r att utrymma skolan. S\u00e5 tre dagar senare blev jag inkallad till min fr\u00f6ken, en str\u00e4ng ungm\u00f6. &#8211; Var har du gjort? De s\u00e4ger att jag ska ta in tv\u00e5 elever till! Jag blev f\u00f6rst\u00e5s livr\u00e4dd. Men tv\u00e5 av flickorna kom till klassen, Rosi och Eszter. Fr\u00f6ken blev s\u00e4rskilt f\u00f6rtjust i Rosi som spexade mycket\u2026<\/p>\n<p>Rosi var en del hemma hos mig, fick mat och s\u00e5. Jag minns att hon fick mina kuponger och vi gick och k\u00f6pte st\u00f6vletter med dragkedja f\u00f6r vi tyckte att hon hade s\u00e5 d\u00e5liga skor. Mamma var lite tveksam men jag ville absolut. Det blev inga gummist\u00f6vlar det h\u00e4r \u00e5ret f\u00f6r kupongerna gick \u00e5t. Jag tyckte att hon skulle ha en kjol och vit blus men hon ville ha en bl\u00e5 och s\u00e5 blev det&#8230;<\/p>\n<p>Vad vi pratade om och hur vi pratade minns jag inte. Men roligt hade vi. Jag talade lite, lite tyska men de talade inte g\u00e4rna tyska. Det fanns en tysk kvinna d\u00e4r och det spottades d\u00e5 hon gick f\u00f6rbi. Tyskan var nog lite utsatt\u2026<\/p>\n<p>Jag tyckte Jozca att var el\u00e4ndigt kl\u00e4dd s\u00e5 jag minns att hon fick en upps\u00e4ttning kl\u00e4der. Mamma tyckte v\u00e4l fr\u00e5n b\u00f6rjan inte om det, varf\u00f6r ska du ta hem dem? \u2026Jag minns att Jozca inte ville att n\u00e5gon skulle se henne n\u00e4r vi provade kl\u00e4der, hon hade v\u00e4ldigt kort h\u00e5r och hade koppar\u00e4rr p\u00e5 hela kroppen\u2026<\/p>\n<p>De var tvungna att ha passersedel f\u00f6r att komma ut och andra f\u00f6r att komma in, polisen fl\u00f6rtade med en flicka (sannolikt systern till Anita M\u00e5rd) och d\u00e5 smet jag in. Det var f\u00f6rbjudet. Jag tror att det var Jozca som ville visa hur hon bodde. Det var ganska ot\u00e4ckt. Hon h\u00f6ll mig i handen f\u00f6r hon f\u00f6rstod s\u00e4kert hur jag skulle reagera. Jag minns att det stod m\u00e5nga s\u00e4ngar i skolsalarna och \u00e4ven i korridorerna. Det var en del som bara l\u00e5g och skrek. M\u00e5nga var nog inte helt friska i huvudet. Jag var bara inne en g\u00e5ng och jag hade nog n\u00e5gon mardr\u00f6m efter\u00e5t. Frisyrerna var stubbade. Rosi hade n\u00e4stan inget h\u00e5r, hon var r\u00f6dh\u00e5rig och fr\u00e4knig, l\u00e5nga magra ben. Jag minns att alla tre hade nummer intatuerat. Eszter kom fr\u00e5n Ungern och Jozca kom fr\u00e5n Jugoslavien tror jag\u2026<\/p>\n<p>Kaputt\u2026 var vad de sa om sina familjer.<\/p>\n<p>Flickorna upptr\u00e4de helt normalt. M\u00e5nga av de \u00e4ldre damerna var magra, skygga, och beteende sig lite annorlunda\u2026 Fyra, fem av kvinnorna gifte sig med svenska m\u00e4n och blev kvar i \u00d6rebro. Dom s\u00e5g jag senare p\u00e5 stan n\u00e5gon g\u00e5ng\u2026 Jag har funderat mycket p\u00e5 de h\u00e4r flickorna. Jag fick ett brev fr\u00e5n Eszter p\u00e5 ungerska, jag fick det \u00f6versatt, men jag har tyv\u00e4rr inte kvar det.\u201d<\/p>\n<p><a href=\"http:\/\/xn--skuggorfrndetfrflutna-02b01b.se\/wp-content\/uploads\/2013\/09\/int2.jpg\"><img loading=\"lazy\" decoding=\"async\" class=\"alignnone size-full wp-image-358\" alt=\"int2\" src=\"http:\/\/xn--skuggorfrndetfrflutna-02b01b.se\/wp-content\/uploads\/2013\/09\/int2.jpg\" width=\"604\" height=\"401\" srcset=\"https:\/\/xn--skuggorfrndetfrflutna-02b01b.se\/wp-content\/uploads\/2013\/09\/int2.jpg 604w, https:\/\/xn--skuggorfrndetfrflutna-02b01b.se\/wp-content\/uploads\/2013\/09\/int2-300x199.jpg 300w\" sizes=\"auto, (max-width: 604px) 100vw, 604px\" \/><\/a><\/p>\n<p><a href=\"http:\/\/xn--skuggorfrndetfrflutna-02b01b.se\/wp-content\/uploads\/2013\/09\/int3.jpg\"><img loading=\"lazy\" decoding=\"async\" class=\"alignnone size-full wp-image-359\" alt=\"int3\" src=\"http:\/\/xn--skuggorfrndetfrflutna-02b01b.se\/wp-content\/uploads\/2013\/09\/int3.jpg\" width=\"181\" height=\"175\" \/><\/a> <a href=\"http:\/\/xn--skuggorfrndetfrflutna-02b01b.se\/wp-content\/uploads\/2013\/09\/int4.jpg\"><img loading=\"lazy\" decoding=\"async\" class=\"alignnone size-full wp-image-360\" alt=\"int4\" src=\"http:\/\/xn--skuggorfrndetfrflutna-02b01b.se\/wp-content\/uploads\/2013\/09\/int4.jpg\" width=\"189\" height=\"185\" srcset=\"https:\/\/xn--skuggorfrndetfrflutna-02b01b.se\/wp-content\/uploads\/2013\/09\/int4.jpg 189w, https:\/\/xn--skuggorfrndetfrflutna-02b01b.se\/wp-content\/uploads\/2013\/09\/int4-50x50.jpg 50w\" sizes=\"auto, (max-width: 189px) 100vw, 189px\" \/><\/a>\u00a0 Ulla Birgitta P\u00e5lsg\u00e5rd \u00a0nu och d\u00e5!<\/p>\n<p><a href=\"http:\/\/xn--skuggorfrndetfrflutna-02b01b.se\/wp-content\/uploads\/2013\/09\/Polisen-mm.jpg\"><img loading=\"lazy\" decoding=\"async\" class=\"alignnone size-large wp-image-472\" alt=\"Polisen mm\" src=\"http:\/\/xn--skuggorfrndetfrflutna-02b01b.se\/wp-content\/uploads\/2013\/09\/Polisen-mm-1024x629.jpg\" width=\"1024\" height=\"629\" srcset=\"https:\/\/xn--skuggorfrndetfrflutna-02b01b.se\/wp-content\/uploads\/2013\/09\/Polisen-mm-1024x629.jpg 1024w, https:\/\/xn--skuggorfrndetfrflutna-02b01b.se\/wp-content\/uploads\/2013\/09\/Polisen-mm-300x184.jpg 300w\" sizes=\"auto, (max-width: 1024px) 100vw, 1024px\" \/><\/a><\/p>\n<p>Till v\u00e4nster om vaktm\u00e4staren Kunt Karlsson\u00a0Rosi Drummer och till h\u00f6ger Eszter Bodansky. Foto fr\u00e5n Anita M\u00e5rd.<\/p>\n<p><a href=\"http:\/\/xn--skuggorfrndetfrflutna-02b01b.se\/wp-content\/uploads\/2013\/09\/int6.jpg\"><img loading=\"lazy\" decoding=\"async\" class=\"alignnone size-full wp-image-364\" alt=\"int6\" src=\"http:\/\/xn--skuggorfrndetfrflutna-02b01b.se\/wp-content\/uploads\/2013\/09\/int6.jpg\" width=\"234\" height=\"347\" srcset=\"https:\/\/xn--skuggorfrndetfrflutna-02b01b.se\/wp-content\/uploads\/2013\/09\/int6.jpg 234w, https:\/\/xn--skuggorfrndetfrflutna-02b01b.se\/wp-content\/uploads\/2013\/09\/int6-202x300.jpg 202w\" sizes=\"auto, (max-width: 234px) 100vw, 234px\" \/><\/a><\/p>\n<p>Jozca Brandeisz i \u00d6rebro 1945. Foto fr\u00e5n Ulla Birgitta P\u00e5lsg\u00e5rd.<\/p>\n<p><a href=\"http:\/\/xn--skuggorfrndetfrflutna-02b01b.se\/wp-content\/uploads\/2013\/09\/int1.jpg\"><img loading=\"lazy\" decoding=\"async\" class=\"alignnone size-full wp-image-369\" alt=\"int1\" src=\"http:\/\/xn--skuggorfrndetfrflutna-02b01b.se\/wp-content\/uploads\/2013\/09\/int1.jpg\" width=\"604\" height=\"439\" srcset=\"https:\/\/xn--skuggorfrndetfrflutna-02b01b.se\/wp-content\/uploads\/2013\/09\/int1.jpg 604w, https:\/\/xn--skuggorfrndetfrflutna-02b01b.se\/wp-content\/uploads\/2013\/09\/int1-300x218.jpg 300w\" sizes=\"auto, (max-width: 604px) 100vw, 604px\" \/><\/a><\/p>\n<p>Hantverk som kvinnorna tillverkade.<\/p>\n<p>&nbsp;<\/p>\n<p><b>Anita M\u00e5rd<\/b><\/p>\n<p>Anita M\u00e5rd var sju \u00e5r n\u00e4r hon och hennes klasskamrater fick byta skola.\u00a0 Pappan Knut Karlsson var vaktm\u00e4stare p\u00e5 skolan och mamma Inez tog hand om familjen, Anita hennes fyra systrar, och st\u00e4dade gymnastikhallen.<\/p>\n<p><b>Anita M\u00e5rd ber\u00e4ttar:<\/b><\/p>\n<p>\u201dJag tror att vi gick p\u00e5 lite annorlunda tider efter att vi bytt skola\u2026 det var lugnt och sk\u00f6nt, ordning och reda i skolan. Efter tv\u00e5an s\u00e5 separerade man pojkar och flickor. Man stod upp vid b\u00e4nken och r\u00e4ckte upp handen\u2026 Senare minns jag att jag hade ett par klasskamrater med judisk bakgrund men det var inga som kom med de h\u00e4r transporterna\u2026<\/p>\n<p>Vaktm\u00e4starbostaden l\u00e5g mitt emot skolan. Ett litet hus. N\u00e4r jag och mina syskon sedan skulle ut fr\u00e5n d\u00e4r vi bodde passerade vi den stora j\u00e4rngrinden d\u00e4r det stod en polis. Fr\u00e5n b\u00f6rjan fick vi visa passerkort men efter ett tag k\u00e4nde poliserna igen oss. Poliserna var d\u00e4r f\u00f6r att skydda kvinnorna, kanske ocks\u00e5 f\u00f6r att kontrollera s\u00e5 att sjukdomar inte spreds\u2026 m\u00e5nga var d\u00e4r och tittade men var mycket v\u00e4luppfostrade\u2026 De flesta av kvinnorna kom fr\u00e5n Polen\u2026 Staketet fanns fr\u00e5n b\u00f6rjan. S\u00e5 vi h\u00f6ll till utanf\u00f6r den lilla grinden mot vaktm\u00e4starbostaden. N\u00e4r kvinnorna sedan blev lite friskare kom de och f\u00f6rs\u00f6kte tala med mamma men mamma talade bara svenska\u2026 En g\u00e5ng p\u00e5 sommaren minns jag hur de f\u00f6rs\u00f6kte f\u00f6rklara f\u00f6r mamma vad de hade f\u00e5tt att \u00e4ta &#8211; d\u00e5lig mat, soppa kokt p\u00e5 l\u00f6k, tecknade de\u2026 Till en b\u00f6rjan s\u00e5g vi knappt till kvinnorna alls d\u00e5 de var s\u00e5 d\u00e5liga\u2026<\/p>\n<p>Pappa, Knut Karlsson, finns med p\u00e5 ett av korten och s\u00e5 polismannen f\u00f6rst\u00e5s. Min syster Britta, som var \u00e4ldre men bodde hemma, fick senare p\u00e5 sommaren s\u00e4llskap med en av poliserna\u2026 Han hade en hund, en stor Rottweiler.<\/p>\n<p>Sen vet jag att det var en kvinna som blev psykisk sjuk, hon hade tytt sig till pappa s\u00e5 han m\u00e5ste f\u00f6lja med till Str\u00e4ngn\u00e4s. Jag minns att pappa var r\u00e4tt tagen n\u00e4r han kom hem igen\u2026<\/p>\n<p>Jag minns att det gick ett rykte att det fanns en kvinna som varit vakt, och att hon s\u00e5 att s\u00e4ga hade varit p\u00e5 fel sida. Det skulle kunna vara hon som blev psykisk sjuk, men jag kanske minns fel h\u00e4r\u2026 Jag minns bara att flickan som sitter n\u00e4ra pappa, n\u00e4r jag f\u00f6r f\u00f6rsta g\u00e5ngen s\u00e5g henne och hennes kamrat hade de inget h\u00e5r. De hade haft tyfus och s\u00e5 hade de tappat h\u00e5ret.<\/p>\n<p>N\u00e5gra av bilder \u00e4r nog tagna lite senare p\u00e5 sommaren d\u00e5 kvinnorna har mer h\u00e5r och ser friskare ut. Bilderna \u00e4r tagna p\u00e5 skolg\u00e5rden men i olika vinklar.\u201d<\/p>\n<p><a href=\"http:\/\/xn--skuggorfrndetfrflutna-02b01b.se\/wp-content\/uploads\/2013\/09\/int7.jpg\"><img loading=\"lazy\" decoding=\"async\" class=\"alignnone size-full wp-image-361\" alt=\"int7\" src=\"http:\/\/xn--skuggorfrndetfrflutna-02b01b.se\/wp-content\/uploads\/2013\/09\/int7.jpg\" width=\"490\" height=\"289\" srcset=\"https:\/\/xn--skuggorfrndetfrflutna-02b01b.se\/wp-content\/uploads\/2013\/09\/int7.jpg 490w, https:\/\/xn--skuggorfrndetfrflutna-02b01b.se\/wp-content\/uploads\/2013\/09\/int7-300x176.jpg 300w\" sizes=\"auto, (max-width: 490px) 100vw, 490px\" \/><\/a>\u00a0Anita M\u00e5rd med hunden Bilbo(?).<\/p>\n<p>&nbsp;<\/p>\n<p><b>Tanja H ber\u00e4ttar:<\/b><\/p>\n<p>\u201dD\u00e4r \u00e4r min mamma!\u2026 Det \u00e4r hon, jag \u00e4r helt s\u00e4ker!\u201d (Tanja hittar sin mamma Genia H (1924-1971) p\u00e5 ett av fotografierna. Genia och hennes syster Hanna kom b\u00e5da till beredskapssjukhuset.)<\/p>\n<p>Genia ber\u00e4ttade n\u00e4stan inget alls om tiden i nazistisk f\u00e5ngenskap eller om familjen f\u00f6re kriget f\u00f6r Tanja. Hon ska ha en g\u00e5ng ha blivit biten av en hund i ett av l\u00e4gren n\u00e4r hon skulle ta en bit br\u00f6d. Genia hade ofta mardr\u00f6mmar och mycket d\u00e5ligt samvete \u00f6ver att just hon \u00f6verlevt.<\/p>\n<p>De fick en filt n\u00e4r de kom till Engelbrektsskolan som de sj\u00e4lva sedan fick betala av.<\/p>\n<p>Mamman kom fr\u00e5n en judisk familj boende i en liten stad s\u00f6der om Krakow. Genia blev befriad i Bergen-Belsen och kom sedan \u00f6ver Malm\u00f6 till Sverige och var sedan en tid i Lund innan hon kom till \u00d6rebro.<\/p>\n<p>Genia gifte sig 1947 med Hirsch L-R, en finsk jude som hamnat i Sverige p\u00e5 grund av krigsskador i Finland. Mostern Hanna emigrerade i slutet av 1940-talet till USA.<\/p>\n<p><a href=\"http:\/\/xn--skuggorfrndetfrflutna-02b01b.se\/wp-content\/uploads\/2013\/09\/br\u00f6ll.jpg\"><img loading=\"lazy\" decoding=\"async\" class=\"alignnone size-full wp-image-373\" alt=\"br\u00f6ll\" src=\"http:\/\/xn--skuggorfrndetfrflutna-02b01b.se\/wp-content\/uploads\/2013\/09\/br\u00f6ll.jpg\" width=\"187\" height=\"254\" \/><\/a><\/p>\n<p><a href=\"http:\/\/xn--skuggorfrndetfrflutna-02b01b.se\/wp-content\/uploads\/2013\/09\/int12.jpg\"><img loading=\"lazy\" decoding=\"async\" class=\"alignnone size-full wp-image-372\" alt=\"int12\" src=\"http:\/\/xn--skuggorfrndetfrflutna-02b01b.se\/wp-content\/uploads\/2013\/09\/int12.jpg\" width=\"604\" height=\"410\" srcset=\"https:\/\/xn--skuggorfrndetfrflutna-02b01b.se\/wp-content\/uploads\/2013\/09\/int12.jpg 604w, https:\/\/xn--skuggorfrndetfrflutna-02b01b.se\/wp-content\/uploads\/2013\/09\/int12-300x203.jpg 300w\" sizes=\"auto, (max-width: 604px) 100vw, 604px\" \/><\/a><\/p>\n<p>Kvinnan till v\u00e4nster \u00e4r identifierade som Genia H., sedan f\u00f6ljer Frima H. L\u00e4ngst till h\u00f6ger sannolikt Chaja L. Flera vittnesm\u00e5l n\u00e4mner just de stickande kvinnorna som m\u00e5ste ha stickat en hel del. Bild fr\u00e5n Anita M\u00e5rd.<\/p>\n<p>&nbsp;<\/p>\n<p><b>Birger Wennberg<\/b><\/p>\n<p>Birger Wennberg f\u00f6ddes 1923 och flyttade med familjen 1930 till \u00d6rebro. Han studerade p\u00e5 Karolinska skolan, l\u00e4ste sedan juridik, blev l\u00e4nsr\u00e5d p\u00e5 l\u00e4nsstyrelsen och var under l\u00e5ng tid ordf\u00f6rande i Bernadotte-s\u00e4llskapet.<\/p>\n<p>V\u00e5ren 1945, efter studenten fick Birger Wennberg arbete som. \u201dextra befattningshavare\u201d p\u00e5 l\u00e4nsstyrelsen. Den d\u00e5varande civilf\u00f6rsvarschefen, en poliskommissarie, konstaterade att han beh\u00f6vde n\u00e5gon som kunde tyska och eftersom Birger precis tagit studenten fick han uppdraget att under tre dagar vara tolk.<\/p>\n<p><b>Birger Wennberg ber\u00e4ttar:<\/b><\/p>\n<p>\u201dV\u00e5rt uppdrag b\u00f6rjade med att fr\u00e5ga dem lite grann f\u00f6r att f\u00f6rs\u00f6ka luska ut var de kunde ha n\u00e5gra sl\u00e4ktingar. Den f\u00f6rsta jag m\u00f6te var en flicka som gick omkring och sj\u00f6ng f\u00f6r sig sj\u00e4lv p\u00e5 skolg\u00e5rden. Hon var otroligt vacker. Sen p\u00e5stod hennes kamrater att hon blivit tokig, f\u00f6r att hon hade blivit s\u00e5 ofta v\u00e5ldtagen av nazisterna och slagen i huvudet med batonger s\u00e5 att hennes f\u00f6rst\u00e5nd hade f\u00f6rflyktigats.<\/p>\n<p>V\u00e5r uppgift var som sagt egentligen att ta reda p\u00e5 sl\u00e4ktingar. Din Dorothea, (Birger syftar p\u00e5 Karls studieperson Dorothea Wachskerz) var en av de som vi lyckades sp\u00e5ra upp. Jag tror att vi bara lyckades i tv\u00e5 fall. Jag kommer inte ih\u00e5g det andra fallet. Jag minns i alla fall att en av dem var en duktig pianist. Hon blev sedan kvar i \u00d6rebro. (Birger syftar sannolikt p\u00e5 Leokardia D.)<\/p>\n<p>H\u00e4r borta p\u00e5 Stadsv\u00e4gen fanns det en kvinna, fr\u00e5n Polen som fick s\u00e4llskap en kille som var chauff\u00f6r p\u00e5 Nerikes elektriska, och de blev gifta och hon bodde h\u00e4r i kvarteret. Hon och min fru, n\u00e4r hon levde, gick p\u00e5 samma gymnastik. Hon visade upp numret fr\u00e5n Auschwitz f\u00f6r henne.<\/p>\n<p>De var n\u00e5gra som gick en del p\u00e5 skolg\u00e5rden, de som var i bra fysisk form. Det l\u00e4skigaste det var att g\u00e5 omkring kring bland s\u00e4ngarna i skolsalarna. De hade visserligen vilat upp sig i Lund, de h\u00e4r men \u00e4nd\u00e5, ni skulle ha sett, benen var som smala stickor, benen lika s\u00e5, magarna var kolossalt uppsv\u00e4llda. M\u00e5nga var i alla fall bel\u00e5tna med att ha kommit ifr\u00e5n fasorna. En g\u00e5ng fr\u00e5gade jag en kvinna var det var som bar upp dem, s\u00e5 att de orkade. Hon svarade att det var hatet, att p\u00e5 n\u00e5got s\u00e4tt kunna ge igen. Det var en stark k\u00e4nsla. Samtidigt var m\u00e5nga var tacksamma och glada \u00f6ver att ha blivit r\u00e4ddade, som det stod i Nerikes Allehanda, det st\u00e4mde v\u00e4l det ocks\u00e5.<\/p>\n<p>Varf\u00f6r det stod en polis vid grinden? Det var s\u00e5 att folk var nyfikna och vid ing\u00e5ngen till skolan d\u00e4r var det j\u00e4rngrindar mot flickl\u00e4roverket. D\u00e4r samlades mycket folk som stack in chokladkakor. Jag fick intrycket att man ville hindra m\u00e4nniskor fr\u00e5n att komma in. Det var \u00f6verlag en positiv inst\u00e4llning fr\u00e5n \u00f6rebroarna m\u00e5nga kom som sagt med chokladkakor och blommor.<\/p>\n<p>\u2026 Jag tror att en del av sjukv\u00e5rdspersonalen kom fr\u00e5n R\u00f6da korset&#8230; Kl\u00e4derna var mycket d\u00e5liga n\u00e4r de kom. De s\u00e5g ut som l\u00e4gerf\u00e5ngar\u2026 Skolan hade bra badinr\u00e4ttningar som anv\u00e4ndes f\u00f6r att bada kvinnorna\u2026 P\u00e5 Engelbrektsskolan som var relativt nybyggd fanns en tandl\u00e4karmottagning och stadens b\u00e4sta skolbibliotek.\u201d<\/p>\n<p><a href=\"http:\/\/xn--skuggorfrndetfrflutna-02b01b.se\/wp-content\/uploads\/2013\/09\/int8.jpg\"><img loading=\"lazy\" decoding=\"async\" class=\"alignnone size-full wp-image-362\" alt=\"int8\" src=\"http:\/\/xn--skuggorfrndetfrflutna-02b01b.se\/wp-content\/uploads\/2013\/09\/int8.jpg\" width=\"603\" height=\"400\" srcset=\"https:\/\/xn--skuggorfrndetfrflutna-02b01b.se\/wp-content\/uploads\/2013\/09\/int8.jpg 603w, https:\/\/xn--skuggorfrndetfrflutna-02b01b.se\/wp-content\/uploads\/2013\/09\/int8-300x199.jpg 300w\" sizes=\"auto, (max-width: 603px) 100vw, 603px\" \/><\/a><\/p>\n<p>Birger Wennberg och elever fr\u00e5n 9E.<\/p>\n<p><b>Gun Jonsson, Kerstin Signal och Ingrid Djalleta<\/b><\/p>\n<p>Alla tre \u00e4r f\u00f6dda 1934 och gick i samma \u00e5rskurs 5 p\u00e5 Engelbrektsskolan men flyttades till Kommunala flickskolan \u00f6ver v\u00e4gen i samband med att kvinnorna anl\u00e4nde. De minns att skoltiderna blev oregelbundna och att de gick i skolan p\u00e5 lite konstiga tider. De flyttade inte tillbaka till Engelbrektsskolan utan gick kvar p\u00e5 den nya skolan.<\/p>\n<p><b>Gun och Kerstin ber\u00e4ttar:<\/b><\/p>\n<p>\u201dL\u00e4raren hette Ruth Blomqvist och hon kunde tyska, kanske var det d\u00e4rf\u00f6r att flickorna hamnade i v\u00e5r klass. Flickorna hette Rosi Drumer och Eszter Bodensky&#8230; Den ena kom fr\u00e5n Ungern och den andra fr\u00e5n Rum\u00e4nien. De var v\u00e4ldigt l\u00e4tt kl\u00e4dda i b\u00f6rjan, de hade d\u00e5ligt med kl\u00e4der, flickorna hade kn\u00e4strumpor fast\u00e4n det var kallt\u2026 De sm\u00e4lte in bra n\u00e4r vi lekte p\u00e5 skolg\u00e5rden, \u00e4ven i skolan, Ruth pratade med dem och gav dem uppgifter\u2026<\/p>\n<p>\u2026Min mamma hade en kvinnlig arbetskamrat som kom till Gottfrieds Karlsson skofabrik p\u00e5 \u00c4lvtomtagatan som hade ett nummer intatuerat, ber\u00e4ttar Gun. Jag minns att jag var lite begeistrad \u00f6ver att hon kunde ber\u00e4tta var hon varit med om. Hon var hemma hos oss en hel del.<\/p>\n<p>\u2026 Jag var inne en g\u00e5ng p\u00e5 skolan och tittade, jag s\u00e5g bara s\u00e4ngar i skolsalarna. Det var inte n\u00e5got extravagant p\u00e5 n\u00e5got s\u00e4tt\u2026 Jag vet att vi gick ner p\u00e5 kv\u00e4llarna till stora grinden och tittade. D\u00e4r stod vi p\u00e5 ena sidan och kvinnorna p\u00e5 den andra\u2026 Det var aldrig n\u00e5got br\u00e5k eller s\u00e5\u2026\u201d<\/p>\n<p>Flickorna skrev under h\u00f6sten i s\u00e5 kallade poesib\u00f6cker som visas p\u00e5 bilderna. Gun tror att bilderna p\u00e5 henne och Eszter togs n\u00e4r Eszter l\u00e4mnade \u00d6rebro.<\/p>\n<p><a href=\"http:\/\/xn--skuggorfrndetfrflutna-02b01b.se\/wp-content\/uploads\/2013\/09\/int10.jpg\"><img loading=\"lazy\" decoding=\"async\" class=\"alignnone size-full wp-image-367\" alt=\"int10\" src=\"http:\/\/xn--skuggorfrndetfrflutna-02b01b.se\/wp-content\/uploads\/2013\/09\/int10.jpg\" width=\"604\" height=\"320\" srcset=\"https:\/\/xn--skuggorfrndetfrflutna-02b01b.se\/wp-content\/uploads\/2013\/09\/int10.jpg 604w, https:\/\/xn--skuggorfrndetfrflutna-02b01b.se\/wp-content\/uploads\/2013\/09\/int10-300x158.jpg 300w\" sizes=\"auto, (max-width: 604px) 100vw, 604px\" \/><\/a><\/p>\n<p>Gun Jonsson och Kerstin Signal med elever fr\u00e5n 9E.<\/p>\n<p><a href=\"http:\/\/xn--skuggorfrndetfrflutna-02b01b.se\/wp-content\/uploads\/2013\/09\/int11.jpg\"><img loading=\"lazy\" decoding=\"async\" class=\"alignnone size-full wp-image-368\" alt=\"int11\" src=\"http:\/\/xn--skuggorfrndetfrflutna-02b01b.se\/wp-content\/uploads\/2013\/09\/int11.jpg\" width=\"571\" height=\"273\" srcset=\"https:\/\/xn--skuggorfrndetfrflutna-02b01b.se\/wp-content\/uploads\/2013\/09\/int11.jpg 571w, https:\/\/xn--skuggorfrndetfrflutna-02b01b.se\/wp-content\/uploads\/2013\/09\/int11-300x143.jpg 300w\" sizes=\"auto, (max-width: 571px) 100vw, 571px\" \/><\/a><\/p>\n<p>Ingrid Djalleta med elever fr\u00e5n 9E.<\/p>\n<p>Foto: Mikael Enoksson 2011<\/p>\n","protected":false},"excerpt":{"rendered":"<p>Tack vara att projektet uppm\u00e4rksammades i Nerikes Allehanda och P4 h\u00f6rde en del \u00f6gonvittnen av sig och dessa intervjuades av eleverna under l\u00e4s\u00e5ret 2010\/11. Intervjuerna spelades in och skrevs sedan ut av elever i klass 9E. Texten anpassades sedan n\u00e5got av SO-l\u00e4raren. Ulla Birgitta P\u00e5lsg\u00e5rd ber\u00e4ttar: \u201dJag var 11 \u00e5r 1945 och gick i femte &hellip; <\/p>\n<p><a class=\"more-link btn\" href=\"https:\/\/xn--skuggorfrndetfrflutna-02b01b.se\/?page_id=194\">Forts\u00e4tt l\u00e4sa<\/a><\/p>\n","protected":false},"author":1,"featured_media":0,"parent":0,"menu_order":0,"comment_status":"closed","ping_status":"open","template":"","meta":{"_monsterinsights_skip_tracking":false,"_monsterinsights_sitenote_active":false,"_monsterinsights_sitenote_note":"","_monsterinsights_sitenote_category":0,"footnotes":""},"class_list":["post-194","page","type-page","status-publish","hentry","nodate","item-wrap"],"jetpack_sharing_enabled":true,"_links":{"self":[{"href":"https:\/\/xn--skuggorfrndetfrflutna-02b01b.se\/index.php?rest_route=\/wp\/v2\/pages\/194","targetHints":{"allow":["GET"]}}],"collection":[{"href":"https:\/\/xn--skuggorfrndetfrflutna-02b01b.se\/index.php?rest_route=\/wp\/v2\/pages"}],"about":[{"href":"https:\/\/xn--skuggorfrndetfrflutna-02b01b.se\/index.php?rest_route=\/wp\/v2\/types\/page"}],"author":[{"embeddable":true,"href":"https:\/\/xn--skuggorfrndetfrflutna-02b01b.se\/index.php?rest_route=\/wp\/v2\/users\/1"}],"replies":[{"embeddable":true,"href":"https:\/\/xn--skuggorfrndetfrflutna-02b01b.se\/index.php?rest_route=%2Fwp%2Fv2%2Fcomments&post=194"}],"version-history":[{"count":13,"href":"https:\/\/xn--skuggorfrndetfrflutna-02b01b.se\/index.php?rest_route=\/wp\/v2\/pages\/194\/revisions"}],"predecessor-version":[{"id":506,"href":"https:\/\/xn--skuggorfrndetfrflutna-02b01b.se\/index.php?rest_route=\/wp\/v2\/pages\/194\/revisions\/506"}],"wp:attachment":[{"href":"https:\/\/xn--skuggorfrndetfrflutna-02b01b.se\/index.php?rest_route=%2Fwp%2Fv2%2Fmedia&parent=194"}],"curies":[{"name":"wp","href":"https:\/\/api.w.org\/{rel}","templated":true}]}}