{"id":177,"date":"2013-09-07T19:29:14","date_gmt":"2013-09-07T19:29:14","guid":{"rendered":"http:\/\/xn--skuggorfrndetfrflutna-02b01b.se\/?page_id=177"},"modified":"2018-01-04T22:26:38","modified_gmt":"2018-01-04T22:26:38","slug":"utdrag-fran-journalerna-2","status":"publish","type":"page","link":"https:\/\/xn--skuggorfrndetfrflutna-02b01b.se\/?page_id=177","title":{"rendered":"Utdrag fr\u00e5n journalerna"},"content":{"rendered":"<p style=\"text-align: justify;\"><b>Citat fr\u00e5n journaler fr\u00e5n Engelbrektskolans beredskapssjukhus 1945<\/b><\/p>\n<p style=\"text-align: justify;\">Kvinnornas namn \u00e4r <span style=\"text-decoration: underline;\">inte<\/span> deras riktiga utan avidentifierade och omkastade. Citaten \u00e4r nedskrivna av behandlande l\u00e4kare och n\u00e5got bearbetade f\u00f6r att \u00f6ka l\u00e4sligheten. Utdragen blir viktiga f\u00f6r att beskriva vad kvinnorna varit med om. F\u00e5 i Sverige f\u00f6rstod vad det innebar att \u00f6verleva ett eller flera koncentrationsl\u00e4ger samt de ofta f\u00f6rekommande d\u00f6dsmarscherna. Getton eller till och med Auschwitz beskrivs som relativt v\u00e4lordnade j\u00e4mf\u00f6rt med de l\u00e4ger som anv\u00e4ndes de sista krigsm\u00e5naderna.<\/p>\n<p style=\"text-align: justify;\"><b>Lenke<\/b><\/p>\n<p style=\"text-align: justify;\">\u201dVarit ett \u00e5r i l\u00e4ger, sista Bergen Belsen\u2026 fl\u00e4cktyfus, h\u00e5ravfall\u2026<\/p>\n<p style=\"text-align: justify;\"><b>Bronia<\/b><\/p>\n<p style=\"text-align: justify;\">\u201dI Auschwitz var hon frisk men svimmade ofta d\u00e5 hon stod apell, I Bergen Belsen tyfus och diarr\u00e9er\u2026 hunger\u00f6dem\u2026 sv\u00e5rt att andas\u2026\u201d<\/p>\n<p style=\"text-align: justify;\"><b>Rozalia<\/b><\/p>\n<p style=\"text-align: justify;\">\u201dI l\u00e4ger 1942, f\u00f6rst arbetsl\u00e4ger i Polen tv\u00e5 \u00e5r. Sedan hemma ett par veckor, d\u00e4refter till Bergen Belsen. Hade troligen tyfus i Bergen Belsen men ganska lindrig\u2026 Blott 39\u00b0. L\u00e5g ej ner\u2026 diarrer, ej blodiga&#8230;.\u00a0Vid arbete i en fabrik 1940 blev hon slagen av en SS-man varvid hon f\u00f6ll omkull och slog n\u00e4san i marken, s\u00e5 att den n\u00e4stan krossades och fl\u00e4ktes upp. Samma \u00e5r gjorde man i Tyskland n\u00e4splastik varvid man tog transplantatet fr\u00e5n den h\u00e5rbevuxna huden i nacken (av illvilja tror patienten). Plastiken mycket v\u00e4lgjord och v\u00e4l l\u00e4kt, men huden p\u00e5 n\u00e4san \u00e4r nu m\u00f6rk och h\u00e5rbevuxen, vilket hon lider mycket av\u2026 Inga menstruationer i l\u00e4gret\u2026\u201d<\/p>\n<p style=\"text-align: justify;\"><b>Sidonia<\/b><\/p>\n<p style=\"text-align: justify;\">\u201dKom till koncentrationsl\u00e4ger i maj 1944, efter 5 m\u00e5nader till arbetsl\u00e4ger Plaszow i Polen. Var sedan i Guben (radiofabrik) och slutligen i Bergen Belsen. Var frisk fram till Bergen Belsen, fl\u00e4ckfeber och diarr\u00e9er 3 m\u00e5nader, skabb, ingen mens i l\u00e4gren.<!--more--><\/p>\n<p style=\"text-align: justify;\"><b>Anna<\/b><\/p>\n<p style=\"text-align: justify;\">\u201dI maj 1944 kom hela familjen (\u00e5tta personer) till koncentrationsl\u00e4ger i Auschwitz. Fadern, modern en 10-\u00e5rig och en 7-\u00e5rig broder samt en syster blevo ihj\u00e4lgasade, en syster dog i fl\u00e4cktyfus och en \u00e4r fortfarande i livet och kvar i Tyskland. I Auschwitz sex m\u00e5nader. Fick d\u00e4r hela tiden arbeta med att sortera kl\u00e4derna efter dem som avlivats i krematoriet. Fick mycket lite mat, men blev ej torterad och n\u00e5gorlunda hyggligt behandlad. Var sedan i flera olika koncentrationsl\u00e4ger; Hundsfeldt 3 veckor, Krakow <i>(Plaszow?)<\/i> tre veckor, Moltozem tre veckor samt i Bergen Belsen till maj 1945. Hade det mycket sv\u00e5rt i dessa koncentrationsl\u00e4ger. I till exempel Krakow fick hon st\u00e5 och gr\u00e4va och kasta upp jorden tv\u00e5 meter under markytan <i>(stridsvagnsdiken?). <\/i>Vid marschen fr\u00e5n Hundsfeldt till Krakow fick hon i ett par tr\u00e4skor g\u00e5 18 mil i sn\u00f6 och 25\u00b0 k\u00f6ld. Gick fr\u00e5n 4 p\u00e5 morgonen till 23 p\u00e5 kv\u00e4llen, f\u00f6rfr\u00f6s h\u00e4nder och f\u00f6tter, men klarade sig d\u00e4rf\u00f6r att hennes \u00e4ldre syster bar henne p\u00e5 ryggen, n\u00e4r hon ej kunde g\u00e5 l\u00e4ngre. I Bergen Belsen var det dock som allra sv\u00e5rast. Fick obetydligt med mat. Sov i en tr\u00e5ng och kall barack och hade uppst\u00e4llning sammanlagt sju timmar varje dag. I april 1945 buktyfus i ungef\u00e4r tre veckor, var mycket omt\u00f6cknad, s\u00e5 hon kommer ej s\u00e4kert ih\u00e5g sjukdomens f\u00f6rlopp. Har dock feber, diarr\u00e9 samt huvudv\u00e4rk. I april efter tyfusinflammationen med sm\u00e4rtor i hela munh\u00e5lan kunde d\u00e5 ej \u00e4ta fast f\u00f6da. I maj blev sedan hela tandk\u00f6ttet p\u00e5 h\u00f6ger underk\u00e4ke sammanvuxet med kinden och underl\u00e4ppen. Efter kriget blev hon behandlad p\u00e5 ett engelskt milit\u00e4rsjukhus, d\u00e4r man bland annat drog ut tv\u00e5 t\u00e4nder och s\u00e5 sm\u00e5ningom lossnade sammanv\u00e4vningen vid mungipan. Vid befrielsen mycket medtagen. Hade stora hunger\u00f6dem p\u00e5 benen och v\u00e4gde endast 28 kilo. Har sedan tagit upp sig bra och \u00f6kat 19 kilo\u2026 K\u00e4nner nu sig fullst\u00e4ndigt frisk\u2026\u201d<\/p>\n<p style=\"text-align: justify;\"><b>Sarolta<\/b><\/p>\n<p style=\"text-align: justify;\">\u201dDen 8 december 1944 placerades hon tillsammans med 80 andra kvinnor i en boskapsvagn f\u00f6r resa till Bergen Belsen. M\u00e4n och kvinnor i samma vagn. Ingen mat eller dryck p\u00e5 en vecka. F\u00f6rst efter en vecka \u00f6ppnades d\u00f6rren och de till\u00e4ts g\u00f6ra rent. De fingo nu tv\u00e5 limpor f\u00f6r alla 80 personer. Dagen f\u00f6re framkomsten ny utspisning och nu fingo de sex kg br\u00f6d, ett kg korv per man, men det som ej var upp\u00e4tet vid framkomsten n\u00e4sta dag, julafton, togs ifr\u00e5n dem. I Bergen Belsen arbetade hon med camouflage av vagnar och bilar. D\u00e5 hon hela tiden presterade mer \u00e4n de andra, hade hon ganska god behandling och dubbla ransoner mat. Men vilken mat \u2013 smutsig soppa!<\/p>\n<p style=\"text-align: justify;\">P\u00e5 f\u00f6delsedagen den 13 mars fick hon fl\u00e4cktyfus, hade \u00f6ver 40\u00b0, buksm\u00e4rtor, medvetsl\u00f6s i tre veckor. Sv\u00e5rartad diarr\u00e9\u2026 v\u00e4gde som minst 30 kg, men d\u00e5 var hon bara skinn och ben och \u00e4ven benstommen var mycket gracilare \u00e4n normalt.\u201d<\/p>\n<p style=\"text-align: justify;\"><b>Rosi<\/b><\/p>\n<p style=\"text-align: justify;\">\u201dDiarr\u00e9er&#8230; I l\u00e4gret blivit misshandlad av Gestapo, och efter detta haft hj\u00e4rtbesv\u00e4r\u2026\u201d<\/p>\n<p style=\"text-align: justify;\"><b>Ezster<\/b><\/p>\n<p style=\"text-align: justify;\">\u201d1940-41 getto i Lodz. Hade det d\u00e4r i stort bra. I augusti 1944 &#8211; tolv dagar i Auschwitz. Sedan sju m\u00e5nader i arbetsl\u00e4ger i Christianstadt. Hade d\u00e4r h\u00e5rt arbete och lite mat. Fick bland annat gr\u00e4va tankgravar och kasta upp jorden tv\u00e5 meter. D\u00e4refter i mars 1945 f\u00f6rflyttning till Bergen Belsen, under sex veckor omv\u00e4xlande t\u00e5g (fyra dagar). och fotledes (fyra dagar). Fingo vara helt utan mat n\u00e4r de marscherade. Sammanlagt sju veckor i Bergen Belsen. Dagransonen bestod av \u00bc liter tunn k\u00e5lsoppa och hon s\u00e5g br\u00f6d sammanlagt tv\u00e5 g\u00e5nger p\u00e5 hela tiden. N\u00e4r hon en g\u00e5ng lyckades snappa till sig en bit k\u00e5lrot extra fick hon till straff sitta tv\u00e5 dygn i en m\u00f6rk k\u00e4llare med vatten till kn\u00e4na och omgiven av stora r\u00e5ttor. \u2026 I aug 1944 b\u00f6ld \u2026som brast s\u00f6nder och hon fick h\u00e4r sedan ett varigt s\u00e5r som l\u00e4kte ut f\u00f6rst april 1945&#8230; tyfus\u2026l\u00e5g en m\u00e5nad med 40\u00b0 feber, illam\u00e5ende och kr\u00e4kningar men ingen diarr\u00e9\u2026 v\u00e4gde vid befrielsen 33 kg, ingen mens i l\u00e4gren sedan augusti 1944. K\u00e4nner sig nu alldeles frisk.\u201d<\/p>\n<p style=\"text-align: justify;\"><b>Guta<\/b><\/p>\n<p style=\"text-align: justify;\">\u201dTill koncentrationsl\u00e4ger den 24 maj &#8211; Auschwitz, Birembacmel och Bergen Belsen. I Birembacmel arbetade hon vintertid i sn\u00f6 och stark k\u00f6ld blott ikl\u00e4dd en tunn skjorta, utan strumpor och skor. Gr\u00e4vde fallgropar f\u00f6r tanks, stod med vatten upp till smalbenen. Vandrade i denna tunna dr\u00e4kt 11 mil utan strumpor och skor. Fick stora frostskador p\u00e5 h\u00e4nder och f\u00f6tter men \u00e4ven p\u00e5 kroppen, stora s\u00e5r och svullnader blev f\u00f6ljden. Var starkt undern\u00e4rd, v\u00e4gde blott 28 kilo, v\u00e4ger nu 45 kg. I Bergen Belsen hade hon f\u00f6r ett par m\u00e5nader sedan sv\u00e5r \u201dKopf und Bauchtyphus\u201d med sv\u00e5r huvudv\u00e4rk, h\u00f6g feber, omt\u00f6cknat tillst\u00e5nd och diarr\u00e9er under tre veckor. Haft upprepade karbunklar p\u00e5 kroppen. Blivit injicerad 5 g\u00e5nger. Sedan tagit sig undan f\u00f6r undan. Kom till Malm\u00f6 den 4 juli\u2026 Den 17 juli f\u00f6ll hon fr\u00e5n cykel och slog h\u00f6ger armb\u00e5ge. Den 27 september friskf\u00f6rklarad och ska b\u00f6rja folkskolan i \u00d6rebro.\u201d<!--more--><\/p>\n<p style=\"text-align: justify;\"><b>Ewa<\/b><\/p>\n<p style=\"text-align: justify;\">\u201d\u2026vikt 4 maj 25,6 kg, 12 maj 29 kg\u2026 kl 4.15 ad morten\u2026\u201d<\/p>\n<p style=\"text-align: justify;\"><b>Roza<\/b><\/p>\n<p style=\"text-align: justify;\">\u201dTill koncentrationsl\u00e4ger i maj 1944, i Auschwitz tv\u00e5 och en halv m\u00e5nad, Hundsfeldt (arbetsl\u00e4ger) fem m\u00e5nader sedan Bergen Belsen fyra m\u00e5nader. Dessutom i fyra andra kortare tid. Av arton judiska flickor fr\u00e5n samma by \u00e4r hon ensam \u00f6verlevadande. Modern och tv\u00e5 systrar blevo d\u00f6dade i krematorium i Auschwitz, fadern och en broder kom till andra l\u00e4ger och dem har hon sedan inte h\u00f6rt av. D\u00e5 det utbr\u00f6t en tyfusepidemi i Auschwitz blev hon samman med alla andra sjuka och misst\u00e4nkta fall insp\u00e4rrad inom ett omr\u00e5de i sex veckor utan mat och vatten. Hon r\u00e4ddade d\u00e5 livet genom att hon fick mat insmugglat till sig fr\u00e5n andra f\u00e5ngar inom l\u00e4gret. Blev i Auschwitz flera g\u00e5nger misshandlad och har fortfarande \u00e4rr kvar. I Hundsfeldt arbetade hon p\u00e5 natten i en ammunitionsfabrik fr\u00e5n 18:00-06:30. Fick hela tiden arbeta med att trycka ner en maskin, som gick mycket tr\u00f6gt. Har efter detta kontrakturer och \u00e4rr i fingrarna.<\/p>\n<p style=\"text-align: justify;\">I april, maj och juni 1945 hade hon m\u00e5ttliga ej blodiga diarr\u00e9er, ej fl\u00e4ckar p\u00e5 kroppen eller feber. Var vid befrielsen mycket medtagen. V\u00e4gde d\u00e5 omkring 24 kg\u2026 F\u00f6ll omkull i Malm\u00f6 23 juli och skadade d\u00e5 h\u00f6ger \u00f6verarm. 27 september friskskriven, ska s\u00e5 sm\u00e5ningom g\u00e5 i mosaiska flyktingskolan\u2026\u201d<\/p>\n<p style=\"text-align: justify;\"><b>Mania<\/b><\/p>\n<p style=\"text-align: justify;\">\u201dI koncentrationsl\u00e4ger fr\u00e5n 1942, Auschwitz 1942-43, Bergen Belsen 1943-45. Hade fruktansv\u00e4rt sv\u00e5rt i koncentrationsl\u00e4gren men klarade sig \u00e4nd\u00e5 f\u00f6rv\u00e5nansv\u00e4rt bra. 1943 sjuk i fl\u00e4cktyfus i tv\u00e5 m\u00e5nader. L\u00e5g f\u00f6rst fyra veckor med 40\u00b0 feber, illam\u00e5ende och kr\u00e4kningar. Hade ej diarr\u00e9er. R\u00f6da fl\u00e4ckar \u00f6ver hela kroppen. \u00a0Var mycket medtagen vid befrielsen, men hade inga \u00f6dem. V\u00e4ger normalt 87 kg men g\u00e5tt ner till 46 kg. Har sedan tagit sig bra och g\u00e5tt upp 22 kg\u2026 har tappat mycket h\u00e5r.\u201d<\/p>\n<p style=\"text-align: justify;\"><b>Margit<\/b><\/p>\n<p style=\"text-align: justify;\">\u201dTill koncentrationsl\u00e4ger i juni 1944. I Auschwitz fem m\u00e5nader, Bergen Belsen sju m\u00e5nader. Modern och en 17-\u00e5rig broder d\u00f6dades i krematorium. Fadern och en broder till arbetsl\u00e4ger. En syster blev kvar i Auschwitz. Vet inte om n\u00e5gon i familjen lever. Fick arbeta med h\u00e5rt grovarbete i Auschwitz och obetydligt med mat. I Bergen Belsen om m\u00f6jligt \u00e4nnu sv\u00e5rare f\u00f6rh\u00e5llanden.<\/p>\n<p style=\"text-align: justify;\">Hade h\u00f6g feber tv\u00e5 veckor i april 1945. Ej diarr\u00e9er. Vid befrielsen i mycket medtaget tillst\u00e5nd. Kunde ej st\u00e5 eller g\u00e5. V\u00e4gde blott 29 kg. Hade dock inga \u00f6dem. Har nu tagit sig bra och \u00f6kat 22 kg\u2026 Mens upph\u00f6rde i juni 1944 och har sedan inte \u00e5terkommit.\u201d<\/p>\n<p style=\"text-align: justify;\"><b>Genia<\/b><\/p>\n<p style=\"text-align: justify;\">\u201dI l\u00e4ger tre \u00e5r (arbetsl\u00e4ger Neusaltz). Frisk i l\u00e4gret med undantag f\u00f6r sv\u00e5rl\u00e4kt s\u00e5r p\u00e5 v\u00e4nster underben sedan vandrat till fots 80 mil i februari i tr\u00e4skor. Sex veckor till Bergen Belsen. D\u00e4r fem veckor under tiden fl\u00e4cktyfus och diarr\u00e9 i tv\u00e5 veckor.\u201d<\/p>\n<p style=\"text-align: justify;\"><b>Aranka<\/b><\/p>\n<p style=\"text-align: justify;\">\u201dFick k\u00f6ldskada 1942 i v\u00e4nster fot, lillt\u00e5 m\u00e5ste amputeras. S\u00e5ret varade och l\u00e4kte d\u00e5ligt. Sedan i maj 1944 i koncentrationsl\u00e4ger, fyra dagar i Auschwitz, sex veckor i Riga, sju veckor i Stutthof, \u00e5tta m\u00e5nader i Stolp. Hade det sv\u00e5rast i Stolp. H\u00e5rt arbete och obetydligt med mat. Av 800 f\u00e5ngar var det cirka 80 \u00f6verlevande. Vid kapitulationen i mycket medtaget tillst\u00e5nd. Fick i maj fl\u00e4ckfeber. L\u00e5g en m\u00e5nad med 40\u00b0 feber och sv\u00e5r huvudv\u00e4rk\u2026 G\u00e5tt ned till 31 kg.\u201d<\/p>\n<p style=\"text-align: justify;\"><b>Margit<\/b><\/p>\n<p style=\"text-align: justify;\">\u201dI Bergen Belsen januari till maj 1945. \u2026 N\u00e4r hon blev h\u00e4ktad i januari 1945 fick hon ej s\u00e5 l\u00e5ng tid p\u00e5 sig att hon fick med sig sina kn\u00e4hylsor och fick sedan g\u00e5 20 mil. Kunde sedan inte g\u00e5 eller st\u00e5 och har legat hela tiden i koncentrationsl\u00e4gret. Blev uttagen att avlivas i krematoriet, men lyckades l\u00e5tsas som om hon var fullt frisk och klarade sig. Under mars och april sju veckors diarr\u00e9er. Var vid befrielsen i ett fruktansv\u00e4rt tillst\u00e5nd, v\u00e4gde blott 30 kg och hade stora hunger\u00f6dem \u00f6ver ansiktet och hela kroppen.\u201d<\/p>\n<p style=\"text-align: justify;\">\n<p style=\"text-align: justify;\"><b>\u00d6verl\u00e4karen vid V\u00e4stra Marks sjukhus<\/b><\/p>\n<p style=\"text-align: justify;\">\u00d6rebro den 17 juli 1945<\/p>\n<p style=\"text-align: justify;\">\u201dRegina X, f\u00f6dd den 4.2 1928, vilken den 5.7 1945 intogs p\u00e5 V\u00e4stra Marks sjukhus har h\u00e4r varit lugn och beskedlig. Hennes lynne \u00e4r dock mycket v\u00e4xlande, stundtals \u00e4r hon glad och livlig, stundtals nedst\u00e4md och o\u00e5tkomlig, vid samtal som h\u00e5llits med henne (med tolk) framg\u00e5r, att hon \u00e4r en r\u00e4tt ytlig, egocentrisk psykopat. N\u00e5got st\u00f6d f\u00f6r diagnosen imbecillitet ha vi ej f\u00e5tt. Tv\u00e4rtom anser tolken hennes svar ovanligt logiska och hon \u00e4r ej barnslig i sina resonemang, visserligen har hon endast g\u00e5tt 4 \u00e5r i skola och d\u00e4rtill i skola f\u00f6r mindre beg\u00e5vande barn, men detta tycks ej d\u00e4r tillm\u00e4tas s\u00e5 stor betydelse. Hon m\u00e5ste nog anses vara ett r\u00e4tt typiskt polskt krigsbarn, h\u00e5llningsl\u00f6st, litet arbetsovillig, egensinnig och sj\u00e4lvupptagen. Sitt upptr\u00e4dande i Lund f\u00f6rklarar hon med att det var svartsjuka. P\u00e5 Engelbrektsskolan har hon tagit illa vid sig att hon ej f\u00e5tt promenera i staden som hennes kamrater f\u00e5tt. Det troliga \u00e4r v\u00e4l, att hon st\u00e4ller till med upptr\u00e4den igen, men d\u00e5 f\u00e5r man v\u00e4l f\u00f6rs\u00f6ka f\u00e5 henne till sinnesjukhus, om ingen annan m\u00f6jlighet finnes, d\u00e4r hon finge l\u00e4ra sig arbeta \u2013 och d\u00e4r man kunde f\u00f6rst, f\u00f6rst och fr\u00e4mst hennes spr\u00e5k. Hon genomgick en fullst\u00e4ndig f\u00f6r\u00e4ndring, d\u00e5 hon fick samtala med tolken, var str\u00e5lande glad, livlig och vaken, meddelsam och synnerligen detaljrik. Det gick n\u00e4stan inte att avbryta henne. I samr\u00e5d med Inspekt\u00f6ren f\u00f6r Sinnessl\u00f6v\u00e5rden utskrives hon fr\u00e5n V\u00e4stra Marks sjukhus den 17.7 1945 s\u00e5som icke i behov av v\u00e5rd.<\/p>\n<p style=\"text-align: justify;\">V\u00e4stra Marks Sjukhus i \u00d6rebro den 17.7 1945<\/p>\n<p style=\"text-align: justify;\">Underskrift<\/p>\n<p style=\"text-align: justify;\">t.f. \u00f6verl\u00e4kare<\/p>\n<p style=\"text-align: justify;\">Tre dagar senare i journalen:<\/p>\n<p style=\"text-align: justify;\">20.7 Efter vredesutbrott \u00f6verf\u00f6rd till polisen f\u00f6r befordran till Sundby <i>(sinnes)<\/i>sjukhus, Str\u00e4ngn\u00e4s. Ans\u00f6kan ins\u00e4nd sedan 6.7 1945.<\/p>\n<p style=\"text-align: justify;\">\n<p style=\"text-align: justify;\"><b>Sundby Sjukhus <\/b><\/p>\n<p style=\"text-align: justify;\">Vid Str\u00e4ngn\u00e4s den 9.10 45<\/p>\n<p style=\"text-align: justify;\">Ang\u00e5ende polska flyktingen Magda X<\/p>\n<p style=\"text-align: justify;\">M. som tydligen under vistelsen p\u00e5 beredskapssjukhuset r\u00e5kat i ett psykogent betingat f\u00f6rst\u00e4mningstillst\u00e5nd, \u00e4r nu i ett s\u00e5dant skick att fortsatt vistelse h\u00e4r \u00e4r ol\u00e4mpligt f\u00f6r henne, varf\u00f6r hon snarast m\u00f6jligt b\u00f6r \u00e5terf\u00f6ras till Beredskapssjukhuset.<\/p>\n<p style=\"text-align: justify;\">Hon har s\u00e5lunda haft stora p\u00e5frestningar i sitt hemland med koncentrations- och gettovistelse, familjen skingrad, maken, med vilken hon 42 eller 43 gifte sig i Lodz getto, \u00e4r borta mm. Nedkommen av kroppslig sjukdom hamnade hon s\u00e5 sm\u00e5ningom h\u00e4r, d\u00e4r hon dels oroats av meddelanden fr\u00e5n anf\u00f6rvanter i Palestina, dels irriterats av en kurators dagliga efterforskningar om hennes \u00f6nskem\u00e5l vid avresa fr\u00e5n Sverige. Slutligen r\u00e5kade hon i konflikt med en medpatient, som st\u00f6rde henne med s\u00f6mnadsarbeten \u00e4ven nattetid. Allt detta gjorde henne s\u00e5 f\u00f6rtvivlad, att hon reagerade med s\u00f6nderrivande av kl\u00e4der mm. \u00c4ven h\u00e4r, d\u00e4r hon \u00e4r stillsam och hygglig, \u00e4r sv\u00e5righeter med maten. (Vi ha ca 100 tuberkul\u00f6sa manliga polacker h\u00e4r, s\u00e5 vi ha n\u00e5gon vana d\u00e4rvid.) Mer ing\u00e5ende samtal med henne ha h\u00e5llits med hj\u00e4lp av en estnisk psykiater, som arbetar h\u00e4r f.n. s\u00e5 uppgifterna \u00e4ro riktiga. Hennes d\u00e5liga tyska (liksom min egen) g\u00f6r ju, att kontakten oss emellan inte \u00e4r s\u00e5 l\u00e4tt. Hon g\u00f6r intryck av att vara en typisk polsk judinna med f\u00f6r dessa utm\u00e4rkande temperament. Vad hon nu beh\u00f6va \u00e4r att komma tillbaka till landsm\u00e4n, d\u00e4r hon i lugn och ro kan f\u00e5 sina framtida f\u00f6rh\u00e5llanden uppordnade.<\/p>\n<p style=\"text-align: justify;\">D\u00e4rf\u00f6r tacksam f\u00f6r besked snarast m\u00f6jligt vilken dag hon kan avh\u00e4mtas.<\/p>\n<p style=\"text-align: justify;\">Med kollegial h\u00f6gaktning i tj\u00e4nsten<\/p>\n<p style=\"text-align: justify;\">X X<\/p>\n<p style=\"text-align: justify;\">\u00d6verl\u00e4kare<\/p>\n<p style=\"text-align: justify;\">I journalen:<\/p>\n<p style=\"text-align: justify;\">10.10 \u00e5ter fr\u00e5n Sundby sjukhus n\u00e5got f\u00f6rb\u00e4ttrad.<\/p>\n<p style=\"text-align: justify;\">19.11 Ans\u00f6kan till Sundby sjukhus (efter br\u00e5k med annan patient).<\/p>\n<p style=\"text-align: justify;\">22.11 \u00c5ter intagen Sundby sjukhus.\u201d<!--more--><\/p>\n<p style=\"text-align: justify;\"><b>Marta<\/b><\/p>\n<p style=\"text-align: justify;\">\u201dI f\u00e5ngenskap sedan 1940. Mellan 1940-42 i getto i Vilnius, 1942-43 arbetsl\u00e4ger i Estland. 1942-45 i koncentrationsl\u00e4gret Stutthof. Fick arbeta h\u00e5rt i arbetsl\u00e4gret men hade det f\u00f6r \u00f6vrigt relativt bra. I Stutthof var det mycket sv\u00e5ra f\u00f6rh\u00e5llanden. Uppst\u00e4llning fr\u00e5n 2-7 samt fr\u00e5n 16-19. Dagsransonen bestod av \u00bd liter tunn soppa, 15 gram br\u00f6d samt 10 gram margarin. I januari 1945 fick hon sitta i en k\u00e4llare i 20 grader k\u00f6ld och skala potatis if\u00f6rd endast en tunn sommarkl\u00e4nning och tr\u00e4skor. F\u00f6rfr\u00f6s d\u00e5 b\u00e5da f\u00f6tterna. Fick sedan kallbrand i t\u00e5rna och efter befrielsen totalextirpierade en engelsk kirurg samtliga t\u00e5r p\u00e5 h\u00f6ger fot och cirka h\u00e4lften p\u00e5 v\u00e4nster. I slutet av april 1945 blev hon tillsammans med alla andra sjuka lastade p\u00e5 ett fartyg p\u00e5 vilket det uppstod en eldsv\u00e5da och hon fick d\u00e5 sv\u00e5ra br\u00e4nnskador p\u00e5 baksidan av underbenen.\u00a0 Vid befrielsen mycket medtagen\u2026 V\u00e4gde 29 kg\u2026 nu 46 kg.\u201d<\/p>\n<p style=\"text-align: justify;\"><b>Hela<\/b><\/p>\n<p style=\"text-align: justify;\">\u201dGift sedan 1942, en abort i sjunde m\u00e5naden sedan ingen graviditet. 1944 i getto i fem veckor. Sedan till koncentrationsl\u00e4gret Auschwitz, sju dagar i boskapsvagn med 54 kamrater utan annan mat och dryck \u00e4n vad de fr\u00e5n b\u00f6rjan m\u00f6jligen kunde ha med sig. Under resan bestulna p\u00e5 alla v\u00e4rdesaker av SS-m\u00e4n, en del blevo skjutna under resan. Komna till l\u00e4gret sorterades de upp i olika grupper, varvid patientens f\u00f6r\u00e4ldrar och en del andra anh\u00f6riga troligen direkt f\u00f6rdes till krematoriet. Sj\u00e4lv kom hon till arbetsl\u00e4ger. Efter sex m\u00e5nader f\u00f6rdes hon till l\u00e4gret i Birmbaum. H\u00e4rifr\u00e5n till fots i tv\u00e5 veckor till Belsen. Tidigare hade hon varit fullt frisk fr\u00e5nsett l\u00f6ss, men i Belsen fick hon f\u00f6rst \u201dkopftyphus\u201d, sedan Abdominal <i>(buk?)<\/i>typhus. Var alldeles borta i tre-fyra veckor, hade under denna tiden diarr\u00e9er och troligtvis \u00e4ven skabb.\u201d<\/p>\n<p style=\"text-align: justify;\"><b>Hanna<\/b><\/p>\n<p style=\"text-align: justify;\">\u201dI l\u00e4ger sedan november 1944. Tjugo dagar i arbetsl\u00e4gret Bocsok, Ungern, 45 dagar i Gem\u00fcnden, \u00d6sterrike samt i Bergen Belsen fr\u00e5n och med februari 1945. I arbetsl\u00e4gret h\u00e5rt arbete. Fick i kraftig kyla st\u00e5 och gr\u00e4va tv\u00e5 meter djupa tankgravar. I Bergen Belsen fick hon ligga i en kall och dragig barack s\u00e5 t\u00e4tt sammanpackad med andra att hon ej kunde str\u00e4cka ut sig utan fick ligga med uppdragna ben. Hade i 20\u00b0 k\u00f6ld endast en tunn sommarkl\u00e4nning p\u00e5 sig. Maten utgjordes av: frukost: 2 dl svart \u201dkaffe\u201d, middag: 3 dl tunn soppa, 150 gram br\u00f6d. Kv\u00e4llsmat: 2 dl svart \u201dkaffe\u201d samt en potatis. Ungef\u00e4r 20 dog varje dag av hunger. I slutet av mars 1945 tyfus. Sjuk i sex veckor med ungef\u00e4r 40\u00b0 feber. Diarr\u00e9er i tv\u00e5 veckor och r\u00f6da fl\u00e4ckar p\u00e5 kroppen. V\u00e4gde efter sjukdomen 42 kg och hade stora \u00f6dem p\u00e5 f\u00f6tterna. Var s\u00e5 svag att hon inte orkade st\u00e5 eller g\u00e5 vid befrielsen, men har sedan dess tagit upp sig bra. \u00d6kat 23 kilo och k\u00e4nner sig nu i stort sett frisk.\u201d<\/p>\n<p style=\"text-align: justify;\">\n<p style=\"text-align: justify;\">K\u00e4llor: Journaler \u00d6rebro Beredskapssjukhus, Riksarkivet. \u00a0N\u00e4stan samtliga journaler finns bevarade men lyder under sekretess till 2020.<\/p>\n","protected":false},"excerpt":{"rendered":"<p>Citat fr\u00e5n journaler fr\u00e5n Engelbrektskolans beredskapssjukhus 1945 Kvinnornas namn \u00e4r inte deras riktiga utan avidentifierade och omkastade. Citaten \u00e4r nedskrivna av behandlande l\u00e4kare och n\u00e5got bearbetade f\u00f6r att \u00f6ka l\u00e4sligheten. Utdragen blir viktiga f\u00f6r att beskriva vad kvinnorna varit med om. F\u00e5 i Sverige f\u00f6rstod vad det innebar att \u00f6verleva ett eller flera koncentrationsl\u00e4ger samt &hellip; <\/p>\n<p><a class=\"more-link btn\" href=\"https:\/\/xn--skuggorfrndetfrflutna-02b01b.se\/?page_id=177\">Forts\u00e4tt l\u00e4sa<\/a><\/p>\n","protected":false},"author":1,"featured_media":0,"parent":0,"menu_order":0,"comment_status":"closed","ping_status":"open","template":"","meta":{"_monsterinsights_skip_tracking":false,"_monsterinsights_sitenote_active":false,"_monsterinsights_sitenote_note":"","_monsterinsights_sitenote_category":0,"footnotes":""},"class_list":["post-177","page","type-page","status-publish","hentry","nodate","item-wrap"],"jetpack_sharing_enabled":true,"_links":{"self":[{"href":"https:\/\/xn--skuggorfrndetfrflutna-02b01b.se\/index.php?rest_route=\/wp\/v2\/pages\/177","targetHints":{"allow":["GET"]}}],"collection":[{"href":"https:\/\/xn--skuggorfrndetfrflutna-02b01b.se\/index.php?rest_route=\/wp\/v2\/pages"}],"about":[{"href":"https:\/\/xn--skuggorfrndetfrflutna-02b01b.se\/index.php?rest_route=\/wp\/v2\/types\/page"}],"author":[{"embeddable":true,"href":"https:\/\/xn--skuggorfrndetfrflutna-02b01b.se\/index.php?rest_route=\/wp\/v2\/users\/1"}],"replies":[{"embeddable":true,"href":"https:\/\/xn--skuggorfrndetfrflutna-02b01b.se\/index.php?rest_route=%2Fwp%2Fv2%2Fcomments&post=177"}],"version-history":[{"count":12,"href":"https:\/\/xn--skuggorfrndetfrflutna-02b01b.se\/index.php?rest_route=\/wp\/v2\/pages\/177\/revisions"}],"predecessor-version":[{"id":3383,"href":"https:\/\/xn--skuggorfrndetfrflutna-02b01b.se\/index.php?rest_route=\/wp\/v2\/pages\/177\/revisions\/3383"}],"wp:attachment":[{"href":"https:\/\/xn--skuggorfrndetfrflutna-02b01b.se\/index.php?rest_route=%2Fwp%2Fv2%2Fmedia&parent=177"}],"curies":[{"name":"wp","href":"https:\/\/api.w.org\/{rel}","templated":true}]}}