{"id":1719,"date":"2015-02-22T10:02:19","date_gmt":"2015-02-22T10:02:19","guid":{"rendered":"http:\/\/xn--skuggorfrndetfrflutna-02b01b.se\/?page_id=1719"},"modified":"2015-02-22T10:02:19","modified_gmt":"2015-02-22T10:02:19","slug":"krigsintervju-2","status":"publish","type":"page","link":"https:\/\/xn--skuggorfrndetfrflutna-02b01b.se\/?page_id=1719","title":{"rendered":"Krigsintervju"},"content":{"rendered":"<p>Lars\u00a0Matthiissen\u00a0f\u00f6ddes 1930 i K\u00f6penhamn. Lars hade 3 syskon varav en tvillingsyster nu idag lever endast hans tvillingsyster. Lars har m\u00e5nga minnen fr\u00e5n kriget. Ett av minnena \u00e4r att den 1 september n\u00e4r han var nio \u00e5r gammal h\u00f6rde hur dom vuxna pratade om att den engelska flottan skulle \u00e5ka in i \u00d6stersj\u00f6n f\u00f6r att hj\u00e4lpa polen detta h\u00e4nde aldrig eftersom att tyskarna dominerade luften och l\u00e4tt hade kunnat f\u00e4lla bomber \u00f6ver flottan men det var \u00e4nd\u00e5 en bra sak att folk pratade om det. Lars ber\u00e4ttade mycket om kriget och han var v\u00e4ldigt noga med att datumen kom med. Till exempel ber\u00e4ttade han om n\u00e4r tyskarna ockuperade Danmark och hur hans hem land gav upp utan mycket motst\u00e5nd den 1 april 1940. Danmark och Tyskland skrev ett avtal d\u00e4r det stod att Tyskland skulle respektera danskarnas sj\u00e4lvst\u00e4ndighet.<\/p>\n<p>Han har \u00e4ven m\u00e5nga mer negativa minnen som till exempel att man vande sig sig med att ha tyskarna i Danmark man s\u00e5g dom i uniform g\u00e5 runt p\u00e5 gatan. Detta var n\u00e4r det gick bra f\u00f6r Tyskland i kriget. S\u00e5 sm\u00e5ningom startades en motst\u00e5ndsr\u00f6relse som ans\u00e5g att Danmark inte skulle hj\u00e4lpa Tyskland i kriget. Dom fick vapen av England sen s\u00e5 hade man radiof\u00f6rbindelse med London p\u00e5 s\u00e5 s\u00e4tt kunde England meddela vart dom sl\u00e4ppte konteinrar fulla med vapen, ammunition och bombmedel.<\/p>\n<p>N\u00e4r Lars fick fr\u00e5gan om han hade sett n\u00e5gonting och om han hade n\u00e5got minne av det s\u00e5 ber\u00e4ttade han om den 27 Januari 1943 n\u00e4r Engelska flygplan bombade ett omr\u00e5de i Danmark. Lars gick p\u00e5 en Internatskola i n\u00e4rheten av Kastrup flygplats. Lars ber\u00e4ttade att hela himlen var r\u00f6d efter branden som orsakades av bombarderingen.<\/p>\n<p>L\u00e4ngre fram i 1943 ville Tyskland att Danmark skulle inf\u00f6ra d\u00f6dsstraff f\u00f6r sabotage men den Danska regeringen nekade denna \u00f6nskan d\u00e5 fick Tyskarna den Danska regeringen avsatt 29 Augusti 1943. Den 1 Oktober 1943 s\u00e5 ville Hitler ta judarna som fanns i Danmark vid den tiden fanns det cirka 7000 judar i Danmark. Den tyska ledningen som fanns i Danmark tyckte att det inte skulle vara n\u00f6dv\u00e4ndigt men Berlin ledningen kr\u00e4vde att det skulle ske. Tyskarna skulle ha lyckats f\u00e5nga alla om inte en Tysk \u00e4mbetsman avsl\u00f6jade tyskarnas planer och sa \u00e5t judarna att g\u00f6mma sig. N\u00e4stan alla judar g\u00f6mde sig och tyskarna f\u00e5ngade endast 481 judar. F\u00f6r dom judarna som var kvar ordnade man b\u00e5tar som skickade judarna till sverige p\u00e5 tv\u00e5 veckor hade man skickat \u00f6ver 6519 judar.<\/p>\n<p>Lars ber\u00e4ttar om en l\u00e4rare som tog ledigt fr\u00e5n sitt jobb f\u00f6r att starta en b\u00e5tlinje. P\u00e5 en vecka hade l\u00e4raren flyttat 1000 personer men dock s\u00e5 fick tyskarna reda p\u00e5 vem mannen var och han flydde till Sverige. 10% av Tysklands totala f\u00f6rs\u00f6rjning kom ifr\u00e5n Danmark och d\u00e4rf\u00f6r s\u00e5 satte tyskarna dom Danska judarna i ett propaganda l\u00e4ger som heter Theresienstadt. Danskarna sl\u00f6t ett avtal med tyskarna d\u00e4r det stog att judarna inte fick flyttas, tyskarna fick heller inte d\u00f6da n\u00e5gon av dom danska judarna. Judarnas flykt ifr\u00e5n Danmark gav ett djupt intryck i USA. USA hedrade dom danska judarna genom att g\u00f6ra ett frim\u00e4rke med danskt motiv. Det b\u00f6rjade g\u00e5 s\u00e4mre f\u00f6r tyskarna i kriget efter att Montgomery besegrade Roml i Egypten vilket gjorde att Tyskland f\u00f6rlorade all makt \u00f6ver Afrika.<\/p>\n<p>I Januari 1943 f\u00f6rlorade Tyskland slaget om Stalingrad emot England, vilket var Englands f\u00f6rsta seger p\u00e5 land under andra v\u00e4rldskriget. Motst\u00e5ndsr\u00f6relsen b\u00f6rjade inse att tyskarna inte kunde vinna kriget. 28 Juni 1944 gjorde inv\u00e5narna i K\u00f6penhamn uppror mot tyskarna. Danska polisen f\u00f6rs\u00f6kte lugna ner folk i K\u00f6penhamn men dom lyckades inte utan ist\u00e4llet byggde man barrikader emot tyskarna. Eftersom tyskarna k\u00f6rde runt i bilar t\u00e4nde man eldar p\u00e5 m\u00e5nga gator s\u00e5 att tyskarna var tvungna att backa. Motst\u00e5nds r\u00f6relsen startade ett r\u00e5d som tillslut best\u00e4mde att tyskarna var tvungna l\u00e4mna Danmark.<\/p>\n<p>Lars ber\u00e4ttade \u00e4ven om n\u00e4r hans familj cyklade p\u00e5 udda och l\u00e5nga v\u00e4gar f\u00f6r att undvika tyskarna. Men man m\u00e4rkte heller inte av dom, skolan var densamma f\u00f6rutom under en kort period d\u00e5 man inte fick n\u00e5gon potatis. Han ber\u00e4ttade \u00e4ven om den 4 maj n\u00e4r dom p\u00e5 radiokanalen BBC meddelade att nordv\u00e4st Tyskland, Holland och Danmark hade kapitulerat s\u00e5 t\u00e4nde man stearin ljus och drog ner m\u00f6rkerl\u00e4ggningen f\u00f6r att fira att kriget var slut.<\/p>\n<p><strong>Egna reflektioner:<\/strong><\/p>\n<div><\/div>\n<div>N\u00e4r Lars ber\u00e4ttade detta s\u00e5 s\u00e5g man p\u00e5 honom att han inte tyckte att det Tyskland gjorde var okej men han var \u00e4nd\u00e5 ganska s\u00e5 likgiltig n\u00e4r han ber\u00e4ttade om sitt liv. Jag skulle dock nog inte kunna vara lika stark som han \u00e4r och kunnat prata om vad jag gott igenom. Det som Lars ber\u00e4ttar \u00e4r ganska sv\u00e5rt f\u00f6r oss att f\u00f6rst\u00e5 eftersom att vi inte har samma sorts problem h\u00e4r i Sverige. Jag menar dom levde utan el och vatten och folk nu f\u00f6r tiden klagar p\u00e5 att vi har l\u00e5nga skoldagar.<\/div>\n<div><\/div>\n<div>Jag anser att om jag skulle skriva en uppsats om hur andra v\u00e4rldskriget var i Danmark s\u00e5 skulle jag anv\u00e4nda denna intervju som historisk k\u00e4lla d\u00e5 han b\u00e5de vart med om det men \u00e4nd\u00e5 inte varit delaktig eftersom han var en civil Dansk som inte gjorde n\u00e5got fel.<\/div>\n<div><\/div>\n<div>Soraya 9D vt-14<\/div>\n","protected":false},"excerpt":{"rendered":"<p>Lars\u00a0Matthiissen\u00a0f\u00f6ddes 1930 i K\u00f6penhamn. Lars hade 3 syskon varav en tvillingsyster nu idag lever endast hans tvillingsyster. Lars har m\u00e5nga minnen fr\u00e5n kriget. Ett av minnena \u00e4r att den 1 september n\u00e4r han var nio \u00e5r gammal h\u00f6rde hur dom vuxna pratade om att den engelska flottan skulle \u00e5ka in i \u00d6stersj\u00f6n f\u00f6r att hj\u00e4lpa &hellip; <\/p>\n<p><a class=\"more-link btn\" href=\"https:\/\/xn--skuggorfrndetfrflutna-02b01b.se\/?page_id=1719\">Forts\u00e4tt l\u00e4sa<\/a><\/p>\n","protected":false},"author":1,"featured_media":0,"parent":0,"menu_order":0,"comment_status":"closed","ping_status":"open","template":"","meta":{"_monsterinsights_skip_tracking":false,"_monsterinsights_sitenote_active":false,"_monsterinsights_sitenote_note":"","_monsterinsights_sitenote_category":0,"footnotes":""},"class_list":["post-1719","page","type-page","status-publish","hentry","nodate","item-wrap"],"jetpack_sharing_enabled":true,"_links":{"self":[{"href":"https:\/\/xn--skuggorfrndetfrflutna-02b01b.se\/index.php?rest_route=\/wp\/v2\/pages\/1719","targetHints":{"allow":["GET"]}}],"collection":[{"href":"https:\/\/xn--skuggorfrndetfrflutna-02b01b.se\/index.php?rest_route=\/wp\/v2\/pages"}],"about":[{"href":"https:\/\/xn--skuggorfrndetfrflutna-02b01b.se\/index.php?rest_route=\/wp\/v2\/types\/page"}],"author":[{"embeddable":true,"href":"https:\/\/xn--skuggorfrndetfrflutna-02b01b.se\/index.php?rest_route=\/wp\/v2\/users\/1"}],"replies":[{"embeddable":true,"href":"https:\/\/xn--skuggorfrndetfrflutna-02b01b.se\/index.php?rest_route=%2Fwp%2Fv2%2Fcomments&post=1719"}],"version-history":[{"count":1,"href":"https:\/\/xn--skuggorfrndetfrflutna-02b01b.se\/index.php?rest_route=\/wp\/v2\/pages\/1719\/revisions"}],"predecessor-version":[{"id":1721,"href":"https:\/\/xn--skuggorfrndetfrflutna-02b01b.se\/index.php?rest_route=\/wp\/v2\/pages\/1719\/revisions\/1721"}],"wp:attachment":[{"href":"https:\/\/xn--skuggorfrndetfrflutna-02b01b.se\/index.php?rest_route=%2Fwp%2Fv2%2Fmedia&parent=1719"}],"curies":[{"name":"wp","href":"https:\/\/api.w.org\/{rel}","templated":true}]}}