{"id":162,"date":"2013-09-07T19:08:14","date_gmt":"2013-09-07T19:08:14","guid":{"rendered":"http:\/\/xn--skuggorfrndetfrflutna-02b01b.se\/?page_id=162"},"modified":"2013-09-11T18:54:15","modified_gmt":"2013-09-11T18:54:15","slug":"etel-b-s","status":"publish","type":"page","link":"https:\/\/xn--skuggorfrndetfrflutna-02b01b.se\/?page_id=162","title":{"rendered":"Etel B-S"},"content":{"rendered":"<p>Etel f\u00f6ddes 9 april 1912 i\u00a0Humenn\u00e9,\u00a0 Tjeckoslovakien. Hon bodde med sina f\u00f6r\u00e4ldrar, Ignatz (f\u00f6dd 1867) och Fani (f\u00f6dd 1867) Schlesinger, 2 br\u00f6der och 4 systrar. En bror ska ha flyttat till Amerika f\u00f6r n\u00e4r Etel kom till Sverige s\u00e5 hade hon som \u00f6nskem\u00e5l att f\u00e5 \u00e5ka till Amerika till hennes bror och farbror. Man kan anta att han flyttat dit innan F\u00f6rintelsen. Pappan dog redan innan kriget.<\/p>\n<p>Som liten bodde Etel i sitt familjehem och fick g\u00e5 i b\u00e5de folkskola och gymnasiet f\u00f6r att sedan avsluta med 1 \u00e5r i handelsskola. N\u00e4r hon pluggat klart fick hon anst\u00e4llning p\u00e5 ett kontor i Hummen\u00e9, senare blev hon aff\u00e4rsinnehavarinna. 1937 gifte Etel sig med Dezider B (f\u00f6dd 1902) och hon blev Etel B, de flyttar sedan till Secovce. 2 \u00e5r senare, 1939, s\u00e5 f\u00e5r de en dotter som f\u00e5r heta Judit.<\/p>\n<p>23 december 1944 blir hon arresterad och f\u00f6rs till ett l\u00e4ger i Tjeckoslovakien, efter ett par veckor f\u00f6rflyttas hon till Ravenbr\u00fcck. I slutet av februari 1945 flyttar man henne till koncentrationsl\u00e4gret Bergen-Belsen, d\u00e4r inne f\u00e5r hon fl\u00e4cktyfus och flyttas till ett sjukhus i Bergen av engelsm\u00e4nnen.\u00a0Hennes man Dezider f\u00f6rdes till Polen den 28 februari1942. Dottern som bara var 5 \u00e5r f\u00f6rdes ocks\u00e5 till l\u00e4ger i maj 1944. Det finns inga tecken p\u00e5 att maken eller dottern \u00f6verlevde.<\/p>\n<p>I juli m\u00e5nad f\u00f6rdes hon av Svenska R\u00f6da Korset till Sverige och ankommer till Malm\u00f6 11 juli. Den 2 augusti 1945 ankom hon till Lund och d\u00e5 hamna hon p\u00e5 R\u00e5byskolan.\u00a0Till \u00d6rebro f\u00e5r hon komma den 21 augusti och en dag senare l\u00e4ggs hon in p\u00e5 Engelbrektskolans beredskapssjukhus.<\/p>\n<p>Etels familj finns n\u00e4stan ingen information om, det man vet \u00e4r att hennes mamma Fani arresterades i maj 1944 och f\u00f6rdes till Tyskland. Vad som h\u00e4nde med Fani och resten av familjen vet man inte men man kan anta att de dog i olika koncentrationsl\u00e4ger. Den \u00e4nda familjen som man k\u00e4nner till som \u00e4r kvar \u00e4r brodern och farbrodern i Amerika.<\/p>\n<p>P\u00e5 Yad Vashems databas \u00f6ver F\u00f6rintelsens offer s\u00e5 tror jag att jag hittat Etels mamma, men d\u00e4r st\u00e5r inget mer \u00e4n att hon dog i F\u00f6rintelsen. Om \u00f6vriga sl\u00e4ktingar finns ingen information.<\/p>\n<p>Under vistelsen i Sverige beh\u00f6ver hon aldrig arbeta, hennes bror S.H Schlesinger f\u00f6rs\u00f6rjer henne med pengar.<\/p>\n<p>28 december 1945 \u00e5ker hon till en konvalescentf\u00f6rl\u00e4ggning i Konga, den 25 januari 1946 flyttas hon till ett utl\u00e4nningsl\u00e4ger i Tingsryd-Konga. Den 30 april utreser hon fr\u00e5n Sverige, sannolikt \u00e5ker hon till Amerika till sin bror eftersom det var dit hon \u00f6nskade \u00e5ka.<\/p>\n<p>Enligt ett dokument fr\u00e5n 1969 bor hon i Long Beach i New York, i dokumentet s\u00e5 har hon skrivit om sin mors d\u00f6d. Hon verkar ocks\u00e5 ha bytt efternamn till Weisz f\u00f6rmodligen f\u00f6r att hon gift sig p\u00e5 nytt. Dokumentet \u00e4r daterat 10.12.1969.<\/p>\n<p>K\u00e4llor: Dossier Stetens utl\u00e4nningskommission, www.Yadvashem.org \u00a0 Text av Lina Munkvold 9D och Astrid Didriksson 9E 2012<\/p>\n","protected":false},"excerpt":{"rendered":"<p>Etel f\u00f6ddes 9 april 1912 i\u00a0Humenn\u00e9,\u00a0 Tjeckoslovakien. Hon bodde med sina f\u00f6r\u00e4ldrar, Ignatz (f\u00f6dd 1867) och Fani (f\u00f6dd 1867) Schlesinger, 2 br\u00f6der och 4 systrar. En bror ska ha flyttat till Amerika f\u00f6r n\u00e4r Etel kom till Sverige s\u00e5 hade hon som \u00f6nskem\u00e5l att f\u00e5 \u00e5ka till Amerika till hennes bror och farbror. Man kan &hellip; <\/p>\n<p><a class=\"more-link btn\" href=\"https:\/\/xn--skuggorfrndetfrflutna-02b01b.se\/?page_id=162\">Forts\u00e4tt l\u00e4sa<\/a><\/p>\n","protected":false},"author":1,"featured_media":0,"parent":0,"menu_order":0,"comment_status":"closed","ping_status":"open","template":"","meta":{"_monsterinsights_skip_tracking":false,"_monsterinsights_sitenote_active":false,"_monsterinsights_sitenote_note":"","_monsterinsights_sitenote_category":0,"footnotes":""},"class_list":["post-162","page","type-page","status-publish","hentry","nodate","item-wrap"],"jetpack_sharing_enabled":true,"_links":{"self":[{"href":"https:\/\/xn--skuggorfrndetfrflutna-02b01b.se\/index.php?rest_route=\/wp\/v2\/pages\/162","targetHints":{"allow":["GET"]}}],"collection":[{"href":"https:\/\/xn--skuggorfrndetfrflutna-02b01b.se\/index.php?rest_route=\/wp\/v2\/pages"}],"about":[{"href":"https:\/\/xn--skuggorfrndetfrflutna-02b01b.se\/index.php?rest_route=\/wp\/v2\/types\/page"}],"author":[{"embeddable":true,"href":"https:\/\/xn--skuggorfrndetfrflutna-02b01b.se\/index.php?rest_route=\/wp\/v2\/users\/1"}],"replies":[{"embeddable":true,"href":"https:\/\/xn--skuggorfrndetfrflutna-02b01b.se\/index.php?rest_route=%2Fwp%2Fv2%2Fcomments&post=162"}],"version-history":[{"count":3,"href":"https:\/\/xn--skuggorfrndetfrflutna-02b01b.se\/index.php?rest_route=\/wp\/v2\/pages\/162\/revisions"}],"predecessor-version":[{"id":338,"href":"https:\/\/xn--skuggorfrndetfrflutna-02b01b.se\/index.php?rest_route=\/wp\/v2\/pages\/162\/revisions\/338"}],"wp:attachment":[{"href":"https:\/\/xn--skuggorfrndetfrflutna-02b01b.se\/index.php?rest_route=%2Fwp%2Fv2%2Fmedia&parent=162"}],"curies":[{"name":"wp","href":"https:\/\/api.w.org\/{rel}","templated":true}]}}