{"id":159,"date":"2013-09-07T19:00:49","date_gmt":"2013-09-07T19:00:49","guid":{"rendered":"http:\/\/xn--skuggorfrndetfrflutna-02b01b.se\/?page_id=159"},"modified":"2013-09-07T19:21:38","modified_gmt":"2013-09-07T19:21:38","slug":"warszawaupproret","status":"publish","type":"page","link":"https:\/\/xn--skuggorfrndetfrflutna-02b01b.se\/?page_id=159","title":{"rendered":"Warszawaupproret"},"content":{"rendered":"<p>N\u00e4r den sovjetiska arm\u00e9n n\u00e4rmade sig Warszawa i augusti 1944, startade den polska motst\u00e5ndsr\u00f6relsen ett uppror mot de tyska trupperna i staden. Inom\u00a0n\u00e5gra dagar skulle de sovjetiska styrkorna g\u00e5 in i Warszawa och\u00a0hj\u00e4lpa motst\u00e5ndsm\u00e4nnen.<\/p>\n<p>Men de sovjetiska trupperna hj\u00e4lpte aldrig motst\u00e5ndsm\u00e4nnen, utan stannade utanf\u00f6r Warszawa. Efter 63 dagars h\u00e5rda strider tvingades motst\u00e5ndsk\u00e4mparna ge upp. D\u00e5 hade tiotusentals motst\u00e5ndsm\u00e4n och civila d\u00f6dats av de tyska trupperna. En stor del av Warszawas befolkning deporterades till koncentrations- och arbetsl\u00e4ger och tyskarna f\u00f6rst\u00f6rde stora delar av staden. Irene Rybak var en av de sim deporterades. F\u00f6rst d\u00e4refter gick de sovjetiska styrkorna in och er\u00f6vrade Warszawa.<\/p>\n<p>F\u00f6r samtiden visste man inte varf\u00f6r de sovjetiska styrkorna inte hade ingripit. Efter kriget framtr\u00e4dde emellertid ett politiskt motiv bakom ryssarnas agerande. Under den tyska ockupationen hade den polska motst\u00e5ndsr\u00f6relsen vuxit sig stark. Deras m\u00e5l var att f\u00e5 ett fritt och sj\u00e4lvst\u00e4ndigt Polen. Men Sovjetunionen hade andra planer f\u00f6r Polen. Efter krigsslutet\u00a0skulle landet bli\u00a0kommunistiskt och g\u00f6ras till en sovjetisk lydstat. F\u00f6r att underl\u00e4tta inf\u00f6randet av kommunismen, var det fr\u00e5n sovjetisk sida \u00f6nskv\u00e4rt att den nationella polska motst\u00e5ndsstyrkan eliminerades.<\/p>\n<p>K\u00e4lla: Wikipedia. Text av Simon Bergqvist 9D 2012.<\/p>\n","protected":false},"excerpt":{"rendered":"<p>N\u00e4r den sovjetiska arm\u00e9n n\u00e4rmade sig Warszawa i augusti 1944, startade den polska motst\u00e5ndsr\u00f6relsen ett uppror mot de tyska trupperna i staden. Inom\u00a0n\u00e5gra dagar skulle de sovjetiska styrkorna g\u00e5 in i Warszawa och\u00a0hj\u00e4lpa motst\u00e5ndsm\u00e4nnen. Men de sovjetiska trupperna hj\u00e4lpte aldrig motst\u00e5ndsm\u00e4nnen, utan stannade utanf\u00f6r Warszawa. Efter 63 dagars h\u00e5rda strider tvingades motst\u00e5ndsk\u00e4mparna ge upp. D\u00e5 &hellip; <\/p>\n<p><a class=\"more-link btn\" href=\"https:\/\/xn--skuggorfrndetfrflutna-02b01b.se\/?page_id=159\">Forts\u00e4tt l\u00e4sa<\/a><\/p>\n","protected":false},"author":1,"featured_media":0,"parent":0,"menu_order":0,"comment_status":"closed","ping_status":"open","template":"","meta":{"_monsterinsights_skip_tracking":false,"_monsterinsights_sitenote_active":false,"_monsterinsights_sitenote_note":"","_monsterinsights_sitenote_category":0,"footnotes":""},"class_list":["post-159","page","type-page","status-publish","hentry","nodate","item-wrap"],"jetpack_sharing_enabled":true,"_links":{"self":[{"href":"https:\/\/xn--skuggorfrndetfrflutna-02b01b.se\/index.php?rest_route=\/wp\/v2\/pages\/159","targetHints":{"allow":["GET"]}}],"collection":[{"href":"https:\/\/xn--skuggorfrndetfrflutna-02b01b.se\/index.php?rest_route=\/wp\/v2\/pages"}],"about":[{"href":"https:\/\/xn--skuggorfrndetfrflutna-02b01b.se\/index.php?rest_route=\/wp\/v2\/types\/page"}],"author":[{"embeddable":true,"href":"https:\/\/xn--skuggorfrndetfrflutna-02b01b.se\/index.php?rest_route=\/wp\/v2\/users\/1"}],"replies":[{"embeddable":true,"href":"https:\/\/xn--skuggorfrndetfrflutna-02b01b.se\/index.php?rest_route=%2Fwp%2Fv2%2Fcomments&post=159"}],"version-history":[{"count":2,"href":"https:\/\/xn--skuggorfrndetfrflutna-02b01b.se\/index.php?rest_route=\/wp\/v2\/pages\/159\/revisions"}],"predecessor-version":[{"id":175,"href":"https:\/\/xn--skuggorfrndetfrflutna-02b01b.se\/index.php?rest_route=\/wp\/v2\/pages\/159\/revisions\/175"}],"wp:attachment":[{"href":"https:\/\/xn--skuggorfrndetfrflutna-02b01b.se\/index.php?rest_route=%2Fwp%2Fv2%2Fmedia&parent=159"}],"curies":[{"name":"wp","href":"https:\/\/api.w.org\/{rel}","templated":true}]}}