{"id":1540,"date":"2014-06-05T18:23:16","date_gmt":"2014-06-05T18:23:16","guid":{"rendered":"http:\/\/xn--skuggorfrndetfrflutna-02b01b.se\/?page_id=1540"},"modified":"2014-06-05T19:32:00","modified_gmt":"2014-06-05T19:32:00","slug":"halina-b","status":"publish","type":"page","link":"https:\/\/xn--skuggorfrndetfrflutna-02b01b.se\/?page_id=1540","title":{"rendered":"Halina B"},"content":{"rendered":"<p style=\"text-align: justify;\">Halina B f\u00f6ddes den 26 maj 1921 i Warszawa, Polen. Hon \u00e4r dotter till byggm\u00e4staren Stanislaw B och Mariann B, men b\u00e5da f\u00f6r\u00e4ldrarna dog innan Halinas ankomst till Sverige. Hennes syskon, tv\u00e5 systrar och tv\u00e5 br\u00f6der, var kvar i Warszawa d\u00e5 Halina evakuerades till Ravensbr\u00fcck, Tyskland. Halina gick 7 \u00e5r i folkskola och 2 \u00e5r i hush\u00e5llsskola, d\u00e4refter var hon anst\u00e4lld p\u00e5 en glasfabrik i Warszawa till h\u00f6sten 1944. Enligt det polisf\u00f6rh\u00f6r som genomf\u00f6rdes ans\u00e5g hon sig ej milit\u00e4rutbildad, ej prostituerad och som polska bek\u00e4nner hon den romersk-katolska l\u00e4ran. Alla &#8221;fr\u00e4mlingar&#8221; fick sannolikt samma fr\u00e5gor.<\/p>\n<p style=\"text-align: justify;\">Den 11 september 1944 deporterades Halina till Tyskland och f\u00f6rdes till koncentrationsl\u00e4gret Ravensbr\u00fcck, i norra Tyskland, d\u00e4r hon vistades fram till befrielsen. I slutet av april 1945 blev hon utsl\u00e4ppt och f\u00f6rdes med hj\u00e4lp av R\u00f6da Korset in till Sverige 2 maj 1945 utan legitimationshandling och hade inte heller n\u00e5gra uppgifter att l\u00e4mna om annan flykting. Efter ankomst Malm\u00f6 vistades hon i Lund till 25 maj d\u00e5 hon blev f\u00f6rflyttad till Beredskapssjukhuset p\u00e5 Engelbrektskolan i \u00d6rebro. Hon ans\u00e5gs arbetsf\u00f6r den 30 juli 1945 och hon fick anst\u00e4llning i k\u00f6ket p\u00e5 l\u00e4nslasarettet f\u00f6r 50 kronor i m\u00e5naden, men detta trivdes hon inte med utan ville hellre jobba p\u00e5 en skofabrik i \u00d6rebro. Hon bytte d\u00e4rf\u00f6r arbete, hon jobbade d\u00e4refter som st\u00e4derska p\u00e5 centrallasarettet i \u00d6rebro och senare som hembitr\u00e4de (fr\u00e5n 29 december 1945) hos familjen Andr\u00e9 d\u00e4r hon tj\u00e4nade 100 kr i m\u00e5naden. Enligt l\u00e4karen Olle Ottander var detta delvis en del i behandlingen, m\u00e5nga \u00f6rebroare l\u00e4t flyktingarna bo hemma hos sig mot mindre hush\u00e5llsarbete. Av kostandssk\u00e4l ville staten snabbt f\u00e5r flyktingarna i arbete. D\u00e5 Halina arbetade privat bad hon om att f\u00e5 sitt pass hems\u00e4nt fr\u00e5n Polska ambassaden.<\/p>\n<p style=\"text-align: justify;\">Den 9 november 1946 skickade Halina B en ans\u00f6kan till Statens Utl\u00e4nningskommission om att f\u00e5 gifta sig med den svenske verkstadsarbetaren Karl Alfred Olsson (f\u00f6dd den 18 oktober 1910). Gifterm\u00e5let godk\u00e4ndes och i och med det blev Halina svensk medborgare den 8 februari 1947. Den 15 november 1961 skickade Halina ett brev d\u00e4r hon bad om att f\u00e5 hemskickat ett tyskt intyg om att hon vistats i ett koncentrationsl\u00e4ger i Tyskland, befriats av R\u00f6da Korset och f\u00f6rts till Sverige. Intyget skulle hon senare anv\u00e4nda f\u00f6r att be om skadeers\u00e4ttning f\u00f6r sin tid i f\u00e5ngenskap. D\u00e5 kvinnorna gifte sig med svenska m\u00e4n och blev svenska medborgare upph\u00f6r sp\u00e5ren i arkiven.<\/p>\n<p style=\"text-align: justify;\">Halina stannade i Sverige och spenderar sitt liv i \u00d6rebro tillsammans med hennes man Karl Alfred Olsson.<\/p>\n<p style=\"text-align: justify;\">Sannolikt familjen Andr\u00e9 med Halina.<\/p>\n<p><a href=\"http:\/\/xn--skuggorfrndetfrflutna-02b01b.se\/wp-content\/uploads\/2014\/06\/1.jpg\"><img loading=\"lazy\" decoding=\"async\" class=\"alignnone size-full wp-image-1541\" src=\"http:\/\/xn--skuggorfrndetfrflutna-02b01b.se\/wp-content\/uploads\/2014\/06\/1.jpg\" alt=\"1\" width=\"441\" height=\"640\" srcset=\"https:\/\/xn--skuggorfrndetfrflutna-02b01b.se\/wp-content\/uploads\/2014\/06\/1.jpg 441w, https:\/\/xn--skuggorfrndetfrflutna-02b01b.se\/wp-content\/uploads\/2014\/06\/1-206x300.jpg 206w\" sizes=\"auto, (max-width: 441px) 100vw, 441px\" \/><\/a><a href=\"http:\/\/xn--skuggorfrndetfrflutna-02b01b.se\/wp-content\/uploads\/2014\/06\/2.jpg\"><img loading=\"lazy\" decoding=\"async\" class=\"alignnone size-large wp-image-1542\" src=\"http:\/\/xn--skuggorfrndetfrflutna-02b01b.se\/wp-content\/uploads\/2014\/06\/2.jpg\" alt=\"2\" width=\"534\" height=\"368\" srcset=\"https:\/\/xn--skuggorfrndetfrflutna-02b01b.se\/wp-content\/uploads\/2014\/06\/2.jpg 534w, https:\/\/xn--skuggorfrndetfrflutna-02b01b.se\/wp-content\/uploads\/2014\/06\/2-300x206.jpg 300w\" sizes=\"auto, (max-width: 534px) 100vw, 534px\" \/><\/a><\/p>\n<p>K\u00e4lla: Dossier Statens utl\u00e4nningskommission, Riksarkivet.<\/p>\n<p>Bildk\u00e4lla: Veronica J<\/p>\n<p>Av: Mimmi T. 9D, vt 14. Mimmis mormor Veronicas mor var Halina!<\/p>\n<p><a href=\"http:\/\/xn--skuggorfrndetfrflutna-02b01b.se\/wp-content\/uploads\/2014\/06\/M2.jpg\"><img loading=\"lazy\" decoding=\"async\" class=\"alignnone size-medium wp-image-1550\" src=\"http:\/\/xn--skuggorfrndetfrflutna-02b01b.se\/wp-content\/uploads\/2014\/06\/M2-225x300.jpg\" alt=\"M2\" width=\"225\" height=\"300\" srcset=\"https:\/\/xn--skuggorfrndetfrflutna-02b01b.se\/wp-content\/uploads\/2014\/06\/M2-225x300.jpg 225w, https:\/\/xn--skuggorfrndetfrflutna-02b01b.se\/wp-content\/uploads\/2014\/06\/M2.jpg 480w\" sizes=\"auto, (max-width: 225px) 100vw, 225px\" \/><\/a><\/p>\n","protected":false},"excerpt":{"rendered":"<p>Halina B f\u00f6ddes den 26 maj 1921 i Warszawa, Polen. Hon \u00e4r dotter till byggm\u00e4staren Stanislaw B och Mariann B, men b\u00e5da f\u00f6r\u00e4ldrarna dog innan Halinas ankomst till Sverige. Hennes syskon, tv\u00e5 systrar och tv\u00e5 br\u00f6der, var kvar i Warszawa d\u00e5 Halina evakuerades till Ravensbr\u00fcck, Tyskland. Halina gick 7 \u00e5r i folkskola och 2 \u00e5r &hellip; <\/p>\n<p><a class=\"more-link btn\" href=\"https:\/\/xn--skuggorfrndetfrflutna-02b01b.se\/?page_id=1540\">Forts\u00e4tt l\u00e4sa<\/a><\/p>\n","protected":false},"author":1,"featured_media":0,"parent":0,"menu_order":0,"comment_status":"closed","ping_status":"open","template":"","meta":{"_monsterinsights_skip_tracking":false,"_monsterinsights_sitenote_active":false,"_monsterinsights_sitenote_note":"","_monsterinsights_sitenote_category":0,"footnotes":""},"class_list":["post-1540","page","type-page","status-publish","hentry","nodate","item-wrap"],"jetpack_sharing_enabled":true,"_links":{"self":[{"href":"https:\/\/xn--skuggorfrndetfrflutna-02b01b.se\/index.php?rest_route=\/wp\/v2\/pages\/1540","targetHints":{"allow":["GET"]}}],"collection":[{"href":"https:\/\/xn--skuggorfrndetfrflutna-02b01b.se\/index.php?rest_route=\/wp\/v2\/pages"}],"about":[{"href":"https:\/\/xn--skuggorfrndetfrflutna-02b01b.se\/index.php?rest_route=\/wp\/v2\/types\/page"}],"author":[{"embeddable":true,"href":"https:\/\/xn--skuggorfrndetfrflutna-02b01b.se\/index.php?rest_route=\/wp\/v2\/users\/1"}],"replies":[{"embeddable":true,"href":"https:\/\/xn--skuggorfrndetfrflutna-02b01b.se\/index.php?rest_route=%2Fwp%2Fv2%2Fcomments&post=1540"}],"version-history":[{"count":3,"href":"https:\/\/xn--skuggorfrndetfrflutna-02b01b.se\/index.php?rest_route=\/wp\/v2\/pages\/1540\/revisions"}],"predecessor-version":[{"id":1551,"href":"https:\/\/xn--skuggorfrndetfrflutna-02b01b.se\/index.php?rest_route=\/wp\/v2\/pages\/1540\/revisions\/1551"}],"wp:attachment":[{"href":"https:\/\/xn--skuggorfrndetfrflutna-02b01b.se\/index.php?rest_route=%2Fwp%2Fv2%2Fmedia&parent=1540"}],"curies":[{"name":"wp","href":"https:\/\/api.w.org\/{rel}","templated":true}]}}