{"id":154,"date":"2013-09-07T17:42:02","date_gmt":"2013-09-07T17:42:02","guid":{"rendered":"http:\/\/xn--skuggorfrndetfrflutna-02b01b.se\/?page_id=154"},"modified":"2013-09-11T19:47:21","modified_gmt":"2013-09-11T19:47:21","slug":"irene-rybak","status":"publish","type":"page","link":"https:\/\/xn--skuggorfrndetfrflutna-02b01b.se\/?page_id=154","title":{"rendered":"Irene Rybak"},"content":{"rendered":"<p>Irene f\u00f6ddes den 28 jun 1897i i Warszawa. D\u00e4r v\u00e4xte hon upp tillsammans med sin familj som bestod av pappa Wladyslaw Baranowski som var direkt\u00f6r och mamma Stanislava Baranowski som var hemmafru som de flesta kvinnor p\u00e5 den tiden. Irene var det \u00e4nda barnet i familjen. Irene \u00e4r uv\u00e4xte upp i sitt f\u00f6r\u00e4ldrahem i Warszawa och gick i folkskola i 7 \u00e5r och gymnasium i 3 \u00e5r samt 1 \u00e5r i seminarium f\u00f6r l\u00e4rarinnor. Vid 22 \u00e5rs \u00e5lder och 8 \u00e5r fram\u00e5t var hon anst\u00e4lld p\u00e5 en h\u00f6gre folkskola i Warszawa som l\u00e4rare och hade d\u00e4refter inte n\u00e5got jobb efter den tyska ockupationen.<\/p>\n<p>Irene ingick \u00e4ktenskap \u00e5r 1923 med den milit\u00e4ra f\u00f6rr\u00e5ds-mannen Walenty Rybak, f\u00f6dd 1898, som hon bodde med i Warzawa. Walenty kom p\u00e5 n\u00e5got konstigt s\u00e4tt till England under kriget och bodde sedan kvar i London efter befrielsen som officer i den brittiska armen.<\/p>\n<p>N\u00e4r tyskarna anf\u00f6ll Polen \u00e5r 1939 gick hon med i den polska arm\u00e9n som hemv\u00e4rnslotta. Irene ville inte f\u00f6r svensk polis uppge sin politiska inst\u00e4llning mer \u00e4n att hon var \u201dfri polsk\u201d. F\u00f6re kriget tillh\u00f6rde hon inte n\u00e5got parti men n\u00e4r tyskarna ockuperade Polen deltog hon i det hemliga partiet \u201dNarodowa\u201d, som ocks\u00e5 sedan blev en del av den polska motst\u00e5ndsr\u00f6relsen.<\/p>\n<p>Irene deltog i \u201dWarzawaupproret\u201d mot Tyskland sommaren 1944 men blev arresterad av tyska Gestapo den 3 september och f\u00f6rd till koncentrationsl\u00e4gret Ravensbr\u00fcck i Tyskland. Irene var d\u00e4r resten av kriget tills den 25 april 1945 d\u00e5 svenska R\u00f6da Korset sl\u00e4ppte ut henne och f\u00f6rde henne till Sverige via Danmark. Hon kom till Malm\u00f6 den 29 april, sedan l\u00e5g hon i karant\u00e4nl\u00e4ger i Lund fram till den 25 maj d\u00e5 hon tillh\u00f6rde de f\u00f6rsta sjuka flyktingarna som kom till \u00d6rebro beredskapssjukhus. Irene jobbade som sjukv\u00e5rdsbitr\u00e4de i Garphyttan en bit utanf\u00f6r \u00d6rebro. Hon tj\u00e4nade d\u00e5 80 kronor i m\u00e5naden.<\/p>\n<p>Irene dog hastigt 1947 och ligger begravd p\u00e5 Norra kyrkog\u00e5rden i \u00d6rebro.<\/p>\n<p>&nbsp;<\/p>\n<p>K\u00e4lla: Dossier Statens utl\u00e4nningskommission. Text av Simon Bergqvist 9D 2012.<\/p>\n","protected":false},"excerpt":{"rendered":"<p>Irene f\u00f6ddes den 28 jun 1897i i Warszawa. D\u00e4r v\u00e4xte hon upp tillsammans med sin familj som bestod av pappa Wladyslaw Baranowski som var direkt\u00f6r och mamma Stanislava Baranowski som var hemmafru som de flesta kvinnor p\u00e5 den tiden. Irene var det \u00e4nda barnet i familjen. Irene \u00e4r uv\u00e4xte upp i sitt f\u00f6r\u00e4ldrahem i Warszawa &hellip; <\/p>\n<p><a class=\"more-link btn\" href=\"https:\/\/xn--skuggorfrndetfrflutna-02b01b.se\/?page_id=154\">Forts\u00e4tt l\u00e4sa<\/a><\/p>\n","protected":false},"author":1,"featured_media":0,"parent":0,"menu_order":0,"comment_status":"closed","ping_status":"open","template":"","meta":{"_monsterinsights_skip_tracking":false,"_monsterinsights_sitenote_active":false,"_monsterinsights_sitenote_note":"","_monsterinsights_sitenote_category":0,"footnotes":""},"class_list":["post-154","page","type-page","status-publish","hentry","nodate","item-wrap"],"jetpack_sharing_enabled":true,"_links":{"self":[{"href":"https:\/\/xn--skuggorfrndetfrflutna-02b01b.se\/index.php?rest_route=\/wp\/v2\/pages\/154","targetHints":{"allow":["GET"]}}],"collection":[{"href":"https:\/\/xn--skuggorfrndetfrflutna-02b01b.se\/index.php?rest_route=\/wp\/v2\/pages"}],"about":[{"href":"https:\/\/xn--skuggorfrndetfrflutna-02b01b.se\/index.php?rest_route=\/wp\/v2\/types\/page"}],"author":[{"embeddable":true,"href":"https:\/\/xn--skuggorfrndetfrflutna-02b01b.se\/index.php?rest_route=\/wp\/v2\/users\/1"}],"replies":[{"embeddable":true,"href":"https:\/\/xn--skuggorfrndetfrflutna-02b01b.se\/index.php?rest_route=%2Fwp%2Fv2%2Fcomments&post=154"}],"version-history":[{"count":4,"href":"https:\/\/xn--skuggorfrndetfrflutna-02b01b.se\/index.php?rest_route=\/wp\/v2\/pages\/154\/revisions"}],"predecessor-version":[{"id":376,"href":"https:\/\/xn--skuggorfrndetfrflutna-02b01b.se\/index.php?rest_route=\/wp\/v2\/pages\/154\/revisions\/376"}],"wp:attachment":[{"href":"https:\/\/xn--skuggorfrndetfrflutna-02b01b.se\/index.php?rest_route=%2Fwp%2Fv2%2Fmedia&parent=154"}],"curies":[{"name":"wp","href":"https:\/\/api.w.org\/{rel}","templated":true}]}}