{"id":148,"date":"2013-09-05T16:36:02","date_gmt":"2013-09-05T16:36:02","guid":{"rendered":"http:\/\/xn--skuggorfrndetfrflutna-02b01b.se\/?page_id=148"},"modified":"2016-07-02T16:25:45","modified_gmt":"2016-07-02T16:25:45","slug":"raoul-wallenberg-i-budapest","status":"publish","type":"page","link":"https:\/\/xn--skuggorfrndetfrflutna-02b01b.se\/?page_id=148","title":{"rendered":"Raoul Wallenberg i Budapest"},"content":{"rendered":"<p>Raoul Wallenberg och de andra svenska diplomaterna lyckades r\u00e4dda 1 000-tals m\u00e4nniskor undan deportation till Auschwitz och d\u00f6den. Men naturligtvis inte alla Budapest judar. Till \u00d6rebro kommer en handfull kvinnor fr\u00e5n Budapest som lyckades \u00f6verleva de tyska l\u00e4gren.<\/p>\n<p>Klara B<\/p>\n<p>Aranka H<\/p>\n<p>Margit K och hennes dotter Aranka<\/p>\n<p>Ida L<\/p>\n<p>Rozsi B<\/p>\n<p>Sarolta B<\/p>\n<p>Tekla H, 21 \u00e5r som v\u00e4gde 25 kg vid ankomsten.<\/p>\n<p>&nbsp;<\/p>\n<p>En uppgift: <strong><a href=\"http:\/\/www.mu.se\/si\/RW2012_Press_Images\/images\/Raoul_Wallenberg_12.jpg\" target=\"_blank\">Klicka h\u00e4r f\u00f6r skyddspass.<\/a><\/strong><\/p>\n<p><b>Wallenberg i Budapest<\/b><\/p>\n<p>I mars 1944 ockuperas Ungern av Tyskland och landets ca 750\u00a0000 judar b\u00f6rjar deporteras till Auschwitz. Raoul Wallenberg s\u00e4nds till Budapest med uppdraget att r\u00e4dda s\u00e5 m\u00e5nga judar s\u00e5 m\u00f6jligt. Fram till krigsslutet r\u00e4ddas 10\u00a0000-judar undan av de svenska diplomaterna (Raoul Wallenberg, Per Anger, Lars Berg, Carl Ivan Danielsson, Valdemar Langlet) och deras ungerska medhj\u00e4lpare. Arbetet hade p\u00e5b\u00f6rjats redan innan Wallenberg kom till Budapest men han f\u00f6rb\u00e4ttrade de s\u00e5 kallade \u201dskyddspassen\u201d och inf\u00f6rde \u201dsvenskhus\u201d, hus som \u201dskyddades\u201d av en svensk flagga och personal fr\u00e5n den svenska ambassaden. Innehavaren av ett skyddspass blev tillf\u00e4llig svensk medborgare och stod under svensk beskydd. Diplomater fr\u00e5n Spanien, Portugal, Schweiz och Vatikanen anv\u00e4nde liknande metoder.<\/p>\n<p><b>\u00a0<\/b><\/p>\n<p><b>Uppgifter<\/b><\/p>\n<p>1. Studera Skyddspasset. Hittar du n\u00e5got tecken p\u00e5 att Raoul Wallenberg \u00e4r inblandad? Leta noga. \u00c4r det n\u00e5got fel p\u00e5 skyddspasset? Tips: T\u00e4nk p\u00e5 ishockey&#8230;<\/p>\n<p>2. Varf\u00f6r respekterade de ungerska och tyska d\u00f6dspatrullerna de svenska dokumenten?<\/p>\n<p>3. Vilka andra metoder tror du att diplomater <span style=\"text-decoration: underline;\">och<\/span> andra r\u00e4ddare anv\u00e4nde f\u00f6r att hj\u00e4lpa judar?<\/p>\n<p>4. Vilka personliga egenskaper tror du att en r\u00e4ddare beh\u00f6ver ha? Lista de fyra viktigaste i figuren nedan. Ni ska vara \u00f6verens i gruppen.<\/p>\n<p>5. Varifr\u00e5n\/hur har r\u00e4ddaren f\u00e5tt sina moraliska egenskaper?<\/p>\n<p>6. Varf\u00f6r blev inte fler r\u00e4ddare ist\u00e4llet f\u00f6r \u00e5sk\u00e5dare?<\/p>\n","protected":false},"excerpt":{"rendered":"<p>Raoul Wallenberg och de andra svenska diplomaterna lyckades r\u00e4dda 1 000-tals m\u00e4nniskor undan deportation till Auschwitz och d\u00f6den. Men naturligtvis inte alla Budapest judar. Till \u00d6rebro kommer en handfull kvinnor fr\u00e5n Budapest som lyckades \u00f6verleva de tyska l\u00e4gren. Klara B Aranka H Margit K och hennes dotter Aranka Ida L Rozsi B Sarolta B Tekla &hellip; <\/p>\n<p><a class=\"more-link btn\" href=\"https:\/\/xn--skuggorfrndetfrflutna-02b01b.se\/?page_id=148\">Forts\u00e4tt l\u00e4sa<\/a><\/p>\n","protected":false},"author":1,"featured_media":0,"parent":0,"menu_order":0,"comment_status":"closed","ping_status":"open","template":"","meta":{"_monsterinsights_skip_tracking":false,"_monsterinsights_sitenote_active":false,"_monsterinsights_sitenote_note":"","_monsterinsights_sitenote_category":0,"footnotes":""},"class_list":["post-148","page","type-page","status-publish","hentry","nodate","item-wrap"],"jetpack_sharing_enabled":true,"_links":{"self":[{"href":"https:\/\/xn--skuggorfrndetfrflutna-02b01b.se\/index.php?rest_route=\/wp\/v2\/pages\/148","targetHints":{"allow":["GET"]}}],"collection":[{"href":"https:\/\/xn--skuggorfrndetfrflutna-02b01b.se\/index.php?rest_route=\/wp\/v2\/pages"}],"about":[{"href":"https:\/\/xn--skuggorfrndetfrflutna-02b01b.se\/index.php?rest_route=\/wp\/v2\/types\/page"}],"author":[{"embeddable":true,"href":"https:\/\/xn--skuggorfrndetfrflutna-02b01b.se\/index.php?rest_route=\/wp\/v2\/users\/1"}],"replies":[{"embeddable":true,"href":"https:\/\/xn--skuggorfrndetfrflutna-02b01b.se\/index.php?rest_route=%2Fwp%2Fv2%2Fcomments&post=148"}],"version-history":[{"count":4,"href":"https:\/\/xn--skuggorfrndetfrflutna-02b01b.se\/index.php?rest_route=\/wp\/v2\/pages\/148\/revisions"}],"predecessor-version":[{"id":2921,"href":"https:\/\/xn--skuggorfrndetfrflutna-02b01b.se\/index.php?rest_route=\/wp\/v2\/pages\/148\/revisions\/2921"}],"wp:attachment":[{"href":"https:\/\/xn--skuggorfrndetfrflutna-02b01b.se\/index.php?rest_route=%2Fwp%2Fv2%2Fmedia&parent=148"}],"curies":[{"name":"wp","href":"https:\/\/api.w.org\/{rel}","templated":true}]}}