{"id":1468,"date":"2014-05-04T20:08:33","date_gmt":"2014-05-04T20:08:33","guid":{"rendered":"http:\/\/xn--skuggorfrndetfrflutna-02b01b.se\/?page_id=1468"},"modified":"2014-05-04T20:08:33","modified_gmt":"2014-05-04T20:08:33","slug":"gunvor-tiden-fore-1962","status":"publish","type":"page","link":"https:\/\/xn--skuggorfrndetfrflutna-02b01b.se\/?page_id=1468","title":{"rendered":"Gunvor &#8211; Tiden f\u00f6re 1962"},"content":{"rendered":"<p>Gunvor \u00e4r idag 71 \u00e5r gammal, hon f\u00f6ddes \u00e5r 1943 \u00a0i V\u00e4rnamo, p\u00e5 den tiden bodde familjen i Gislaved. Familjen bestod av mamma, pappa, Gunvors storasyster och Gunvor sj\u00e4lv. Hon har aldrig g\u00e5tt p\u00e5 n\u00e5gon f\u00f6rskola, hennes mor tog hand om henne hemma medans hon h\u00f6ll p\u00e5 med lite hemarbete fr\u00e5n gummifabriken hennes man \u00e4gde. Han och ett antal m\u00e4n startade gummifabriken som finns kvar \u00e4n idag men har bytt namn och \u00e4gare ett f\u00e5tal g\u00e5nger.<\/p>\n<p>Gunvors b\u00e4sta minnen fr\u00e5n f\u00f6re 1962 \u00e4r n\u00e4r hon flera g\u00e5nger varit ute p\u00e5 dansst\u00e4llen och \u00e4ven parker. 1961 tr\u00e4ffade hon sin blivande make.\u00a0Hennes s\u00e4msta minne fr\u00e5n 1962 var n\u00e4r hon voltade med en bil och br\u00f6t nyckelbenet.<\/p>\n<p>Hon ber\u00e4ttade om n\u00e4r hon som liten lekte mycket, som till exempel s\u00e5 gjorde hon och hennes kompisar teatrar i tr\u00e4dg\u00e5rden och p\u00e5 vintern \u00e5kte dem p\u00e5 kartonger ner f\u00f6r sn\u00f6iga backar eller s\u00e5 \u00e5kte man skridskor. Emellan\u00e5t var hon tvungen att hj\u00e4lpa till lite hemma med lite sysslor, men oftast s\u00e5 hade hon ganska mycket fritid. Gunvor som liten lekte med dockor och lego, annars \u00e4gnade hon sig till andra egna lekar, med och utan sina kompisar.<\/p>\n<p>Giftem\u00e5l var vanligt att det skedde n\u00e4r man var runt 20-25 \u00e5r, br\u00f6llopet var inte tvunget att vara kyrkligt och de hinder som fanns var att man hade satt en \u00e5ldersgr\u00e4ns. Var man dock yngre \u00e4n den \u00f6nskade \u00e5ldern kunde man be om lov.<\/p>\n<p>Familjen f\u00f6dde upp kaniner som de sedan slaktade och \u00e5t av k\u00f6ttet (innan de vart vegetarianer) och dom odlade v\u00e4ldigt mycket. \u00a0Inhandling av mat var mycket begr\u00e4nsat, man var tvungen att anv\u00e4nda sig av matkuponger, vilket gjorde att man fick inte k\u00f6pa mer \u00e4n vad som till\u00e4ts. Det vart mycket fattigt efter kriget, som exempel ber\u00e4ttade Gunvor om att pengar hade man, men det vart knappt n\u00e5got \u00f6ver. Hennes f\u00f6r\u00e4ldrar vart efter ett litet tag vegetarianer, vilket p\u00e5verkade m\u00e5ltiderna. En festmiddag skulle kunnat varit svamp, potatis, gr\u00f6nsaker och r\u00f6dbetsbiffar. Man kan s\u00e4ga att dom var \u201crika\u201d p\u00e5 gr\u00f6nsaker och allt annat de odlade.<\/p>\n<p>Hon ber\u00e4ttade om att i skolan hade man respekt f\u00f6r l\u00e4rarna och relationen mellan elev och l\u00e4rare var ganska strikt. Dom \u00e5t vid skolb\u00e4nken och fick som vi f\u00e5r, mat fr\u00e5n skolan. Det var helt andra betygsskalor \u00e4n vad som \u00e4r idag, det som \u00e4r gemensamt \u00e4r att man anv\u00e4nde sig av ensamma bokst\u00e4ver som bevisade vilket betyg man hade. Det f\u00f6rekom ingen bestraffning utan man \u00e5kte ut om man var br\u00e5kig och l\u00e4rarna ringde antagligen hem till denna personens f\u00f6r\u00e4ldrar.<\/p>\n<p>Gunvor ber\u00e4ttade om att hennes mormor sa att allt som sades inom familjen skulle stanna inom familjen. Man hade r\u00e4tt att s\u00e4ga och tycka vad man ville.<\/p>\n<p>Gunvors familj var v\u00e4nner med tv\u00e5 judar, dom t\u00e4nkte ofta p\u00e5 dessa tv\u00e5 personer, dom var n\u00e4mligen drabbade av kriget och satt i koncentrationsl\u00e4ger, dom klarade sig men var v\u00e4ldigt misshandlade. Det dom hade varit med om var inget de pratade om.<\/p>\n<p>M\u00e4nnen inom Gunvors sl\u00e4kt och familj var inkallade av milit\u00e4ren och fick g\u00f6ra sig redo, men var som tur aldrig med i kriget.<\/p>\n<p>Den st\u00f6rsta delen av det familjen hade p\u00e5 sig f\u00f6r kl\u00e4der var kl\u00e4der som Gunvors mamma hade sytt ihop, de \u00e5teranv\u00e4nde s\u00e5 mycket de kunde med tyger, hon stickade mycket ocks\u00e5 och s\u00e5 \u00e4rvde man s\u00e5 mycket man kunde.<\/p>\n<p>Kommunikationer som fanns var telefoner och telegrafer och information fick man mestadels fr\u00e5n radion och annars \u00e4ven tidningar. N\u00e4r man skulle n\u00e5gonstans tog man antingen cykeln eller s\u00e5 gick man, buss kunde man ta men man betalade med l\u00f6sa pengar och dom som hade \u00e5kte bil. Hon minns att deras familj hade en bil, men hon visste aldrig om den var familjens eller om den var f\u00f6retagets.<\/p>\n<p><strong>\u00a0Egna reflektioner<\/strong><\/p>\n<p>Jag tycker att Gunvor verkar ha haft en bra uppv\u00e4xt och inget \u00f6verfl\u00f6d av n\u00e5got, det \u00e4r en sak som jag tycker \u00e4r d\u00e5ligt nuf\u00f6rtiden, att folk lever med saker i \u00f6verfl\u00f6d och bara vill ha mer av allt. Barn nu \u00e4r s\u00e5 mycket mer bortsk\u00e4mda \u00e4n vad man var d\u00e5. Det som tillslut h\u00e4nder \u00e4r att man ger barnen saker ist\u00e4llet f\u00f6r k\u00e4rlek och st\u00f6d. Det \u00e4r \u00e5t det h\u00e5llet samh\u00e4llet h\u00e5ller p\u00e5 att g\u00e5 om man inte g\u00f6r n\u00e5got \u00e5t det. Sedan s\u00e5 tycker jag att det verka underbart att ha en egen tr\u00e4dg\u00e5rd med det mesta livsmedel de beh\u00f6vde, allting smakar s\u00e5 mycket godare n\u00e4r det \u00e4r f\u00e4rskt och egenodlat, och det \u00e4r heller ingen besprutning p\u00e5 det man \u00e4ter och det har inte beh\u00f6vt fraktas l\u00e5nga v\u00e4gar heller, vilket \u00e4r b\u00e4ttre f\u00f6r naturen. Det var intressant att f\u00e5 h\u00f6ra om allt detta och dessutom fick jag veta mer om henne, vilket var v\u00e4ldigt trevligt.<\/p>\n<p>Anna 9C<\/p>\n","protected":false},"excerpt":{"rendered":"<p>Gunvor \u00e4r idag 71 \u00e5r gammal, hon f\u00f6ddes \u00e5r 1943 \u00a0i V\u00e4rnamo, p\u00e5 den tiden bodde familjen i Gislaved. Familjen bestod av mamma, pappa, Gunvors storasyster och Gunvor sj\u00e4lv. Hon har aldrig g\u00e5tt p\u00e5 n\u00e5gon f\u00f6rskola, hennes mor tog hand om henne hemma medans hon h\u00f6ll p\u00e5 med lite hemarbete fr\u00e5n gummifabriken hennes man \u00e4gde. &hellip; <\/p>\n<p><a class=\"more-link btn\" href=\"https:\/\/xn--skuggorfrndetfrflutna-02b01b.se\/?page_id=1468\">Forts\u00e4tt l\u00e4sa<\/a><\/p>\n","protected":false},"author":1,"featured_media":0,"parent":0,"menu_order":0,"comment_status":"closed","ping_status":"open","template":"","meta":{"_monsterinsights_skip_tracking":false,"_monsterinsights_sitenote_active":false,"_monsterinsights_sitenote_note":"","_monsterinsights_sitenote_category":0,"footnotes":""},"class_list":["post-1468","page","type-page","status-publish","hentry","nodate","item-wrap"],"jetpack_sharing_enabled":true,"_links":{"self":[{"href":"https:\/\/xn--skuggorfrndetfrflutna-02b01b.se\/index.php?rest_route=\/wp\/v2\/pages\/1468","targetHints":{"allow":["GET"]}}],"collection":[{"href":"https:\/\/xn--skuggorfrndetfrflutna-02b01b.se\/index.php?rest_route=\/wp\/v2\/pages"}],"about":[{"href":"https:\/\/xn--skuggorfrndetfrflutna-02b01b.se\/index.php?rest_route=\/wp\/v2\/types\/page"}],"author":[{"embeddable":true,"href":"https:\/\/xn--skuggorfrndetfrflutna-02b01b.se\/index.php?rest_route=\/wp\/v2\/users\/1"}],"replies":[{"embeddable":true,"href":"https:\/\/xn--skuggorfrndetfrflutna-02b01b.se\/index.php?rest_route=%2Fwp%2Fv2%2Fcomments&post=1468"}],"version-history":[{"count":1,"href":"https:\/\/xn--skuggorfrndetfrflutna-02b01b.se\/index.php?rest_route=\/wp\/v2\/pages\/1468\/revisions"}],"predecessor-version":[{"id":1470,"href":"https:\/\/xn--skuggorfrndetfrflutna-02b01b.se\/index.php?rest_route=\/wp\/v2\/pages\/1468\/revisions\/1470"}],"wp:attachment":[{"href":"https:\/\/xn--skuggorfrndetfrflutna-02b01b.se\/index.php?rest_route=%2Fwp%2Fv2%2Fmedia&parent=1468"}],"curies":[{"name":"wp","href":"https:\/\/api.w.org\/{rel}","templated":true}]}}