{"id":1465,"date":"2014-05-04T20:07:43","date_gmt":"2014-05-04T20:07:43","guid":{"rendered":"http:\/\/xn--skuggorfrndetfrflutna-02b01b.se\/?page_id=1465"},"modified":"2014-05-04T20:07:43","modified_gmt":"2014-05-04T20:07:43","slug":"intervju-minnen-fran-50-talet","status":"publish","type":"page","link":"https:\/\/xn--skuggorfrndetfrflutna-02b01b.se\/?page_id=1465","title":{"rendered":"Intervju &#8211; minnen fr\u00e5n 50-talet"},"content":{"rendered":"<p>Idag \u00e4r min farmor Inger 73 \u00e5r gammal och bor i Hovsta. N\u00e4r hon var liten bodde hon med sin familj som d\u00e5 var mamma, pappa, bror och syster i ett litet hus i Hardemo f\u00f6rsamling som ligger i Hallsberg. Pappa arbetade p\u00e5 en bondg\u00e5rd d\u00e4r jobbet var slitsamt och l\u00f6nerna d\u00e5liga och mamma var hemmafru.<\/p>\n<p>Min farmor gick i grundskolan i sju \u00e5r. Hennes erfarenhet av skolg\u00e5ngen var att det i helhet var bra. Relationerna mellan l\u00e4rare och elever var bra men det h\u00e4nde att l\u00e4rarna s\u00e4rbehandlade en del elever beroende p\u00e5 deras personlighet. L\u00e4rarna var best\u00e4mda och deras m\u00e5l var att det skulle vara ordning och reda p\u00e5 lektionerna. Min farmor ber\u00e4ttade om den g\u00e5ngen en pojke var olydig och v\u00e4ldigt pratig, d\u00e5 bestraffades han med en \u00f6rfil fr\u00e5n l\u00e4raren. Detta var v\u00e4ldigt ovanligt men f\u00f6rekom \u00e4nd\u00e5 ibland. Bland eleverna p\u00e5gick det ingen mobbning alls som nu idag \u00e4r en v\u00e4ldigt stor kontrast. P\u00e5 den tiden umgicks ist\u00e4llet alla i klassen tillsammans. Lunchen fick de ta med sj\u00e4lva, den bestod d\u00e5 av mackor och en flaska med mj\u00f6lk.\u00a0De fick skolb\u00f6ckerna av skolan, s\u00e5 det var inget de beh\u00f6vde l\u00e4gga pengar p\u00e5 vilket \u00e4r en likhet med dagens skola. Klasserna var mindre och kunde d\u00e4rf\u00f6r kontrolleras b\u00e4ttre av l\u00e4raren \u00e4n hur det \u00e4r idag. Respekten f\u00f6r l\u00e4rarna och \u00e4ldre var \u00e4ven den st\u00f6rre f\u00f6rr.<\/p>\n<p>Efter skolan arbetade min farmor under en tid p\u00e5 ett konditori. Senare gick hon \u00e4ven utbildningen f\u00f6r att bli barnsk\u00f6terska vilket i slut\u00e4ndan inte blev det hon jobbade med.<\/p>\n<p>Min farmors s\u00e4msta minne fr\u00e5n hennes barndom var n\u00e4r hennes pappa dog \u00e5r 1946. N\u00e4r hon var fem \u00e5r kom ambulansen f\u00f6r att h\u00e4mta han vid deras hus. Han dog av skador fr\u00e5n kriget som han deltagit i.<\/p>\n<p>N\u00e4r det g\u00e4ller gifterm\u00e5l var det inget f\u00f6r\u00e4ldrarna best\u00e4mde utan man fick helt enkelt gifta sig med vem man ville. Relationerna p\u00e5verkades sj\u00e4lvklart under krigets g\u00e5ng d\u00e5 det blev jobbigare och sv\u00e5rare att h\u00e5lla ihop n\u00e4r m\u00e4nnen var tvungna att ge sig ut i krig.<\/p>\n<p>Politiken under denna tiden var bra enligt min farmor. De tv\u00e5 k\u00e4ndaste politikerna p\u00e5 50-talet i Sverige var Olof Palme och Tage Erlander. Man h\u00f6rde mycket om Hitler och f\u00f6rintelsel\u00e4gren p\u00e5 radion. De ber\u00e4ttade om Raul Wallenberg och vad han gjorde f\u00f6r att hj\u00e4lpa judarna i det naziockuperade Ungern. Det kom fler flyktingar till Sverige efter att kriget b\u00f6rjat. De flesta var fr\u00e5n Finland men \u00e4ven fr\u00e5n \u00f6vriga Europa.<\/p>\n<p>De v\u00e4xte upp v\u00e4ldigt fattigt i familjen och barnen hade inga riktiga leksaker utan gjorde sina egna av till exempel kottar. De var mestadels utomhus och lekte med klasskamraterna och grannbarnen. Det var b\u00e4ttre mellan grannarna f\u00f6rr d\u00e5 man umgicks mer. I n\u00e4rheten fanns det en b\u00e4ck d\u00e4r de fiskade med en pinne och lina. Det var v\u00e4ldigt dyrt att handla och de hade d\u00e4rf\u00f6r hemsydda kl\u00e4der.<\/p>\n<p>De hade inga bilar p\u00e5 den tiden och man tog sig d\u00e4rf\u00f6r fram genom att g\u00e5 eller cykla. I familjen hade de endast tv\u00e5 cyklar och fick d\u00e4rf\u00f6r turas om.<\/p>\n<p>Huset de bodde i var ett v\u00e4ldigt gammalt hus med vedeldning. Min farmors mamma gick d\u00e4rf\u00f6r upp tidigare \u00e4n barnen f\u00f6r att huset skulle bli n\u00e5gorlunda varmt tills barnen vaknade.<\/p>\n<p><strong>Egna reflektioner<\/strong><\/p>\n<p>Skillnaderna mellan hur det var n\u00e4r min farmor var ung och idag \u00e4r stora. I skolan skiljer sig v\u00e4ldigt mycket, bland annat hur vi elever behandlar varandra. Jag tror att l\u00e4rarna blivit mindre str\u00e4ngare med \u00e5ren men ocks\u00e5 att eleverna respekterar l\u00e4rarna mindre och mindre. Detta skiljer sig beroende p\u00e5 elev och l\u00e4rare men p\u00e5 det s\u00e4ttet var det b\u00e4ttre f\u00f6rr.<\/p>\n<p>N\u00e4r det g\u00e4ller hur man umgicks tycker jag att det var b\u00e4ttre d\u00e5 \u00e4n idag. Man umgicks hela familjen mer och \u00e4ven med andra familjer. Idag styr internet v\u00e5r vardag och vi tr\u00e4ffas mindre och mindre i verkligheten. Granns\u00e4mjan var mycket b\u00e4ttre p\u00e5 50-talet d\u00e5 man idag n\u00e4stan h\u00e5ller sig helt f\u00f6r sig sj\u00e4lva.<\/p>\n<p>Vi \u00e4r idag v\u00e4ldigt bortsk\u00e4mda om man j\u00e4mf\u00f6r med hur de hade det f\u00f6rr men \u00e4nd\u00e5 klagar vi och ser inte det vi har utan endast det vi inte har.<\/p>\n<p>Josefine Wetterberg 9c<\/p>\n","protected":false},"excerpt":{"rendered":"<p>Idag \u00e4r min farmor Inger 73 \u00e5r gammal och bor i Hovsta. N\u00e4r hon var liten bodde hon med sin familj som d\u00e5 var mamma, pappa, bror och syster i ett litet hus i Hardemo f\u00f6rsamling som ligger i Hallsberg. Pappa arbetade p\u00e5 en bondg\u00e5rd d\u00e4r jobbet var slitsamt och l\u00f6nerna d\u00e5liga och mamma var &hellip; <\/p>\n<p><a class=\"more-link btn\" href=\"https:\/\/xn--skuggorfrndetfrflutna-02b01b.se\/?page_id=1465\">Forts\u00e4tt l\u00e4sa<\/a><\/p>\n","protected":false},"author":1,"featured_media":0,"parent":0,"menu_order":0,"comment_status":"closed","ping_status":"open","template":"","meta":{"_monsterinsights_skip_tracking":false,"_monsterinsights_sitenote_active":false,"_monsterinsights_sitenote_note":"","_monsterinsights_sitenote_category":0,"footnotes":""},"class_list":["post-1465","page","type-page","status-publish","hentry","nodate","item-wrap"],"jetpack_sharing_enabled":true,"_links":{"self":[{"href":"https:\/\/xn--skuggorfrndetfrflutna-02b01b.se\/index.php?rest_route=\/wp\/v2\/pages\/1465","targetHints":{"allow":["GET"]}}],"collection":[{"href":"https:\/\/xn--skuggorfrndetfrflutna-02b01b.se\/index.php?rest_route=\/wp\/v2\/pages"}],"about":[{"href":"https:\/\/xn--skuggorfrndetfrflutna-02b01b.se\/index.php?rest_route=\/wp\/v2\/types\/page"}],"author":[{"embeddable":true,"href":"https:\/\/xn--skuggorfrndetfrflutna-02b01b.se\/index.php?rest_route=\/wp\/v2\/users\/1"}],"replies":[{"embeddable":true,"href":"https:\/\/xn--skuggorfrndetfrflutna-02b01b.se\/index.php?rest_route=%2Fwp%2Fv2%2Fcomments&post=1465"}],"version-history":[{"count":1,"href":"https:\/\/xn--skuggorfrndetfrflutna-02b01b.se\/index.php?rest_route=\/wp\/v2\/pages\/1465\/revisions"}],"predecessor-version":[{"id":1467,"href":"https:\/\/xn--skuggorfrndetfrflutna-02b01b.se\/index.php?rest_route=\/wp\/v2\/pages\/1465\/revisions\/1467"}],"wp:attachment":[{"href":"https:\/\/xn--skuggorfrndetfrflutna-02b01b.se\/index.php?rest_route=%2Fwp%2Fv2%2Fmedia&parent=1465"}],"curies":[{"name":"wp","href":"https:\/\/api.w.org\/{rel}","templated":true}]}}