{"id":1459,"date":"2014-05-04T20:06:16","date_gmt":"2014-05-04T20:06:16","guid":{"rendered":"http:\/\/xn--skuggorfrndetfrflutna-02b01b.se\/?page_id=1459"},"modified":"2014-05-04T20:06:16","modified_gmt":"2014-05-04T20:06:16","slug":"bjorn-historier-om-andra-varldskriget","status":"publish","type":"page","link":"https:\/\/xn--skuggorfrndetfrflutna-02b01b.se\/?page_id=1459","title":{"rendered":"Bj\u00f6rn \u2013 Historier om andra v\u00e4rldskriget"},"content":{"rendered":"<p>Bj\u00f6rn Nyman var f\u00f6dd 1938 i Bor\u00e5s och \u00e4r nu 78 \u00e5r gammal. \u00c5r 1959 d\u00e5 han var 21 \u00e5r gammal flyttade han till Stockholm. D\u00e4refter flyttade han 1965 till \u00d6rebro, d\u00e4r han jobbade med tillbyggnad i Lill\u00e5n. Bj\u00f6rn minns inte s\u00e5 mycket fr\u00e5n den tiden eftersom han endast var 7-8 \u00e5r. Han levde ett normalt liv utan n\u00e5gra seri\u00f6sa sv\u00e5righeter. Dock k\u00e4nner han till vissa sm\u00e5 h\u00e4ndelser fr\u00e5n Andra V\u00e4rldskriget, men inget som har p\u00e5verkat honom p\u00e5 n\u00e5got s\u00e4tt.<\/p>\n<p>Hans mamma jobbade som s\u00f6mmerska och hans pappa var fris\u00f6r. Hans pappa hade \u00e4ven jobbat som vakt i Dalsland under Andra V\u00e4rldskriget. Som sagt hade Bj\u00f6rn inga bra minnen om hur det var p\u00e5 den tiden. Han hade f\u00e5tt h\u00f6ra ett par historier av hans pappa och hans farfar, som visste en del. Bj\u00f6rn fick t.ex. reda p\u00e5 att hans pappas kusin hade blivit torpederad av en Tysk ub\u00e5t under F\u00f6rsta V\u00e4rldskriget. Att det var en konstn\u00e4r som hade flytt med en fris\u00f6rska fr\u00e5n \u00d6sterrike, p\u00e5 grund av kriget. Och att det fanns en pr\u00e4st i Bor\u00e5s som hade \u00e5kt till Tyskland f\u00f6r att hj\u00e4lpa tyskarna, men blev tyv\u00e4rr sedan utvisad. Pr\u00e4sten organiserde ett Espelkamp i Bor\u00e5s, d\u00e4r Bj\u00f6rns kusin var sekreterare.<\/p>\n<p>Det starkaste minnet Bj\u00f6rn har fr\u00e5n n\u00e4r han 7-8 \u00e5r, var d\u00e5 barn fr\u00e5n Estland hade b\u00f6rjat i hans klass. De hade flytt fr\u00e5n Estland f\u00f6r att helt enkelt stanna vid liv. De l\u00e4rde sig svenska v\u00e4ldigt snabbt, och Bj\u00f6rn hade redan blivit en v\u00e4ldigt bra v\u00e4n med en av de. Efter ett par \u00e5r s\u00e5 var de tvugna att flytta till Canada. De var r\u00e4dda att ryssarna skulle komma efter dem. Ett annat starkt minne han har var d\u00e5 det hade flyttat in en pojke fr\u00e5n Finland, som bodde hos Bj\u00f6rns grannar i ungef\u00e4r 6-7 \u00e5r. Detta var p.g.a. Vinter Kriget, som var mellan Finland och Sovjetunionen. Det var tydligen ganska vanligt att vissa barn, ungdomar eller familjer flytta till Sverige, under den tiden.<\/p>\n<p>I den skolan Bj\u00f6rn gick i fick man inte h\u00f6ra n\u00e5got om kriget. De visste inte heller vad som p\u00e5gick, eftersom de endast hade en radio hemma, som inte s\u00e4nde ut mycket information. Jag vet inte riktigt hur det var efter kriget i Sverige, eller d\u00e4r Bj\u00f6rn bodde, men som Bj\u00f6rn tolkar det upplevde han inget. Han s\u00e4ger att han hade ett bra, h\u00e4lsosamt och normalt liv, som de flesta m\u00e4nniskorna nu f\u00f6r tiden.<\/p>\n<p><strong>Egna reflektioner<\/strong><\/p>\n<p>Det \u00e4r v\u00e4ldigt sv\u00e5rt att f\u00f6rst\u00e5 det judarna fick g\u00e5 igenom i Europa. Det som h\u00e4nde under F\u00f6rsta och Andra V\u00e4rldskriget har gjort en stor p\u00e5verkan i n\u00e4stan alla l\u00e4nder. Som tur var, gick Sverige inte med i kriget. dock \u00e4r det v\u00e4ldigt hemskt att f\u00e5 h\u00f6ra och l\u00e4sa historier om kriget, hur mycket folk led, hur m\u00e5nga som dog och hur m\u00e5nga som blev traumatiseade.<\/p>\n<p>Sj\u00e4lv s\u00e5 hoppas jag verkligen inte att detta kommer ske igen. Vi lever nu i en v\u00e4rld d\u00e4r ingen skulle t\u00e4nka sig att n\u00e5got s\u00e5 hemskt kommer h\u00e4nda. Men man vet ju aldrig vad det finns f\u00f6r m\u00e4nniskor ute i v\u00e4rlden och vad de har f\u00f6r tankar.<\/p>\n<p>Eftersom Bj\u00f6rn levde i ett omr\u00e5de i Sverige d\u00e4r inte mycket h\u00e4nde, har han inte upplevt mycket alls. Men t.ex. de svenskar som bodde vid Norges eller Finlands landomr\u00e5de kanske de hade det lite sv\u00e5rare och jobbigare, dock \u00e4r jag inte helt s\u00e4ker p\u00e5 att det var s\u00e5.<\/p>\n<p>Adiba Kasto 9C 2014<\/p>\n","protected":false},"excerpt":{"rendered":"<p>Bj\u00f6rn Nyman var f\u00f6dd 1938 i Bor\u00e5s och \u00e4r nu 78 \u00e5r gammal. \u00c5r 1959 d\u00e5 han var 21 \u00e5r gammal flyttade han till Stockholm. D\u00e4refter flyttade han 1965 till \u00d6rebro, d\u00e4r han jobbade med tillbyggnad i Lill\u00e5n. Bj\u00f6rn minns inte s\u00e5 mycket fr\u00e5n den tiden eftersom han endast var 7-8 \u00e5r. Han levde ett &hellip; <\/p>\n<p><a class=\"more-link btn\" href=\"https:\/\/xn--skuggorfrndetfrflutna-02b01b.se\/?page_id=1459\">Forts\u00e4tt l\u00e4sa<\/a><\/p>\n","protected":false},"author":1,"featured_media":0,"parent":0,"menu_order":0,"comment_status":"closed","ping_status":"open","template":"","meta":{"_monsterinsights_skip_tracking":false,"_monsterinsights_sitenote_active":false,"_monsterinsights_sitenote_note":"","_monsterinsights_sitenote_category":0,"footnotes":""},"class_list":["post-1459","page","type-page","status-publish","hentry","nodate","item-wrap"],"jetpack_sharing_enabled":true,"_links":{"self":[{"href":"https:\/\/xn--skuggorfrndetfrflutna-02b01b.se\/index.php?rest_route=\/wp\/v2\/pages\/1459","targetHints":{"allow":["GET"]}}],"collection":[{"href":"https:\/\/xn--skuggorfrndetfrflutna-02b01b.se\/index.php?rest_route=\/wp\/v2\/pages"}],"about":[{"href":"https:\/\/xn--skuggorfrndetfrflutna-02b01b.se\/index.php?rest_route=\/wp\/v2\/types\/page"}],"author":[{"embeddable":true,"href":"https:\/\/xn--skuggorfrndetfrflutna-02b01b.se\/index.php?rest_route=\/wp\/v2\/users\/1"}],"replies":[{"embeddable":true,"href":"https:\/\/xn--skuggorfrndetfrflutna-02b01b.se\/index.php?rest_route=%2Fwp%2Fv2%2Fcomments&post=1459"}],"version-history":[{"count":1,"href":"https:\/\/xn--skuggorfrndetfrflutna-02b01b.se\/index.php?rest_route=\/wp\/v2\/pages\/1459\/revisions"}],"predecessor-version":[{"id":1461,"href":"https:\/\/xn--skuggorfrndetfrflutna-02b01b.se\/index.php?rest_route=\/wp\/v2\/pages\/1459\/revisions\/1461"}],"wp:attachment":[{"href":"https:\/\/xn--skuggorfrndetfrflutna-02b01b.se\/index.php?rest_route=%2Fwp%2Fv2%2Fmedia&parent=1459"}],"curies":[{"name":"wp","href":"https:\/\/api.w.org\/{rel}","templated":true}]}}